{"id":8243,"date":"2017-02-23T11:03:47","date_gmt":"2017-02-23T09:03:47","guid":{"rendered":"http:\/\/smart-it-prod.azurewebsites.net\/pl\/?page_id=8243"},"modified":"2019-07-04T16:24:10","modified_gmt":"2019-07-04T13:24:10","slug":"wydarzenia","status":"publish","type":"page","link":"https:\/\/smart-it-prod-v3.azurewebsites.net\/pl\/aktualnosci\/wydarzenia\/","title":{"rendered":"Wydarzenia"},"content":{"rendered":"<h2>Nadchodz\u0105ce wydarzenia<\/h2>\n<h5><div id=\"g1-divider-1\" class=\"g1-divider g1-divider--none g1-divider--noicon \"><\/div><br \/>\nProsz\u0119 sprawdzi\u0107 kalendarz wydarze\u0144 na <a href=\"https:\/\/www.facebook.com\/smartitcom\/\">naszej stronie na Facebooku.<\/a><br \/>\n<div id=\"g1-divider-2\" class=\"g1-divider g1-divider--simple g1-divider--noicon \"><\/div><\/h5>\n<h2>Wszystkie wydarzenia<\/h2>\n<h5><div id=\"g1-divider-3\" class=\"g1-divider g1-divider--none g1-divider--noicon \"><\/div><br \/>\nAby uzyska\u0107 wi\u0119cej informacji, <a href=\"https:\/\/smart-it.com\/pl\/company\/skontaktuj-sie-z-nami\/\">skontaktuj si\u0119 z nami.<\/a><\/h5>\n<div id=\"g1-divider-4\" class=\"g1-divider g1-divider--simple g1-divider--noicon \"><\/div>\n","protected":false},"excerpt":{"rendered":"<p>Nadchodz\u0105ce wydarzenia Prosz\u0119 sprawdzi\u0107 kalendarz wydarze\u0144 na naszej stronie na Facebooku. Wszystkie wydarzenia Aby uzyska\u0107 wi\u0119cej informacji, skontaktuj si\u0119 z nami.<\/p>\n","protected":false},"author":2,"featured_media":0,"parent":8051,"menu_order":3,"comment_status":"closed","ping_status":"closed","template":"","meta":[],"_links":{"self":[{"href":"https:\/\/smart-it-prod-v3.azurewebsites.net\/pl\/wp-json\/wp\/v2\/pages\/8243"}],"collection":[{"href":"https:\/\/smart-it-prod-v3.azurewebsites.net\/pl\/wp-json\/wp\/v2\/pages"}],"about":[{"href":"https:\/\/smart-it-prod-v3.azurewebsites.net\/pl\/wp-json\/wp\/v2\/types\/page"}],"author":[{"embeddable":true,"href":"https:\/\/smart-it-prod-v3.azurewebsites.net\/pl\/wp-json\/wp\/v2\/users\/2"}],"replies":[{"embeddable":true,"href":"https:\/\/smart-it-prod-v3.azurewebsites.net\/pl\/wp-json\/wp\/v2\/comments?post=8243"}],"version-history":[{"count":0,"href":"https:\/\/smart-it-prod-v3.azurewebsites.net\/pl\/wp-json\/wp\/v2\/pages\/8243\/revisions"}],"up":[{"embeddable":true,"href":"https:\/\/smart-it-prod-v3.azurewebsites.net\/pl\/wp-json\/wp\/v2\/pages\/8051"}],"wp:attachment":[{"href":"https:\/\/smart-it-prod-v3.azurewebsites.net\/pl\/wp-json\/wp\/v2\/media?parent=8243"}],"curies":[{"name":"wp","href":"https:\/\/api.w.org\/{rel}","templated":true}]}}