{"id":8047,"date":"2016-10-12T16:08:27","date_gmt":"2016-10-12T13:08:27","guid":{"rendered":"http:\/\/smart-it-prod.azurewebsites.net\/pl\/?page_id=8047"},"modified":"2020-12-11T10:46:19","modified_gmt":"2020-12-11T08:46:19","slug":"about-us","status":"publish","type":"page","link":"https:\/\/smart-it-prod-v3.azurewebsites.net\/pl\/about-us\/","title":{"rendered":"O nas"},"content":{"rendered":"<div class=\"container-fluid about-bk\">\n<div class=\"row\">\n<div class=\"col-md-6 about-bk-img\">\n<p>Firma SMART business, Microsoft Gold ERP Partner, cz\u0142onek President\u2019s Club Microsoft Dynamics jest liderem ukrai\u0144skiego rynku us\u0142ug doradczych w sprawie innowacyjnych rozwi\u0105za\u0144 do efektywnego zarz\u0105dzania biznesem, a tak\u017ce wdro\u017ceniu i rozwoju system\u00f3w biznesowych na platformie Microsoft Dynamics (AX, NAV, CRM).<\/p>\n<\/p><\/div>\n<div class=\"col-md-6 about-bk-img\"><img loading=\"lazy\" src=\"\/wp-content\/uploads\/2020\/01\/logo_Smart_bw_4.png\" alt=\"\" width=\"1016\" height=\"401\" class=\"aligncenter size-full wp-image-20647\" srcset=\"\/wp-content\/uploads\/2020\/01\/logo_Smart_bw_4.png 1016w, \/wp-content\/uploads\/2020\/01\/logo_Smart_bw_4-300x118.png 300w, \/wp-content\/uploads\/2020\/01\/logo_Smart_bw_4-768x303.png 768w, \/wp-content\/uploads\/2020\/01\/logo_Smart_bw_4-968x382.png 968w, \/wp-content\/uploads\/2020\/01\/logo_Smart_bw_4-636x251.png 636w, \/wp-content\/uploads\/2020\/01\/logo_Smart_bw_4-320x126.png 320w, \/wp-content\/uploads\/2020\/01\/logo_Smart_bw_4-239x94.png 239w\" sizes=\"(max-width: 1016px) 100vw, 1016px\" \/><\/div>\n<\/p><\/div>\n<\/div>\n<div class=\"intr-smart2\">\n<div class=\"container-fluid\">\n<div class=\"row\">\n<div class=\"col-md-2\">\n<p id=\"yearsOfExperience\">10<\/p>\n<p><span>successful <br \/>years in the <br \/>IT market <\/span><!--==\u0432\u044b\u0432\u043e\u0434 \u0447\u0438\u0441\u043b\u0430 \u043f\u0440\u043e\u043f\u0438\u0441\u0430\u043d \u0441\u043a\u0440\u0438\u043f\u0442\u043e\u043c script-in.js==-->\n      <\/div>\n<div class=\"col-md-2\">\n<p>600+<\/p>\n<p><span>companies <br \/>among <br \/>our clients<\/span>\n      <\/div>\n<div class=\"col-md-2\">\n<p>91.5%<\/p>\n<p><span>customer satisfaction<\/span>\n      <\/div>\n<div class=\"col-md-2\">\n<p>270<\/p>\n<p><span>skilled and <br \/>experienced <br \/>IT professionals<\/span>\n      <\/div>\n<div class=\"col-md-2\">\n<p>60+<\/p>\n<p><span>countries included <br \/>in our customer <br \/>portfolio<\/span>\n      <\/div>\n<div class=\"col-md-2\">\n<p>18<\/p>\n<p><span>Microsoft <br \/>Golden <br \/>competencies<\/span>\n      <\/div>\n<\/p><\/div>\n<\/p><\/div>\n<\/div>\n<div class=\"container-fluid about-bk\">\n<div class=\"row\">\n<div class=\"col-md-12 about-bk-a\">\n<p>SMART business is a Gold Microsoft Partner owning 18 Gold Competencies: Cloud Business Applications, Cloud Productivity, Cloud Platform, Enterprise Resource Planning, Data Analytics, Data Platform, Datacenter, DevOps, Application Development, Application Integration, Communications, Collaboration and Content, Messaging, Project and Portfolio Management, Small and Midmarket Cloud Solutions, Windows and Devices.<\/p>\n<\/p><\/div>\n<div class=\"col-md-6\">\n<div align=\"center\"><img loading=\"lazy\" src=\"\/wp-content\/uploads\/2020\/12\/Microsoft-18-gold.png\" alt=\"\" width=\"704\" height=\"529\" class=\"aligncenter size-full wp-image-27750\" srcset=\"\/wp-content\/uploads\/2020\/12\/Microsoft-18-gold.png 704w, \/wp-content\/uploads\/2020\/12\/Microsoft-18-gold-300x225.png 300w, \/wp-content\/uploads\/2020\/12\/Microsoft-18-gold-636x478.png 636w, \/wp-content\/uploads\/2020\/12\/Microsoft-18-gold-320x240.png 320w, \/wp-content\/uploads\/2020\/12\/Microsoft-18-gold-239x180.png 239w\" sizes=\"(max-width: 704px) 100vw, 704px\" \/><\/div>\n<\/p><\/div>\n<div class=\"col-md-6\">\n      <div id=\"fluid-wrapper-counter-1\" class=\"g1-fluid-wrapper \" style=\"width:450px;\"><div style=\"padding-bottom:56.222222222222%;\"><iframe loading=\"lazy\" title=\"\u041e \u043f\u0430\u0440\u0442\u043d\u0435\u0440\u0430\u0445 Microsoft Dynamics\" width=\"450\" height=\"253\" src=\"https:\/\/www.youtube.com\/embed\/LgnX8hJ6L20?feature=oembed&amp;wmode=transparent&amp;autohide=1&amp;autoplay=0&amp;disablekb=0&amp;fs=1&amp;loop=0&amp;enablejsapi=1&amp;rel=0&amp;controls=2&amp;showinfo=0&amp;wmode=transparent&amp;autohide=2&amp;autoplay=0&amp;disablekb=0&amp;fs=1&amp;loop=0&amp;enablejsapi=1&amp;rel=0&amp;controls=2&amp;showinfo=1&#038;enablejsapi=1&#038;origin=https:\/\/smart-it.com\" frameborder=\"0\" allow=\"accelerometer; autoplay; clipboard-write; encrypted-media; gyroscope; picture-in-picture\" allowfullscreen><\/iframe><\/div><\/div>\n    <\/div>\n<\/p><\/div>\n<\/div>\n<div class=\"container-full\"><\/div>\n<div class=\"container-fluid company-contact-block\">\n<div class=\"row company-contact-row\">\n<div class=\"col-md-4\">\n<div>\n<p>Communications &#038; events <span><br \/><\/span><a href=\"mailto:pr@smart-it.com\" rel=\"noopener noreferrer\" target=\"_top\">pr@smart-it.com<\/a><\/p>\n<p>Products &#038; services<span><br \/><\/span><a href=\"mailto:sales@smart-it.com\" rel=\"noopener noreferrer\" target=\"_top\">sales@smart-it.com<\/a><\/p>\n<p>Employment &#038; career<span><br \/><\/span><a href=\"mailto:hr@smart-it.com\" rel=\"noopener noreferrer\" target=\"_top\">hr@smart-it.com<\/a><\/p>\n<\/p><\/div>\n<\/p><\/div>\n<div class=\"col-md-8\">\n<div class=\"warpper-tab\">\n        <input checked class=\"radio-tab\" id=\"one\" name=\"group\" type=\"radio\"> <input class=\"radio-tab\" id=\"two\" name=\"group\" type=\"radio\"> <input class=\"radio-tab\" id=\"three\" name=\"group\" type=\"radio\"><\/p>\n<div class=\"tabs-tab\">\n          <label class=\"tab-tab\" for=\"one\" id=\"one-tab\">Wy\u015blij wiadomo\u015b\u0107<\/label> <label class=\"tab-tab\" for=\"two\" id=\"two-tab\">Um\u00f3w kontakt<\/label> <label class=\"tab-tab\" for=\"three\" id=\"three-tab\">Zam\u00f3w prezentacj\u0119<\/label>\n        <\/div>\n<div class=\"panels-tab\">\n<div class=\"panel-tab\" id=\"one-panel\">\n            <div role=\"form\" class=\"wpcf7\" id=\"wpcf7-f21681-o1\" lang=\"ru-RU\" dir=\"ltr\">\n<div class=\"screen-reader-response\"><p role=\"status\" aria-live=\"polite\" aria-atomic=\"true\"><\/p> <ul><\/ul><\/div>\n<form action=\"\/pl\/wp-json\/wp\/v2\/pages\/8047#wpcf7-f21681-o1\" method=\"post\" class=\"wpcf7-form init\" novalidate=\"novalidate\" data-status=\"init\">\n<div style=\"display: none;\">\n<input type=\"hidden\" name=\"_wpcf7\" value=\"21681\" \/>\n<input type=\"hidden\" name=\"_wpcf7_version\" value=\"5.5.3\" \/>\n<input type=\"hidden\" name=\"_wpcf7_locale\" value=\"ru_RU\" \/>\n<input type=\"hidden\" name=\"_wpcf7_unit_tag\" value=\"wpcf7-f21681-o1\" \/>\n<input type=\"hidden\" name=\"_wpcf7_container_post\" value=\"0\" \/>\n<input type=\"hidden\" name=\"_wpcf7_posted_data_hash\" value=\"\" \/>\n<\/div>\n<div class=\"bpm-next\">\n<div class=\"container-fluid\">\n<div class=\"row smart-contact\">\n<div class=\"col-md-6\">\n        <span class=\"wpcf7-form-control-wrap fio\"><input type=\"text\" name=\"fio\" value=\"\" size=\"40\" class=\"wpcf7-form-control wpcf7-text wpcf7-validates-as-required\" aria-required=\"true\" aria-invalid=\"false\" placeholder=\"Full Name*\" \/><\/span><br \/>\n\t\t  <span class=\"wpcf7-form-control-wrap company\"><input type=\"text\" name=\"company\" value=\"\" size=\"40\" class=\"wpcf7-form-control wpcf7-text wpcf7-validates-as-required\" aria-required=\"true\" aria-invalid=\"false\" placeholder=\"Company*\" \/><\/span><br \/>\n\t\t  <span class=\"wpcf7-form-control-wrap phone\"><input type=\"text\" name=\"phone\" value=\"\" size=\"40\" class=\"wpcf7-form-control wpcf7-text wpcf7-validates-as-required\" aria-required=\"true\" aria-invalid=\"false\" placeholder=\"Phone*\" \/><\/span><br \/>\n\t\t  <span class=\"wpcf7-form-control-wrap your-email\"><input type=\"text\" name=\"your-email\" value=\"\" size=\"40\" class=\"wpcf7-form-control wpcf7-text wpcf7-validates-as-required\" aria-required=\"true\" aria-invalid=\"false\" placeholder=\"E-mail*\" \/><\/span>\n      <\/div>\n<div class=\"col-md-6\">\n        <span class=\"wpcf7-form-control-wrap your-subject\"><select name=\"your-subject\" class=\"wpcf7-form-control wpcf7-select\" aria-invalid=\"false\"><option value=\"- Please select subject -\">- Please select subject -<\/option><option value=\"ERP\">ERP<\/option><option value=\"CRM\">CRM<\/option><option value=\"Office 365\">Office 365<\/option><option value=\"Cloud\">Cloud<\/option><option value=\"Services\">Services<\/option><option value=\"Other\">Other<\/option><\/select><\/span><br \/>\n\t\t  <span class=\"wpcf7-form-control-wrap your-message\"><textarea name=\"your-message\" cols=\"5\" rows=\"5\" maxlength=\"2000\" class=\"wpcf7-form-control wpcf7-textarea\" aria-invalid=\"false\" placeholder=\"Your Message*\"><\/textarea><\/span>\n      <\/div>\n<\/div>\n<\/div>\n<div class=\"check-fluid\"><span id=\"wpcf7-69dad6e76ac38-wrapper\" class=\"wpcf7-form-control-wrap email-869-wrap\" style=\"display:none !important; visibility:hidden !important;\"><label for=\"wpcf7-69dad6e76ac38-field\" class=\"hp-message\">Please leave this field empty.<\/label><input id=\"wpcf7-69dad6e76ac38-field\"  class=\"wpcf7-form-control wpcf7-text\" type=\"text\" name=\"email-869\" value=\"\" size=\"40\" tabindex=\"-1\" autocomplete=\"new-password\" \/><\/span><br \/>\n<span class=\"wpcf7-form-control-wrap accept-this\"><span class=\"wpcf7-form-control wpcf7-acceptance\"><span class=\"wpcf7-list-item\"><label><input type=\"checkbox\" name=\"accept-this\" value=\"1\" aria-invalid=\"false\" checked=\"checked\" \/><span class=\"wpcf7-list-item-label\">I agree with <a class=\"\" href=\"\/terms-of-website-use\/\"  style=\"color: #7a7a7a; text-decoration: underline;\" target=\"_blank\">terms of use<\/a> and <span style=\"text-decoration: underline;\"><a class=\"\" href=\"\/privacy-policy\/\" style=\"color: #7a7a7a;\" target=\"_blank\">privacy policy<\/a><\/span>*<\/span><\/label><\/span><\/span><\/span>\n  <\/div>\n<div class=\"row\">\n<div class=\"col-md-12\">\n<div class=\"pmp-button-a pmp-shutter\">\n        <input type=\"submit\" value=\"Send Message\" class=\"wpcf7-form-control has-spinner wpcf7-submit\" \/>\n      <\/div>\n<\/div>\n<\/div>\n<\/div>\n<p style=\"display: none !important;\"><label>&#916;<textarea name=\"_wpcf7_ak_hp_textarea\" cols=\"45\" rows=\"8\" maxlength=\"100\"><\/textarea><\/label><input type=\"hidden\" id=\"ak_js\" name=\"_wpcf7_ak_js\" value=\"58\"\/><script>document.getElementById( \"ak_js\" ).setAttribute( \"value\", ( new Date() ).getTime() );<\/script><\/p><div class=\"wpcf7-response-output\" aria-hidden=\"true\"><\/div><\/form><\/div>\n          <\/div>\n<div class=\"panel-tab\" id=\"two-panel\">\n            <div role=\"form\" class=\"wpcf7\" id=\"wpcf7-f21683-o2\" lang=\"ru-RU\" dir=\"ltr\">\n<div class=\"screen-reader-response\"><p role=\"status\" aria-live=\"polite\" aria-atomic=\"true\"><\/p> <ul><\/ul><\/div>\n<form action=\"\/pl\/wp-json\/wp\/v2\/pages\/8047#wpcf7-f21683-o2\" method=\"post\" class=\"wpcf7-form init\" novalidate=\"novalidate\" data-status=\"init\">\n<div style=\"display: none;\">\n<input type=\"hidden\" name=\"_wpcf7\" value=\"21683\" \/>\n<input type=\"hidden\" name=\"_wpcf7_version\" value=\"5.5.3\" \/>\n<input type=\"hidden\" name=\"_wpcf7_locale\" value=\"ru_RU\" \/>\n<input type=\"hidden\" name=\"_wpcf7_unit_tag\" value=\"wpcf7-f21683-o2\" \/>\n<input type=\"hidden\" name=\"_wpcf7_container_post\" value=\"0\" \/>\n<input type=\"hidden\" name=\"_wpcf7_posted_data_hash\" value=\"\" \/>\n<\/div>\n<div class=\"bpm-next\">\n<div class=\"container-fluid\">\n<div class=\"row smart-contact\">\n<div class=\"col-md-6\">\n        <span class=\"wpcf7-form-control-wrap fio\"><input type=\"text\" name=\"fio\" value=\"\" size=\"40\" class=\"wpcf7-form-control wpcf7-text wpcf7-validates-as-required\" aria-required=\"true\" aria-invalid=\"false\" placeholder=\"Full Name*\" \/><\/span><br \/>\n<span class=\"wpcf7-form-control-wrap company\"><input type=\"text\" name=\"company\" value=\"\" size=\"40\" class=\"wpcf7-form-control wpcf7-text wpcf7-validates-as-required\" aria-required=\"true\" aria-invalid=\"false\" placeholder=\"Company*\" \/><\/span><br \/>\n<span class=\"wpcf7-form-control-wrap phone\"><input type=\"text\" name=\"phone\" value=\"\" size=\"40\" class=\"wpcf7-form-control wpcf7-text wpcf7-validates-as-required\" aria-required=\"true\" aria-invalid=\"false\" placeholder=\"Phone*\" \/><\/span><br \/>\n<span class=\"wpcf7-form-control-wrap your-email\"><input type=\"text\" name=\"your-email\" value=\"\" size=\"40\" class=\"wpcf7-form-control wpcf7-text wpcf7-validates-as-required\" aria-required=\"true\" aria-invalid=\"false\" placeholder=\"E-mail*\" \/><\/span>\n      <\/div>\n<div class=\"col-md-6\">\n        <span class=\"wpcf7-form-control-wrap time\"><input type=\"text\" name=\"time\" value=\"\" size=\"40\" class=\"wpcf7-form-control wpcf7-text\" aria-invalid=\"false\" placeholder=\"Preferred Time (hh:mm)\" \/><\/span> <span class=\"wpcf7-form-control-wrap your-message\"><textarea name=\"your-message\" cols=\"5\" rows=\"5\" maxlength=\"2000\" class=\"wpcf7-form-control wpcf7-textarea\" aria-invalid=\"false\" placeholder=\"Your Message*\"><\/textarea><\/span>\n      <\/div>\n<\/div>\n<\/div>\n<div class=\"check-fluid\"><span id=\"wpcf7-69dad6e76f4e0-wrapper\" class=\"wpcf7-form-control-wrap email-204-wrap\" style=\"display:none !important; visibility:hidden !important;\"><label for=\"wpcf7-69dad6e76f4e0-field\" class=\"hp-message\">Please leave this field empty.<\/label><input id=\"wpcf7-69dad6e76f4e0-field\"  class=\"wpcf7-form-control wpcf7-text\" type=\"text\" name=\"email-204\" value=\"\" size=\"40\" tabindex=\"-1\" autocomplete=\"new-password\" \/><\/span><br \/>\n<span class=\"wpcf7-form-control-wrap accept-this\"><span class=\"wpcf7-form-control wpcf7-acceptance\"><span class=\"wpcf7-list-item\"><label><input type=\"checkbox\" name=\"accept-this\" value=\"1\" aria-invalid=\"false\" checked=\"checked\" \/><span class=\"wpcf7-list-item-label\">I agree with <a class=\"\" href=\"\/terms-of-website-use\/\"  style=\"color: #7a7a7a; text-decoration: underline;\" target=\"_blank\">terms of use<\/a> and <span style=\"text-decoration: underline;\"><a class=\"\" href=\"\/privacy-policy\/\" style=\"color: #7a7a7a;\" target=\"_blank\">privacy policy<\/a><\/span>*<\/span><\/label><\/span><\/span><\/span>\n  <\/div>\n<div class=\"row\">\n<div class=\"col-md-12\">\n<div class=\"pmp-button-a pmp-shutter\">\n        <input type=\"submit\" value=\"Send Message\" class=\"wpcf7-form-control has-spinner wpcf7-submit\" \/>\n      <\/div>\n<\/div>\n<\/div>\n<\/div>\n<p style=\"display: none !important;\"><label>&#916;<textarea name=\"_wpcf7_ak_hp_textarea\" cols=\"45\" rows=\"8\" maxlength=\"100\"><\/textarea><\/label><input type=\"hidden\" id=\"ak_js\" name=\"_wpcf7_ak_js\" value=\"171\"\/><script>document.getElementById( \"ak_js\" ).setAttribute( \"value\", ( new Date() ).getTime() );<\/script><\/p><div class=\"wpcf7-response-output\" aria-hidden=\"true\"><\/div><\/form><\/div>\n          <\/div>\n<div class=\"panel-tab\" id=\"three-panel\">\n            <div role=\"form\" class=\"wpcf7\" id=\"wpcf7-f21685-o3\" lang=\"ru-RU\" dir=\"ltr\">\n<div class=\"screen-reader-response\"><p role=\"status\" aria-live=\"polite\" aria-atomic=\"true\"><\/p> <ul><\/ul><\/div>\n<form action=\"\/pl\/wp-json\/wp\/v2\/pages\/8047#wpcf7-f21685-o3\" method=\"post\" class=\"wpcf7-form init\" novalidate=\"novalidate\" data-status=\"init\">\n<div style=\"display: none;\">\n<input type=\"hidden\" name=\"_wpcf7\" value=\"21685\" \/>\n<input type=\"hidden\" name=\"_wpcf7_version\" value=\"5.5.3\" \/>\n<input type=\"hidden\" name=\"_wpcf7_locale\" value=\"ru_RU\" \/>\n<input type=\"hidden\" name=\"_wpcf7_unit_tag\" value=\"wpcf7-f21685-o3\" \/>\n<input type=\"hidden\" name=\"_wpcf7_container_post\" value=\"0\" \/>\n<input type=\"hidden\" name=\"_wpcf7_posted_data_hash\" value=\"\" \/>\n<\/div>\n<div class=\"bpm-next\">\n<div class=\"container-fluid\">\n<div class=\"row smart-contact\">\n<div class=\"col-md-6\">\n        <span class=\"wpcf7-form-control-wrap fio\"><input type=\"text\" name=\"fio\" value=\"\" size=\"40\" class=\"wpcf7-form-control wpcf7-text wpcf7-validates-as-required\" aria-required=\"true\" aria-invalid=\"false\" placeholder=\"Full Name*\" \/><\/span><br \/>\n\t\t  <span class=\"wpcf7-form-control-wrap company\"><input type=\"text\" name=\"company\" value=\"\" size=\"40\" class=\"wpcf7-form-control wpcf7-text wpcf7-validates-as-required\" aria-required=\"true\" aria-invalid=\"false\" placeholder=\"Company*\" \/><\/span><br \/>\n\t\t  <span class=\"wpcf7-form-control-wrap phone\"><input type=\"text\" name=\"phone\" value=\"\" size=\"40\" class=\"wpcf7-form-control wpcf7-text wpcf7-validates-as-required\" aria-required=\"true\" aria-invalid=\"false\" placeholder=\"Phone*\" \/><\/span><br \/>\n\t\t  <span class=\"wpcf7-form-control-wrap your-email\"><input type=\"text\" name=\"your-email\" value=\"\" size=\"40\" class=\"wpcf7-form-control wpcf7-text wpcf7-validates-as-required\" aria-required=\"true\" aria-invalid=\"false\" placeholder=\"E-mail*\" \/><\/span>\n      <\/div>\n<div class=\"col-md-6 smart-contact-time\">\n        <span class=\"wpcf7-form-control-wrap date\"><input type=\"text\" name=\"date\" value=\"\" size=\"40\" class=\"wpcf7-form-control wpcf7-text\" aria-invalid=\"false\" placeholder=\"Preferred Date (dd.mm.yyyy)\" \/><\/span><br \/>\n<span class=\"wpcf7-form-control-wrap time\"><input type=\"text\" name=\"time\" value=\"\" size=\"40\" class=\"wpcf7-form-control wpcf7-text\" aria-invalid=\"false\" placeholder=\"Preferred Time (hh:mm)\" \/><\/span><br \/>\n<span class=\"wpcf7-form-control-wrap your-message\"><textarea name=\"your-message\" cols=\"5\" rows=\"5\" maxlength=\"2000\" class=\"wpcf7-form-control wpcf7-textarea\" aria-invalid=\"false\" placeholder=\"Your Message*\"><\/textarea><\/span>\n      <\/div>\n<\/div>\n<\/div>\n<div class=\"check-fluid\"><span id=\"wpcf7-69dad6e771934-wrapper\" class=\"wpcf7-form-control-wrap email-857-wrap\" style=\"display:none !important; visibility:hidden !important;\"><label for=\"wpcf7-69dad6e771934-field\" class=\"hp-message\">Please leave this field empty.<\/label><input id=\"wpcf7-69dad6e771934-field\"  class=\"wpcf7-form-control wpcf7-text\" type=\"text\" name=\"email-857\" value=\"\" size=\"40\" tabindex=\"-1\" autocomplete=\"new-password\" \/><\/span><br \/>\n<span class=\"wpcf7-form-control-wrap accept-this\"><span class=\"wpcf7-form-control wpcf7-acceptance\"><span class=\"wpcf7-list-item\"><label><input type=\"checkbox\" name=\"accept-this\" value=\"1\" aria-invalid=\"false\" checked=\"checked\" \/><span class=\"wpcf7-list-item-label\">I agree with <a class=\"\" href=\"\/terms-of-website-use\/\"  style=\"color: #7a7a7a; text-decoration: underline;\" target=\"_blank\">terms of use<\/a> and <span style=\"text-decoration: underline;\"><a class=\"\" href=\"\/privacy-policy\/\" style=\"color: #7a7a7a;\" target=\"_blank\">privacy policy<\/a><\/span>*<\/span><\/label><\/span><\/span><\/span>\n  <\/div>\n<div class=\"row\">\n<div class=\"col-md-12\">\n<div class=\"pmp-button-a pmp-shutter\">\n        <input type=\"submit\" value=\"Send Message\" class=\"wpcf7-form-control has-spinner wpcf7-submit\" \/>\n      <\/div>\n<\/div>\n<\/div>\n<\/div>\n<p style=\"display: none !important;\"><label>&#916;<textarea name=\"_wpcf7_ak_hp_textarea\" cols=\"45\" rows=\"8\" maxlength=\"100\"><\/textarea><\/label><input type=\"hidden\" id=\"ak_js\" name=\"_wpcf7_ak_js\" value=\"87\"\/><script>document.getElementById( \"ak_js\" ).setAttribute( \"value\", ( new Date() ).getTime() );<\/script><\/p><div class=\"wpcf7-response-output\" aria-hidden=\"true\"><\/div><\/form><\/div>\n          <\/div>\n<\/p><\/div>\n<\/p><\/div>\n<\/p><\/div>\n<\/p><\/div>\n<\/div>\n","protected":false},"excerpt":{"rendered":"<p>Firma SMART business, Microsoft Gold ERP Partner, cz\u0142onek President\u2019s Club Microsoft Dynamics jest liderem ukrai\u0144skiego rynku us\u0142ug doradczych w sprawie innowacyjnych rozwi\u0105za\u0144 do efektywnego zarz\u0105dzania biznesem, a tak\u017ce wdro\u017ceniu i rozwoju system\u00f3w biznesowych na platformie Microsoft Dynamics (AX, NAV, CRM). 10 successful years in the IT market 600+ companies among our clients 91.5% customer satisfaction [&hellip;]<\/p>\n","protected":false},"author":2,"featured_media":0,"parent":0,"menu_order":1,"comment_status":"closed","ping_status":"closed","template":"","meta":[],"_links":{"self":[{"href":"https:\/\/smart-it-prod-v3.azurewebsites.net\/pl\/wp-json\/wp\/v2\/pages\/8047"}],"collection":[{"href":"https:\/\/smart-it-prod-v3.azurewebsites.net\/pl\/wp-json\/wp\/v2\/pages"}],"about":[{"href":"https:\/\/smart-it-prod-v3.azurewebsites.net\/pl\/wp-json\/wp\/v2\/types\/page"}],"author":[{"embeddable":true,"href":"https:\/\/smart-it-prod-v3.azurewebsites.net\/pl\/wp-json\/wp\/v2\/users\/2"}],"replies":[{"embeddable":true,"href":"https:\/\/smart-it-prod-v3.azurewebsites.net\/pl\/wp-json\/wp\/v2\/comments?post=8047"}],"version-history":[{"count":2,"href":"https:\/\/smart-it-prod-v3.azurewebsites.net\/pl\/wp-json\/wp\/v2\/pages\/8047\/revisions"}],"predecessor-version":[{"id":27764,"href":"https:\/\/smart-it-prod-v3.azurewebsites.net\/pl\/wp-json\/wp\/v2\/pages\/8047\/revisions\/27764"}],"wp:attachment":[{"href":"https:\/\/smart-it-prod-v3.azurewebsites.net\/pl\/wp-json\/wp\/v2\/media?parent=8047"}],"curies":[{"name":"wp","href":"https:\/\/api.w.org\/{rel}","templated":true}]}}