{"id":8024,"date":"2016-10-10T18:46:43","date_gmt":"2016-10-10T15:46:43","guid":{"rendered":"http:\/\/smart-it-prod.azurewebsites.net\/pl\/?page_id=8024"},"modified":"2020-11-26T14:55:04","modified_gmt":"2020-11-26T12:55:04","slug":"oferty-pracy","status":"publish","type":"page","link":"https:\/\/smart-it-prod-v3.azurewebsites.net\/pl\/kariera\/oferty-pracy\/","title":{"rendered":"Oferty pracy"},"content":{"rendered":"<ul class=\"g1-grid\"><li class=\"g1-column g1-two-third g1-valign-top\">\n<h2>Open Vacancies<\/h2>\n<p><!----\n\n&#091;box&#093;\n\n\n<h3><a href=\"\/ru\/careers\/vacancy\/billing-specialist\/\">Billing Specialis<\/a><\/h3>\n\n\n&#091;\/box&#093;\n\n&#091;box&#093;\n\n\n<h3><a href=\"\/careers\/vacancy\/customer-success-manager\/\">Customer Success Manager<\/a><\/h3>\n\n\n&#091;\/box&#093;\n\n&#091;box&#093;\n\n\n<h3><a href=\"\/careers\/vacancy\/training-account-manager\/\">Training \/ Account manager<\/a><\/h3>\n\n\n&#091;\/box&#093;\n\n&#091;box&#093;\n\n\n<h3><a href=\"\/careers\/vacancy\/licensing-specialist\/\">Microsoft License Specialist<\/a><\/h3>\n\n\n&#091;\/box&#093;\n&#091;box&#093;\n\n\n<h3><a href=\"\/careers\/vacancy\/system-administrator\/\">System Administrator<\/a><\/h3>\n\n\n&#091;\/box&#093;\n\n\n----><\/p>\n<div id=\"g1-box-counter-1\" class=\"g1-box g1-box--simple  g1-box--noicon\" ><div class=\"g1-box__inner\">\n<h3><a href=\"\/careers\/vacancy\/support-project-manager\/\">Support Project Manager (SMART academy)<\/a><\/h3>\n<\/div><\/div><br \/>\n<div id=\"g1-box-counter-2\" class=\"g1-box g1-box--simple  g1-box--noicon\" ><div class=\"g1-box__inner\">\n<h3><a href=\"\/ru\/careers\/vacancy\/contract-manager\/\">Contract Manager<\/a><\/h3>\n<\/div><\/div><br \/>\n<div id=\"g1-box-counter-3\" class=\"g1-box g1-box--simple  g1-box--noicon\" ><div class=\"g1-box__inner\">\n<h3><a href=\"\/ru\/careers\/vacancy\/content-writer\/\">Content Writer<\/a><\/h3>\n<\/div><\/div><br \/>\n<div id=\"g1-box-counter-4\" class=\"g1-box g1-box--simple  g1-box--noicon\" ><div class=\"g1-box__inner\">\n<h3><a href=\"\/careers\/vacancy\/ms-app-dev\/\">MS Business Application Developer (D365 CE\/CRM, D365 FO\/AX, D365 BC\/NAV)<\/a><\/h3>\n<\/div><\/div><br \/>\n<div id=\"g1-box-counter-5\" class=\"g1-box g1-box--simple  g1-box--noicon\" ><div class=\"g1-box__inner\">\n<h3><a href=\"\/careers\/vacancy\/pm\/\">Project Manager<\/a><\/h3>\n<\/div><\/div><br \/>\n<div id=\"g1-box-counter-6\" class=\"g1-box g1-box--simple  g1-box--noicon\" ><div class=\"g1-box__inner\">\n<h3><a href=\"\/careers\/vacancy\/sql-developer\/\">SQL developer<\/a><\/h3>\n<\/div><\/div><br \/>\n<div id=\"g1-box-counter-7\" class=\"g1-box g1-box--simple  g1-box--noicon\" ><div class=\"g1-box__inner\">\n<h3><a href=\"\/careers\/vacancy\/crm-consultant\/\">CRM Consultant<\/a><\/h3>\n<\/div><\/div><br \/>\n<div id=\"g1-box-counter-8\" class=\"g1-box g1-box--simple  g1-box--noicon\" ><div class=\"g1-box__inner\">\n<h3><a href=\"\/careers\/vacancy\/erp-consult\/\">ERP Consultant<\/a><\/h3>\n<\/div><\/div><br \/>\n<\/li><!-- -->\n<li class=\"g1-column g1-one-third g1-valign-top\">\n<div id=\"g1-box-counter-9\" class=\"g1-box g1-box--simple  g1-box--icon\" ><i class=\"icon-list-alt g1-box__icon\"><\/i><div class=\"g1-box__inner\">\n<h4 style=\"text-align: center;\">Skontaktuj si\u0119 z mened\u017cer\u00f3w HR aby uzyska\u0107 wi\u0119cej informacji<\/h4>\n<h2> &nbsp;<\/h2>\n<div role=\"form\" class=\"wpcf7\" id=\"wpcf7-f26936-o1\" lang=\"en-US\" dir=\"ltr\">\n<div class=\"screen-reader-response\"><p role=\"status\" aria-live=\"polite\" aria-atomic=\"true\"><\/p> <ul><\/ul><\/div>\n<form action=\"\/pl\/wp-json\/wp\/v2\/pages\/8024#wpcf7-f26936-o1\" method=\"post\" class=\"wpcf7-form init\" novalidate=\"novalidate\" data-status=\"init\">\n<div style=\"display: none;\">\n<input type=\"hidden\" name=\"_wpcf7\" value=\"26936\" \/>\n<input type=\"hidden\" name=\"_wpcf7_version\" value=\"5.5.3\" \/>\n<input type=\"hidden\" name=\"_wpcf7_locale\" value=\"en_US\" \/>\n<input type=\"hidden\" name=\"_wpcf7_unit_tag\" value=\"wpcf7-f26936-o1\" \/>\n<input type=\"hidden\" name=\"_wpcf7_container_post\" value=\"0\" \/>\n<input type=\"hidden\" name=\"_wpcf7_posted_data_hash\" value=\"\" \/>\n<\/div>\n<p><b>Full Name (Last Name, First Name)<\/b>*<br \/>\n    <span class=\"wpcf7-form-control-wrap your-name\"><input type=\"text\" name=\"your-name\" value=\"\" size=\"40\" maxlength=\"150\" class=\"wpcf7-form-control wpcf7-text wpcf7-validates-as-required\" aria-required=\"true\" aria-invalid=\"false\" \/><\/span> <\/p>\n<p><b>Phone<\/b>*<br \/>\n    <span class=\"wpcf7-form-control-wrap your-phone\"><input type=\"tel\" name=\"your-phone\" value=\"\" size=\"40\" maxlength=\"50\" class=\"wpcf7-form-control wpcf7-text wpcf7-tel wpcf7-validates-as-required wpcf7-validates-as-tel\" aria-required=\"true\" aria-invalid=\"false\" \/><\/span> <\/p>\n<p><b>Email<\/b>*<br \/>\n    <span class=\"wpcf7-form-control-wrap your-email\"><input type=\"email\" name=\"your-email\" value=\"\" size=\"40\" maxlength=\"100\" class=\"wpcf7-form-control wpcf7-text wpcf7-email wpcf7-validates-as-required wpcf7-validates-as-email\" aria-required=\"true\" aria-invalid=\"false\" \/><\/span> <\/p>\n<p><b>Company<\/b>*<br \/>\n    <span class=\"wpcf7-form-control-wrap your-company\"><input type=\"text\" name=\"your-company\" value=\"\" size=\"40\" maxlength=\"160\" class=\"wpcf7-form-control wpcf7-text wpcf7-validates-as-required\" aria-required=\"true\" aria-invalid=\"false\" \/><\/span> <\/p>\n<p><b>Your Question<\/b>*<br \/>\n    <span class=\"wpcf7-form-control-wrap your-message\"><textarea name=\"your-message\" cols=\"5\" rows=\"5\" maxlength=\"2000\" class=\"wpcf7-form-control wpcf7-textarea wpcf7-validates-as-required\" aria-required=\"true\" aria-invalid=\"false\"><\/textarea><\/span> <\/p>\n<p>\t<span class=\"wpcf7-form-control-wrap accept-this\"><span class=\"wpcf7-form-control wpcf7-acceptance\"><span class=\"wpcf7-list-item\"><label><input type=\"checkbox\" name=\"accept-this\" value=\"1\" aria-invalid=\"false\" checked=\"checked\" \/><span class=\"wpcf7-list-item-label\">I agree with <a class=\"\" href=\"\/terms-of-website-use\/\"  style=\"color: #7a7a7a; text-decoration: underline;\" target=\"_blank\">terms of use<\/a> and <span style=\"text-decoration: underline;\"><a class=\"\" href=\"\/privacy-policy\/\" style=\"color: #7a7a7a;\" target=\"_blank\">privacy policy<\/a><\/span>*<\/span><\/label><\/span><\/span><\/span><\/p>\n<p><span id=\"wpcf7-69dad6b298d8e-wrapper\" class=\"wpcf7-form-control-wrap honeypot-162-wrap\" style=\"display:none !important; visibility:hidden !important;\"><label for=\"wpcf7-69dad6b298d8e-field\" class=\"hp-message\">Please leave this field empty.<\/label><input id=\"wpcf7-69dad6b298d8e-field\"  class=\"wpcf7-form-control wpcf7-text\" type=\"text\" name=\"honeypot-162\" value=\"\" size=\"40\" tabindex=\"-1\" autocomplete=\"new-password\" \/><\/span><\/p>\n<p><\/p>\n<p><input type=\"submit\" value=\"Send Message\" class=\"wpcf7-form-control has-spinner wpcf7-submit\" \/><\/p>\n<p style=\"display: none !important;\"><label>&#916;<textarea name=\"_wpcf7_ak_hp_textarea\" cols=\"45\" rows=\"8\" maxlength=\"100\"><\/textarea><\/label><input type=\"hidden\" id=\"ak_js\" name=\"_wpcf7_ak_js\" value=\"119\"\/><script>document.getElementById( \"ak_js\" ).setAttribute( \"value\", ( new Date() ).getTime() );<\/script><\/p><div class=\"wpcf7-response-output\" aria-hidden=\"true\"><\/div><\/form><\/div>\n<p><!----\n\n\n<div align=\"center\">&#091;button size=\"medium\" link=\"\/company\/feedback\/message\/\" style=\"solid\" icon=\"pencil\"&#093;Contact Us&#091;\/button&#093;<\/div>\n\n\n---><br \/>\n<\/div><\/div>\n<\/li><!-- --><\/ul>\n<div id=\"g1-divider-1\" class=\"g1-divider g1-divider--simple g1-divider--noicon \"><\/div>\n<h2>Inne mo\u017cliwo\u015bci rozwoju zawodowego<\/h2>\n\n<ul id=\"g1-list-1\" class=\"g1-list--disc g1-list--none \" style=\"font-size: 125%;\">\n<li><a href=\"https:\/\/smart-it.com\/pl\/kariera\/smart-academy\/\">SMART academy<\/a><\/li>\n<li><a href=\"https:\/\/smart-it.com\/pl\/kariera\/staz\/\">Sta\u017c<\/a><\/li>\n<li><a href=\"https:\/\/smart-it.com\/pl\/kariera\/praktyki-wakacyjne\/\">Praktyki wakacyjne<\/a><\/li>\n<\/ul>\n\n<div id=\"g1-divider-2\" class=\"g1-divider g1-divider--simple g1-divider--noicon \"><\/div>\n","protected":false},"excerpt":{"rendered":"<p>Inne mo\u017cliwo\u015bci rozwoju zawodowego<\/p>\n","protected":false},"author":2,"featured_media":0,"parent":7738,"menu_order":0,"comment_status":"closed","ping_status":"closed","template":"","meta":[],"_links":{"self":[{"href":"https:\/\/smart-it-prod-v3.azurewebsites.net\/pl\/wp-json\/wp\/v2\/pages\/8024"}],"collection":[{"href":"https:\/\/smart-it-prod-v3.azurewebsites.net\/pl\/wp-json\/wp\/v2\/pages"}],"about":[{"href":"https:\/\/smart-it-prod-v3.azurewebsites.net\/pl\/wp-json\/wp\/v2\/types\/page"}],"author":[{"embeddable":true,"href":"https:\/\/smart-it-prod-v3.azurewebsites.net\/pl\/wp-json\/wp\/v2\/users\/2"}],"replies":[{"embeddable":true,"href":"https:\/\/smart-it-prod-v3.azurewebsites.net\/pl\/wp-json\/wp\/v2\/comments?post=8024"}],"version-history":[{"count":5,"href":"https:\/\/smart-it-prod-v3.azurewebsites.net\/pl\/wp-json\/wp\/v2\/pages\/8024\/revisions"}],"predecessor-version":[{"id":27121,"href":"https:\/\/smart-it-prod-v3.azurewebsites.net\/pl\/wp-json\/wp\/v2\/pages\/8024\/revisions\/27121"}],"up":[{"embeddable":true,"href":"https:\/\/smart-it-prod-v3.azurewebsites.net\/pl\/wp-json\/wp\/v2\/pages\/7738"}],"wp:attachment":[{"href":"https:\/\/smart-it-prod-v3.azurewebsites.net\/pl\/wp-json\/wp\/v2\/media?parent=8024"}],"curies":[{"name":"wp","href":"https:\/\/api.w.org\/{rel}","templated":true}]}}