{"id":8013,"date":"2016-10-07T17:05:36","date_gmt":"2016-10-07T14:05:36","guid":{"rendered":"http:\/\/smart-it-prod.azurewebsites.net\/pl\/?page_id=8013"},"modified":"2018-07-20T15:32:07","modified_gmt":"2018-07-20T12:32:07","slug":"smart-academy","status":"publish","type":"page","link":"https:\/\/smart-it-prod-v3.azurewebsites.net\/pl\/kariera\/smart-academy\/","title":{"rendered":"SMART academy"},"content":{"rendered":"<ul class=\"g1-grid\"><li class=\"g1-column g1-one-half g1-valign-middle\">\n<h2>Rozwijaj si\u0119 razem z nami<\/h2>\n<hr \/>\n<div id=\"g1-lead-1\" class=\"g1-lead \" >\n<p>Zapraszamy student\u00f3w i absolwent\u00f3w uczelni technicznych i ekonomicznych, ze znajomo\u015bci\u0105 j\u0119zyka angielskiego, zdolnych do logicznego my\u015blenia, do do\u0142\u0105czenia do naszego przyjaznego zespo\u0142u. Cenimy ch\u0119\u0107 do pracy, zaanga\u017cowanie i ch\u0119\u0107 do nauki.<\/p>\n<\/div>\n<div align=\"center\"><a id=\"g1-button-1\" class=\"g1-button g1-button--medium g1-button--solid g1-button--standard \" href=\"#sr\" ><i class=\"icon-file-text\"><\/i>Wy\u015blij podanie<\/a> <style type=\"text\/css\" scoped=\"scoped\">#g1-button-2.g1-button {background-color: #5078b4; border-color: #5078b4;}<\/style><a id=\"g1-button-2\" class=\"g1-button g1-button--medium g1-button--solid g1-button--standard \" href=\"\/company\/contacts\/\" ><i class=\"icon-pencil\"><\/i>Zapytaj<\/a><\/div>\n<\/li><!-- -->\n<li class=\"g1-column g1-one-half g1-valign-top\">\n<p><img loading=\"lazy\" class=\"alignnone size-full wp-image-6105\" src=\"\/wp-content\/uploads\/2015\/04\/smart-training-bg-1.jpg\" alt=\"smart-training-bg-1\" width=\"600\" height=\"401\" srcset=\"\/wp-content\/uploads\/2015\/04\/smart-training-bg-1.jpg 600w, \/wp-content\/uploads\/2015\/04\/smart-training-bg-1-300x201.jpg 300w, \/wp-content\/uploads\/2015\/04\/smart-training-bg-1-320x214.jpg 320w, \/wp-content\/uploads\/2015\/04\/smart-training-bg-1-239x160.jpg 239w\" sizes=\"(max-width: 600px) 100vw, 600px\" \/><\/p>\n<\/li><!-- --><\/ul>\n<div id=\"g1-divider-1\" class=\"g1-divider g1-divider--simple g1-divider--noicon \"><\/div>\n<div id=\"g1-lead-2\" class=\"g1-lead \" >\n<p>Akademia SMART business prowadzi dzia\u0142alno\u015b\u0107 r\u00f3\u017cnokierunkow\u0105. Tradycyjnym jest wyb\u00f3r CV zainteresowanych kandydat\u00f3w i zaproszenie ich na kursy wieczorowe, kt\u00f3re odbywaj\u0105 si\u0119 w biurze SMART business, prowadzone przez kierownik\u00f3w oddzia\u0142\u00f3w.<\/p>\n<p>Studenci po kursie b\u0119d\u0105 proszeni o rozwi\u0105zanie kilku zada\u0144. Po trwaj\u0105cym zazwyczaj 1-2 tygodnie okresie nauki, SMART business zaprasza najlepszych kandydat\u00f3w do odbycia sta\u017cu w firmie b\u0105d\u017a obj\u0119cia stanowisk.<\/p>\n<\/div>\n<div id=\"sr\"><\/div>\n<div id=\"g1-divider-2\" class=\"g1-divider g1-divider--none g1-divider--icon \"><span><i class=\"icon-long-arrow-down\"><\/i><\/span><\/div>\n<h2 align=\"center\">Z\u0142\u00f3\u017c podanie<\/h2>\n<div id=\"g1-divider-3\" class=\"g1-divider g1-divider--simple g1-divider--noicon \"><\/div>\n<ul class=\"g1-grid\"><li class=\"g1-column g1-one-half g1-valign-top\">\n<h3>Prosimy o wype\u0142nienie wszystkich niezb\u0119dnych okienek i klikni\u0119cie przycisku \u201eWy\u015blij\u201d<\/h3>\n<div id=\"g1-divider-4\" class=\"g1-divider g1-divider--simple g1-divider--noicon \"><\/div>\n\n<ul id=\"g1-list-1\" class=\"g1-list--icon g1-list--icon \" style=\"font-size: 120%;\">\n<li><i class=\"icon-circle-arrow-right g1-list__icon\"><\/i><a href=\"https:\/\/smart-it.com\/pl\/kariera\/\">Powr\u00f3t do strony Kariera<\/a><\/li>\n<li><i class=\"icon-circle-arrow-right g1-list__icon\"><\/i><a href=\"https:\/\/smart-it.com\/pl\/\">Powr\u00f3t na stron\u0119 g\u0142\u00f3wn\u0105<\/a><\/li>\n<\/ul>\n\n<\/li><!-- -->\n<li class=\"g1-column g1-one-half g1-valign-top\">\n<p><script type=\"text\/javascript\">\n   var subject = \"SMART-HCM: SMART academy\";\n<\/script><\/p>\n<div role=\"form\" class=\"wpcf7\" id=\"wpcf7-f6236-o1\" lang=\"ru-RU\" dir=\"ltr\">\n<div class=\"screen-reader-response\"><p role=\"status\" aria-live=\"polite\" aria-atomic=\"true\"><\/p> <ul><\/ul><\/div>\n<form action=\"\/pl\/wp-json\/wp\/v2\/pages\/8013#wpcf7-f6236-o1\" method=\"post\" class=\"wpcf7-form init\" enctype=\"multipart\/form-data\" novalidate=\"novalidate\" data-status=\"init\">\n<div style=\"display: none;\">\n<input type=\"hidden\" name=\"_wpcf7\" value=\"6236\" \/>\n<input type=\"hidden\" name=\"_wpcf7_version\" value=\"5.5.3\" \/>\n<input type=\"hidden\" name=\"_wpcf7_locale\" value=\"ru_RU\" \/>\n<input type=\"hidden\" name=\"_wpcf7_unit_tag\" value=\"wpcf7-f6236-o1\" \/>\n<input type=\"hidden\" name=\"_wpcf7_container_post\" value=\"0\" \/>\n<input type=\"hidden\" name=\"_wpcf7_posted_data_hash\" value=\"\" \/>\n<\/div>\n<p><b>Choose your academy<\/b> (required)<br \/>\n    <span class=\"wpcf7-form-control-wrap your-academies\"><select name=\"your-academies\" class=\"wpcf7-form-control wpcf7-select wpcf7-validates-as-required\" aria-required=\"true\" aria-invalid=\"false\"><option value=\"\">---<\/option><option value=\"Junior AX developer\">Junior AX developer<\/option><option value=\"Junior CRM developer\">Junior CRM developer<\/option><option value=\"Junior NAV developer\">Junior NAV developer<\/option><option value=\"Junior .NET developer\">Junior .NET developer<\/option><option value=\"Junior QA\">Junior QA<\/option><option value=\"Junior consultant CRM\">Junior consultant CRM<\/option><option value=\"Junior consultant ERP\">Junior consultant ERP<\/option><option value=\"Smart academy\">Smart academy<\/option><\/select><\/span><\/p>\n<p><b>First Name<\/b> (required)<br \/>\n    <span class=\"wpcf7-form-control-wrap your-name\"><input type=\"text\" name=\"your-name\" value=\"\" size=\"40\" maxlength=\"150\" class=\"wpcf7-form-control wpcf7-text wpcf7-validates-as-required\" aria-required=\"true\" aria-invalid=\"false\" \/><\/span> <\/p>\n<p><b>Last Name<\/b> (required)<br \/>\n    <span class=\"wpcf7-form-control-wrap your-last\"><input type=\"text\" name=\"your-last\" value=\"\" size=\"40\" maxlength=\"150\" class=\"wpcf7-form-control wpcf7-text wpcf7-validates-as-required\" aria-required=\"true\" aria-invalid=\"false\" \/><\/span> <\/p>\n<p><b>Email<\/b> (required)<br \/>\n    <span class=\"wpcf7-form-control-wrap your-email\"><input type=\"email\" name=\"your-email\" value=\"\" size=\"40\" maxlength=\"100\" class=\"wpcf7-form-control wpcf7-text wpcf7-email wpcf7-validates-as-required wpcf7-validates-as-email\" aria-required=\"true\" aria-invalid=\"false\" \/><\/span> <\/p>\n<p><b>Phone<\/b> (required)<br \/>\n    <span class=\"wpcf7-form-control-wrap your-phone\"><input type=\"tel\" name=\"your-phone\" value=\"\" size=\"40\" maxlength=\"50\" class=\"wpcf7-form-control wpcf7-text wpcf7-tel wpcf7-validates-as-required wpcf7-validates-as-tel\" aria-required=\"true\" aria-invalid=\"false\" \/><\/span> <\/p>\n<p><b>Message<\/b><br \/>\n    <span class=\"wpcf7-form-control-wrap your-message\"><textarea name=\"your-message\" cols=\"40\" rows=\"7\" maxlength=\"500\" class=\"wpcf7-form-control wpcf7-textarea\" aria-invalid=\"false\"><\/textarea><\/span> <\/p>\n<p><b>CV<\/b>  (required)<br\/><span class=\"wpcf7-form-control-wrap your-cv\"><input type=\"file\" name=\"your-cv\" size=\"40\" class=\"wpcf7-form-control wpcf7-file wpcf7-validates-as-required\" accept=\".jpg,.jpeg,.png,.gif,.pdf,.doc,.docx,.ppt,.pptx,.odt,.avi,.ogg,.m4a,.mov,.mp3,.mp4,.mpg,.wav,.wmv\" aria-required=\"true\" aria-invalid=\"false\" \/><\/span><\/p>\n<p><span class=\"wpcf7-form-control-wrap your-private-policy\"><span class=\"wpcf7-form-control wpcf7-checkbox wpcf7-validates-as-required wpcf7-exclusive-checkbox\"><span class=\"wpcf7-list-item first last\"><input type=\"checkbox\" name=\"your-private-policy\" value=\"I agree with web site use terms and privacy policy\" \/><span class=\"wpcf7-list-item-label\">I agree with web site use terms and privacy policy<\/span><\/span><\/span><\/span><a href='https:\/\/smart-it.com\/terms-of-website-use\/' target=\"popup\" onclick=\"window.open('https:\/\/smart-it.com\/terms-of-website-use\/','popup','width=600,height=600,scrollbars=no,resizable=no'); return false;\"> (read)<\/a><\/p>\n<p><\/p>\n<p><input type=\"submit\" value=\"Send\" class=\"wpcf7-form-control has-spinner wpcf7-submit\" \/><\/p>\n<p style=\"display: none !important;\"><label>&#916;<textarea name=\"_wpcf7_ak_hp_textarea\" cols=\"45\" rows=\"8\" maxlength=\"100\"><\/textarea><\/label><input type=\"hidden\" id=\"ak_js\" name=\"_wpcf7_ak_js\" value=\"150\"\/><script>document.getElementById( \"ak_js\" ).setAttribute( \"value\", ( new Date() ).getTime() );<\/script><\/p><div class=\"wpcf7-response-output\" aria-hidden=\"true\"><\/div><\/form><\/div>\n<\/li><!-- --><\/ul>\n","protected":false},"excerpt":{"rendered":"<p>Z\u0142\u00f3\u017c podanie<\/p>\n","protected":false},"author":2,"featured_media":0,"parent":7738,"menu_order":0,"comment_status":"closed","ping_status":"closed","template":"","meta":[],"_links":{"self":[{"href":"https:\/\/smart-it-prod-v3.azurewebsites.net\/pl\/wp-json\/wp\/v2\/pages\/8013"}],"collection":[{"href":"https:\/\/smart-it-prod-v3.azurewebsites.net\/pl\/wp-json\/wp\/v2\/pages"}],"about":[{"href":"https:\/\/smart-it-prod-v3.azurewebsites.net\/pl\/wp-json\/wp\/v2\/types\/page"}],"author":[{"embeddable":true,"href":"https:\/\/smart-it-prod-v3.azurewebsites.net\/pl\/wp-json\/wp\/v2\/users\/2"}],"replies":[{"embeddable":true,"href":"https:\/\/smart-it-prod-v3.azurewebsites.net\/pl\/wp-json\/wp\/v2\/comments?post=8013"}],"version-history":[{"count":0,"href":"https:\/\/smart-it-prod-v3.azurewebsites.net\/pl\/wp-json\/wp\/v2\/pages\/8013\/revisions"}],"up":[{"embeddable":true,"href":"https:\/\/smart-it-prod-v3.azurewebsites.net\/pl\/wp-json\/wp\/v2\/pages\/7738"}],"wp:attachment":[{"href":"https:\/\/smart-it-prod-v3.azurewebsites.net\/pl\/wp-json\/wp\/v2\/media?parent=8013"}],"curies":[{"name":"wp","href":"https:\/\/api.w.org\/{rel}","templated":true}]}}