{"id":7978,"date":"2016-10-04T13:07:55","date_gmt":"2016-10-04T10:07:55","guid":{"rendered":"http:\/\/smart-it-prod.azurewebsites.net\/pl\/?page_id=7978"},"modified":"2016-11-11T17:01:13","modified_gmt":"2016-11-11T15:01:13","slug":"misja","status":"publish","type":"page","link":"https:\/\/smart-it-prod-v3.azurewebsites.net\/pl\/company\/misja\/","title":{"rendered":"Misja"},"content":{"rendered":"<ul class=\"g1-grid\"><li class=\"g1-column g1-one-half g1-valign-top\">\n<h2>Praca, jako przyjemno\u015b\u0107<\/h2>\n<div id=\"g1-lead-1\" class=\"g1-lead \" >\n<p>Wierzymy nie tylko w zyskowny biznes, ale tak\u017ce w taki, kt\u00f3ry przynosi zadowolenie pracownikom, kierownikom i w\u0142a\u015bcicielom.<\/p>\n<p>Nasz\u0105 misj\u0105 jest tworzenie rozwi\u0105za\u0144 w obszarze automatyzacji proces\u00f3w i zagwarantowaniu takiej infrastruktury IT przedsi\u0119biorstwa, kt\u00f3re pozwalaj\u0105 klientom na odkrycie potencja\u0142u biznesu, do\u015bwiadczenie rado\u015bci z osi\u0105gni\u0119tych wynik\u00f3w i na prawdziwe zakochanie si\u0119 w swoim biznesie (pracy).<\/p>\n<\/div>\n<\/li><!-- -->\n<li class=\"g1-column g1-one-half g1-valign-top\">\n<p><img src=\"\/wp-content\/uploads\/2014\/07\/smart-business-ukraine.jpg\" alt=\"SMART business Ukraine\" \/><\/p>\n<\/li><!-- --><\/ul>\n<div id=\"g1-divider-1\" class=\"g1-divider g1-divider--none g1-divider--noicon \"><\/div>\n","protected":false},"excerpt":{"rendered":"","protected":false},"author":2,"featured_media":0,"parent":7692,"menu_order":2,"comment_status":"closed","ping_status":"closed","template":"","meta":[],"_links":{"self":[{"href":"https:\/\/smart-it-prod-v3.azurewebsites.net\/pl\/wp-json\/wp\/v2\/pages\/7978"}],"collection":[{"href":"https:\/\/smart-it-prod-v3.azurewebsites.net\/pl\/wp-json\/wp\/v2\/pages"}],"about":[{"href":"https:\/\/smart-it-prod-v3.azurewebsites.net\/pl\/wp-json\/wp\/v2\/types\/page"}],"author":[{"embeddable":true,"href":"https:\/\/smart-it-prod-v3.azurewebsites.net\/pl\/wp-json\/wp\/v2\/users\/2"}],"replies":[{"embeddable":true,"href":"https:\/\/smart-it-prod-v3.azurewebsites.net\/pl\/wp-json\/wp\/v2\/comments?post=7978"}],"version-history":[{"count":0,"href":"https:\/\/smart-it-prod-v3.azurewebsites.net\/pl\/wp-json\/wp\/v2\/pages\/7978\/revisions"}],"up":[{"embeddable":true,"href":"https:\/\/smart-it-prod-v3.azurewebsites.net\/pl\/wp-json\/wp\/v2\/pages\/7692"}],"wp:attachment":[{"href":"https:\/\/smart-it-prod-v3.azurewebsites.net\/pl\/wp-json\/wp\/v2\/media?parent=7978"}],"curies":[{"name":"wp","href":"https:\/\/api.w.org\/{rel}","templated":true}]}}