{"id":7974,"date":"2016-10-03T20:28:52","date_gmt":"2016-10-03T17:28:52","guid":{"rendered":"http:\/\/smart-it-prod.azurewebsites.net\/pl\/?page_id=7974"},"modified":"2021-06-16T11:23:31","modified_gmt":"2021-06-16T08:23:31","slug":"simcorp","status":"publish","type":"page","link":"https:\/\/smart-it-prod-v3.azurewebsites.net\/pl\/klienci\/sucess-stories\/simcorp\/","title":{"rendered":"SimCorp"},"content":{"rendered":"<div class=\"stories\">\n<ul class=\"g1-grid\"><li class=\"g1-column g1-one-half g1-valign-middle\">\n<h2>Wdro\u017cenie Microsoft Dynamics NAV w firmie SimCorp<\/h2>\n<\/li><!-- -->\n<li class=\"g1-column g1-one-half g1-valign-middle\">\n<div align=\"center\"><img src=\"\/wp-content\/uploads\/2014\/07\/simcorp-st1.jpg\" alt=\"SimCorp\" \/><\/div>\n<\/li><!-- --><\/ul>\n<div id=\"g1-divider-1\" class=\"g1-divider g1-divider--none g1-divider--noicon \"><\/div>\n<ul class=\"g1-grid\"><li class=\"g1-column g1-two-third g1-valign-top\">\n<h3>O firmie<\/h3>\n<p>Du\u0144ska<strong> firma SimCorp<\/strong>\u00a0jest wiod\u0105cym dostawc\u0105 oprogramowania dla du\u017cych korporacji finansowych na ca\u0142ym \u015bwiecie. W swojej 40-letniej historii firma zd\u0105\u017cy\u0142a zaj\u0105\u0107 wiod\u0105ce miejsce w bran\u017cy IT i obecnie klientami SimCorp jest ponad 160 \u015bwiatowych organizacji finansowych.<\/p>\n<p>Firma ma swoje przedstawicielstwa w Europie, Ameryce P\u00f3\u0142nocnej, regionie Azjatyckim oraz regionie oceanu Spokojnego. Liczba pracownik\u00f3w przekracza 1100 os\u00f3b. Sumaryczne przychody SimCorp w 2009 roku licz\u0105 ponad 180 mln. Euro.<\/p>\n<h3>Sytuacja<\/h3>\n<p>Po otwarciu ukrai\u0144skiego biura SimCorp, dzia\u0142alno\u015b\u0107 operacyjna odbywa\u0142a si\u0119 w r\u00f3\u017cnorakich systemach. W trakcie rozwoju firmy na rynku ukrai\u0144skim zaistnia\u0142a potrzeba instalacji systemu, kt\u00f3ry stworzy jedn\u0105 przestrze\u0144 informacyjn\u0105 do prowadzenia dzia\u0142alno\u015bci finansowej z uwzgl\u0119dnieniem specyfiki ustawodawstwa pa\u0144stwa.<\/p>\n<p>Korporacyjnym standardem dla wszystkich biur firmy SimCorp zosta\u0142 wybrany systemu Microsoft Dynamics NAV.<\/p>\n<p>G\u0142\u00f3wnym celem projektu by\u0142o stworzenie jednej informacyjnej przestrzeni do realizacji dzia\u0142alno\u015bci finansowej i operacyjnego tworzenia pe\u0142nych i wiarygodnych sprawozda\u0144.<\/p>\n<h3>Rozwi\u0105zanie<\/h3>\n<p>Partnerem zosta\u0142a wybrana firma SMART business, maj\u0105c\u0105 du\u017ce do\u015bwiadczenie w sprawach automatyzacji przy u\u017cyciu platformy Microsoft Dynamics, co potwierdza si\u0119 certyfikatami Microsoft Gold Certified Partner, Partner roku Microsoft 2008 \u2013 2009 na Ukrainie (Microsoft Dynamics ERP).<\/p>\n<figure id=\"g1-quote-1\" class=\"g1-quote g1-quote--solid g1-quote--small \" ><div class=\"g1-inner\">\n<p>\u00abWyb\u00f3r na korzy\u015b\u0107 firmy SMART business wyja\u015bnia si\u0119 du\u017cym do\u015bwiadczeniem firmy we wdro\u017ceniu ukrai\u0144skiej lokalizacji produkt\u00f3w Microsoft Dynamics oraz wysok\u0105 kwalifikacj\u0105 pracownik\u00f3w\u00bb.<\/p>\n<\/div><figcaption class=\"g1-meta\"><img src=\"\/wp-content\/uploads\/2013\/06\/quote_author_image_1_v01.jpg\" width=\"40\" height=\"40\" alt=\"Author&#039;s image\"\/><strong>Alex Matyukhin<\/strong><span>Dyrektor finansowy ukrai\u0144skiego biura firmy SimCorp<\/span><\/figcaption><\/figure>\n<p>Rozwi\u0105zania\u00a0<strong>SMART<\/strong> <strong>accounting<\/strong><strong> i <\/strong><strong>Smart<\/strong> <strong>Payroll<\/strong>\u00a0na platformie Microsoft Dynamics NAV zosta\u0142y wybrane, jako najbardziej odpowiadaj\u0105ce wymaganiom firmy.<\/p>\n<p><strong>SMART<\/strong> <strong>accounting<\/strong>\u00a0jest systemem, kt\u00f3ry zapewnia uwzgl\u0119nianie um\u00f3w, \u015brodk\u00f3w pieni\u0119\u017cnych i trwa\u0142ych, oblicze\u0144, aktyw\u00f3w niematerialnych, zapas\u00f3w, prowadzenia sprawozda\u0144 rachunkowych i ksi\u0119gowo\u015bci podatkowej, tworzenia sprawozda\u0144.<\/p>\n<p><strong>Smart<\/strong> <strong>Payroll<\/strong>\u00a0jest systemem zapewniaj\u0105cym automatyzacj\u0119 kadr, rejestracji czasu, p\u0142ac, zarz\u0105dzania doborem i rozwojem personelu.<\/p>\n<figure id=\"g1-quote-2\" class=\"g1-quote g1-quote--solid g1-quote--small \" ><div class=\"g1-inner\">\n<p>\u00abZaproponowane rozwi\u0105zania s\u0105 pot\u0119\u017cnym i elastycznym instrumentem do przygotowania skonsolidowanych sprawozda\u0144 finansowych, kt\u00f3re spe\u0142niaj\u0105 wymagania ukrai\u0144skiego ustawodawstwa. Jego wykorzystanie, dzi\u0119ki automatyzacji najwa\u017cniejszych proces\u00f3w biznesowych, w istotnym stopniu zmniejsza koszty pracy\u00bb.<\/p>\n<\/div><figcaption class=\"g1-meta\"><img src=\"\/wp-content\/uploads\/2014\/07\/krudnev.jpg\" width=\"40\" height=\"40\" alt=\"Author&#039;s image\"\/><strong>Kirill Rudnev<\/strong><span>Sales Director, SMART business<\/span><\/figcaption><\/figure>\n<h3>Efekty<\/h3>\n<p>Dzi\u0119ki wdro\u017conemu rozwi\u0105zaniu pojawi\u0142a si\u0119 mo\u017cliwo\u015b\u0107 analizy silnych i s\u0142abych stron przedsi\u0119biorstwa na bazie otrzymanej szybkiej, kompletnej i wiarygodnej informacji o stanie finansowym firmy. Automatyzacja oblicze\u0144 p\u0142ac pozwoli\u0142a na otrzymanie bardziej szczeg\u00f3\u0142owej informacji na temat wyp\u0142at i potr\u0105ce\u0144, a tak\u017ce na formowanie r\u00f3\u017cnych sprawozda\u0144 wed\u0142ug r\u00f3\u017cnych potrzebnych kryteri\u00f3w. Optymalizacja codziennych procedur przechowywania i obrotu dokumentacji dotycz\u0105cej zarz\u0105dzania personelem, pozwoli\u0142a skupi\u0107 si\u0119 na bardziej istotnych zadaniach, jak na przyk\u0142ad rozw\u00f3j pracownik\u00f3w zgodnie z celami biznesowymi firmy.<\/p>\n<figure id=\"g1-quote-3\" class=\"g1-quote g1-quote--solid g1-quote--small \" ><div class=\"g1-inner\">\n<p>\u00abTen projekt by\u0142 wa\u017cny zar\u00f3wno dla naszego biura, jak i dla siedziby g\u0142\u00f3wnej. Terminy przygotowa\u0144 sprawozda\u0144 finansowych zosta\u0142y znacznie skr\u00f3cone. Kadra zarz\u0105dzaj\u0105ce siedziby g\u0142\u00f3wnej otrzyma\u0142a mo\u017cliwo\u015b\u0107 analizy naszych wynik\u00f3w, gdy\u017c informacja pokazywana jest w systemie w trybie czasu rzeczywistego\u00bb.<\/p>\n<\/div><figcaption class=\"g1-meta\"><img src=\"\/wp-content\/uploads\/2013\/06\/quote_author_image_1_v01.jpg\" width=\"40\" height=\"40\" alt=\"Author&#039;s image\"\/><strong>Alex Matyukhin<\/strong><span>Financial director, Ukrainian subsidiary of SimCorp<\/span><\/figcaption><\/figure>\n<h3>Informacje dodatkowe<\/h3>\n<p>Du\u0144ska<strong> firma SimCorp<\/strong>\u00a0jest wiod\u0105cym dostawc\u0105 oprogramowania dla du\u017cych korporacji finansowych. Przedsi\u0119biorstwo specjalizuje si\u0119 w opracowywaniu kompleksowego systemu zarz\u0105dzania inwestycyjnego SimCorp Dimension.<\/p>\n<p>Dowiedz si\u0119 wi\u0119cej o produktach i us\u0142ugach firmy SimCorp na stronie firmy <a href=\"http:\/\/www.simcorp.com\/\">www.simcorp.com<\/a>.<\/p>\n<p><strong>SMART business\u00a0<\/strong>jest dynamicznie rozwijaj\u0105c\u0105 si\u0119 firm\u0105 doradcz\u0105, kt\u00f3ra dostarcza nowoczesne rozwi\u0105zania do efektywnego zarz\u0105dzania przedsi\u0119biorstwem, us\u0142ugi w zakresie wdra\u017cania i rozwoju system\u00f3w biznesowych przez firm\u0119 Microsoft na platformie Microsoft Dynamics dla przedsi\u0119biorstw z r\u00f3\u017cnych sfer i rodzaj\u00f3w w\u0142asno\u015bci.<\/p>\n<p>Dowiedz si\u0119 wi\u0119cej i produktach i us\u0142ugach firmy SMART business dzwoni\u0105c na numer <strong>+380 44 585 3550<\/strong> b\u0105d\u017a odwiedzaj\u0105c stron\u0119\u00a0 <a href=\"https:\/\/smart-it.com\/\">smart-it-prod.azurewebsites.net<\/a>.<\/p>\n<\/li><!-- -->\n<li class=\"g1-column g1-one-third g1-valign-top\">\n<div id=\"g1-box-counter-1\" class=\"g1-box g1-box--simple  g1-box--noicon\" ><div class=\"g1-box__inner\">\n<h4>Dowiedz si\u0119 wi\u0119cej o<\/h4>\n\n<ul id=\"g1-list-1\" class=\"g1-list--icon g1-list--simple \">\n<li><i class=\"icon-circle-arrow-right g1-list__icon\"><\/i><a href=\"https:\/\/smart-it.com\/pl\/industries\/horizontal\/\">Rozwi\u0105zania horyzontalne<\/a><\/li>\n<li><i class=\"icon-circle-arrow-right g1-list__icon\"><\/i><a href=\"https:\/\/smart-it.com\/pl\/produkty\/rozwiazania-erp\/\">Microsoft Dynamics NAV<\/a><\/li>\n<\/ul>\n\n<\/div><\/div>\n<span id=\"g1-space-1\" class=\"g1-space \" style=\"height:25px;\"><\/span>\n<div id=\"g1-box-counter-2\" class=\"g1-box g1-box--simple  g1-box--icon\" ><i class=\"icon-list-alt g1-box__icon\"><\/i><div class=\"g1-box__inner\">\n<h4 style=\"text-align: center;\">Skontaktuj si\u0119 z nami aby uzyska\u0107 wi\u0119cej informacji<\/h4>\n<div align=\"center\"><a id=\"g1-button-1\" class=\"g1-button g1-button--medium g1-button--solid g1-button--standard \" href=\"\/company\/feedback\/message\/\" ><i class=\"icon-pencil\"><\/i>Zapytaj<\/a><\/div>\n<\/div><\/div>\n<div id=\"g1-box-counter-3\" class=\"g1-box g1-box--simple  g1-box--noicon\" ><div class=\"g1-box__inner\">\n<h4 style=\"text-align: center;\">Pobierz case study<\/h4>\n<div align=\"center\"><style type=\"text\/css\" scoped=\"scoped\">#g1-button-2.g1-button {background-color: #5078b4; border-color: #5078b4;}<\/style><a id=\"g1-button-2\" class=\"g1-button g1-button--medium g1-button--solid g1-button--standard \" href=\"#\" ><i class=\"icon-pencil\"><\/i>Pobierz\u00a0PDF<\/a><\/div>\n<\/div><\/div>\n<\/li><!-- --><\/ul>\n<div id=\"g1-divider-2\" class=\"g1-divider g1-divider--none g1-divider--icon \"><span><i class=\"icon-thumbs-up\"><\/i><\/span><\/div>\n<\/div>\n","protected":false},"excerpt":{"rendered":"","protected":false},"author":2,"featured_media":0,"parent":7900,"menu_order":0,"comment_status":"closed","ping_status":"closed","template":"","meta":[],"_links":{"self":[{"href":"https:\/\/smart-it-prod-v3.azurewebsites.net\/pl\/wp-json\/wp\/v2\/pages\/7974"}],"collection":[{"href":"https:\/\/smart-it-prod-v3.azurewebsites.net\/pl\/wp-json\/wp\/v2\/pages"}],"about":[{"href":"https:\/\/smart-it-prod-v3.azurewebsites.net\/pl\/wp-json\/wp\/v2\/types\/page"}],"author":[{"embeddable":true,"href":"https:\/\/smart-it-prod-v3.azurewebsites.net\/pl\/wp-json\/wp\/v2\/users\/2"}],"replies":[{"embeddable":true,"href":"https:\/\/smart-it-prod-v3.azurewebsites.net\/pl\/wp-json\/wp\/v2\/comments?post=7974"}],"version-history":[{"count":1,"href":"https:\/\/smart-it-prod-v3.azurewebsites.net\/pl\/wp-json\/wp\/v2\/pages\/7974\/revisions"}],"predecessor-version":[{"id":34219,"href":"https:\/\/smart-it-prod-v3.azurewebsites.net\/pl\/wp-json\/wp\/v2\/pages\/7974\/revisions\/34219"}],"up":[{"embeddable":true,"href":"https:\/\/smart-it-prod-v3.azurewebsites.net\/pl\/wp-json\/wp\/v2\/pages\/7900"}],"wp:attachment":[{"href":"https:\/\/smart-it-prod-v3.azurewebsites.net\/pl\/wp-json\/wp\/v2\/media?parent=7974"}],"curies":[{"name":"wp","href":"https:\/\/api.w.org\/{rel}","templated":true}]}}