{"id":7971,"date":"2016-10-03T20:02:50","date_gmt":"2016-10-03T17:02:50","guid":{"rendered":"http:\/\/smart-it-prod.azurewebsites.net\/pl\/?page_id=7971"},"modified":"2021-06-16T11:24:20","modified_gmt":"2021-06-16T08:24:20","slug":"rijk-zwaan-ukraine","status":"publish","type":"page","link":"https:\/\/smart-it-prod-v3.azurewebsites.net\/pl\/klienci\/sucess-stories\/rijk-zwaan-ukraine\/","title":{"rendered":"Rijk Zwaan Ukraine"},"content":{"rendered":"<div class=\"stories\">\n<ul class=\"g1-grid\"><li class=\"g1-column g1-one-half g1-valign-middle\">\n<h2>Wdro\u017cenie Microsoft Dynamics NAV w firmie Rijk Zwaan<\/h2>\n<\/li><!-- -->\n<li class=\"g1-column g1-one-half g1-valign-middle\">\n<div align=\"center\"><img src=\"\/wp-content\/uploads\/2014\/07\/rijk-zwaan-s2.jpg\" alt=\"Rijk Zwaan\"><\/div>\n<\/li><!-- --><\/ul>\n<div id=\"g1-divider-1\" class=\"g1-divider g1-divider--none g1-divider--noicon \"><\/div>\n<ul class=\"g1-grid\"><li class=\"g1-column g1-two-third g1-valign-top\">\n<h3>O firmie<\/h3>\n<p><strong>Rijk Zwaan<\/strong>&nbsp;jest firm\u0105 mi\u0119dzynarodow\u0105, kt\u00f3ra zajmuje si\u0119 uprawami hodowlanymi i nasiennymi, a tak\u017ce dostaw\u0105 wysokiej jako\u015bci nasion warzyw dla profesjonalnej uprawy w zamkni\u0119tych (szklarnie, cieplarnie) i otwartych miejscach. Siedziba g\u0142\u00f3wna firmy jest w Holandii.<\/p>\n<p>Rijk Zwaan dzia\u0142a od ponad 80 lat, jest w pierwszej pi\u0105tce najlepszych na \u015bwiecie firm hodowlanych i reprezentowana jest praktycznie we wszystkich krajach.<\/p>\n<h3>Sytuacja<\/h3>\n<p>We wszystkich biurach Rijk Zwaan standardy korporacyjny pozwalaj\u0105 na wykorzystanie rozwi\u0105zania ABS (Agro Business Solution), w kt\u00f3rym ksi\u0119gowany jest przep\u0142yw towarowy.<\/p>\n<p>W ukrai\u0144skim oddziale Rijk Zwaan, opr\u00f3cz ABS, wykorzystywany by\u0142 system 1C do prowadzenia rachunkowo\u015bci, podatkowej i raportowania regulaminowe. Warto zaznaczy\u0107, i\u017c system nie spe\u0142nia\u0142 wymaga\u0144 firmy, gdy\u017c nie obejmowa\u0142 cz\u0119\u015bci proces\u00f3w biznesowych \u2013 wszystkie sprawozdania firmy trzeba by\u0142o przygotowywa\u0107 w Excel, co z kolei by\u0142o bardziej pracoch\u0142onne.<\/p>\n<p>Kierownictwo firmy Rijk Zwaan pod\u0119\u0142o decyzj\u0119, dotycz\u0105c\u0105 poszukiwania nowego sytemu ERP, dzi\u0119ki kt\u00f3rej mo\u017cna by by\u0142o zoptymalizowa\u0107 wymienione wcze\u015bniej procesy. G\u0142\u00f3wnymi zadaniami projektu by\u0142y: wdro\u017cenie lokalizacji dla prowadzenia rachunkowo\u015bci i ksi\u0119gowo\u015bci podatkowej zgodnie z ukrai\u0144skimi standardami, optymalizacja przep\u0142yw\u00f3w finansowych i zmiana interfejsu.<\/p>\n<h3>Rozwi\u0105zanie<\/h3>\n<p>Strategia korporacyjna firmy Rijk Zwaan razem z systemem ABS oferuje Microsoft Dynamics NAV, jako \u017ce jest to jedyny standard dla wszystkich biur firmy.<\/p>\n<p>Oficjalnym partnerem lokalizacji systemu dla Ukrainy by\u0142a ukrai\u0144ska firma doradcza SMART business, specjali\u015bci kt\u00f3rej maj\u0105 du\u017ce do\u015bwiadczenie w podobnych zadaniach.<\/p>\n<p>Projekt sk\u0142ada\u0142 si\u0119 z 2 etap\u00f3w: oznajmienie z praca w systemie, a tak\u017ce wczesne wykonania za\u0142o\u017conych cel\u00f3w.<\/p>\n<h3>Efekty<\/h3>\n<p>W styczniu 2010r. ukrai\u0144skie biuro firmy Rijk Zwaan wdro\u017cy\u0142 system Microsoft Dynamics NAV.W ramach projektu zautomatyzowany zosta\u0142 system rachunkowo\u015bci finansowej, uwzgl\u0119dnienie \u015brodk\u00f3w pieni\u0119\u017cnych, rozliczenie z dostawcami, VAT-, a tak\u017ce usprawnione zosta\u0142o importowanie dokument\u00f3w z systemu ABS do Microsoft Dynamics NAV.<\/p>\n<figure id=\"g1-quote-1\" class=\"g1-quote g1-quote--solid g1-quote--small \" ><div class=\"g1-inner\">\n<p>\u00abWdro\u017ceniem systemu nie jest tylko instalacja aplikacji, ale tak\u017ce zmiana proces\u00f3w biznesowych i nawet proces zrozumienia tych system\u00f3w przez u\u017cytkownik\u00f3w. Rozw\u00f3j biznesu zale\u017cy od efektywno\u015bci na ka\u017cdym, poszczeg\u00f3lnym etapie. Wdro\u017cenie Microsoft Dynamics NAV doskonali procesy biznesowe i zwi\u0119ksza efektywno\u015b\u0107 zarz\u0105dzania przedsi\u0119biorstwem\u00bb.<\/p>\n<\/div><figcaption class=\"g1-meta\"><img src=\"\/wp-content\/uploads\/2014\/07\/krudnev.jpg\" width=\"40\" height=\"40\" alt=\"Author&#039;s image\"\/><strong>Kirill Rudnev<\/strong><span>Sales Director, SMART business<\/span><\/figcaption><\/figure>\n<p>Ukrai\u0144skie biuro firmy Rijk Zwaan jest dwunastym w strukturze biur mi\u0119dzynarodowych, kt\u00f3ry u\u017cywa system ERP Microsoft Dynamics NAV.<\/p>\n<figure id=\"g1-quote-2\" class=\"g1-quote g1-quote--solid g1-quote--small \" ><div class=\"g1-inner\">\n<p>\u00abMicrosoft Dynamics NAV, opr\u00f3cz ukrai\u0144skich standard\u00f3w zarz\u0105dzania rachunkowo\u015bci\u0105 i ksi\u0119gowo\u015bci\u0105 podatkow\u0105, kompletnie odpowiada standardom mi\u0119dzynarodowym, co z kolei jest bardzo istotnym czynnikiem, gdy\u017c nasza firma ma swoje przedstawicielstwa prawie w ka\u017cdym kraju. W planach d\u0142ugoterminowych firmy przewidziana jest automatyzacja systemu sporz\u0105dzenia sprawozda\u0144 podatkowych i regulaminowych\u00bb.<\/p>\n<\/div><figcaption class=\"g1-meta\"><img src=\"\/wp-content\/uploads\/2013\/06\/quote_author_image_1_v01.jpg\" width=\"40\" height=\"40\" alt=\"Author&#039;s image\"\/><strong>Antonina Solodovnik<\/strong><span>G\u0142\u00f3wna ksi\u0119gowa, Rijk Zwaan Ukraine<\/span><\/figcaption><\/figure>\n<h3>Informacje dodatkowe<\/h3>\n<p><strong>Rijk<\/strong> <strong>Zwaan<\/strong>&nbsp;jest firm\u0105 mi\u0119dzynarodow\u0105, zajmuj\u0105c\u0105 si\u0119 uprawami hodowlanymi i nasiennymi, a tak\u017ce dostarczaniem wysokiej jako\u015bci nasion warzyw do uprawy zawodowej.<\/p>\n<p>Dowiedz si\u0119 wi\u0119cej o produktach i us\u0142ugach firmy Rijk Zwaan na stronie: <a href=\"https:\/\/www.rijkzwaan.com\/\">www.rijkzwaan.com<\/a>.<\/p>\n<p><strong>SMART business&nbsp;<\/strong>jest dynamicznie rozwijaj\u0105c\u0105 si\u0119 firm\u0105 doradcz\u0105, kt\u00f3ra dostarcza nowoczesne rozwi\u0105zania do efektywnego zarz\u0105dzania przedsi\u0119biorstwem, us\u0142ugi w zakresie wdra\u017cania i rozwoju system\u00f3w biznesowych przez firm\u0119 Microsoft na platformie Microsoft Dynamics dla przedsi\u0119biorstw z r\u00f3\u017cnych sfer i rodzaj\u00f3w w\u0142asno\u015bci.<\/p>\n<p>Dowiedz si\u0119 wi\u0119cej i produktach i us\u0142ugach firmy SMART business dzwoni\u0105c na numer <strong>+380 44 585 3550<\/strong> b\u0105d\u017a na odwiedzaj\u0105c stron\u0119&nbsp;<a href=\"https:\/\/smart-it.com\/\">smart-it-prod.azurewebsites.net<\/a>.<\/p>\n<\/li><!-- -->\n<li class=\"g1-column g1-one-third g1-valign-top\">\n<div id=\"g1-box-counter-1\" class=\"g1-box g1-box--simple  g1-box--noicon\" ><div class=\"g1-box__inner\">\n<h4>Dowiedz si\u0119 wi\u0119cej o<\/h4>\n\n<ul id=\"g1-list-1\" class=\"g1-list--icon g1-list--simple \">\n<li><i class=\"icon-circle-arrow-right g1-list__icon\"><\/i><a href=\"https:\/\/smart-it.com\/pl\/industries\/food\/\">Rozwi\u0105zania dla rolno-spo\u017cywczego<\/a><\/li>\n<li><i class=\"icon-circle-arrow-right g1-list__icon\"><\/i><a href=\"https:\/\/smart-it.com\/pl\/produkty\/rozwiazania-erp\/\">Microsoft Dynamics NAV<\/a><\/li>\n<\/ul>\n\n<\/div><\/div>\n<span id=\"g1-space-1\" class=\"g1-space \" style=\"height:25px;\"><\/span>\n<div id=\"g1-box-counter-2\" class=\"g1-box g1-box--simple  g1-box--icon\" ><i class=\"icon-list-alt g1-box__icon\"><\/i><div class=\"g1-box__inner\">\n<h4 style=\"text-align: center;\">Skontaktuj si\u0119 z nami aby uzyska\u0107 wi\u0119cej informacji<\/h4>\n<div align=\"center\"><a id=\"g1-button-1\" class=\"g1-button g1-button--medium g1-button--solid g1-button--standard \" href=\"\/company\/feedback\/message\/\" ><i class=\"icon-pencil\"><\/i>Zapytaj<\/a><\/div>\n<\/div><\/div>\n<div id=\"g1-box-counter-3\" class=\"g1-box g1-box--simple  g1-box--noicon\" ><div class=\"g1-box__inner\">\n<h4 style=\"text-align: center;\">Pobierz case study<\/h4>\n<div align=\"center\"><style type=\"text\/css\" scoped=\"scoped\">#g1-button-2.g1-button {background-color: #5078b4; border-color: #5078b4;}<\/style><a id=\"g1-button-2\" class=\"g1-button g1-button--medium g1-button--solid g1-button--standard \" href=\"#\" ><i class=\"icon-pencil\"><\/i>Pobierz PDF<\/a><\/div>\n<\/div><\/div>\n<\/li><!-- --><\/ul>\n<div id=\"g1-divider-2\" class=\"g1-divider g1-divider--none g1-divider--icon \"><span><i class=\"icon-thumbs-up\"><\/i><\/span><\/div><\/div>\n","protected":false},"excerpt":{"rendered":"","protected":false},"author":2,"featured_media":0,"parent":7900,"menu_order":0,"comment_status":"closed","ping_status":"closed","template":"","meta":[],"_links":{"self":[{"href":"https:\/\/smart-it-prod-v3.azurewebsites.net\/pl\/wp-json\/wp\/v2\/pages\/7971"}],"collection":[{"href":"https:\/\/smart-it-prod-v3.azurewebsites.net\/pl\/wp-json\/wp\/v2\/pages"}],"about":[{"href":"https:\/\/smart-it-prod-v3.azurewebsites.net\/pl\/wp-json\/wp\/v2\/types\/page"}],"author":[{"embeddable":true,"href":"https:\/\/smart-it-prod-v3.azurewebsites.net\/pl\/wp-json\/wp\/v2\/users\/2"}],"replies":[{"embeddable":true,"href":"https:\/\/smart-it-prod-v3.azurewebsites.net\/pl\/wp-json\/wp\/v2\/comments?post=7971"}],"version-history":[{"count":1,"href":"https:\/\/smart-it-prod-v3.azurewebsites.net\/pl\/wp-json\/wp\/v2\/pages\/7971\/revisions"}],"predecessor-version":[{"id":34221,"href":"https:\/\/smart-it-prod-v3.azurewebsites.net\/pl\/wp-json\/wp\/v2\/pages\/7971\/revisions\/34221"}],"up":[{"embeddable":true,"href":"https:\/\/smart-it-prod-v3.azurewebsites.net\/pl\/wp-json\/wp\/v2\/pages\/7900"}],"wp:attachment":[{"href":"https:\/\/smart-it-prod-v3.azurewebsites.net\/pl\/wp-json\/wp\/v2\/media?parent=7971"}],"curies":[{"name":"wp","href":"https:\/\/api.w.org\/{rel}","templated":true}]}}