{"id":7968,"date":"2016-10-03T19:52:24","date_gmt":"2016-10-03T16:52:24","guid":{"rendered":"http:\/\/smart-it-prod.azurewebsites.net\/pl\/?page_id=7968"},"modified":"2021-06-16T11:25:23","modified_gmt":"2021-06-16T08:25:23","slug":"rhenus-logistics","status":"publish","type":"page","link":"https:\/\/smart-it-prod-v3.azurewebsites.net\/pl\/klienci\/sucess-stories\/rhenus-logistics\/","title":{"rendered":"Rhenus Logistics"},"content":{"rendered":"<div class=\"stories\">\n<ul class=\"g1-grid\"><li class=\"g1-column g1-one-half g1-valign-middle\">\n<h2>Wdra\u017canie Microsoft Dynamics NAVw firmie Rhenus Logistics<\/h2>\n<\/li><!-- -->\n<li class=\"g1-column g1-one-half g1-valign-middle\">\n<div align=\"center\"><img src=\"\/wp-content\/uploads\/2014\/07\/rhenus-logistics-st1.png\" alt=\"Rhenus Logistics\" \/><\/div>\n<\/li><!-- --><\/ul>\n<div id=\"g1-divider-1\" class=\"g1-divider g1-divider--none g1-divider--noicon \"><\/div>\n<ul class=\"g1-grid\"><li class=\"g1-column g1-two-third g1-valign-top\">\n<h3>O firmie<\/h3>\n<p><strong>Grupa firm Rhenus Logistics<\/strong>\u00a0jest najlepszym europejskim operatorem logistycznym, oferuj\u0105cym ca\u0142y wachlarz us\u0142ug logistycznych, spedycj\u0119 mi\u0119dzynarodow\u0105 ka\u017cdego z rodzaj\u00f3w transportu, magazynowanie, dystrybucj\u0119 \u0142adunk\u00f3w, a tak\u017ce planowanie i koordynowanie ca\u0142ego \u0142a\u0144cuchu dostaw. Grupa firm Rhenus Logistics posiada ponad 290 biur, rozmieszczonych w ro\u017cnych centrach industrialnych \u015bwiata.<\/p>\n<p>Rhenus Reviva (operator 3PL) jest cz\u0119\u015bci\u0105 firmy Rhenus Logistics. Przedstawicielstwo firmy znajduje si\u0119 w mie\u015bcie Obuchiw i funkcjonuje od 15 lat. W chwili obecnej. Powierzchnia magazynowa Rhenus Reviva wynosi 40 000 metr\u00f3w kwadratowych. Na Ukrainie firma oferuje swoim klientom obs\u0142ug\u0119 kompleksow\u0105: od importu z kraj\u00f3w UE przy u\u017cyciu ci\u0119\u017car\u00f3wek, przewoz\u00f3w kolejowych, powietrznych i morskich, pomocy w odprawie celnej, do oferowania us\u0142ug magazynowych, przej\u0119cia \u0142adunk\u00f3w i dostarczenia odbiorcom ko\u0144cowym. Tak\u017ce, firma posiada magazyn celny, w kt\u00f3rym to jest mo\u017cliwo\u015b\u0107 przechowywania towar\u00f3w a\u017c do trzech lat be\u017c potrzeby odprawy celnej.<\/p>\n<h3>Sytuacja<\/h3>\n<p>W firmie zosta\u0142o wdro\u017cone rozwi\u0105zanie\u00a0<strong>WMS<\/strong>\u00a0(Warehouse Management System) system, kt\u00f3ry gwarantuje automatyzacj\u0119 zarz\u0105dzania procesami magazynowymi na platformie Microsoft Dynamics NAV. Dzi\u0119ki temu zosta\u0142 zrealizowany ca\u0142y cykl zarz\u0105dzania przep\u0142ywem towar\u00f3w na magazynach firmy z uwzgl\u0119dnieniem specyfiki operatora 3PL (konsolidacja \u0142adunk\u00f3w, przemieszczanie palet, procesy pakowania i przepakowania, zoptymalizowanie wykorzystania rega\u0142\u00f3w itd.).\u00a0Firma ci\u0105gle si\u0119 rozwija oferuj\u0105c, co raz nowsze rozwi\u0105zania logistyczne. Cz\u0119sto wprowadzenie narz\u0119dzi programowych wi\u0105\u017ce si\u0119 z ograniczon\u0105 ilo\u015bci\u0105 czasu, co w warunkach niedu\u017cego dzia\u0142u IT poch\u0142ania wi\u0119cej czasu.<\/p>\n<p>Dlatego pojawi\u0142a si\u0119 potrzeba wsparcia okresowego i wdro\u017cenia oddzielnych rozwi\u0105za\u0144 na bazie Microsoft Dynamics NAV.<\/p>\n<h3>Rozwi\u0105zanie<\/h3>\n<p>Po zako\u0144czeniu wdro\u017cenia systemu WMS firma partnerska SMART business zaoferowa\u0142a kontynuowanie rozwoju systemu dzi\u0119ki automatyzacji zarz\u0105dzania transportem, pod\u0142\u0105czeniem narz\u0119dzi mobilnych, uruchomieniem planowania dzia\u0142alno\u015bci przedsi\u0119biorstwa i modu\u0142em rachunkowo\u015bci finansowej.<\/p>\n<p>Pierwszym etapem opisanego wcze\u015bniej rozwoju zosta\u0142a zako\u0144czona organizacja przyj\u0119cia i kontroli wysy\u0142ki towar\u00f3w za pomoc\u0105 terminal\u00f3w Hand-held (terminal mobilny, dzia\u0142aj\u0105cy pod systemem Windows CE, zaopatrzony wyposa\u017cony w skaner kod\u00f3w kreskowych i modu\u0142 komunikacji bezprzewodowej).<\/p>\n<figure id=\"g1-quote-1\" class=\"g1-quote g1-quote--solid g1-quote--small \" ><div class=\"g1-inner\">\n<p>\u00abG\u0142\u00f3wnym zadaniem SMART business by\u0142o oferowanie najbardziej elastycznego, dostosowanego rozwi\u0105zania do automatyzacji pracy personelu magazynu. Takim instrumentem by\u0142o rozwi\u0105zanie eSMART dla Microsoft Dynamics NAV\u00bb.<\/p>\n<\/div><figcaption class=\"g1-meta\"><img src=\"\/wp-content\/uploads\/2014\/07\/krudnev.jpg\" width=\"40\" height=\"40\" alt=\"Author&#039;s image\"\/><strong>Kirill Rudnev<\/strong><span>Sales Director, SMART business<\/span><\/figcaption><\/figure>\n<p><strong>eSMART<\/strong> jest rozwi\u0105zaniem, dzi\u0119ki kt\u00f3remu mo\u017cna zbudowa\u0107 portale B2B b\u0105d\u017a B2C, zaprojektowanych dzi\u0119ki integracji Microsoft Dynamics i web-technologii (praca z systemem przez Internet).<\/p>\n<p>U\u017cytkownik dzi\u0119ki przegl\u0105darce Internet Explorer, na specjalnej karcie (przy wykorzystaniu tylko z kod\u00f3w kreskowych dokument\u00f3w i towar\u00f3w oraz s\u0142u\u017cbowe kody kreskowe) wybiera dokument por\u00f3wnuje produkty, wprowadza ilo\u015bci itd.).<br \/>\nIstota procesu jest taka, \u017ceby wyeliminowa\u0107 mo\u017cliwo\u015b\u0107 wyst\u0105pienia typowych dla magazynu b\u0142\u0119d\u00f3w (niepe\u0142na kompletacja, ponowne ocenianie, nieuprawniony odbi\u00f3r nadmiaru lub niedoboru).<\/p>\n<h3>Efekty<\/h3>\n<figure id=\"g1-quote-2\" class=\"g1-quote g1-quote--solid g1-quote--medium \" ><div class=\"g1-inner\">\n<p>\u00abDane rozwi\u0105zanie pozwoli\u0142o na zwi\u0119kszenie szybko\u015bci pokonania etap\u00f3w odbioru i wysy\u0142ki w dwa razy i ograniczy\u0107 liczb\u0119 pope\u0142nianych b\u0142\u0119d\u00f3w w trakcie wysy\u0142ki do zera. To z kolei spowodowa\u0142o, \u017ce straty zosta\u0142y zmniejszone, a reputacja firm Rhenus Revival w\u015br\u00f3d klient\u00f3w wzros\u0142a\u00bb.<\/p>\n<\/div><figcaption class=\"g1-meta\"><img src=\"\/wp-content\/uploads\/2014\/05\/onoyko.jpg\" width=\"40\" height=\"40\" alt=\"Author&#039;s image\"\/><strong>Bogdan Onoyko<\/strong><span>Dyrektor do spraw IT, Rhenus Revival Ukraine<\/span><\/figcaption><\/figure>\n<h3>Informacje dodatkowe<\/h3>\n<p><strong>Grupa firm Rhenus Logistics<\/strong>\u00a0jest najlepszym europejskim operatorem logistycznym, oferuj\u0105cym ca\u0142y wachlarz us\u0142ug logistycznych, spedycj\u0119 mi\u0119dzynarodowe ka\u017cdego z rodzaj\u00f3w transportu, magazynowanie, dystrybucj\u0119 \u0142adunk\u00f3w, a tak\u017ce planowanie i koordynowanie ca\u0142ego \u0142a\u0144cuchu dostaw.\u00a0Dowiedz si\u0119 wi\u0119cej o us\u0142ugach formy Rhenus Revival na stronie : <a href=\"http:\/\/www.pl.rhenus.com\/\">www.pl.rhenus.com<\/a>.<\/p>\n<p><strong>SMART business<\/strong>\u00a0jest dynamicznie rozwijaj\u0105c\u0105 si\u0119 firm\u0105 doradcz\u0105, kt\u00f3ra dostarcza nowoczesne rozwi\u0105zania do efektywnego zarz\u0105dzania przedsi\u0119biorstwem, us\u0142ugi w zakresie wdra\u017cania i rozwoju system\u00f3w biznesowych przez firm\u0119 Microsoft na platformie Microsoft Dynamics dla przedsi\u0119biorstw z r\u00f3\u017cnych sfer i rodzaj\u00f3w w\u0142asno\u015bci<\/p>\n<p>Dowiedz si\u0119 wi\u0119cej o produktach i us\u0142ugach firmy SMART dzwoni\u0105c na numer:\u00a0<strong>+380 44 585 3550<\/strong>\u00a0b\u0105d\u017a na stronie\u00a0 <a href=\"https:\/\/smart-it.com\/\">smart-it-prod.azurewebsites.net<\/a>.<br \/>\n<\/li><!-- -->\n<li class=\"g1-column g1-one-third g1-valign-top\">\n<div id=\"g1-box-counter-1\" class=\"g1-box g1-box--simple  g1-box--noicon\" ><div class=\"g1-box__inner\">\n<h4>Dowiedz si\u0119 wi\u0119cej o<\/h4>\n\n<ul id=\"g1-list-1\" class=\"g1-list--icon g1-list--simple \">\n<li><i class=\"icon-circle-arrow-right g1-list__icon\"><\/i><a href=\"https:\/\/smart-it.com\/pl\/industries\/distribution\/\">Rozwi\u0105zania dla dystrybucji<\/a><\/li>\n<li><i class=\"icon-circle-arrow-right g1-list__icon\"><\/i><a href=\"https:\/\/smart-it.com\/pl\/produkty\/rozwiazania-erp\/\">Microsoft Dynamics NAV<\/a><\/li>\n<\/ul>\n\n<\/div><\/div>\n<span id=\"g1-space-1\" class=\"g1-space \" style=\"height:25px;\"><\/span>\n<div id=\"g1-box-counter-2\" class=\"g1-box g1-box--simple  g1-box--icon\" ><i class=\"icon-list-alt g1-box__icon\"><\/i><div class=\"g1-box__inner\">\n<h4 style=\"text-align: center;\">Skontaktuj si\u0119 z nami aby uzyska\u0107 wi\u0119cej informacji<\/h4>\n<div align=\"center\"><a id=\"g1-button-1\" class=\"g1-button g1-button--medium g1-button--solid g1-button--standard \" href=\"\/company\/feedback\/message\/\" ><i class=\"icon-pencil\"><\/i>Zapytaj<\/a><\/div>\n<\/div><\/div>\n<div id=\"g1-box-counter-3\" class=\"g1-box g1-box--simple  g1-box--noicon\" ><div class=\"g1-box__inner\">\n<h4 style=\"text-align: center;\">Pobierz case study<\/h4>\n<div align=\"center\"><style type=\"text\/css\" scoped=\"scoped\">#g1-button-2.g1-button {background-color: #5078b4; border-color: #5078b4;}<\/style><a id=\"g1-button-2\" class=\"g1-button g1-button--medium g1-button--solid g1-button--standard \" href=\"#\" ><i class=\"icon-pencil\"><\/i>Pobierz PDF<\/a><\/div>\n<\/div><\/div>\n<\/li><!-- --><\/ul>\n<div id=\"g1-divider-2\" class=\"g1-divider g1-divider--none g1-divider--icon \"><span><i class=\"icon-thumbs-up\"><\/i><\/span><\/div>\n<\/div>\n","protected":false},"excerpt":{"rendered":"","protected":false},"author":2,"featured_media":0,"parent":7900,"menu_order":0,"comment_status":"closed","ping_status":"closed","template":"","meta":[],"_links":{"self":[{"href":"https:\/\/smart-it-prod-v3.azurewebsites.net\/pl\/wp-json\/wp\/v2\/pages\/7968"}],"collection":[{"href":"https:\/\/smart-it-prod-v3.azurewebsites.net\/pl\/wp-json\/wp\/v2\/pages"}],"about":[{"href":"https:\/\/smart-it-prod-v3.azurewebsites.net\/pl\/wp-json\/wp\/v2\/types\/page"}],"author":[{"embeddable":true,"href":"https:\/\/smart-it-prod-v3.azurewebsites.net\/pl\/wp-json\/wp\/v2\/users\/2"}],"replies":[{"embeddable":true,"href":"https:\/\/smart-it-prod-v3.azurewebsites.net\/pl\/wp-json\/wp\/v2\/comments?post=7968"}],"version-history":[{"count":1,"href":"https:\/\/smart-it-prod-v3.azurewebsites.net\/pl\/wp-json\/wp\/v2\/pages\/7968\/revisions"}],"predecessor-version":[{"id":34228,"href":"https:\/\/smart-it-prod-v3.azurewebsites.net\/pl\/wp-json\/wp\/v2\/pages\/7968\/revisions\/34228"}],"up":[{"embeddable":true,"href":"https:\/\/smart-it-prod-v3.azurewebsites.net\/pl\/wp-json\/wp\/v2\/pages\/7900"}],"wp:attachment":[{"href":"https:\/\/smart-it-prod-v3.azurewebsites.net\/pl\/wp-json\/wp\/v2\/media?parent=7968"}],"curies":[{"name":"wp","href":"https:\/\/api.w.org\/{rel}","templated":true}]}}