{"id":7956,"date":"2016-10-03T19:19:32","date_gmt":"2016-10-03T16:19:32","guid":{"rendered":"http:\/\/smart-it-prod.azurewebsites.net\/pl\/?page_id=7956"},"modified":"2021-06-16T11:26:35","modified_gmt":"2021-06-16T08:26:35","slug":"konica-minolta-ukraine","status":"publish","type":"page","link":"https:\/\/smart-it-prod-v3.azurewebsites.net\/pl\/klienci\/sucess-stories\/konica-minolta-ukraine\/","title":{"rendered":"Konica Minolta Ukraine"},"content":{"rendered":"<div class=\"stories\">\n<ul class=\"g1-grid\"><li class=\"g1-column g1-one-half g1-valign-middle\">\n<h2>Konica Minolta Ukraina doskonali biznes dzi\u0119ki systemu ERP<\/h2>\n<\/li><!-- -->\n<li class=\"g1-column g1-one-half g1-valign-middle\">\n<div align=\"center\"><img src=\"\/wp-content\/uploads\/2014\/07\/konica-minolta-st1.jpg\" alt=\"Konica Minolta\" \/><\/div>\n<\/li><!-- --><\/ul>\n<div id=\"g1-divider-1\" class=\"g1-divider g1-divider--none g1-divider--noicon \"><\/div>\n<ul class=\"g1-grid\"><li class=\"g1-column g1-two-third g1-valign-top\">\n<h3>O firmie<\/h3>\n<p><strong>Konica Minolta Ukraina<\/strong>\u00a0jest ukrai\u0144skim oddzia\u0142em firmy Konica Minolta, b\u0119d\u0105cego \u015bwiatowym liderem w dostawie produkt\u00f3w i us\u0142ug serwisowych w dziedzinie opracowywania zdj\u0119\u0107 i druku. Jako system korporacyjny zarz\u0105dzania biznesem firma wybra\u0142a rozwi\u0105zanie Microsoft Dynamics NAV, kt\u00f3re wdra\u017cane jest dla ponad 30000 pracownik\u00f3w. Konica Minolta Ukraina \u0142\u0105cznie ze wszystkimi jej wszystkimi rozproszonymi geograficznie strukturami zacz\u0119\u0142a, jako pierwsza korzysta\u0107 z rozwi\u0105za\u0144 Microsoft.<\/p>\n<p>Przej\u015bcie z rozwi\u0105za\u0144 Galaktyka i IC na Microsoft Dynamics NAV polepszy\u0142o jako\u015b\u0107 proponowanej obs\u0142ugi, pozwoli\u0142o zoptymalizowa\u0107 procesy biznesowe firmy, przyspieszy\u0107 proces podj\u0119cia decyzji oraz, jako rezultat, zwi\u0119kszy\u0107 przychody przedsi\u0119biorstwa.<\/p>\n<h3>Sytuacja<\/h3>\n<p>Konica Minolta zajmuje si\u0119 sprzeda\u017c\u0105 i marketingiem produkcji wielofunkcyjnej, kopiarek, drukarek, rozwi\u0105za\u0144 biznesowych druku offsetowego, a tak\u017ce obs\u0142ugi i wsparcia technicznego produkcji na Ukrainie.<\/p>\n<p>Dzisiaj w sk\u0142adzie Konica Minolta Ukraina funkcjonuje 6 biur: w Kijowie, Dnipropetrowsku, Doniecku, Charkowie, Odessie, R\u00f3wnym, a tak\u017ce dwa centra serwisowe w Krzywym Rogu i Po\u0142tawie, kt\u00f3re zajmuj\u0105 si\u0119 zar\u00f3wno sprzeda\u017c\u0105 sprz\u0119tu Konica Minolta, jaki i obs\u0142ug\u0105 serwisow\u0105. Ka\u017cde biuro ma swoje w\u0142asne centrum serwisowe, regionaln\u0105 sie\u0107 dealer\u00f3w, sw\u00f3j plan wielko\u015bci sprzeda\u017cy oraz plan bud\u017cetowy. Pion operacyjny firmy jest zarz\u0105dzany przez Dyrektora Generalnego, wspieranego przez mened\u017cer\u00f3w sprzeda\u017c y regionalnej, mened\u017cer\u00f3w do spraw obs\u0142ugi klient\u00f3w.<\/p>\n<p>System ERP Galaktyka, b\u0119d\u0105cy lokalnym rozwi\u0105zaniem, wykorzystywany by\u0142 w firmie w celu wsparcia informacyjnego biznesu na Ukrainie. By\u0142 on dopasowany do specyficznych wymaga\u0144 niekt\u00f3rych proces\u00f3w dystrybucji i finans\u00f3w.\u00a0 W kwestii rachunkowo\u015bci wykorzystywane by\u0142o rozwi\u0105zane firmy 1C.<\/p>\n<p>Ci\u0105g\u0142e doskonalenie i rozw\u00f3j biznesu jest sednem sukcesu w dzisiejszym wysoce konkurencyjnym \u015brodowisku. Komplikacja zada\u0144 biznesowych, zwi\u0119kszenie ilo\u015bci pracownik\u00f3w, bardziej efektywne zarz\u0105dzanie us\u0142ugami spowodowa\u0142y zapotrzebowanie na optymalizacj\u0119 wszystkich proces\u00f3w biznesowych w Konica Minolta Ukraina.\u00a0 Dotyczy\u0142o to sprzeda\u017cy, logistyki, obs\u0142ugi, finans\u00f3w, zarz\u0105dzania personelu. Konica Minolta Ukraina zainteresowane by\u0142o wdro\u017cenie we wszystkich biurach wsp\u00f3lnego systemu zarz\u0105dzania przedsi\u0119biorstwem, kt\u00f3ra pozwoli\u0142oby zoptymalizowa\u0107 spos\u00f3b prowadzenia biznesu.<\/p>\n<p>Systemem, kt\u00f3ry wed\u0142ug grupy mi\u0119dzynarodowej Konica Minolta jest najbardziej odpowiedni dla firmy, jest Microsoft Dynamics NAV. Dla Konica Minolta Ukraina, b\u0119d\u0105cej jednym z oddzia\u0142\u00f3w firmy, zmiana na taki informacyjny system zarz\u0105dzania by\u0142a ca\u0142kiem naturalna.<\/p>\n<figure id=\"g1-quote-1\" class=\"g1-quote g1-quote--solid g1-quote--small \" ><div class=\"g1-inner\">\n<p>&#8222;Konica Minolta dzia\u0142a na rynkach r\u00f3\u017cnych kraj\u00f3w. Wiarygodna i adekwatna informacja, dostarczana dzi\u0119ki Microsoft Dynamics NAV, jest warunkiem obowi\u0105zkowym prowadzenia naszego biznesu. Dzi\u0119ki takiej informacji podejmujemy decyzje, kt\u00f3re pozwalaj\u0105 w spos\u00f3b efektywny funkcjonowa\u0107 w granicach naszej strategii biznesowej&#8221;.<\/p>\n<\/div><figcaption class=\"g1-meta\"><img src=\"\/wp-content\/uploads\/2013\/06\/quote_author_image_1_v01.jpg\" width=\"40\" height=\"40\" alt=\"Author&#039;s image\"\/><strong>Ari Einarsson<\/strong><span>Mened\u017cer do spraw IT, Konica Minolta<\/span><\/figcaption><\/figure>\n<figure id=\"g1-quote-2\" class=\"g1-quote g1-quote--solid g1-quote--small \" ><div class=\"g1-inner\">\n<p>\u00abJu\u017c od dawna my\u015bleli\u015bmy nad rozwi\u0105zaniami Microsoft Dynamics \u2013 od 2003 roku. Unifikowanie podej\u015b\u0107 do zarz\u0105dzania biznesem i jego efektywno\u015bci, wykorzystywanych w Konica Minolta, a tak\u017ce \u015bwietne do\u015bwiadczenie naszych pracownik\u00f3w zagranicznych wp\u0142yn\u0119\u0142y na zmian\u0119 na ten system akurat teraz, w trakcie spadku ekonomicznego. Akurat teraz kwestie efektywno\u015bci biznesowej s\u0105 najwa\u017cniejsze\u00bb.<\/p>\n<\/div><figcaption class=\"g1-meta\"><img src=\"\/wp-content\/uploads\/2013\/06\/quote_author_image_1_v01.jpg\" width=\"40\" height=\"40\" alt=\"Author&#039;s image\"\/><strong>Vladimir Sovenko<\/strong><span>Dyrektor Generalny, \u041a\u043enica Minolta Ukraine<\/span><\/figcaption><\/figure>\n<h3>Rozwi\u0105zanie<\/h3>\n<p>In 2008 \u00abKonica Minolta Ukraine\u00bb started working on migration to Microsoft Dynamics NAV. General contractor of the project was Tectura company \u2013 largest in the world Microsoft partner on business applications, delivering industry software solutions at Microsoft Dynamics base. Parent company &#8211; Konica Minolta Business Solutions Europe along with Tectura developed their own module for management of the specific processes in the group of companies \u2013 Navision Uniform Solution. In all processes of preparation and implementation parent company\u2019s specialists from the Konica Minolta Business Solutions Europe headquarters (Langenhagen, Germany) were actively involved. Local Microsoft partner that performed the implementation and support of the solution, was Ukrainian company SMART business, Gold Certified Partner in Microsoft Dynamics line.<\/p>\n<figure id=\"g1-quote-3\" class=\"g1-quote g1-quote--solid g1-quote--small \" ><div class=\"g1-inner\">\n<p>\u00abKlient chcia\u0142, by\u015bmy jednocze\u015bnie z wdro\u017ceniem modu\u0142u finansowego zintegrowali go z Navision Uniform Solution \u2013 opracowaniem w\u0142asnym firmy macierzystej. Dzi\u0119ki temu w projekcie wzi\u0119\u0142o udzia\u0142 du\u017co uczestnik\u00f3w \u2013 ukrai\u0144ska sp\u00f3\u0142ka c\u00f3rka, klient Konica Minolta Ukraina, europejska firma macierzysta Konica Minolta Business Solutions Europe, g\u0142\u00f3wny kontrahent \u2013 partner Microsoft firma Tectura, i my, firma SMART business, jako \u017ce jeste\u015bmy lokalnym partnerem Microsoft. Mieli\u015bmy zintegrowa\u0107 rozwi\u0105zania w\u0142asne z modu\u0142em finansowym systemu, aby to by\u0142o zgodne z wymaganiami prawnymi Ukrainy, a tak\u017ce przeprowadzi\u0107 zwi\u0105zane z tym szkolenia u\u017cytkownik\u00f3w, treningi, transfer danych i wprowadzenie systemu do trybu u\u017cytkowania\u00bb.<\/p>\n<\/div><figcaption class=\"g1-meta\"><img src=\"\/wp-content\/uploads\/2014\/07\/krudnev.jpg\" width=\"40\" height=\"40\" alt=\"Author&#039;s image\"\/><strong>Kirill Rudnev<\/strong><span>Sales Director, SMART business<\/span><\/figcaption><\/figure>\n<p>Celem g\u0142\u00f3wnym wdro\u017cenia nowego systemu by\u0142a standaryzacja proces\u00f3w obs\u0142ugi serwisowej i logistyki oraz prawid\u0142owa integracja tych proces\u00f3w z rachunkowo\u015bci\u0105 finansow\u0105. Dla Konica Minolta Ukraina rachunkowo\u015b\u0107 finansowa sk\u0142ada si\u0119 opr\u00f3cz rachunkowo\u015bci i ksi\u0119gowo\u015bci podatkowej (zgodnie z wymaganiami prawodawstwa ukrai\u0144skiego) z generowaniem sprawozda\u0144 zgonie ze standardami mi\u0119dzynarodowymi dla firmy macierzystej.<\/p>\n<p>Biuro na Ukrainie by\u0142o drugim ze wszystkich naszych biur mi\u0119dzynarodowych, gdzie zosta\u0142o przeprowadzone podobnego rodzaju wdro\u017cenie. M\u00f3wi\u0105c o stronie technicznej projektu:<\/p>\n<figure id=\"g1-quote-4\" class=\"g1-quote g1-quote--solid g1-quote--small \" ><div class=\"g1-inner\">\n<p>\u00abArchitektura rozwi\u0105zania jest tradycyjn\u0105 europejsk\u0105 \u2013 g\u0142\u00f3wny serwer jest w Niemczech \u2013 w g\u0142\u00f3wnym biurze firmy macierzystej, a wszyscy u\u017cytkownicy ukrai\u0144skiej firmy (mo\u017ce by\u0107 nawet 50 os\u00f3b) pracuj\u0105 w trybie terminalowym\u00bb.<\/p>\n<\/div><figcaption class=\"g1-meta\"><img src=\"\/wp-content\/uploads\/2014\/07\/krudnev.jpg\" width=\"40\" height=\"40\" alt=\"Author&#039;s image\"\/><strong>Kirill Rudnev<\/strong><span>Sales Director, SMART business<\/span><\/figcaption><\/figure>\n<p>A zatem, wszystkie geograficznie rozproszone oddzia\u0142y kontaktuj\u0105 si\u0119 z firm\u0105 dzi\u0119ki centralnemu serwerowi za po\u015brednictwem Internetu przy u\u017cyciu Microsoft Windows Terminal Services.<\/p>\n<p>Dla efektywnej wsp\u00f3\u0142pracy w ramach grupy projektowej, w sk\u0142ad kt\u00f3rej weszli przedstawiciele Ukrainy i Niemiec, zosta\u0142a zorganizowana wymiana informacjami dzi\u0119ki technologii Microsoft SharePoint Server 2007, co z kolei przyczyni\u0142o si\u0119 do szybszej przeprowadzenia pracy kolektywnej.<\/p>\n<figure id=\"g1-quote-5\" class=\"g1-quote g1-quote--solid g1-quote--small \" ><div class=\"g1-inner\">\n<p>\u00abWyznaczyli\u015bmy kluczowych u\u017cytkownik\u00f3w serwisu, sprzeda\u017cy, logistyki, finans\u00f3w. Dalej dzi\u0119ki grupie projektowej zaj\u0119li\u015bmy si\u0119 realizacj\u0105 proces\u00f3w biznesowych Microsoft Dynamics i powiedzieli\u015bmy, jakie funkcje i w jaki spos\u00f3b powinny by\u0107 zrealizowane. Po pierwszym etapie testowym przeprowadzona zosta\u0142a lokalizacja, nast\u0119pnie kluczowi u\u017cytkownicy przeprowadzili testowanie ko\u0144cowe systemu przed jej uruchomieniem. Takie podej\u015bcie pomog\u0142o w spos\u00f3b bardziej efektywny poszerzy\u0107 umiej\u0119tno\u015bci wykorzystania systemu we wszystkich naszych biurach\u00bb.<\/p>\n<\/div><figcaption class=\"g1-meta\"><img src=\"\/wp-content\/uploads\/2013\/06\/quote_author_image_1_v01.jpg\" width=\"40\" height=\"40\" alt=\"Author&#039;s image\"\/><strong>Tatyana Kostyk<\/strong><span>Head of the project group on Navision Uniform Solution implementation, \u041aonica Minolta Ukraine<\/span><\/figcaption><\/figure>\n<figure id=\"g1-quote-6\" class=\"g1-quote g1-quote--solid g1-quote--small \" ><div class=\"g1-inner\">\n<p>\u00abNajtrudniejszym zadaniem tego projektu by\u0142a integracja lokalnych wymaga\u0144 ze standardami korporacyjnymi. Dzi\u0119ki dok\u0142adnej strukturze proces\u00f3w, dobremu przygotowaniu u\u017cytkownik\u00f3w kluczowych, a tak\u017ce uwadze podczas testowania protorypu systemu, mo\u017cna by\u0142o uruchomi\u0107 system bez r\u00f3wnoczesnego etapu korzystania ze starego i nowego systemu\u00bb.<\/p>\n<\/div><figcaption class=\"g1-meta\"><img src=\"\/wp-content\/uploads\/2014\/07\/krudnev.jpg\" width=\"40\" height=\"40\" alt=\"Author&#039;s image\"\/><strong>Kirill Rudnev<\/strong><span>Sales Director, SMART business<\/span><\/figcaption><\/figure>\n<p>Zosta\u0142o przeprowadzone og\u00f3lne testowanie integracyjne pod kierownictwem koordynatora od strony ukrai\u0144skiej firmy-klienta, kt\u00f3ry obejmowa\u0142 mo\u017cliwe procesy i sprawdzi\u0142 prawid\u0142ow\u0105 prac\u0119 systemu na wszystkich etapach. Takie testowanie i jego uruchomienie zagwarantowa\u0142y g\u0142adk\u0105 prac\u0119 firmy w obs\u0142udze swoich klient\u00f3w bez tracenia czasu oraz pogorszenia obs\u0142ugi w trakcie wdro\u017cenia.<\/p>\n<figure id=\"g1-quote-7\" class=\"g1-quote g1-quote--solid g1-quote--small \" ><div class=\"g1-inner\">\n<p>\u00abWdro\u017cenie to jest dobrym przyk\u0142adem wsp\u00f3\u0142pracy partner\u00f3w i klienta. G\u0142\u00f3wnym ryzykiem tej pracy by\u0142y ewentualne op\u00f3\u017anienia zwi\u0105zane z akceptacj\u0105 r\u00f3\u017cnych zmian w ustawieniach i funkcjonalno\u015bci. Klient zaanga\u017cowa\u0142 si\u0119 w najwy\u017cszym stopniu oraz ca\u0142kowicie skoncentrowa\u0142 na zadaniach projektu. Pozwoli\u0142o to na wykonanie zada\u0144 w kr\u00f3tkim terminie, a tak\u017ce wp\u0142yn\u0119\u0142o pozytywnie na efektywno\u015b\u0107 ca\u0142ego przedsi\u0119wzi\u0119cia\u00bb.<\/p>\n<\/div><figcaption class=\"g1-meta\"><img src=\"\/wp-content\/uploads\/2013\/06\/quote_author_image_1_v01.jpg\" width=\"40\" height=\"40\" alt=\"Author&#039;s image\"\/><strong>Yuriy Podvalniy<\/strong><span>Konsultant do spraw serwisu i logistyki, SMART business<\/span><\/figcaption><\/figure>\n<h3>Zalety<\/h3>\n<p>Konica Minolta Ukraina przesz\u0142a na standardow\u0105 sie\u0107 korporacyjn\u0105 grupy Konica Minolta, co z kolei pomog\u0142o podnie\u015b\u0107 jako\u015b\u0107 obs\u0142ugi serwisowej, zoptymalizowa\u0142o procesy biznesowe firmy. Przyspieszy\u0142o to procesy podj\u0119cia decyzji i, jako rezultat, usprawni\u0142o zarz\u0105dzanie firm\u0105. W planach firmy jest rozw\u00f3j posiadanego systemu dzi\u0119ki wdro\u017ceniu Microsoft Dynamics NAV dla zwi\u0119kszenia orientacji na klient\u00f3w, a tak\u017ce pod\u0142\u0105czenie do systemu zdalnych u\u017cytkownik\u00f3w z urz\u0105dzeniami mobilnymi.<\/p>\n<h4>Polepszenie jako\u015bci obs\u0142ugi serwisowej<\/h4>\n<p>Rozszerzone wsparcie techniczne sprz\u0119tu Konica Minolta, wykonywane dzi\u0119ki modu\u0142owi Navision Uniform Solution, pozwala na lepsze \u015bledzenie problem\u00f3w zwi\u0105zanych z obs\u0142ug\u0105 serwisow\u0105 sprz\u0119tu, zainstalowanego u klient\u00f3w.<\/p>\n<figure id=\"g1-quote-8\" class=\"g1-quote g1-quote--solid g1-quote--small \" ><div class=\"g1-inner\">\n<p>\u00abJeste\u015bmy bardzo dumni ze zrealizowanego serwisu Microsoft Dynamics NAV. Przyk\u0142adowo, informacja o potrzebie zmiany tonera nadchodzi bezpo\u015brednio z naszych drukarek do systemu informacyjnego mened\u017cer\u00f3w i in\u017cynier\u00f3w serwisowych. Ponadto, mamy wszystkie niezb\u0119dne dane do planowania i realizacji najlepszej jako\u015bci obs\u0142ugi\u00bb.<\/p>\n<\/div><figcaption class=\"g1-meta\"><img src=\"\/wp-content\/uploads\/2013\/06\/quote_author_image_1_v01.jpg\" width=\"40\" height=\"40\" alt=\"Author&#039;s image\"\/><strong>Dmitry Sukhotsky<\/strong><span>Kierownik s\u0142u\u017cby serwisowej, Konica Minolta Ukraine<\/span><\/figcaption><\/figure>\n<h4>Optymalizacja proces\u00f3w biznesowych<\/h4>\n<p>Rezultatem wdro\u017cenia, firma zmieni\u0142a i ulepszy\u0142a mn\u00f3stwo proces\u00f3w biznesowych. Integracja systemu zarz\u0105dzania ze \u015brodowiskiem firmy macierzystej usprawni\u0142a wymian\u0119 danych i pozwoli\u0142a na bardziej efektywne wykonywanie wi\u0119kszo\u015bci proces\u00f3w. System pozwala na racjonaln\u0105 wymian\u0119 dokumentacji dzi\u0119ki \u015bledzeniu praktycznie wszystkich proces\u00f3w biznesowych, \u0142\u0105cznie ze statusami zada\u0144, dokumentami ksi\u0119gowymi i obs\u0142ug\u0105 klient\u00f3w.<\/p>\n<h4>U\u0142atwienie procesu ustawienia parametr\u00f3w systemu<\/h4>\n<p>Narz\u0119dzia Microsoft Dynamics NAV zwi\u0119kszy\u0142y efektywno\u015b\u0107 pracy pracownik\u00f3w, daj\u0105c wi\u0119ksz\u0105 mo\u017cliwo\u015b\u0107 w spos\u00f3b bardziej elastyczny kontrolowa\u0107 system, pracowa\u0107 bardziej efektywnie i zwi\u0119kszy\u0107 warto\u015b\u0107 biznesu Konica Minolta na Ukrainie.<\/p>\n<figure id=\"g1-quote-9\" class=\"g1-quote g1-quote--solid g1-quote--small \" ><div class=\"g1-inner\">\n<p>\u00abPrzyk\u0142adowo, podczas pracy z plikami pojawi\u0142a si\u0119 mo\u017cliwo\u015b\u0107 dokona\u0107 automatyczne zam\u00f3wienie na akcesoria. Eliminuje to czynnik ludzki i mo\u017cliwo\u015b\u0107 \u201ezapomni\u0119cia\u201d o dokonaniu jakiejkolwiek wa\u017cnej dla biznesu operacji\u00bb.<\/p>\n<\/div><figcaption class=\"g1-meta\"><img src=\"\/wp-content\/uploads\/2013\/06\/quote_author_image_1_v01.jpg\" width=\"40\" height=\"40\" alt=\"Author&#039;s image\"\/><strong>Natalya Pshenichnaya<\/strong><span>Head of the Logistics department, Konica Minolta Ukraine<\/span><\/figcaption><\/figure>\n<figure id=\"g1-quote-10\" class=\"g1-quote g1-quote--solid g1-quote--small \" ><div class=\"g1-inner\">\n<p>\u00abZ naszego punktu widzenia, g\u0142\u00f3wn\u0105 zalet\u0105 systemu jest jej mo\u017cliwo\u015b\u0107 elastycznego dostosowania do specyfiki biznesu. Jeszcze jest jeden wa\u017cny aspekt \u2013 wygoda mened\u017cer\u00f3w z codziennego korzystania z pracy. Na przyk\u0142ad, nasi pracownicy.,Nasi pracownicy docenili zautomatyzowany system podczas wypisywania zam\u00f3wie\u0144\u00bb.<\/p>\n<\/div><figcaption class=\"g1-meta\"><img src=\"\/wp-content\/uploads\/2013\/06\/quote_author_image_1_v01.jpg\" width=\"40\" height=\"40\" alt=\"Author&#039;s image\"\/><strong>Elena Ignatenko<\/strong><span>Kierownik dzia\u0142u logistyki, Konica Minolta Ukraine<\/span><\/figcaption><\/figure>\n<h4>Udoskonalenie analizy danych i raportowania<\/h4>\n<p>Wdro\u017cenie Microsoft Dynamics pozwoli\u0142o nie tylko na szersze mo\u017cliwo\u015bci analizy danych i formowania sprawozda\u0144, ale tak\u017ce u\u0142atwi\u0142o prac\u0119 u\u017cytkownik\u00f3w z dokumentami.<\/p>\n<figure id=\"g1-quote-11\" class=\"g1-quote g1-quote--solid g1-quote--small \" ><div class=\"g1-inner\">\n<p>\u201cPo zmianie na nowy system ksi\u0119gowanie towaru odbywa si\u0119 cztery razy szybciej!\u201d<\/p>\n<\/div><figcaption class=\"g1-meta\"><img src=\"\/wp-content\/uploads\/2013\/06\/quote_author_image_1_v01.jpg\" width=\"40\" height=\"40\" alt=\"Author&#039;s image\"\/><strong>Natalya Pshenichnaya<\/strong><span>Kierownik dzia\u0142u logistyki, Konica Minolta Ukraine<\/span><\/figcaption><\/figure>\n<figure id=\"g1-quote-12\" class=\"g1-quote g1-quote--solid g1-quote--small \" ><div class=\"g1-inner\">\n<p>\u00abMicrosoft Dynamics NAV ca\u0142kowicie spe\u0142nia wszystkie nasze wymagania dotycz\u0105ce zarz\u0105dzania firm\u0105 Konica Minolta. Adaptacja rozwi\u0105zania z uwzgl\u0119dnieniem specyfiki naszego biznesu pozwoli\u0142a na wyposa\u017cenie si\u0119 firmy w pot\u0119\u017cne narz\u0119dzia, kt\u00f3re pomagaj\u0105 pracowa\u0107 w spos\u00f3b bardziej efektywny\u00bb.<\/p>\n<\/div><figcaption class=\"g1-meta\"><img src=\"\/wp-content\/uploads\/2013\/06\/quote_author_image_1_v01.jpg\" width=\"40\" height=\"40\" alt=\"Author&#039;s image\"\/><strong>Vladimir Sovenko<\/strong><span>Dyrektor Generalny , Konica Minolta Ukraine<\/span><\/figcaption><\/figure>\n<h3>Informacje dodatkowe<\/h3>\n<p>Aby wi\u0119cej dowiedzie\u0107 si\u0119 o innych projektach, zrealizowanych na bazie technologii korporacji Microsoft, odwied\u017a nast\u0119puj\u0105ce strony:\u00a0<a href=\"http:\/\/www.microsoft.com\/resources\/casestudies\/\">www.microsoft.com\/resources\/casestudies<\/a> (po angielsku).<\/p>\n<p>&nbsp;<\/p>\n<p>Dowiedz si\u0119 wi\u0119cej o produktach i us\u0142ugach firmy SMART dzwoni\u0105c na numer:\u00a0<strong>+380 44 585 3550<\/strong>\u00a0b\u0105d\u017a na stronie: <a href=\"https:\/\/smart-it.com\/\">smart-it-prod.azurewebsites.net<\/a>.<\/p>\n<p>Dowiedz si\u0119 wi\u0119cej o produktach i us\u0142ugach firmy Konica Minolta Ukraina dzwoni\u0105c na numer: +380 44 230 1005 b\u0105d\u017a odwied\u017a stron\u0119: <a href=\"http:\/\/www.konicaminolta.ua\/\">www.konicaminolta.pl<\/a>.<\/p>\n<\/li><!-- -->\n<li class=\"g1-column g1-one-third g1-valign-top\">\n<div id=\"g1-box-counter-1\" class=\"g1-box g1-box--simple  g1-box--noicon\" ><div class=\"g1-box__inner\">\n<h4>Dowiedz si\u0119 wi\u0119cej o<\/h4>\n\n<ul id=\"g1-list-1\" class=\"g1-list--icon g1-list--simple \">\n<li><i class=\"icon-circle-arrow-right g1-list__icon\"><\/i><a href=\"https:\/\/smart-it.com\/pl\/industries\/distribution\/\">Rozwi\u0105zania dla dystrybucji<\/a><\/li>\n<li><i class=\"icon-circle-arrow-right g1-list__icon\"><\/i><a href=\"\/products\/erp\/microsoft-dynamics-nav\/\">Microsoft Dynamics NAV<\/a><\/li>\n<\/ul>\n\n<\/div><\/div>\n<span id=\"g1-space-1\" class=\"g1-space \" style=\"height:25px;\"><\/span>\n<div id=\"g1-box-counter-2\" class=\"g1-box g1-box--simple  g1-box--icon\" ><i class=\"icon-list-alt g1-box__icon\"><\/i><div class=\"g1-box__inner\">\n<h4 style=\"text-align: center;\">Skontaktuj si\u0119 z nami, aby uzyska\u0107 wi\u0119cej informacji<\/h4>\n<div align=\"center\"><a id=\"g1-button-1\" class=\"g1-button g1-button--medium g1-button--solid g1-button--standard \" href=\"\/company\/feedback\/message\/\" ><i class=\"icon-pencil\"><\/i>Zapytaj<\/a><\/div>\n<\/div><\/div>\n<div id=\"g1-box-counter-3\" class=\"g1-box g1-box--simple  g1-box--noicon\" ><div class=\"g1-box__inner\">\n<h4 style=\"text-align: center;\">Pobierz case study<\/h4>\n<div align=\"center\"><style type=\"text\/css\" scoped=\"scoped\">#g1-button-2.g1-button {background-color: #5078b4; border-color: #5078b4;}<\/style><a id=\"g1-button-2\" class=\"g1-button g1-button--medium g1-button--solid g1-button--standard \" href=\"#\" ><i class=\"icon-pencil\"><\/i>Pobierz PDF<\/a><\/div>\n<\/div><\/div>\n<\/li><!-- --><\/ul>\n<div id=\"g1-divider-2\" class=\"g1-divider g1-divider--none g1-divider--icon \"><span><i class=\"icon-thumbs-up\"><\/i><\/span><\/div>\n<\/div>\n","protected":false},"excerpt":{"rendered":"","protected":false},"author":2,"featured_media":0,"parent":7900,"menu_order":0,"comment_status":"closed","ping_status":"closed","template":"","meta":[],"_links":{"self":[{"href":"https:\/\/smart-it-prod-v3.azurewebsites.net\/pl\/wp-json\/wp\/v2\/pages\/7956"}],"collection":[{"href":"https:\/\/smart-it-prod-v3.azurewebsites.net\/pl\/wp-json\/wp\/v2\/pages"}],"about":[{"href":"https:\/\/smart-it-prod-v3.azurewebsites.net\/pl\/wp-json\/wp\/v2\/types\/page"}],"author":[{"embeddable":true,"href":"https:\/\/smart-it-prod-v3.azurewebsites.net\/pl\/wp-json\/wp\/v2\/users\/2"}],"replies":[{"embeddable":true,"href":"https:\/\/smart-it-prod-v3.azurewebsites.net\/pl\/wp-json\/wp\/v2\/comments?post=7956"}],"version-history":[{"count":1,"href":"https:\/\/smart-it-prod-v3.azurewebsites.net\/pl\/wp-json\/wp\/v2\/pages\/7956\/revisions"}],"predecessor-version":[{"id":34234,"href":"https:\/\/smart-it-prod-v3.azurewebsites.net\/pl\/wp-json\/wp\/v2\/pages\/7956\/revisions\/34234"}],"up":[{"embeddable":true,"href":"https:\/\/smart-it-prod-v3.azurewebsites.net\/pl\/wp-json\/wp\/v2\/pages\/7900"}],"wp:attachment":[{"href":"https:\/\/smart-it-prod-v3.azurewebsites.net\/pl\/wp-json\/wp\/v2\/media?parent=7956"}],"curies":[{"name":"wp","href":"https:\/\/api.w.org\/{rel}","templated":true}]}}