{"id":7942,"date":"2016-10-03T16:03:37","date_gmt":"2016-10-03T13:03:37","guid":{"rendered":"http:\/\/smart-it-prod.azurewebsites.net\/pl\/?page_id=7942"},"modified":"2021-06-16T11:28:33","modified_gmt":"2021-06-16T08:28:33","slug":"johnson-johnson-ukraine","status":"publish","type":"page","link":"https:\/\/smart-it-prod-v3.azurewebsites.net\/pl\/klienci\/sucess-stories\/johnson-johnson-ukraine\/","title":{"rendered":"Johnson &#038; Johnson Ukraine"},"content":{"rendered":"<div class=\"stories\">\n<ul class=\"g1-grid\"><li class=\"g1-column g1-one-half g1-valign-middle\">\n<h2>Wdro\u017cenie Microsoft Dynamics NAV w firmie Johnson &amp; Johnson Ukraine<\/h2>\n<\/li><!-- -->\n<li class=\"g1-column g1-one-half g1-valign-middle\">\n<div style=\"text-align: center; font-size: 300%;\">Johnson &amp; Johnson Ukraine<\/div>\n<\/li><!-- --><\/ul>\n<div id=\"g1-divider-1\" class=\"g1-divider g1-divider--none g1-divider--noicon \"><\/div>\n<ul class=\"g1-grid\"><li class=\"g1-column g1-two-third g1-valign-top\">\n<h3>O firmie<\/h3>\n<p><b>Johnson &amp; Johnson<\/b> jest jednym z najwi\u0119kszych producent\u00f3w produkt\u00f3w dla zdrowia, lekarstw i sprz\u0119tu medycznego. Wed\u0142ug \u201eFortune\u201d jest to jedn\u0105 z najwi\u0119kszych firm USA. \u0141\u0105cznie korporacja liczy oko\u0142o 250 sp\u00f3\u0142ek c\u00f3rek. Produkcja Johnson &amp; Johnson sprzedawana jest w ponad 175 krajach.<\/p>\n<p>Na terytorium kraj\u00f3w WNP dzia\u0142alno\u015b\u0107 firma reprezentowana jest 3 kierunkami: produkcja dla szpitali, produkty konsumenckie i farmaceutyczne.<\/p>\n<h3>Sytuacja<\/h3>\n<p>W 2008 roku w trakcie otwarcia przedstawicielstwa dystrybucyjnego towar\u00f3w firmy na Ukrainie pojawi\u0142o si\u0119 pytanie dotycz\u0105ce instalacji systemu, kt\u00f3ra mog\u0142aby obs\u0142u\u017cy\u0107 ca\u0142y proces sprzeda\u017cy towaru. Firma rozpatrywa\u0142a rozwi\u0105zania niekt\u00f3rych producent\u00f3w, aczkolwiek decyzja zosta\u0142a podj\u0119ta na korzy\u015b\u0107 Microsoft Dynamics NAV, jako \u017ce to by\u0142o by najlepsze rozwi\u0105zanie do realizacji powierzonych firmie zada\u0144.<\/p>\n<p>Celem projektu by\u0142o stworzenie wsp\u00f3lnego systemu informacyjnego zarz\u0105dzania przedsi\u0119biorstwem, automatyzacja ca\u0142ego cyklu sprzeda\u017cy. Pozwala to tak\u017ce na szybkie formowanie pe\u0142nego i wiarygodnego sprawozdania dotycz\u0105cego dzia\u0142alno\u015bci sprzeda\u017cowo-finansowej.<\/p>\n<h3>Rozwi\u0105zanie<\/h3>\n<p>Na pocz\u0105tku 2008 roku rozpocz\u0105\u0142 si\u0119 proces wdro\u017cenia Microsoft Dynamics NAV w firmie Johnson &amp; Johnson. Celem tego dzia\u0142ania by\u0142a automatyzacja proces\u00f3w biznesowych: sprzeda\u017cy, zakupu, rachunkowo\u015bci finansowej, ksi\u0119gowych operacji magazynowych.<\/p>\n<figure id=\"g1-quote-1\" class=\"g1-quote g1-quote--solid g1-quote--small \" ><div class=\"g1-inner\">\n<p>Drugim etapem projektu jest opracowanie integracji z Head-office na bazie SOA, zgodnie ze scenariuszem Hub &amp; Spoke. Takie rozwi\u0105zanie w spos\u00f3b idealny uwzgl\u0119dnia potrzeby podzia\u0142u struktury kompanii, dzia\u0142y i oddzia\u0142y, kt\u00f3re znajduj\u0105 si\u0119 w r\u00f3\u017cnych krajach, a tak\u017ce dzia\u0142alno\u015b\u0107 wszechstronna oddzia\u0142\u00f3w (oddzielnie produkcja, oddzielnie przedstawicielstwa sprzeda\u017cowe).<\/p>\n<\/div><figcaption class=\"g1-meta\"><img src=\"\/wp-content\/uploads\/2014\/07\/krudnev.jpg\" width=\"40\" height=\"40\" alt=\"Author&#039;s image\"\/><strong>Kirill Rudnev<\/strong><span>Sales Director, SMART business<\/span><\/figcaption><\/figure>\n<p>Integracja system\u00f3w zgodnie ze scenariuszem Hub &amp; Spoke pozwala na efektywn\u0105 wymian\u0119 danymi, dokonanie zakup\u00f3w, wsp\u00f3\u0142prac\u0119 z klientami i dostawcami w czasie rzeczywistym, wsp\u00f3\u0142prac\u0119 ze sk\u0142adem, monitorowanie wszelkich krytycznych parametr\u00f3w, szybkie reagowanie na zmieniaj\u0105ce si\u0119 warunki otoczenia, a tak\u017ce na istotn\u0105 racjonalizacj\u0119 proces\u00f3w biznesowych.<\/p>\n<h3>Efekty<\/h3>\n<p>Z sytemu si\u0119 korzysta od 2008 roku. Wdro\u017cone rozwi\u0105zanie pozwoli\u0142o na: automatyzacj\u0119 i optymizacj\u0119 proces\u00f3w biznesowych, zwi\u0119kszy\u0107 do 80% pr\u0119dko\u015b\u0107 procesu opracowania zam\u00f3wie\u0144 i zmniejszy\u0107 obci\u0105\u017cenia operacyjne specjalist\u00f3w we wsp\u00f3\u0142pracy z klientami. Doprowadzi\u0142o to do polepszenia jako\u015bci obs\u0142ugi.<\/p>\n<figure id=\"g1-quote-2\" class=\"g1-quote g1-quote--solid g1-quote--small \" ><div class=\"g1-inner\">\n<p>Obecnie system obejmuje 90% proces\u00f3w biznesowych. Microsoft Dynamics NAV pozwala nie tylko w spos\u00f3b efektywny rozwi\u0105zywa\u0107 istniej\u0105ce zadania i kompletnie zaspokaja nasze problemy, ale tak\u017ce dzi\u0119ki niemu jest mo\u017cliwo\u015b\u0107 skalowania personelu. W przysz\u0142o\u015bci planowana jest automatyzacja rachunkowo\u015bci podatkowej oraz integracja z innymi systemami korporacyjnymi firmy.<\/p>\n<\/div><figcaption class=\"g1-meta\"><img src=\"\/wp-content\/uploads\/2014\/05\/fedorets.jpg\" width=\"40\" height=\"40\" alt=\"Author&#039;s image\"\/><strong>Vladimir Fedorets<\/strong><span>G\u0142\u00f3wny specjalista do spraw IT i komunikacji biznesowych, Johnson &amp; Johnson Consumer Ukraine<\/span><\/figcaption><\/figure>\n<h3>Informacje dodatkowe<\/h3>\n<p><b>Johnson &amp; Johnson\u00a0<\/b>jest jednym z najwi\u0119kszych producent\u00f3w produkt\u00f3w dla zdrowia, lekarstw i sprz\u0119tu medycznego.<\/p>\n<p>Dowiedz si\u0119 wi\u0119cej o produktach i us\u0142ugach firmy Johnson &amp; Johnson na stronach\u00a0<a href=\"http:\/\/www.jnj.com\">www.jnj.com<\/a> lub\u00a0<a href=\"http:\/\/www.jnjpoland.pl\/\">www.jnjpoland.pl<\/a><\/p>\n<p><b><a href=\"\/company\/about\/\">SMART business<\/a><\/b>\u00a0jest aktywnie rozwijaj\u0105c\u0105 si\u0119 firm\u0105 konsultingow\u0105 zapewnia nowoczesne rozwi\u0105zania dla skutecznego zarz\u0105dzania firm\u0105, us\u0142ugi w zakresie wdra\u017cania i rozwoju system\u00f3w biznesowych firmy Microsoft na platformie Microsoft Dynamics\u00ae dla przedsi\u0119biorstw z r\u00f3\u017cnych sfer i rodzaj\u00f3w w\u0142asno\u015bci.<\/p>\n<p>Dowiedz si\u0119 wi\u0119cej o produktach i us\u0142ugach firmy SMART dzwoni\u0105c na numer: <b>+38 (044) 585-35-50<\/b>\u00a0b\u0105d\u017a na stronie <a href=\"https:\/\/smart-it.com\/\">smart-it-prod.azurewebsites.net<\/a>.<\/p>\n<\/li><!-- -->\n<li class=\"g1-column g1-one-third g1-valign-top\">\n<div id=\"g1-box-counter-1\" class=\"g1-box g1-box--simple  g1-box--noicon\" ><div class=\"g1-box__inner\">\n<h4>Dowiedz si\u0119 wi\u0119cej o<\/h4>\n\n<ul id=\"g1-list-1\" class=\"g1-list--icon g1-list--simple \">\n<li><i class=\"icon-circle-arrow-right g1-list__icon\"><\/i><a href=\"https:\/\/smart-it.com\/pl\/industries\/distribution\/\">Rozwi\u0105zania dla dystrybucji<\/a><\/li>\n<li><i class=\"icon-circle-arrow-right g1-list__icon\"><\/i><a href=\"\/products\/erp\/microsoft-dynamics-nav\/\">Microsoft Dynamics NAV<\/a><\/li>\n<\/ul>\n\n<\/div><\/div>\n<span id=\"g1-space-1\" class=\"g1-space \" style=\"height:25px;\"><\/span>\n<div id=\"g1-box-counter-2\" class=\"g1-box g1-box--simple  g1-box--icon\" ><i class=\"icon-list-alt g1-box__icon\"><\/i><div class=\"g1-box__inner\">\n<h4 style=\"text-align: center;\">Skontaktuj si\u0119 z nami, aby uzyska\u0107 wi\u0119cej informacji<\/h4>\n<div align=\"center\"><a id=\"g1-button-1\" class=\"g1-button g1-button--medium g1-button--solid g1-button--standard \" href=\"\/company\/feedback\/message\/\" ><i class=\"icon-pencil\"><\/i>Contact Us<\/a><\/div>\n<\/div><\/div>\n<div id=\"g1-box-counter-3\" class=\"g1-box g1-box--simple  g1-box--noicon\" ><div class=\"g1-box__inner\">\n<h4 style=\"text-align: center;\">Pobierz case study<\/h4>\n<div align=\"center\"><style type=\"text\/css\" scoped=\"scoped\">#g1-button-2.g1-button {background-color: #5078b4; border-color: #5078b4;}<\/style><a id=\"g1-button-2\" class=\"g1-button g1-button--medium g1-button--solid g1-button--standard \" href=\"#\" ><i class=\"icon-pencil\"><\/i>Pobierz\u00a0PDF<\/a><\/div>\n<\/div><\/div>\n<\/li><!-- --><\/ul>\n<div id=\"g1-divider-2\" class=\"g1-divider g1-divider--none g1-divider--icon \"><span><i class=\"icon-thumbs-up\"><\/i><\/span><\/div>\n<\/div>\n","protected":false},"excerpt":{"rendered":"","protected":false},"author":2,"featured_media":0,"parent":7900,"menu_order":0,"comment_status":"closed","ping_status":"closed","template":"","meta":[],"_links":{"self":[{"href":"https:\/\/smart-it-prod-v3.azurewebsites.net\/pl\/wp-json\/wp\/v2\/pages\/7942"}],"collection":[{"href":"https:\/\/smart-it-prod-v3.azurewebsites.net\/pl\/wp-json\/wp\/v2\/pages"}],"about":[{"href":"https:\/\/smart-it-prod-v3.azurewebsites.net\/pl\/wp-json\/wp\/v2\/types\/page"}],"author":[{"embeddable":true,"href":"https:\/\/smart-it-prod-v3.azurewebsites.net\/pl\/wp-json\/wp\/v2\/users\/2"}],"replies":[{"embeddable":true,"href":"https:\/\/smart-it-prod-v3.azurewebsites.net\/pl\/wp-json\/wp\/v2\/comments?post=7942"}],"version-history":[{"count":1,"href":"https:\/\/smart-it-prod-v3.azurewebsites.net\/pl\/wp-json\/wp\/v2\/pages\/7942\/revisions"}],"predecessor-version":[{"id":34242,"href":"https:\/\/smart-it-prod-v3.azurewebsites.net\/pl\/wp-json\/wp\/v2\/pages\/7942\/revisions\/34242"}],"up":[{"embeddable":true,"href":"https:\/\/smart-it-prod-v3.azurewebsites.net\/pl\/wp-json\/wp\/v2\/pages\/7900"}],"wp:attachment":[{"href":"https:\/\/smart-it-prod-v3.azurewebsites.net\/pl\/wp-json\/wp\/v2\/media?parent=7942"}],"curies":[{"name":"wp","href":"https:\/\/api.w.org\/{rel}","templated":true}]}}