{"id":7923,"date":"2016-10-03T12:18:23","date_gmt":"2016-10-03T09:18:23","guid":{"rendered":"http:\/\/smart-it-prod.azurewebsites.net\/pl\/?page_id=7923"},"modified":"2021-06-16T11:29:18","modified_gmt":"2021-06-16T08:29:18","slug":"euro-2012-uefa","status":"publish","type":"page","link":"https:\/\/smart-it-prod-v3.azurewebsites.net\/pl\/klienci\/sucess-stories\/euro-2012-uefa\/","title":{"rendered":"EURO-2012 (UEFA)"},"content":{"rendered":"<div class=\"stories\">\n<ul class=\"g1-grid\"><li class=\"g1-column g1-one-half g1-valign-middle\">\n<h2>Wdro\u017cenie Microsoft Dynamics NAV \u2013 EURO-2012<\/h2>\n<\/li><!-- -->\n<li class=\"g1-column g1-one-half g1-valign-middle\">\n<div align=\"center\"><img src=\"\/wp-content\/uploads\/2014\/07\/euro-2012-s1.jpg\" alt=\"EURO-2012 (UEFA)\" \/><\/div>\n<\/li><!-- --><\/ul>\n<div id=\"g1-divider-1\" class=\"g1-divider g1-divider--none g1-divider--noicon \"><\/div>\n<ul class=\"g1-grid\"><li class=\"g1-column g1-two-third g1-valign-top\">\n<h3><\/h3>\n<p><strong>Mistrzostwa Europy z pi\u0142ki no\u017cnej 2012 \u00a0(EURO-2012)<\/strong> \u00a0by\u0142y 14 mistrzostwami, odbywaj\u0105cymi si\u0119 raz na 4 lata pod patronatem UEFA. Turniej zosta\u0142 zorganizowany przez Polsk\u0119 i Ukrain\u0119 w czasie od 9 czerwca do 1 lipca 2012 roku. By\u0142 to 3 turniej w historii Mistrzostw Europy z pi\u0142ki no\u017cnej, kiedy to organizatorami by\u0142y dwa kraje. Pierwszym by\u0142y Mistrzostwa 2000 roku (Belgia i Holandia), drugim \u2013 Mistrzostwa Europy 2008 roku, zorganizowane w Austrii i Szwajcarii.<\/p>\n<h3>Sytuacja<\/h3>\n<p>\u017beby Euro 2012 odby\u0142o si\u0119 na Ukrainie, kraj musia\u0142 przeistoczy\u0107 si\u0119 w ca\u0142kowicie nowe pa\u0144stwo z lepsz\u0105 infrastruktur\u0105. Po\u015br\u00f3d g\u0142\u00f3wnych wymaga\u0144 by\u0142y: doko\u0144czenie budowy lotnisk \u201eBoryspil\u201d, \u201eKij\u00f3w\u201d, \u201eDonieck\u201d, \u201eLw\u00f3w\u201d; polepszenie stanu dr\u00f3g w miastach, w kt\u00f3rych odb\u0119dzie si\u0119 Euro; Strefy kibic\u00f3w itp.<\/p>\n<p>Du\u017co pyta\u0144 zwi\u0105zane by\u0142o z deadline\u2019ami realizacji projekt\u00f3w, sytuacji politycznej w kraju oraz innymi czynnikami, kt\u00f3re mog\u0105 wp\u0142yn\u0105\u0107 zar\u00f3wno pozytywnie jak i negatywnie na odbycie si\u0119 Euro 2012 na Ukrainie.<\/p>\n<p>Pa\u0144stwowym programem, kt\u00f3ry Parlament Ukrainy przyj\u0105\u0142 14 kwitnia w trakcie spotkania dotycz\u0105cego przygotowania do Euro, by\u0142o przeznaczenie na organizacj\u0119 26 miliard\u00f3w hrywien.<\/p>\n<h3>Rozwi\u0105zanie<\/h3>\n<p>Aby kontrolowa\u0107 \u015brodki pieni\u0119\u017cne przeznaczone na organizacj\u0119 mistrzostw Europy z pi\u0142ki no\u017cnej 2012 zosta\u0142 wybrany system ERP Microsoft Dynamics NAV.<\/p>\n<p>Projekt automatyzacji wszystkich biur regionalnych UEFA (siedziby w Szwajcarii, biur w Polsce i na Ukrainie) rozpocz\u0105\u0142 si\u0119 pod koniec listopada 2009 r. i wprowadzony do korzystania 1 stycznia 2010 r.<\/p>\n<p>Jako oficjalny partner systemu na Ukrainie zosta\u0142a wybrana firma SMART business. Specjali\u015bci organizacji mieli nast\u0119puj\u0105ce zadania do wykonania: zautomatyzowania ksi\u0119gowo\u015bci podatkowej, zasob\u00f3w ludzkich oraz ksi\u0119gowo\u015bci; przygotowania p\u0142ac zgodnie ze standardami krajowymi; realizacji napraw, dotycz\u0105cych konsolidacji i konwersji ukrai\u0144skiego sprawozdania zgodnie ze standardami MSSF.<\/p>\n<h3>Efekty<\/h3>\n<p>Zarz\u0105dzanie systemowe i kompleksowe dzia\u0142alno\u015bci\u0105 finansow\u0105, wdro\u017cone przez SMART business, stworzy\u0142o pod\u0142o\u017ce do maksymalnej efektywno\u015bci prac podczas przygotowania si\u0119 do Euro-2012.<\/p>\n<p>W ramach projektu przeprowadzono unifikacj\u0119 procedur dla Ukrainy i Polski, interfejs zosta\u0142 zoptymalizowany dla ko\u0144cowego u\u017cytkownika w taki spos\u00f3b, \u017ceby zaoszcz\u0119dzi\u0107 czas i wyeliminowa\u0107 b\u0142\u0119dy. Dodatkowo zosta\u0142 rozwi\u0105zany problem rozliczenia w walutach obcych zgodnie z kursem rynkowym pa\u0144stwa. Przeprowadzono to w celu wy\u015bwietlenia sprawozda\u0144 zarz\u0105dzaj\u0105cych w aktualnym stanie.<\/p>\n<p>W dniu dzisiejszym wszystkie operacje w Polsce i na Ukrainie przeprowadzane s\u0105 w walucie krajowej zgodnie z prawem lokalnym, a tak\u017ce w euro zgodnie ze standardami MSSF. Przy pomocy systemu u\u017cytkownicy formuj\u0105 okresowe raportowanie regulacyjne i podatkowe. System ERP jest wsp\u00f3ln\u0105 baz\u0105 danych dla wszystkich proces\u00f3w biznesowych UEFA. Praca systemu b\u0119dzie nadzorowana firm\u0105 doradcz\u0105 SMART business w trakcie ca\u0142ego projektu do ko\u0144ca 2013 roku.<\/p>\n<figure id=\"g1-quote-1\" class=\"g1-quote g1-quote--solid g1-quote--small \" ><div class=\"g1-inner\">\n<p>\u00abMicrosoft Dynamics NAV, opr\u00f3cz stadard\u00f3w mi\u0119dzynarodowych, spe\u0142nia tak\u017ce wymagania ukrai\u0144skiego ustawodawstwa oraz standard\u00f3w prowadzenia rachunkowo\u015bci i sprawozdawczo\u015bci podatkowej Ukrainy. Dzi\u0119ki temu, wprowadzaj\u0105c dane do systemu jeden raz, b\u0119dziemy mogli dosta\u0107 sprawozdanie na wyj\u015bciu zgodnie z dwoma standardami\u00bb.<\/p>\n<p>&nbsp;<\/p>\n<\/div><figcaption class=\"g1-meta\"><img src=\"\/wp-content\/uploads\/2013\/06\/quote_author_image_1_v01.jpg\" width=\"40\" height=\"40\" alt=\"Author&#039;s image\"\/><strong>Adam Zuchnyak<\/strong><span>Mened\u017cer ds. Bud\u017cetu, UEFA (Szwajcaria)<\/span><\/figcaption><\/figure>\n<figure id=\"g1-quote-2\" class=\"g1-quote g1-quote--solid g1-quote--small \" ><div class=\"g1-inner\">\n<p>\u00abProces realizacji tego projektu by\u0142 jednym z wa\u017cniejszych zada\u0144 podczas przygotowywania si\u0119 do EURO-2012, gdy\u017c wdro\u017cony system pom\u00f3g\u0142 w spos\u00f3b skonsolidowany zarz\u0105dza\u0107 przep\u0142ywami pieni\u0119\u017cnymi. To si\u0119 z kolei przyczyni\u0142o do unikni\u0119cia ewentualnego ryzyka, co te\u017c jest bardzo istotne bior\u0105c pod uwag\u0119 skal\u0119 danego wydarzenia. Wykorzystanie podobnego rodzaju projekt\u00f3w wymaga wi\u0119kszej wiedzy na temat przedmiotu projektu oraz metodyki wdro\u017cenia systemu i szczeg\u00f3\u0142owych umiej\u0119tno\u015bci funkcjonalnych. Z tego wzgl\u0119du pracownicy SMART business posiadaj\u0105 certyfikaty ACCA, PMI, Microsoft Dynamics. Dodatkowo maj\u0105 oni du\u017ce do\u015bwiadczenie w obszarze rozwi\u0105za\u0144 podobnego rodzaju zada\u0144 \u00bb.<\/p>\n<\/div><figcaption class=\"g1-meta\"><img src=\"\/wp-content\/uploads\/2014\/07\/krudnev.jpg\" width=\"40\" height=\"40\" alt=\"Author&#039;s image\"\/><strong>Kirill Rudnev<\/strong><span>Sales Director, SMART business<\/span><\/figcaption><\/figure>\n<h3>Informacje dodatkowen<\/h3>\n<p><strong>Mistrzostwa<\/strong> <strong>Europy<\/strong> <strong>z<\/strong> <strong>pi<\/strong><strong>\u0142<\/strong><strong>ki<\/strong> <strong>no<\/strong><strong>\u017c<\/strong><strong>nej<\/strong><strong> 2012\u00a0 (<\/strong><strong>EURO<\/strong><strong>-2012)<\/strong>\u00a0by\u0142y 14 mistrzostwami, odbywaj\u0105cymi si\u0119 raz na 4 lata pod patronatem UEFA.<br \/>\nDowiedz si\u0119 wi\u0119cej o turnieju na stronie\u00a0<a href=\"http:\/\/www.uefa.com\/\">www.uefa.com<\/a>.<\/p>\n<p>SMART business\u00a0jest dynamicznie rozwijaj\u0105c\u0105 si\u0119 firm\u0105 doradcz\u0105, kt\u00f3ra dostarcza nowoczesne rozwi\u0105zania do efektywnego zarz\u0105dzania przedsi\u0119biorstwem, us\u0142ugi w zakresie wdra\u017cania i rozwoju system\u00f3w biznesowych przez firm\u0119 Microsoft na platformie Microsoft Dynamics dla przedsi\u0119biorstw z r\u00f3\u017cnych sfer i rodzaj\u00f3w w\u0142asno\u015bci.<\/p>\n<p>Po wi\u0119cej informacji o produktach i us\u0142ugach SMART business zadzwo\u0144 na numer <strong>+380 44 585 3550<\/strong>\u00a0b\u0105d\u017a dowiedz si\u0119 na stronie\u00a0<a href=\"https:\/\/smart-it.com\/\">smart-it-prod.azurewebsites.net<\/a>.<\/p>\n<\/li><!-- -->\n<li class=\"g1-column g1-one-third g1-valign-top\">\n<div id=\"g1-box-counter-1\" class=\"g1-box g1-box--simple  g1-box--noicon\" ><div class=\"g1-box__inner\">\n<h4>Dowiedz si\u0119 wi\u0119cej o<\/h4>\n\n<ul id=\"g1-list-1\" class=\"g1-list--icon g1-list--simple \">\n<li><i class=\"icon-circle-arrow-right g1-list__icon\"><\/i><a href=\"\/industries\/professional-services\/\">Rozwi\u0105zania dla profesjonalnych us\u0142ug<\/a><\/li>\n<li><i class=\"icon-circle-arrow-right g1-list__icon\"><\/i><a href=\"\/products\/erp\/microsoft-dynamics-nav\/\">Microsoft Dynamics NAV<\/a><\/li>\n<\/ul>\n\n<\/div><\/div>\n<span id=\"g1-space-1\" class=\"g1-space \" style=\"height:25px;\"><\/span>\n<div id=\"g1-box-counter-2\" class=\"g1-box g1-box--simple  g1-box--icon\" ><i class=\"icon-list-alt g1-box__icon\"><\/i><div class=\"g1-box__inner\">\n<h4 style=\"text-align: center;\">Skontaktuj si\u0119 z nami aby uzyska\u0107 wi\u0119cej informacji<\/h4>\n<div align=\"center\"><a id=\"g1-button-1\" class=\"g1-button g1-button--medium g1-button--solid g1-button--standard \" href=\"\/company\/feedback\/message\/\" ><i class=\"icon-pencil\"><\/i>Zapytaj<\/a><\/div>\n<\/div><\/div>\n<div id=\"g1-box-counter-3\" class=\"g1-box g1-box--simple  g1-box--noicon\" ><div class=\"g1-box__inner\">\n<h4 style=\"text-align: center;\">Pobierz case study<\/h4>\n<div align=\"center\"><style type=\"text\/css\" scoped=\"scoped\">#g1-button-2.g1-button {background-color: #5078b4; border-color: #5078b4;}<\/style><a id=\"g1-button-2\" class=\"g1-button g1-button--medium g1-button--solid g1-button--standard \" href=\"#\" ><i class=\"icon-pencil\"><\/i>Pobierz\u00a0PDF<\/a><\/div>\n<\/div><\/div>\n<\/li><!-- --><\/ul>\n<div id=\"g1-divider-2\" class=\"g1-divider g1-divider--none g1-divider--icon \"><span><i class=\"icon-thumbs-up\"><\/i><\/span><\/div><\/div>\n","protected":false},"excerpt":{"rendered":"","protected":false},"author":2,"featured_media":0,"parent":7900,"menu_order":0,"comment_status":"closed","ping_status":"closed","template":"","meta":[],"_links":{"self":[{"href":"https:\/\/smart-it-prod-v3.azurewebsites.net\/pl\/wp-json\/wp\/v2\/pages\/7923"}],"collection":[{"href":"https:\/\/smart-it-prod-v3.azurewebsites.net\/pl\/wp-json\/wp\/v2\/pages"}],"about":[{"href":"https:\/\/smart-it-prod-v3.azurewebsites.net\/pl\/wp-json\/wp\/v2\/types\/page"}],"author":[{"embeddable":true,"href":"https:\/\/smart-it-prod-v3.azurewebsites.net\/pl\/wp-json\/wp\/v2\/users\/2"}],"replies":[{"embeddable":true,"href":"https:\/\/smart-it-prod-v3.azurewebsites.net\/pl\/wp-json\/wp\/v2\/comments?post=7923"}],"version-history":[{"count":1,"href":"https:\/\/smart-it-prod-v3.azurewebsites.net\/pl\/wp-json\/wp\/v2\/pages\/7923\/revisions"}],"predecessor-version":[{"id":34245,"href":"https:\/\/smart-it-prod-v3.azurewebsites.net\/pl\/wp-json\/wp\/v2\/pages\/7923\/revisions\/34245"}],"up":[{"embeddable":true,"href":"https:\/\/smart-it-prod-v3.azurewebsites.net\/pl\/wp-json\/wp\/v2\/pages\/7900"}],"wp:attachment":[{"href":"https:\/\/smart-it-prod-v3.azurewebsites.net\/pl\/wp-json\/wp\/v2\/media?parent=7923"}],"curies":[{"name":"wp","href":"https:\/\/api.w.org\/{rel}","templated":true}]}}