{"id":7920,"date":"2016-09-29T17:55:36","date_gmt":"2016-09-29T14:55:36","guid":{"rendered":"http:\/\/smart-it-prod.azurewebsites.net\/pl\/?page_id=7920"},"modified":"2021-06-16T11:30:13","modified_gmt":"2021-06-16T08:30:13","slug":"elit-ukraine","status":"publish","type":"page","link":"https:\/\/smart-it-prod-v3.azurewebsites.net\/pl\/klienci\/sucess-stories\/elit-ukraine\/","title":{"rendered":"Elit Ukraine"},"content":{"rendered":"<div class=\"stories\">\n<ul class=\"g1-grid\"><li class=\"g1-column g1-one-half g1-valign-middle\">\n<h2>Wdro\u017cenie TMS i WMS na platformie Microsoft Dynamics NAV w firmie \u201cElit \u2013 Ukraina\u201d<\/h2>\n<\/li><!-- -->\n<li class=\"g1-column g1-one-half g1-valign-middle\">\n<div align=\"center\"><img src=\"\/wp-content\/uploads\/2014\/07\/elit-ukraine-s1.jpg\" alt=\"Elit Ukraine\" \/><\/div>\n<\/li><!-- --><\/ul>\n<div id=\"g1-divider-1\" class=\"g1-divider g1-divider--none g1-divider--noicon \"><\/div>\n<ul class=\"g1-grid\"><li class=\"g1-column g1-two-third g1-valign-top\">\n<h3>O firmie<\/h3>\n<p><b>&#8222;ELIT Ukraine&#8221;\u00a0<\/b>importuje i sprzedaje cz\u0119\u015bci zapasowe dla samochod\u00f3w osobowych, ci\u0119\u017carowych, dostawczych i motocykli. \u201cElit \u2013 Ukraina\u201d jest ukrai\u0144skim przedstawicielem grupy ELIT, kt\u00f3ra z kolei dzia\u0142a na terytorium Czech od ponad 17 lat. ELIT wchodzi do sk\u0142adu w\u0142oskiej grupy handlowej Rhiag, maj\u0105cej obr\u00f3t rocznie powy\u017cej 400 mln. Euro. Dzisiaj firmy grupy ELIT dzia\u0142aj\u0105 na Ukrainie, S\u0142owacji, w Rumunii i Czechach.<\/p>\n<p>Centrum mi\u0119dzynarodowego systemu logicznego ELIT jest nowoczesny magazyn w Pradze, maj\u0105cy 12 000 metr\u00f3w kwadratowych, w kt\u00f3rym ulokowane s\u0105 78 000 rodzaj\u00f3w produkt\u00f3w (oko\u0142o 2 000 000 cz\u0119\u015bci samochodowych).<\/p>\n<h3>Sytuacja<\/h3>\n<p>Na Ukrainie firma ELIT posiada biura w 10 du\u017cych miastach: w Kijowie, Dniepropietrowsku, Doniecku, Zaporo\u017cu, Charkowie, Krzywym Rogu, Czerkasach,\u00a0 we Lwowie, Odessie i U\u017chorodzie, co pozwala wsp\u00f3\u0142pracowa\u0107 z serwisami samochodowymi z ca\u0142ego kraju, niezale\u017cnie od ich lokalizacji.<\/p>\n<p>Potrzeba we wdro\u017ceniu procedury logistycznej do og\u00f3lnej struktury informacyjnej kompanii (bior\u0105c pod uwag\u0119 geograficzne rozpowszechnienie jednostek) przyczyni\u0142a si\u0119 do pocz\u0105tku w\u0105sko wyspecjalizowanego projektu polegaj\u0105cego na projektowaniu systemu logistycznego z firm\u0105 SMART business.<\/p>\n<p>Kluczowymi zadaniami projektu by\u0142o: projektowanie efektywnego systemu zarz\u0105dzania transportem i magazynem, w kt\u00f3rym realizowany jest ca\u0142y spis posiadanych procedur logistycznych, \u0142\u0105cznie z wysokim tempem rozwoju firmy i ci\u0105gle zmieniaj\u0105cych si\u0119 potrzeb klienta, a tak\u017ce stworzenie og\u00f3lnej przestrzeni informacyjnej pomi\u0119dzy biurem w Kijowie a biurem w Czechach.<\/p>\n<h3>Rozwi\u0105zanie<\/h3>\n<p>Rozwi\u0105zaniaWMS i TMS na platformie Microsoft Dynamics NAV wybrane by\u0142y, jako najlepiej spe\u0142niaj\u0105ce wymagania firmy.<\/p>\n<p><b>WMS<\/b> <i>(Warehouse Management System)<\/i> \u2014 jest systemem zabezpieczaj\u0105cym automatyzacj\u0119 zarz\u0105dzania procesami magazynowymi.<br \/>\n<b>TMS<\/b> <i>(Transport Management System)<\/i> \u2014\u00a0jest systemem zabezpieczaj\u0105cym automatyzacj\u0119 zarz\u0105dzania ruchu transportowego i \u0142adunkami.<\/p>\n<p>Oba rozwi\u0105zania oparte s\u0105 na standardowej funkcjonalno\u015bci systemu Microsoft Dynamics NAV i s\u0105 \u015bci\u015ble zintegrowane ze sob\u0105.<\/p>\n<p>Rozwi\u0105zanie SMART WMS Solution pozwala zautomatyzowa\u0107 operacje rachunkowo\u015bci magazynowej, przyspieszy\u0107 ich wykonanie i polepszy\u0107 precyzj\u0119, podzieli\u0107 procesy na mniej skomplikowane czynno\u015bci, (przy czym, u\u0142atwi\u0107 wprowadzenie danych do systemu), realizuj\u0105c jednocze\u015bnie skomplikowany system przep\u0142ywu materia\u0142\u00f3w. Wszystkie unikatowe dopracowania WMS i TMS zosta\u0142y opracowane w taki spos\u00f3b, by mog\u0142y jednocze\u015bnie dzia\u0142a\u0107 zar\u00f3wno standardowa funkcjonalno\u015b\u0107 jak i proponowane rozwi\u0105zanie. Interfejsy rozwi\u0105za\u0144 adaptowane s\u0105 do pracy na bezprzewodowych terminalach zbierania informacji, przy czym gwarantuj\u0105 one \u0142atwo\u015b\u0107 pracuj\u0105cemu na magazynie u\u017cytkownikowi ko\u0144cowemu.<\/p>\n<p>Rozwi\u0105zanie SMART TMS pomaga zautomatyzowa\u0107 proces planowania i zarz\u0105dzania transportem, przy\u015bpieszy\u0107 ich wykonanie, zagwarantowa\u0107 prawid\u0142owo\u015b\u0107 sprawozda\u0144 i kontrol\u0119. Dokumenty w systemie, kt\u00f3re mog\u0105 by\u0107 uwzgl\u0119dnione przy obliczaniu taryf i w trakcie przewozu: zam\u00f3wienie, zwrot zakup\u00f3w, zam\u00f3wienie sprzeda\u017cy, zwrot sprzeda\u017cy, transfer (pomi\u0119dzy magazynami), wysy\u0142ka magazynowa (wysy\u0142ka z magazynu bez uwzgl\u0119dnienia rachunku faktury).<\/p>\n<p>W rozwi\u0105zaniu SMART TMS dla stworzenia tras ruchu wykorzystywane s\u0105 Gooogle Maps i Microsoft MapPoint.<\/p>\n<figure id=\"g1-quote-1\" class=\"g1-quote g1-quote--solid g1-quote--small \" ><div class=\"g1-inner\">\n<p>\u00abWdro\u017cony system pom\u00f3g\u0142 firmie Elit Ukraina zorganizowa\u0107 zdaln\u0105 obs\u0142ug\u0119 i zapewni\u0107 dost\u0119p wszystkim krajowym u\u017cytkownikom. Dodatkowo w spos\u00f3b optymalny uda\u0142o si\u0119 zorganizowa\u0107 system wymiany informacjami z siedzib\u0105 w Czechach, przy czym tak\u017ce zminimalizowa\u0107 czynnik ludzki i wyeliminowa\u0107 b\u0142\u0119dy w trakcie dostawy\u00bb.<\/p>\n<\/div><figcaption class=\"g1-meta\"><img src=\"\/wp-content\/uploads\/2014\/07\/krudnev.jpg\" width=\"40\" height=\"40\" alt=\"Author&#039;s image\"\/><strong>Kirill Rudnev<\/strong><span>Sales Director, SMART business<\/span><\/figcaption><\/figure>\n<h3>Efekty<\/h3>\n<p>A zatem, Elit Ukraina dosta\u0142a nie tylko niezb\u0119dny instrument, dzi\u0119ki kt\u00f3remu uda\u0142o si\u0119 zwi\u0119kszy\u0107 obr\u00f3t towarowy, kontroluj\u0105c przy tym efektywno\u015b\u0107 wykorzystania przestrzeni magazynowej, ale tak\u017ce system z mo\u017cliwo\u015bci\u0105 dalszej skalowalno\u015bci. Szczeg\u00f3\u0142owe uwzgl\u0119dnienie takich parametr\u00f3w jak waga, miejsce, trasa, przewo\u017anik, ruch przychodz\u0105cy i wychodz\u0105cy, znacznie zmniejsza koszty transportu i zwi\u0119ksza efektywno\u015b\u0107 jego wykorzystania.<\/p>\n<figure id=\"g1-quote-2\" class=\"g1-quote g1-quote--solid g1-quote--small \" ><div class=\"g1-inner\">\n<p>\u00abDzi\u0119ki rozwi\u0105zaniu wdro\u017conemu przez SMART business uda\u0142o si\u0119 zmniejszy\u0107 koszty produkcji, co z kolei spowodowa\u0142o wzrost efektywno\u015bci zarz\u0105dzania magazynem poprzez operacyjn\u0105 logistyk\u0119. Zam\u00f3wiona z Pragi pozycja trafia do Kijowa w ci\u0105gu tygodnia, a z Kijowa do dowolnego miejsca na Ukrainie w ci\u0105gu tylko 24 godzin\u00bb.<\/p>\n<\/div><figcaption class=\"g1-meta\"><img src=\"\/wp-content\/uploads\/2013\/06\/quote_author_image_1_v01.jpg\" width=\"40\" height=\"40\" alt=\"Author&#039;s image\"\/><strong>Sergey Koblinskiy<\/strong><span>Dyrektor Generalny, ELIT Ukraine<\/span><\/figcaption><\/figure>\n<h3>Informacja dodatkowa<\/h3>\n<p>Elit Ukraina jest g\u0142\u00f3wnym dostawc\u0105 cz\u0119\u015bci samochodowych dla samochod\u00f3w osobowych, ci\u0119\u017carowych, dostawczych i motocykli. Spo\u015br\u00f3d us\u0142ug firmy s\u0105 tak\u017ce rozwi\u0105zania kompleksowe dla serwisu samochodowego: eTech na bazie bazy danych VIVID dla prac naprawczych, kt\u00f3ra pozwala tak\u017ce rozlicza\u0107 warto\u015b\u0107 naprawy zgodnie ze stawkami na godzin\u0119, prowadzi\u0107 histori\u0119 zam\u00f3wie\u0144 i baz\u0119 klient\u00f3w, systemowy online katalog\u00a0 eCAT dla wyboru i zam\u00f3wienia cz\u0119\u015bci samochodowych, \u0142\u0105cznie z zam\u00f3wieniami internetowymi B2B.<\/p>\n<p>Wi\u0119cej o produktach i us\u0142ugach firmy Elit Ukraina mo\u017cna si\u0119 dowiedzie\u0107 dzwoni\u0105c na numer +38 (044) 501-35-00 b\u0105d\u017a odwiedzaj\u0105c stron\u0119 <a href=\"http:\/\/www.elit.ua\/\">www.elit.ua<\/a>.<\/p>\n<p>SMART business\u00a0jest dynamicznie rozwijaj\u0105c\u0105 si\u0119 firm\u0105 doradcz\u0105, kt\u00f3ra dostarcza nowoczesne rozwi\u0105zania do efektywnego zarz\u0105dzania przedsi\u0119biorstwem, us\u0142ugi w zakresie wdra\u017cania i rozwoju system\u00f3w biznesowych przez firm\u0119 Microsoft na platformie Microsoft Dynamics dla przedsi\u0119biorstw z r\u00f3\u017cnych sfer i rodzaj\u00f3w w\u0142asno\u015bci.<\/p>\n<p>Wi\u0119cej informacji na temat produkt\u00f3w i us\u0142ug Smart Business zadzwo\u0144\u00a0<b>+38 (044) 585-35-50<\/b>\u00a0b\u0105d\u017a odwiedzaj\u0105c stron\u0119 <a href=\"https:\/\/smart-it.com\/\">smart-it-prod.azurewebsites.net<\/a>.<\/p>\n<\/li><!-- -->\n<li class=\"g1-column g1-one-third g1-valign-top\">\n<div id=\"g1-box-counter-1\" class=\"g1-box g1-box--simple  g1-box--noicon\" ><div class=\"g1-box__inner\">\n<h4>Dowiedz si\u0119 wi\u0119cej o<\/h4>\n\n<ul id=\"g1-list-1\" class=\"g1-list--icon g1-list--simple \">\n<li><i class=\"icon-circle-arrow-right g1-list__icon\"><\/i><a href=\"\/industries\/distribution\/\">Rozwi\u0105zania dla dystrybucji<\/a><\/li>\n<li><i class=\"icon-circle-arrow-right g1-list__icon\"><\/i><a href=\"https:\/\/smart-it.com\/pl\/produkty\/rozwiazania-erp\/\">Microsoft Dynamics NAV<\/a><\/li>\n<\/ul>\n\n<\/div><\/div>\n<span id=\"g1-space-1\" class=\"g1-space \" style=\"height:25px;\"><\/span>\n<div id=\"g1-box-counter-2\" class=\"g1-box g1-box--simple  g1-box--icon\" ><i class=\"icon-list-alt g1-box__icon\"><\/i><div class=\"g1-box__inner\">\n<h4 style=\"text-align: center;\">Skontaktuj si\u0119 z nami aby uzyska\u0107 wi\u0119cej informacji<\/h4>\n<div align=\"center\"><a id=\"g1-button-1\" class=\"g1-button g1-button--medium g1-button--solid g1-button--standard \" href=\"\/company\/feedback\/message\/\" ><i class=\"icon-pencil\"><\/i>Zapytaj<\/a><\/div>\n<\/div><\/div>\n<div id=\"g1-box-counter-3\" class=\"g1-box g1-box--simple  g1-box--noicon\" ><div class=\"g1-box__inner\">\n<h4 style=\"text-align: center;\">Pobierz case study<\/h4>\n<div align=\"center\"><style type=\"text\/css\" scoped=\"scoped\">#g1-button-2.g1-button {background-color: #5078b4; border-color: #5078b4;}<\/style><a id=\"g1-button-2\" class=\"g1-button g1-button--medium g1-button--solid g1-button--standard \" href=\"#\" ><i class=\"icon-pencil\"><\/i>Pobierz\u00a0PDF<\/a><\/div>\n<\/div><\/div>\n<\/li><!-- --><\/ul>\n<div id=\"g1-divider-2\" class=\"g1-divider g1-divider--none g1-divider--icon \"><span><i class=\"icon-thumbs-up\"><\/i><\/span><\/div>\n<\/div>\n","protected":false},"excerpt":{"rendered":"","protected":false},"author":2,"featured_media":0,"parent":7900,"menu_order":0,"comment_status":"closed","ping_status":"closed","template":"","meta":[],"_links":{"self":[{"href":"https:\/\/smart-it-prod-v3.azurewebsites.net\/pl\/wp-json\/wp\/v2\/pages\/7920"}],"collection":[{"href":"https:\/\/smart-it-prod-v3.azurewebsites.net\/pl\/wp-json\/wp\/v2\/pages"}],"about":[{"href":"https:\/\/smart-it-prod-v3.azurewebsites.net\/pl\/wp-json\/wp\/v2\/types\/page"}],"author":[{"embeddable":true,"href":"https:\/\/smart-it-prod-v3.azurewebsites.net\/pl\/wp-json\/wp\/v2\/users\/2"}],"replies":[{"embeddable":true,"href":"https:\/\/smart-it-prod-v3.azurewebsites.net\/pl\/wp-json\/wp\/v2\/comments?post=7920"}],"version-history":[{"count":1,"href":"https:\/\/smart-it-prod-v3.azurewebsites.net\/pl\/wp-json\/wp\/v2\/pages\/7920\/revisions"}],"predecessor-version":[{"id":34249,"href":"https:\/\/smart-it-prod-v3.azurewebsites.net\/pl\/wp-json\/wp\/v2\/pages\/7920\/revisions\/34249"}],"up":[{"embeddable":true,"href":"https:\/\/smart-it-prod-v3.azurewebsites.net\/pl\/wp-json\/wp\/v2\/pages\/7900"}],"wp:attachment":[{"href":"https:\/\/smart-it-prod-v3.azurewebsites.net\/pl\/wp-json\/wp\/v2\/media?parent=7920"}],"curies":[{"name":"wp","href":"https:\/\/api.w.org\/{rel}","templated":true}]}}