{"id":7908,"date":"2016-09-28T17:48:24","date_gmt":"2016-09-28T14:48:24","guid":{"rendered":"http:\/\/smart-it-prod.azurewebsites.net\/pl\/?page_id=7908"},"modified":"2021-06-16T11:32:28","modified_gmt":"2021-06-16T08:32:28","slug":"antonio-merloni","status":"publish","type":"page","link":"https:\/\/smart-it-prod-v3.azurewebsites.net\/pl\/klienci\/sucess-stories\/antonio-merloni\/","title":{"rendered":"Antonio Merloni"},"content":{"rendered":"<div class=\"stories\">\n<ul class=\"g1-grid\"><li class=\"g1-column g1-one-half g1-valign-middle\">\n<h2>Wdra\u017canie Microsoft Dynamics NAV w koncernie Antonio Merloni S.p.A.<\/h2>\n<\/li><!-- -->\n<li class=\"g1-column g1-one-half g1-valign-middle\">\n<div align=\"center\"><img src=\"\/wp-content\/uploads\/2014\/07\/antonio-merloni-st1.jpg\" alt=\"Antonio Merloni S.p.A. Group of companies\" \/><\/div>\n<\/li><!-- --><\/ul>\n<div id=\"g1-divider-1\" class=\"g1-divider g1-divider--none g1-divider--noicon \"><\/div>\n<ul class=\"g1-grid\"><li class=\"g1-column g1-two-third g1-valign-top\">\n<h3>O firmie<\/h3>\n<p><strong>Koncern Antonio Merloni S.p.A.<\/strong> jest jednym z najwi\u0119kszych producent\u00f3w sprz\u0119tu AGD w Europie, kt\u00f3ry ju\u017c od ponad 40 lat produkuje artyku\u0142y przemys\u0142owe na najwy\u017cszym technologicznym poziomie.<\/p>\n<p>Firma specjalizuje si\u0119 w produkcji sprz\u0119tu AGD du\u017cych rozmiar\u00f3w: sprz\u0119t ch\u0142odniczy (lod\u00f3wki, zamra\u017carki, lady mro\u017anicze), pralki, maszyny do mycia i suszenia, suszarki, kuchenki, kuchenne systemy wentylacyjne.. Jednym z brend\u00f3w kluczowych firmy jest marka ARDO.<br \/>\nCa\u0142a produkcja koncernu ma certyfikat Unii Europejskiej i spe\u0142nia wszystkie wymagania odno\u015bnie, jako\u015bci, oszcz\u0119dzania energii i ekonomiczno\u015bci, oddzia\u0142owuj\u0105c przy tym w spos\u00f3b pozytywny na otoczenie (certyfikaty ISO 9001, 14001 oraz inne).<br \/>\nKoncern Antonio Merloni S.p.A znany jest w wi\u0119kszo\u015bci krajach dzi\u0119ki swojej jako\u015bci produkcji, szerokiej gamie produkcji, technologiczno\u015bci, doskona\u0142o\u015bci wygl\u0105du i funkcjonalno\u015bci produkowanych wyrob\u00f3w.<\/p>\n<h3>Sytuacja<\/h3>\n<p>Wraz z otwarciem na Ukrainie firmy produkcyjnej, dla zagwarantowania jej dynamicznego wzrostu biznesowego zosta\u0142a przyj\u0119ta decyzja o wdro\u017ceniu systemu ERP, kt\u00f3ry pozwoli\u0142by na po\u0142\u0105czenie wszystkich proces\u00f3w biznesowych firmy do wsp\u00f3lnej przestrzeni informacyjnej.<\/p>\n<figure id=\"g1-quote-1\" class=\"g1-quote g1-quote--solid g1-quote--small \" ><div class=\"g1-inner\">\n<p>\u00abDla nas wa\u017cne s\u0105 jako\u015b\u0107 informacji i jej aktualno\u015b\u0107. Wysokie standardy koncernu Antonio Merloni S.p.A wymagaj\u0105 dok\u0142adnego projektowania i planowania rachunkowo\u015bci, ca\u0142o\u015bci i przejrzysto\u015bci otrzymywanej informacji\u00bb.<\/p>\n<\/div><figcaption class=\"g1-meta\"><img src=\"\/wp-content\/uploads\/2013\/06\/quote_author_image_1_v01.jpg\" width=\"40\" height=\"40\" alt=\"Author&#039;s image\"\/><strong>Igor Skibizkiy<\/strong><span>Mened\u017cer planowania produkcji firmy \u201eUkrai\u0144ski sprz\u0119t AGD\u201d (koncern Merloni)<\/span><\/figcaption><\/figure>\n<p>Firma rozwa\u017ca\u0142a kilka opcji rozwi\u0105za\u0144. Ostateczna decyzja pad\u0142a na korzy\u015b\u0107 rozwi\u0105zania Microsoft Dynamics NAV 4.0. G\u0142\u00f3wnymi czynnikami, kt\u00f3re wp\u0142yn\u0119\u0142y na t\u0119 decyzj\u0119, by\u0142y szeroki procent obejmowania potrzebnych proces\u00f3w biznesowych i stosunkowo niski koszt utrzymania.<\/p>\n<h3>Rozwi\u0105zanie<\/h3>\n<p>Projekt wdro\u017cenia zosta\u0142 podzielony na 2 etapy. Na pocz\u0105tku zosta\u0142 wdro\u017cony modu\u0142 finansowy, kt\u00f3ry obejmowa\u0142 lokalizacje rachunkowo\u015bci i ksi\u0119gowo\u015bci podatkowej. To z kolei pomog\u0142o prowadzi\u0107 ewidencj\u0119 w systemie jeszcze przed otwarciem linii produkcyjnej.<\/p>\n<p>Drugim etapem by\u0142a automatyzacja logistyki i produkcji. Logistyczne procesy biznesowe obejmowa\u0142y pe\u0142ny cykl obiegu towarowego, od zam\u00f3wienia surowc\u00f3w i niezb\u0119dnych komponent\u00f3w u dostawcy po wysy\u0142k\u0119 gotowej produkcji z magazynu. Produkcja obejmowa\u0142a skonsolidowane planowanie na podstawie prognozy sprzeda\u017cy, zarz\u0105dzanie obci\u0105\u017ceniem ko\u0144cowej linii monta\u017cowej, ewidencj\u0119 realizacji zlece\u0144 oraz harmonogramu sklep\u00f3w prepack\u00a0 na linii ko\u0144cowego monta\u017cu.<\/p>\n<p>Na etapie ko\u0144cowym cel automatyzacji zosta\u0142 osi\u0105gni\u0119ty przy wykorzystaniu 90% standardowej funkcjonalno\u015bci. Istotne badania wyst\u0105pi\u0142y dopiero w CRP (Pojemno\u015b\u0107 modu\u0142u Resource Planning), gdzie zosta\u0142 opracowany tak zwany \u00abMistrz linii wyr\u00f3wnuj\u0105cej\u00bb.<\/p>\n<figure id=\"g1-quote-2\" class=\"g1-quote g1-quote--solid g1-quote--small \" ><div class=\"g1-inner\">\n<p>\u00abCech\u0105 wyr\u00f3\u017cniaj\u0105c\u0105 projektu jest to, \u017ce wdra\u017canie odbywa\u0142o si\u0119 jednocze\u015bnie z rozkr\u0119ceniem dzia\u0142alno\u015bci firmy na Ukrainie, co z kolei pomog\u0142o opracowa\u0107 logik\u0119 wdro\u017cenia wykorzystuj\u0105c przy tym standardow\u0105 prawie niezmienion\u0105 funkcjonalno\u015b\u0107. Pomog\u0142o to tak\u017ce zabezpieczy\u0107 si\u0119 przed typowym dla danego wdro\u017cenia ryzykiem\u00bb.<\/p>\n<\/div><figcaption class=\"g1-meta\"><img src=\"\/wp-content\/uploads\/2014\/07\/krudnev.jpg\" width=\"40\" height=\"40\" alt=\"Author&#039;s image\"\/><strong>Kirill Rudnev<\/strong><span>Sales Director, SMART business<\/span><\/figcaption><\/figure>\n<h3>Efekty<\/h3>\n<p>Dzi\u0119ki zrealizowanemu projektowi zautomatyzowane zosta\u0142y wszystkie aspekty dzia\u0142alno\u015bci organizacji: finanse, logistyka, sprzeda\u017c, produkcja. Dodatkowo zosta\u0142a wdro\u017cona ukrai\u0144ska lokalizacja i sprawozdawczo\u015b\u0107 zarz\u0105dcza zgodnie ze standardami mi\u0119dzynarodowymi. Gotowe rozwi\u0105zanie zgodne jest tak\u017ce z ukrai\u0144skim ustawodawstwem w obszarze prowadzenia rachunkowo\u015bci i sprawozdawczo\u015bci finansowej.<\/p>\n<h3>Additional information<\/h3>\n<p><strong>Koncern Antonio Merloni S.p.A<\/strong>. jest jednym z najwi\u0119kszych producent\u00f3w sprz\u0119tu AGD w Europie, kt\u00f3ry specjalizuje si\u0119 w produkcji sprz\u0119tu AGD du\u017cych rozmiar\u00f3w.<\/p>\n<p>Wi\u0119cej o produkcji koncernu Antonio Merloni S.p.A mo\u017cna dowiedzie\u0107 si\u0119 na stronie \u00a0<a href=\"http:\/\/www.antoniomerloni.it\" target=\"_blank\" rel=\"noopener\">www.antoniomerloni.it<\/a>.<\/p>\n<p><b>SMART business<\/b>\u00a0jest dynamicznie rozwijaj\u0105c\u0105 si\u0119 firm\u0105 doradcz\u0105, kt\u00f3ra oferuje wsp\u00f3\u0142czesne rozwi\u0105zania dla efektywnego zarz\u0105dzania biznesem, us\u0142ugi dotycz\u0105ce wdro\u017cenia i rozwoju system\u00f3w biznesowych firmy Microsoft przy wykorzystaniu platformy Microsoft Dynamic \u00ae dla przedsi\u0119biorstw r\u00f3\u017cnych bran\u017c i form w\u0142asno\u015bci.<\/p>\n<p>Wi\u0119cej o produktach i us\u0142ugach firmy SMART business mo\u017cna dowiedzie\u0107 si\u0119 dzwoni\u0105c na numer\u00a0<b>+38 (044) 585-35-50<\/b>\u00a0b\u0105d\u017a na stronie\u00a0 <a href=\"https:\/\/smart-it.com\" target=\"_blank\" rel=\"noopener\">smart-it-prod.azurewebsites.net<\/a>.<\/p>\n<\/li><!-- -->\n<li class=\"g1-column g1-one-third g1-valign-top\">\n<div id=\"g1-box-counter-1\" class=\"g1-box g1-box--simple  g1-box--noicon\" ><div class=\"g1-box__inner\">\n<h4>Dowiedz si\u0119 wi\u0119cej o<\/h4>\n\n<ul id=\"g1-list-1\" class=\"g1-list--icon g1-list--simple \">\n<li><i class=\"icon-circle-arrow-right g1-list__icon\"><\/i><a href=\"\/industries\/manufacturing\/\">Rozwi\u0105zania dla przemys\u0142u<\/a><\/li>\n<li><i class=\"icon-circle-arrow-right g1-list__icon\"><\/i><a href=\"\/products\/erp\/microsoft-dynamics-nav\/\">Microsoft Dynamics NAV<\/a><\/li>\n<\/ul>\n\n<\/div><\/div>\n<span id=\"g1-space-1\" class=\"g1-space \" style=\"height:25px;\"><\/span>\n<div id=\"g1-box-counter-2\" class=\"g1-box g1-box--simple  g1-box--icon\" ><i class=\"icon-list-alt g1-box__icon\"><\/i><div class=\"g1-box__inner\">\n<h4 style=\"text-align: center;\">Skontaktuj si\u0119 z nami aby uzyska\u0107 wi\u0119cej informacji<\/h4>\n<div align=\"center\"><a id=\"g1-button-1\" class=\"g1-button g1-button--medium g1-button--solid g1-button--standard \" href=\"\/company\/feedback\/message\/\" ><i class=\"icon-pencil\"><\/i>Zapytaj<\/a><\/div>\n<\/div><\/div>\n<div id=\"g1-box-counter-3\" class=\"g1-box g1-box--simple  g1-box--noicon\" ><div class=\"g1-box__inner\">\n<h4 style=\"text-align: center;\">Pobierz histori\u0119<\/h4>\n<div align=\"center\"><style type=\"text\/css\" scoped=\"scoped\">#g1-button-2.g1-button {background-color: #5078b4; border-color: #5078b4;}<\/style><a id=\"g1-button-2\" class=\"g1-button g1-button--medium g1-button--solid g1-button--standard \" href=\"#\" ><i class=\"icon-pencil\"><\/i>Pobierz\u00a0PDF<\/a><\/div>\n<\/div><\/div>\n<\/li><!-- --><\/ul>\n<div id=\"g1-divider-2\" class=\"g1-divider g1-divider--none g1-divider--icon \"><span><i class=\"icon-thumbs-up\"><\/i><\/span><\/div>\n<\/div>\n","protected":false},"excerpt":{"rendered":"","protected":false},"author":2,"featured_media":0,"parent":7900,"menu_order":0,"comment_status":"closed","ping_status":"closed","template":"","meta":[],"_links":{"self":[{"href":"https:\/\/smart-it-prod-v3.azurewebsites.net\/pl\/wp-json\/wp\/v2\/pages\/7908"}],"collection":[{"href":"https:\/\/smart-it-prod-v3.azurewebsites.net\/pl\/wp-json\/wp\/v2\/pages"}],"about":[{"href":"https:\/\/smart-it-prod-v3.azurewebsites.net\/pl\/wp-json\/wp\/v2\/types\/page"}],"author":[{"embeddable":true,"href":"https:\/\/smart-it-prod-v3.azurewebsites.net\/pl\/wp-json\/wp\/v2\/users\/2"}],"replies":[{"embeddable":true,"href":"https:\/\/smart-it-prod-v3.azurewebsites.net\/pl\/wp-json\/wp\/v2\/comments?post=7908"}],"version-history":[{"count":1,"href":"https:\/\/smart-it-prod-v3.azurewebsites.net\/pl\/wp-json\/wp\/v2\/pages\/7908\/revisions"}],"predecessor-version":[{"id":34258,"href":"https:\/\/smart-it-prod-v3.azurewebsites.net\/pl\/wp-json\/wp\/v2\/pages\/7908\/revisions\/34258"}],"up":[{"embeddable":true,"href":"https:\/\/smart-it-prod-v3.azurewebsites.net\/pl\/wp-json\/wp\/v2\/pages\/7900"}],"wp:attachment":[{"href":"https:\/\/smart-it-prod-v3.azurewebsites.net\/pl\/wp-json\/wp\/v2\/media?parent=7908"}],"curies":[{"name":"wp","href":"https:\/\/api.w.org\/{rel}","templated":true}]}}