{"id":7902,"date":"2016-09-27T18:08:06","date_gmt":"2016-09-27T15:08:06","guid":{"rendered":"http:\/\/smart-it-prod.azurewebsites.net\/pl\/?page_id=7902"},"modified":"2016-09-27T18:08:06","modified_gmt":"2016-09-27T15:08:06","slug":"message","status":"publish","type":"page","link":"https:\/\/smart-it-prod-v3.azurewebsites.net\/pl\/company\/feedback\/message\/","title":{"rendered":"Wy\u015blij wiadomo\u015b\u0107"},"content":{"rendered":"<ul class=\"g1-grid\"><li class=\"g1-column g1-one-third g1-valign-top\">\n<h3>Feedback<\/h3>\n<hr \/>\n<\/li><!-- -->\n<li class=\"g1-column g1-two-third g1-valign-top\">\n<h2>Wy\u015blij nam wiadomo\u015b\u0107<\/h2>\n<hr \/>\n<\/li><!-- --><\/ul>\n<ul class=\"g1-grid\"><li class=\"g1-column g1-one-third g1-valign-top\">\n<h4><i id=\"icon-1\" class=\"icon-envelope g1-icon g1-icon--simple g1-icon--small g1-icon--inherit \"><\/i> <a href=\"\/company\/feedback\/message\/\">Wy\u015blij nam wiadomo\u015b\u0107<\/a><\/h4>\n<h4><i id=\"icon-2\" class=\"icon-phone g1-icon g1-icon--simple g1-icon--small g1-icon--inherit \"><\/i> <a href=\"https:\/\/smart-it.com\/company\/feedback\/call\/\" target=\"_blank\" rel=\"nofollow\">Um\u00f3w kontakt<\/a><\/h4>\n<h4><i id=\"icon-3\" class=\"icon-picture g1-icon g1-icon--simple g1-icon--small g1-icon--inherit \"><\/i>\u00a0<a href=\"https:\/\/smart-it.com\/company\/feedback\/demo\/\" target=\"_blank\" rel=\"nofollow\">Zam\u00f3w prezentacj\u0119<\/a><\/h4>\n<\/li><!-- -->\n<li class=\"g1-column g1-two-third g1-valign-top\">\n<div role=\"form\" class=\"wpcf7\" id=\"wpcf7-f3624-o1\" lang=\"en-US\" dir=\"ltr\">\n<div class=\"screen-reader-response\"><p role=\"status\" aria-live=\"polite\" aria-atomic=\"true\"><\/p> <ul><\/ul><\/div>\n<form action=\"\/pl\/wp-json\/wp\/v2\/pages\/7902#wpcf7-f3624-o1\" method=\"post\" class=\"wpcf7-form init\" novalidate=\"novalidate\" data-status=\"init\">\n<div style=\"display: none;\">\n<input type=\"hidden\" name=\"_wpcf7\" value=\"3624\" \/>\n<input type=\"hidden\" name=\"_wpcf7_version\" value=\"5.5.3\" \/>\n<input type=\"hidden\" name=\"_wpcf7_locale\" value=\"en_US\" \/>\n<input type=\"hidden\" name=\"_wpcf7_unit_tag\" value=\"wpcf7-f3624-o1\" \/>\n<input type=\"hidden\" name=\"_wpcf7_container_post\" value=\"0\" \/>\n<input type=\"hidden\" name=\"_wpcf7_posted_data_hash\" value=\"\" \/>\n<\/div>\n<p><b>Full Name (Last Name, First Name)<\/b> <i>(required)<\/i><br \/>\n    <span class=\"wpcf7-form-control-wrap your-name\"><input type=\"text\" name=\"your-name\" value=\"\" size=\"40\" maxlength=\"150\" class=\"wpcf7-form-control wpcf7-text wpcf7-validates-as-required\" aria-required=\"true\" aria-invalid=\"false\" \/><\/span> <\/p>\n<p><b>Phone<\/b> <i>(required)<\/i><br \/>\n    <span class=\"wpcf7-form-control-wrap your-phone\"><input type=\"tel\" name=\"your-phone\" value=\"\" size=\"40\" maxlength=\"50\" class=\"wpcf7-form-control wpcf7-text wpcf7-tel wpcf7-validates-as-required wpcf7-validates-as-tel\" aria-required=\"true\" aria-invalid=\"false\" \/><\/span> <\/p>\n<p><b>Email<\/b> <i>(required)<\/i><br \/>\n    <span class=\"wpcf7-form-control-wrap your-email\"><input type=\"email\" name=\"your-email\" value=\"\" size=\"40\" maxlength=\"100\" class=\"wpcf7-form-control wpcf7-text wpcf7-email wpcf7-validates-as-required wpcf7-validates-as-email\" aria-required=\"true\" aria-invalid=\"false\" \/><\/span> <\/p>\n<p><b>Company<\/b> <i>(required)<\/i><br \/>\n    <span class=\"wpcf7-form-control-wrap your-company\"><input type=\"text\" name=\"your-company\" value=\"\" size=\"40\" maxlength=\"160\" class=\"wpcf7-form-control wpcf7-text wpcf7-validates-as-required\" aria-required=\"true\" aria-invalid=\"false\" \/><\/span> <\/p>\n<p><b>Your Question<\/b> <i>(required)<\/i><br \/>\n    <span class=\"wpcf7-form-control-wrap your-message\"><textarea name=\"your-message\" cols=\"5\" rows=\"5\" maxlength=\"2000\" class=\"wpcf7-form-control wpcf7-textarea wpcf7-validates-as-required\" aria-required=\"true\" aria-invalid=\"false\"><\/textarea><\/span> <\/p>\n<p>\t<span class=\"wpcf7-form-control-wrap accept-this\"><span class=\"wpcf7-form-control wpcf7-acceptance\"><span class=\"wpcf7-list-item\"><label><input type=\"checkbox\" name=\"accept-this\" value=\"1\" aria-invalid=\"false\" checked=\"checked\" \/><span class=\"wpcf7-list-item-label\">I agree with <a class=\"\" href=\"\/terms-of-website-use\/\"  style=\"color: #7a7a7a; text-decoration: underline;\" target=\"_blank\">terms of use<\/a> and <span style=\"text-decoration: underline;\"><a class=\"\" href=\"\/privacy-policy\/\" style=\"color: #7a7a7a;\" target=\"_blank\">privacy policy<\/a><\/span>*<\/span><\/label><\/span><\/span><\/span><\/p>\n<p><span id=\"wpcf7-69dad8624f637-wrapper\" class=\"wpcf7-form-control-wrap honeypot-162-wrap\" style=\"display:none !important; visibility:hidden !important;\"><label for=\"wpcf7-69dad8624f637-field\" class=\"hp-message\">Please leave this field empty.<\/label><input id=\"wpcf7-69dad8624f637-field\"  class=\"wpcf7-form-control wpcf7-text\" type=\"text\" name=\"honeypot-162\" value=\"\" size=\"40\" tabindex=\"-1\" autocomplete=\"new-password\" \/><\/span><\/p>\n<p><\/p>\n<p><input type=\"submit\" value=\"Send Message\" class=\"wpcf7-form-control has-spinner wpcf7-submit\" \/><\/p>\n<p style=\"display: none !important;\"><label>&#916;<textarea name=\"_wpcf7_ak_hp_textarea\" cols=\"45\" rows=\"8\" maxlength=\"100\"><\/textarea><\/label><input type=\"hidden\" id=\"ak_js\" name=\"_wpcf7_ak_js\" value=\"37\"\/><script>document.getElementById( \"ak_js\" ).setAttribute( \"value\", ( new Date() ).getTime() );<\/script><\/p><div class=\"wpcf7-response-output\" aria-hidden=\"true\"><\/div><\/form><\/div>\n<\/li><!-- --><\/ul>\n","protected":false},"excerpt":{"rendered":"","protected":false},"author":2,"featured_media":0,"parent":7745,"menu_order":1,"comment_status":"closed","ping_status":"closed","template":"","meta":[],"_links":{"self":[{"href":"https:\/\/smart-it-prod-v3.azurewebsites.net\/pl\/wp-json\/wp\/v2\/pages\/7902"}],"collection":[{"href":"https:\/\/smart-it-prod-v3.azurewebsites.net\/pl\/wp-json\/wp\/v2\/pages"}],"about":[{"href":"https:\/\/smart-it-prod-v3.azurewebsites.net\/pl\/wp-json\/wp\/v2\/types\/page"}],"author":[{"embeddable":true,"href":"https:\/\/smart-it-prod-v3.azurewebsites.net\/pl\/wp-json\/wp\/v2\/users\/2"}],"replies":[{"embeddable":true,"href":"https:\/\/smart-it-prod-v3.azurewebsites.net\/pl\/wp-json\/wp\/v2\/comments?post=7902"}],"version-history":[{"count":0,"href":"https:\/\/smart-it-prod-v3.azurewebsites.net\/pl\/wp-json\/wp\/v2\/pages\/7902\/revisions"}],"up":[{"embeddable":true,"href":"https:\/\/smart-it-prod-v3.azurewebsites.net\/pl\/wp-json\/wp\/v2\/pages\/7745"}],"wp:attachment":[{"href":"https:\/\/smart-it-prod-v3.azurewebsites.net\/pl\/wp-json\/wp\/v2\/media?parent=7902"}],"curies":[{"name":"wp","href":"https:\/\/api.w.org\/{rel}","templated":true}]}}