{"id":7900,"date":"2016-09-28T17:08:06","date_gmt":"2016-09-28T14:08:06","guid":{"rendered":"http:\/\/smart-it-prod.azurewebsites.net\/pl\/?page_id=7900"},"modified":"2019-05-07T18:13:50","modified_gmt":"2019-05-07T15:13:50","slug":"sucess-stories","status":"publish","type":"page","link":"https:\/\/smart-it-prod-v3.azurewebsites.net\/pl\/klienci\/sucess-stories\/","title":{"rendered":"Historie sukcesu"},"content":{"rendered":"<h2>Przyk\u0142ady rozwi\u0105za\u0144<\/h2>\n<div id=\"g1-divider-1\" class=\"g1-divider g1-divider--none g1-divider--noicon \"><\/div>\n<ul class=\"g1-grid\"><li class=\"g1-column g1-one-fourth g1-valign-middle\">\n<div align=\"center\"><img src=\"\/wp-content\/uploads\/2014\/07\/antonio-merloni-st1.jpg\" alt=\"Antonio Merloni\" width=\"200\"><\/div>\n<\/li><!-- -->\n<li class=\"g1-column g1-one-fourth g1-valign-middle\">\n<h3><a href=\"https:\/\/smart-it.com\/pl\/klienci\/sucess-stories\/antonio-merloni\/\">Antonio Merloni<\/a><\/h3>\n\n<ul id=\"g1-list-1\" class=\"g1-list--disc g1-list--none \">\n<li><b>Kraj:<\/b> Ukraina<\/li>\n<li><b><strong>Bran\u017ca<\/strong>:<\/b> Produkcja<\/li>\n<\/ul>\n\n<\/li><!-- -->\n<li class=\"g1-column g1-one-fourth g1-valign-middle\">\n<p>Grupa firm Antonio Merloni S.p.A. jest jednym z najwi\u0119kszych producent\u00f3w sprz\u0119tu AGD w Europie, kt\u00f3ry specjalizuje si\u0119 w produkcji sprz\u0119tu AGD du\u017cych rozmiar\u00f3w<\/p>\n<\/li><!-- -->\n<li class=\"g1-column g1-one-fourth g1-valign-middle\">\n\n<ul id=\"g1-list-2\" class=\"g1-list--icon g1-list--simple \">\n<li><i class=\"icon-circle-arrow-right g1-list__icon\"><\/i><a href=\"https:\/\/smart-it.com\/pl\/klienci\/sucess-stories\/antonio-merloni\/\">Przeczytaj wi\u0119cej<\/a><\/li>\n<li><i class=\"icon-circle-arrow-right g1-list__icon\"><\/i><a href=\"#\">Pobierz histori\u0119y<\/a><\/li>\n<\/ul>\n\n<\/li><!-- --><\/ul>\n<div id=\"g1-divider-2\" class=\"g1-divider g1-divider--none g1-divider--noicon \"><\/div>\n<ul class=\"g1-grid\"><li class=\"g1-column g1-one-fourth g1-valign-middle\">\n<div align=\"center\"><img src=\"\/wp-content\/uploads\/2014\/07\/credit-agricole-s1.jpg\" alt=\"Credit Agricole\" width=\"185\"><\/div>\n<\/li><!-- -->\n<li class=\"g1-column g1-one-fourth g1-valign-middle\">\n<h3><a href=\"https:\/\/smart-it.com\/pl\/klienci\/sucess-stories\/credit-agricole\/\">Credit Agricole<\/a><\/h3>\n\n<ul id=\"g1-list-3\" class=\"g1-list--disc g1-list--none \">\n<li><b>Kraj:<\/b> Ukraina<\/li>\n<li><b><strong>Bran\u017ca<\/strong>:<\/b> Bankowo\u015b\u0107<\/li>\n<\/ul>\n\n<\/li><!-- -->\n<li class=\"g1-column g1-one-fourth g1-valign-middle\">\n<p>Bank korporacyjno-inwestycyjny Credit Agricole nale\u017cy do grupy Credit Agricole Group. Jest to lider sprzeda\u017cy detalicznej rynku bankowego we Francji i Europie.<\/p>\n<\/li><!-- -->\n<li class=\"g1-column g1-one-fourth g1-valign-middle\">\n\n<ul id=\"g1-list-4\" class=\"g1-list--icon g1-list--simple \">\n<li><i class=\"icon-circle-arrow-right g1-list__icon\"><\/i><a href=\"https:\/\/smart-it.com\/pl\/klienci\/sucess-stories\/credit-agricole\/\">Przeczytaj wi\u0119cej<\/a><\/li>\n<li><i class=\"icon-circle-arrow-right g1-list__icon\"><\/i><a href=\"#\">Pobierz histori\u0119y<\/a><\/li>\n<\/ul>\n\n<\/li><!-- --><\/ul>\n<div id=\"g1-divider-3\" class=\"g1-divider g1-divider--none g1-divider--noicon \"><\/div>\n<ul class=\"g1-grid\"><li class=\"g1-column g1-one-fourth g1-valign-middle\">\n<div align=\"center\"><img src=\"\/wp-content\/uploads\/2014\/07\/elit-ukraine-s1.jpg\" alt=\"Elit Ukraine\" width=\"220\"><\/div>\n<\/li><!-- -->\n<li class=\"g1-column g1-one-fourth g1-valign-middle\">\n<h3><a href=\"https:\/\/smart-it.com\/pl\/klienci\/sucess-stories\/elit-ukraine\/\">Elit Ukraine<\/a><\/h3>\n\n<ul id=\"g1-list-5\" class=\"g1-list--disc g1-list--none \">\n<li><strong>Kraj:<\/strong> Ukraina<\/li>\n<li><strong>Bran\u017ca:<\/strong> Dystrybucja<\/li>\n<\/ul>\n\n<\/li><!-- -->\n<li class=\"g1-column g1-one-fourth g1-valign-middle\">\n<p>&#8222;ELIT Ukraine&#8221; importuje i sprzedaje cz\u0119\u015bci zapasowe dla samochod\u00f3w osobowych, ci\u0119\u017carowych, dostawczych i motocykli. \u201cElit \u2013 Ukraina\u201d jest ukrai\u0144skim przedstawicielem grupy ELIT, kt\u00f3ra z kolei dzia\u0142a na terytorium Czech od ponad 17 lat.<\/p>\n<\/li><!-- -->\n<li class=\"g1-column g1-one-fourth g1-valign-middle\">\n\n<ul id=\"g1-list-6\" class=\"g1-list--icon g1-list--simple \">\n<li><i class=\"icon-circle-arrow-right g1-list__icon\"><\/i><a href=\"https:\/\/smart-it.com\/pl\/klienci\/sucess-stories\/elit-ukraine\/\">Przeczytaj wi\u0119cej<\/a><\/li>\n<li><i class=\"icon-circle-arrow-right g1-list__icon\"><\/i><a href=\"#\">Pobierz histori\u0119y<\/a><\/li>\n<\/ul>\n\n<\/li><!-- --><\/ul>\n<div id=\"g1-divider-4\" class=\"g1-divider g1-divider--none g1-divider--noicon \"><\/div>\n<ul class=\"g1-grid\"><li class=\"g1-column g1-one-fourth g1-valign-middle\">\n<div align=\"center\"><img src=\"\/wp-content\/uploads\/2014\/07\/euro-2012-s1.jpg\" alt=\"UEFA - EURO 2012\" width=\"200\"><\/div>\n<\/li><!-- -->\n<li class=\"g1-column g1-one-fourth g1-valign-middle\">\n<h3><a href=\"https:\/\/smart-it.com\/pl\/klienci\/sucess-stories\/euro-2012-uefa\/\">EURO 2012<\/a><\/h3>\n\n<ul id=\"g1-list-7\" class=\"g1-list--disc g1-list--none \">\n<li><strong>Kraj:&nbsp;<\/strong>Szwajcaria<\/li>\n<li><strong>Bran\u017ca:&nbsp;<\/strong>Finanse<\/li>\n<\/ul>\n\n<\/li><!-- -->\n<li class=\"g1-column g1-one-fourth g1-valign-middle\">\n<p>Mistrzostwa Europy z pi\u0142ki no\u017cnej 2012 roku (EURO-2012) by\u0142y 14 mistrzostwami, kt\u00f3re si\u0119 odbywaj\u0105 pod patronatem UEFA raz na 4 lata.<\/p>\n<\/li><!-- -->\n<li class=\"g1-column g1-one-fourth g1-valign-middle\">\n\n<ul id=\"g1-list-8\" class=\"g1-list--icon g1-list--simple \">\n<li><i class=\"icon-circle-arrow-right g1-list__icon\"><\/i><a href=\"https:\/\/smart-it.com\/pl\/klienci\/sucess-stories\/euro-2012-uefa\/\">Przeczytaj wi\u0119cej<\/a><\/li>\n<li><i class=\"icon-circle-arrow-right g1-list__icon\"><\/i><a href=\"#\">Pobierz histori\u0119y<\/a><\/li>\n<\/ul>\n\n<\/li><!-- --><\/ul>\n<div id=\"g1-divider-5\" class=\"g1-divider g1-divider--none g1-divider--noicon \"><\/div>\n<ul class=\"g1-grid\"><li class=\"g1-column g1-one-fourth g1-valign-middle\">\n<h4 align=\"center\">Johnson &amp; Johnson Ukraine<\/h4>\n<\/li><!-- -->\n<li class=\"g1-column g1-one-fourth g1-valign-middle\">\n<h3><a href=\"https:\/\/smart-it.com\/pl\/klienci\/sucess-stories\/johnson-johnson-ukraine\/\">Johnson &amp; Johnson Ukraine<\/a><\/h3>\n\n<ul id=\"g1-list-9\" class=\"g1-list--disc g1-list--none \">\n<li><strong>Kraj:&nbsp;<\/strong>Ukraina<\/li>\n<li><strong>Bran\u017ca:&nbsp;<\/strong>Produkcja<\/li>\n<\/ul>\n\n<\/li><!-- -->\n<li class=\"g1-column g1-one-fourth g1-valign-middle\">\n<p>Johnson &amp; Johnson jest jednym z najwi\u0119kszych producent\u00f3w produkt\u00f3w dla zdrowia, lekarstw i sprz\u0119tu medycznego.&nbsp;pment.<\/p>\n<\/li><!-- -->\n<li class=\"g1-column g1-one-fourth g1-valign-middle\">\n\n<ul id=\"g1-list-10\" class=\"g1-list--icon g1-list--simple \">\n<li><i class=\"icon-circle-arrow-right g1-list__icon\"><\/i><a href=\"https:\/\/smart-it.com\/pl\/klienci\/sucess-stories\/johnson-johnson-ukraine\/\">Przeczytaj wi\u0119cej<\/a><\/li>\n<li><i class=\"icon-circle-arrow-right g1-list__icon\"><\/i><a href=\"#\">Pobierz histori\u0119y<\/a><\/li>\n<\/ul>\n\n<\/li><!-- --><\/ul>\n<div id=\"g1-divider-6\" class=\"g1-divider g1-divider--none g1-divider--noicon \"><\/div>\n<ul class=\"g1-grid\"><li class=\"g1-column g1-one-fourth g1-valign-middle\">\n<div align=\"center\"><img src=\"\/wp-content\/uploads\/2014\/07\/kcpm-s1.jpg\" alt=\"KCPM\" width=\"200\"><\/div>\n<\/li><!-- -->\n<li class=\"g1-column g1-one-fourth g1-valign-middle\">\n<h3><a href=\"https:\/\/smart-it.com\/pl\/klienci\/sucess-stories\/kijowski-kartel-kartonowo-papierniczy\/\">KCPM<\/a><\/h3>\n\n<ul id=\"g1-list-11\" class=\"g1-list--disc g1-list--none \">\n<li><strong>Kraj:&nbsp;<\/strong>Ukraina<\/li>\n<li><strong>Bran\u017ca:&nbsp;<\/strong>Produkcja<\/li>\n<\/ul>\n\n<\/li><!-- -->\n<li class=\"g1-column g1-one-fourth g1-valign-middle\">\n<p>Kijowski Kartel Kartonowo-Papierniczy (KKKP) jest liderem przemys\u0142u celulozowo-papierniczego na Ukrainie. Jest jedn\u0105 z najwi\u0119kszych firm w kraju i Europie.<\/p>\n<\/li><!-- -->\n<li class=\"g1-column g1-one-fourth g1-valign-middle\">\n\n<ul id=\"g1-list-12\" class=\"g1-list--icon g1-list--simple \">\n<li><i class=\"icon-circle-arrow-right g1-list__icon\"><\/i><a href=\"#\">Przeczytaj wi\u0119cej<\/a><\/li>\n<li><i class=\"icon-circle-arrow-right g1-list__icon\"><\/i><a href=\"https:\/\/smart-it.com\/pl\/klienci\/sucess-stories\/kijowski-kartel-kartonowo-papierniczy\/\">Pobierz histori\u0119y<\/a><\/li>\n<\/ul>\n\n<\/li><!-- --><\/ul>\n<div id=\"g1-divider-7\" class=\"g1-divider g1-divider--none g1-divider--noicon \"><\/div>\n<ul class=\"g1-grid\"><li class=\"g1-column g1-one-fourth g1-valign-middle\">\n<div align=\"center\"><img src=\"\/wp-content\/uploads\/2014\/07\/konica-minolta-s1.jpg\" alt=\"Konica Minolta\" width=\"200\"><\/div>\n<\/li><!-- -->\n<li class=\"g1-column g1-one-fourth g1-valign-middle\">\n<h3><a href=\"https:\/\/smart-it.com\/pl\/klienci\/sucess-stories\/konica-minolta-ukraine\/\">Konica Minolta<\/a><\/h3>\n\n<ul id=\"g1-list-13\" class=\"g1-list--disc g1-list--none \">\n<li><strong>Kraj:&nbsp;<\/strong>Ukraina<\/li>\n<li><strong>Bran\u017ca:&nbsp;<\/strong>Firma handlowa<\/li>\n<\/ul>\n\n<\/li><!-- -->\n<li class=\"g1-column g1-one-fourth g1-valign-middle\">\n<p>\u041aonica Minolta Ukraina z siedzib\u0105 w Kijowie, z 6 c\u00f3rkami sp\u00f3\u0142kami i sieci\u0105 dealler\u00f3w na Ukrainie zajmuje si\u0119 sprzeda\u017c\u0105 oraz obs\u0142ug\u0105 serwisow\u0105 produkt\u00f3w marki Konica Minolta.<\/p>\n<\/li><!-- -->\n<li class=\"g1-column g1-one-fourth g1-valign-middle\">\n\n<ul id=\"g1-list-14\" class=\"g1-list--icon g1-list--simple \">\n<li><i class=\"icon-circle-arrow-right g1-list__icon\"><\/i><a href=\"https:\/\/smart-it.com\/pl\/klienci\/sucess-stories\/konica-minolta-ukraine\/\">Przeczytaj wi\u0119cej<\/a><\/li>\n<li><i class=\"icon-circle-arrow-right g1-list__icon\"><\/i><a href=\"#\">Pobierz histori\u0119y<\/a><\/li>\n<\/ul>\n\n<\/li><!-- --><\/ul>\n<div id=\"g1-divider-8\" class=\"g1-divider g1-divider--none g1-divider--noicon \"><\/div>\n<ul class=\"g1-grid\"><li class=\"g1-column g1-one-fourth g1-valign-middle\">\n<div align=\"center\"><img src=\"\/wp-content\/uploads\/2014\/07\/rhenus-logistics-st1.png\" alt=\"Rhenus Logistics\" width=\"200\"><\/div>\n<\/li><!-- -->\n<li class=\"g1-column g1-one-fourth g1-valign-middle\">\n<h3><a href=\"https:\/\/smart-it.com\/pl\/klienci\/sucess-stories\/rhenus-logistics\/\">Rhenus Logistics<\/a><\/h3>\n\n<ul id=\"g1-list-15\" class=\"g1-list--disc g1-list--none \">\n<li><strong>Kraj:&nbsp;<\/strong>Ukraina<\/li>\n<li><strong>Bran\u017ca:&nbsp;<\/strong>Dystrybucja<\/li>\n<\/ul>\n\n<\/li><!-- -->\n<li class=\"g1-column g1-one-fourth g1-valign-middle\">\n<p>Grupa firm Rhenus Logistics jest jednym z najlepszych europejskich operator\u00f3w logistycznych, kt\u00f3ra oferuje ca\u0142y wachlarz us\u0142ug logistycznych.<\/p>\n<\/li><!-- -->\n<li class=\"g1-column g1-one-fourth g1-valign-middle\">\n\n<ul id=\"g1-list-16\" class=\"g1-list--icon g1-list--simple \">\n<li><i class=\"icon-circle-arrow-right g1-list__icon\"><\/i><a href=\"https:\/\/smart-it.com\/pl\/klienci\/sucess-stories\/rhenus-logistics\/\">Przeczytaj wi\u0119cej<\/a><\/li>\n<li><i class=\"icon-circle-arrow-right g1-list__icon\"><\/i><a href=\"#\">Pobierz histori\u0119y<\/a><\/li>\n<\/ul>\n\n<\/li><!-- --><\/ul>\n<div id=\"g1-divider-9\" class=\"g1-divider g1-divider--none g1-divider--noicon \"><\/div>\n<ul class=\"g1-grid\"><li class=\"g1-column g1-one-fourth g1-valign-middle\">\n<div align=\"center\"><img src=\"\/wp-content\/uploads\/2014\/07\/rijk-zwaan-s2.jpg\" alt=\"Rijk Zwaan\" width=\"200\"><\/div>\n<\/li><!-- -->\n<li class=\"g1-column g1-one-fourth g1-valign-middle\">\n<h3><a href=\"\/customers\/stories\/rijk-zwaan\/\">Rijk Zwaan<\/a><\/h3>\n\n<ul id=\"g1-list-17\" class=\"g1-list--disc g1-list--none \">\n<li><strong>Kraj:<\/strong> Ukraina<\/li>\n<li><strong>Bran\u017ca:<\/strong> Kompleks rolniczo-przemys\u0142owy<\/li>\n<\/ul>\n\n<\/li><!-- -->\n<li class=\"g1-column g1-one-fourth g1-valign-middle\">\n<p>Rijk Zwaan is an international company engaged in breeding and seed crops, as well as the delivery of high quality vegetable seeds for professional cultivation in closed and open fields.<\/p>\n<\/li><!-- -->\n<li class=\"g1-column g1-one-fourth g1-valign-middle\">\n\n<ul id=\"g1-list-18\" class=\"g1-list--icon g1-list--simple \">\n<li><i class=\"icon-circle-arrow-right g1-list__icon\"><\/i><a href=\"#\">Przeczytaj wi\u0119cej<\/a><\/li>\n<li><i class=\"icon-circle-arrow-right g1-list__icon\"><\/i><a href=\"#\">Pobierz histori\u0119y<\/a><\/li>\n<\/ul>\n\n<\/li><!-- --><\/ul>\n<div id=\"g1-divider-10\" class=\"g1-divider g1-divider--none g1-divider--noicon \"><\/div>\n<ul class=\"g1-grid\"><li class=\"g1-column g1-one-fourth g1-valign-middle\">\n<div align=\"center\"><img src=\"\/wp-content\/uploads\/2014\/07\/simcorp-s1.jpg\" alt=\"SimCorp\" width=\"200\" align=\"center\"><\/div>\n<\/li><!-- -->\n<li class=\"g1-column g1-one-fourth g1-valign-middle\">\n<h3><a href=\"https:\/\/smart-it.com\/pl\/klienci\/sucess-stories\/simcorp\/\">SimCorp<\/a><\/h3>\n\n<ul id=\"g1-list-19\" class=\"g1-list--disc g1-list--none \">\n<li><strong>Kraj:&nbsp;<\/strong>Ukraina<\/li>\n<li><strong>Bran\u017ca:&nbsp;<\/strong>Us\u0142ugi IT<\/li>\n<\/ul>\n\n<\/li><!-- -->\n<li class=\"g1-column g1-one-fourth g1-valign-middle\">\n<p>Du\u0144ska firma SimCorp jest wiod\u0105cym dostawc\u0105 oprogramowania dla najwi\u0119kszych instytucji finansowych na ca\u0142ym \u015bwiecie.<\/p>\n<\/li><!-- -->\n<li class=\"g1-column g1-one-fourth g1-valign-middle\">\n\n<ul id=\"g1-list-20\" class=\"g1-list--icon g1-list--simple \">\n<li><i class=\"icon-circle-arrow-right g1-list__icon\"><\/i><a href=\"https:\/\/smart-it.com\/pl\/klienci\/sucess-stories\/simcorp\/\">Przeczytaj wi\u0119cej<\/a><\/li>\n<li><i class=\"icon-circle-arrow-right g1-list__icon\"><\/i><a href=\"#\">Pobierz histori\u0119y<\/a><\/li>\n<\/ul>\n\n<\/li><!-- --><\/ul>\n<div id=\"g1-divider-11\" class=\"g1-divider g1-divider--none g1-divider--noicon \"><\/div>\n","protected":false},"excerpt":{"rendered":"<p>Przyk\u0142ady rozwi\u0105za\u0144<\/p>\n","protected":false},"author":2,"featured_media":0,"parent":7732,"menu_order":0,"comment_status":"closed","ping_status":"closed","template":"","meta":[],"_links":{"self":[{"href":"https:\/\/smart-it-prod-v3.azurewebsites.net\/pl\/wp-json\/wp\/v2\/pages\/7900"}],"collection":[{"href":"https:\/\/smart-it-prod-v3.azurewebsites.net\/pl\/wp-json\/wp\/v2\/pages"}],"about":[{"href":"https:\/\/smart-it-prod-v3.azurewebsites.net\/pl\/wp-json\/wp\/v2\/types\/page"}],"author":[{"embeddable":true,"href":"https:\/\/smart-it-prod-v3.azurewebsites.net\/pl\/wp-json\/wp\/v2\/users\/2"}],"replies":[{"embeddable":true,"href":"https:\/\/smart-it-prod-v3.azurewebsites.net\/pl\/wp-json\/wp\/v2\/comments?post=7900"}],"version-history":[{"count":0,"href":"https:\/\/smart-it-prod-v3.azurewebsites.net\/pl\/wp-json\/wp\/v2\/pages\/7900\/revisions"}],"up":[{"embeddable":true,"href":"https:\/\/smart-it-prod-v3.azurewebsites.net\/pl\/wp-json\/wp\/v2\/pages\/7732"}],"wp:attachment":[{"href":"https:\/\/smart-it-prod-v3.azurewebsites.net\/pl\/wp-json\/wp\/v2\/media?parent=7900"}],"curies":[{"name":"wp","href":"https:\/\/api.w.org\/{rel}","templated":true}]}}