{"id":7889,"date":"2016-09-23T13:47:23","date_gmt":"2016-09-23T10:47:23","guid":{"rendered":"http:\/\/smart-it-prod.azurewebsites.net\/pl\/?page_id=7889"},"modified":"2016-09-23T13:47:23","modified_gmt":"2016-09-23T10:47:23","slug":"jet-reports","status":"publish","type":"page","link":"https:\/\/smart-it-prod-v3.azurewebsites.net\/pl\/produkty\/bi\/jet-reports\/","title":{"rendered":"Jet Reports"},"content":{"rendered":"<ul class=\"g1-grid\"><li class=\"g1-column g1-one-half g1-valign-middle\">\n<h2>Przegl\u0105daj swoje dane bez limit\u00f3w<\/h2>\n<div id=\"g1-lead-1\" class=\"g1-lead \" >\n<p>Pot\u0119\u017cny i \u0142atwy w u\u017cyciu Business Intelligence i rozwi\u0105zania dla firm, kt\u00f3re korzystaj\u0105 z systemu Microsoft Dynamics AX i NAV.<\/p>\n<\/div>\n<div align=\"center\"><a id=\"g1-button-1\" class=\"g1-button g1-button--medium g1-button--solid g1-button--standard \" href=\"\/company\/feedback\/message\/\" ><i class=\"icon-pencil\"><\/i>Zapytaj<\/a> <style type=\"text\/css\" scoped=\"scoped\">#g1-button-2.g1-button {background-color: #5078b4; border-color: #5078b4;}<\/style><a id=\"g1-button-2\" class=\"g1-button g1-button--medium g1-button--solid g1-button--standard \" href=\"\/company\/feedback\/call\/\" ><i class=\"icon-phone\"><\/i>Um\u00f3w kontakt<\/a><\/div>\n<\/li><!-- -->\n<li class=\"g1-column g1-one-half g1-valign-middle\">\n<p><img loading=\"lazy\" class=\"alignnone size-full wp-image-6432\" src=\"\/wp-content\/uploads\/2015\/05\/jet-reports-devices.png\" alt=\"jet-reports-devices\" width=\"470\" height=\"269\" srcset=\"\/wp-content\/uploads\/2015\/05\/jet-reports-devices.png 470w, \/wp-content\/uploads\/2015\/05\/jet-reports-devices-300x172.png 300w, \/wp-content\/uploads\/2015\/05\/jet-reports-devices-320x183.png 320w, \/wp-content\/uploads\/2015\/05\/jet-reports-devices-239x137.png 239w\" sizes=\"(max-width: 470px) 100vw, 470px\" \/><\/p>\n<\/li><!-- --><\/ul>\n<div id=\"g1-divider-1\" class=\"g1-divider g1-divider--none g1-divider--noicon \"><\/div>\n<div id=\"g1-lead-2\" class=\"g1-lead \" >\n<p>Jet Reports upowa\u017cnia Microsoft Dynamics AX i NAV u\u017cytkownik\u00f3w z danych, kt\u00f3rych potrzebuj\u0105, kiedy go potrzebuj\u0105, w formacie, kt\u00f3ry dzia\u0142a najlepiej dla nich za po\u015brednictwem naszego pakietu rozwi\u0105za\u0144 BI i raportowania.<\/p>\n<\/div>\n<div id=\"g1-divider-2\" class=\"g1-divider g1-divider--none g1-divider--noicon \"><\/div>\n<ul class=\"g1-grid\"><li class=\"g1-column g1-one-third g1-valign-top\">\n<p><img loading=\"lazy\" class=\"alignnone size-full wp-image-6434\" src=\"\/wp-content\/uploads\/2015\/05\/jet-enterprise.png\" alt=\"jet-enterprise\" width=\"270\" height=\"69\" srcset=\"\/wp-content\/uploads\/2015\/05\/jet-enterprise.png 270w, \/wp-content\/uploads\/2015\/05\/jet-enterprise-239x61.png 239w\" sizes=\"(max-width: 270px) 100vw, 270px\" \/><\/p>\n<\/li><!-- -->\n<li class=\"g1-column g1-one-third g1-valign-top\">\n<h3>Business Intelligence i Raportowanie<\/h3>\n<p>Kompletne rozwi\u0105zanie BI, kt\u00f3re dostarcza Data Warehouse, pre-wbudowany cube set i platformu automatyzacji Data Warehouse.<\/p>\n<\/li><!-- -->\n<li class=\"g1-column g1-one-third g1-valign-top\">\n\n<ul id=\"g1-list-1\" class=\"g1-list--icon g1-list--simple \">\n<li><i class=\"icon-circle-arrow-right g1-list__icon\"><\/i><a href=\"\/company\/feedback\/message\/\">Zam\u00f3w prezentacj\u0119\u00a0<\/a><\/li>\n<li><i class=\"icon-circle-arrow-right g1-list__icon\"><\/i><a href=\"\/company\/feedback\/message\/\">Zapytaj<\/a><\/li>\n<\/ul>\n\n<\/li><!-- --><\/ul>\n<div id=\"g1-divider-3\" class=\"g1-divider g1-divider--none g1-divider--noicon \"><\/div>\n<ul class=\"g1-grid\"><li class=\"g1-column g1-one-third g1-valign-top\">\n<p><img loading=\"lazy\" class=\"alignnone size-full wp-image-6435\" src=\"\/wp-content\/uploads\/2015\/05\/jet-essentials.png\" alt=\"jet-essentials\" width=\"270\" height=\"69\" srcset=\"\/wp-content\/uploads\/2015\/05\/jet-essentials.png 270w, \/wp-content\/uploads\/2015\/05\/jet-essentials-239x61.png 239w\" sizes=\"(max-width: 270px) 100vw, 270px\" \/><\/p>\n<\/li><!-- -->\n<li class=\"g1-column g1-one-third g1-valign-top\">\n<h3>Integrated custom Excel reporting<\/h3>\n<p>Excel dodatek, kt\u00f3ry zapewnia pe\u0142ne raportowanie operacyjne w wielu bazach danych i firm.<\/p>\n<\/li><!-- -->\n<li class=\"g1-column g1-one-third g1-valign-top\">\n\n<ul id=\"g1-list-2\" class=\"g1-list--icon g1-list--simple \">\n<li><i class=\"icon-circle-arrow-right g1-list__icon\"><\/i><a href=\"\/company\/feedback\/message\/\">Zam\u00f3w prezentacj\u0119\u00a0<\/a><\/li>\n<li><i class=\"icon-circle-arrow-right g1-list__icon\"><\/i><a href=\"\/company\/feedback\/message\/\">Zapytaj<\/a><\/li>\n<\/ul>\n\n<\/li><!-- --><\/ul>\n<div id=\"g1-divider-4\" class=\"g1-divider g1-divider--none g1-divider--noicon \"><\/div>\n<ul class=\"g1-grid\"><li class=\"g1-column g1-one-third g1-valign-top\">\n<p><img loading=\"lazy\" class=\"alignnone size-full wp-image-6436\" src=\"\/wp-content\/uploads\/2015\/05\/jet-express.png\" alt=\"jet-express\" width=\"270\" height=\"69\" srcset=\"\/wp-content\/uploads\/2015\/05\/jet-express.png 270w, \/wp-content\/uploads\/2015\/05\/jet-express-239x61.png 239w\" sizes=\"(max-width: 270px) 100vw, 270px\" \/><\/p>\n<\/li><!-- -->\n<li class=\"g1-column g1-one-third g1-valign-top\">\n<h3>Darmowe samoobs\u0142ugowe\u00a0raportowanie<\/h3>\n<p>Opracowany przez strategicznego partnerstwa z Microsoftem &#8211; Jet Express oferuje klientom Microsoft Dynamics NAV prosty spos\u00f3b, bez ponoszenia \u017cadnych koszt\u00f3w do tworzenia raport\u00f3w finansowych i ad hoc w Excelu.<\/p>\n<\/li><!-- -->\n<li class=\"g1-column g1-one-third g1-valign-top\">\n\n<ul id=\"g1-list-3\" class=\"g1-list--icon g1-list--simple \">\n<li><i class=\"icon-circle-arrow-right g1-list__icon\"><\/i><a href=\"\/company\/feedback\/message\/\">Zam\u00f3w prezentacj\u0119\u00a0<\/a><\/li>\n<li><i class=\"icon-circle-arrow-right g1-list__icon\"><\/i><a href=\"\/company\/feedback\/message\/\">Zapytaj<\/a><\/li>\n<\/ul>\n\n<\/li><!-- --><\/ul>\n<div id=\"g1-divider-5\" class=\"g1-divider g1-divider--none g1-divider--icon \"><span><i class=\"icon-long-arrow-down\"><\/i><\/span><\/div>\n<div style=\"text-align: center;\">\n<h3>Skontaktuj si\u0119 z nami aby dowiedzie\u0107 si\u0119 wi\u0119cej o Jet Reports<\/h3>\n<p><a id=\"g1-button-3\" class=\"g1-button g1-button--big g1-button--solid g1-button--standard \" href=\"\/company\/feedback\/message\/\" ><i class=\"icon-pencil\"><\/i>Zapytaj<\/a> <style type=\"text\/css\" scoped=\"scoped\">#g1-button-4.g1-button {background-color: #5078b4; border-color: #5078b4;}<\/style><a id=\"g1-button-4\" class=\"g1-button g1-button--big g1-button--solid g1-button--standard \" href=\"\/company\/feedback\/call\/\" ><i class=\"icon-phone\"><\/i>Um\u00f3w kontakt<\/a><\/p>\n<\/div>\n","protected":false},"excerpt":{"rendered":"<p>Skontaktuj si\u0119 z nami aby dowiedzie\u0107 si\u0119 wi\u0119cej o Jet Reports<\/p>\n","protected":false},"author":2,"featured_media":0,"parent":7833,"menu_order":0,"comment_status":"closed","ping_status":"closed","template":"","meta":[],"_links":{"self":[{"href":"https:\/\/smart-it-prod-v3.azurewebsites.net\/pl\/wp-json\/wp\/v2\/pages\/7889"}],"collection":[{"href":"https:\/\/smart-it-prod-v3.azurewebsites.net\/pl\/wp-json\/wp\/v2\/pages"}],"about":[{"href":"https:\/\/smart-it-prod-v3.azurewebsites.net\/pl\/wp-json\/wp\/v2\/types\/page"}],"author":[{"embeddable":true,"href":"https:\/\/smart-it-prod-v3.azurewebsites.net\/pl\/wp-json\/wp\/v2\/users\/2"}],"replies":[{"embeddable":true,"href":"https:\/\/smart-it-prod-v3.azurewebsites.net\/pl\/wp-json\/wp\/v2\/comments?post=7889"}],"version-history":[{"count":0,"href":"https:\/\/smart-it-prod-v3.azurewebsites.net\/pl\/wp-json\/wp\/v2\/pages\/7889\/revisions"}],"up":[{"embeddable":true,"href":"https:\/\/smart-it-prod-v3.azurewebsites.net\/pl\/wp-json\/wp\/v2\/pages\/7833"}],"wp:attachment":[{"href":"https:\/\/smart-it-prod-v3.azurewebsites.net\/pl\/wp-json\/wp\/v2\/media?parent=7889"}],"curies":[{"name":"wp","href":"https:\/\/api.w.org\/{rel}","templated":true}]}}