{"id":7887,"date":"2016-09-23T12:36:27","date_gmt":"2016-09-23T09:36:27","guid":{"rendered":"http:\/\/smart-it-prod.azurewebsites.net\/pl\/?page_id=7887"},"modified":"2016-09-23T12:36:27","modified_gmt":"2016-09-23T09:36:27","slug":"power-bi","status":"publish","type":"page","link":"https:\/\/smart-it-prod-v3.azurewebsites.net\/pl\/produkty\/rozwiazania-chmurowe\/power-bi\/","title":{"rendered":"Power BI"},"content":{"rendered":"<ul class=\"g1-grid\"><li class=\"g1-column g1-one-half g1-valign-middle\">\n<h2>Skuteczny spos\u00f3b do pracy z danymi<\/h2>\n<div id=\"g1-lead-1\" class=\"g1-lead \" >\n<p>Power\u00a0BI jest Business Intelligence (BI) rozwi\u0105zaniem w chmurze, kt\u00f3ry pozwala dzieli\u0107 si\u0119, wsp\u00f3\u0142pracowa\u0107 i korzysta\u0107 zg\u0142asza swoj\u0105 Excel w dowolnym miejscu i na dowolnym urz\u0105dzeniu.<\/p>\n<\/div>\n<div align=\"center\"><a id=\"g1-button-1\" class=\"g1-button g1-button--medium g1-button--solid g1-button--standard \" href=\"\/company\/feedback\/message\/\" ><i class=\"icon-pencil\"><\/i>Zapytaj<\/a> <style type=\"text\/css\" scoped=\"scoped\">#g1-button-2.g1-button {background-color: #5078b4; border-color: #5078b4;}<\/style><a id=\"g1-button-2\" class=\"g1-button g1-button--medium g1-button--solid g1-button--standard \" href=\"\/company\/feedback\/call\/\" ><i class=\"icon-phone\"><\/i>Um\u00f3w kontakt<\/a><\/div>\n<\/li><!-- -->\n<li class=\"g1-column g1-one-half g1-valign-middle\">\n<p><img loading=\"lazy\" class=\"alignnone size-full wp-image-5081\" src=\"https:\/\/smart-it.com\/wp-content\/uploads\/2015\/01\/power-bi-pg.png\" alt=\"power-bi-pg\" width=\"470\" height=\"300\" srcset=\"\/wp-content\/uploads\/2015\/01\/power-bi-pg.png 470w, \/wp-content\/uploads\/2015\/01\/power-bi-pg-300x191.png 300w, \/wp-content\/uploads\/2015\/01\/power-bi-pg-320x204.png 320w, \/wp-content\/uploads\/2015\/01\/power-bi-pg-239x153.png 239w\" sizes=\"(max-width: 470px) 100vw, 470px\" \/><\/p>\n<\/li><!-- --><\/ul>\n<div id=\"g1-divider-1\" class=\"g1-divider g1-divider--simple g1-divider--noicon \"><\/div>\n<ul class=\"g1-grid\"><li class=\"g1-column g1-one-half g1-valign-top\">\n<ul class=\"g1-grid\"><li class=\"g1-column g1-one-sixth g1-valign-top\">\n<i id=\"icon-1\" class=\"icon-usd g1-icon g1-icon--solid g1-icon--medium g1-icon--inherit \"><\/i>\n<\/li><!-- -->\n<li class=\"g1-column g1-five-sixth g1-valign-top\">\n<h3>Power BI dla finans\u00f3w<\/h3>\n<div id=\"g1-lead-2\" class=\"g1-lead \" >\n<p>Odblokuj spostrze\u017ce\u0144, kt\u00f3re nap\u0119dzaj\u0105 lepszych i bardziej \u015bwiadomych decyzji.<\/p>\n<\/div>\n<\/li><!-- --><\/ul>\n<\/li><!-- -->\n<li class=\"g1-column g1-one-half g1-valign-top\">\n<ul class=\"g1-grid\"><li class=\"g1-column g1-one-sixth g1-valign-top\">\n<i id=\"icon-2\" class=\"icon-signal g1-icon g1-icon--solid g1-icon--medium g1-icon--inherit \"><\/i>\n<\/li><!-- -->\n<li class=\"g1-column g1-five-sixth g1-valign-top\">\n<h3>Power BI za sprzeda\u017c i marketing<\/h3>\n<div id=\"g1-lead-3\" class=\"g1-lead \" >\n<p>Doprowadzi\u0107 wszystkie dane, kt\u00f3re chcesz w jednym celu zwi\u0119kszenia wydajno\u015bci.<\/p>\n<\/div>\n<\/li><!-- --><\/ul>\n<\/li><!-- --><\/ul>\n<ul class=\"g1-grid\"><li class=\"g1-column g1-one-half g1-valign-top\">\n<ul class=\"g1-grid\"><li class=\"g1-column g1-one-sixth g1-valign-top\">\n<i id=\"icon-3\" class=\"icon-truck g1-icon g1-icon--solid g1-icon--medium g1-icon--inherit \"><\/i>\n<\/li><!-- -->\n<li class=\"g1-column g1-five-sixth g1-valign-top\">\n<h3>Power BI\u00a0dla Operacji i Logistyki<\/h3>\n<div id=\"g1-lead-4\" class=\"g1-lead \" >\n<p>Wizualizowa\u0107 sw\u00f3j \u0142a\u0144cuch dostaw i nara\u017ca\u0107 swoje mo\u017cliwo\u015bci optymalizacji.<\/p>\n<\/div>\n<\/li><!-- --><\/ul>\n<\/li><!-- -->\n<li class=\"g1-column g1-one-half g1-valign-top\">\n<ul class=\"g1-grid\"><li class=\"g1-column g1-one-sixth g1-valign-top\">\n<i id=\"icon-4\" class=\"icon-group g1-icon g1-icon--solid g1-icon--medium g1-icon--inherit \"><\/i>\n<\/li><!-- -->\n<li class=\"g1-column g1-five-sixth g1-valign-top\">\n<h3>Power BI dla\u00a0HR<\/h3>\n<div id=\"g1-lead-5\" class=\"g1-lead \" >\n<p>Najtrudniejsze decyzje le\u017c\u0105 na kapita\u0142 ludzki. Dlatego informacje s\u0105 kluczem.<\/p>\n<\/div>\n<\/li><!-- --><\/ul>\n<\/li><!-- --><\/ul>\n<div id=\"g1-divider-2\" class=\"g1-divider g1-divider--none g1-divider--icon \"><span><i class=\"icon-long-arrow-down\"><\/i><\/span><\/div>\n<ul class=\"g1-grid\"><li class=\"g1-column g1-one-half g1-valign-middle\">\n<h3 align=\"center\">B\u0105d\u017a dane m\u0105dry z\u00a0Power BI<\/h3>\n<h4 align=\"center\">Do\u015bwiadczenie co b\u0119dzie dalej &#8211; <a href=\"http:\/\/www.powerbi.com\">Spr\u00f3buj podgl\u0105d<\/a><\/h4>\n<\/li><!-- -->\n<li class=\"g1-column g1-one-half g1-valign-middle\">\n<div id=\"fluid-wrapper-counter-1\" class=\"g1-fluid-wrapper \" style=\"width:686px;\"><div style=\"padding-bottom:56.268221574344%;\"><iframe loading=\"lazy\" width=\"686\" height=\"386\" src=\"https:\/\/www.youtube.com\/embed\/B_MwrV2tY_U?feature=oembed&amp;wmode=transparent&amp;autohide=1&amp;autoplay=0&amp;disablekb=0&amp;fs=1&amp;loop=0&amp;enablejsapi=1&amp;rel=0&amp;controls=2&amp;showinfo=0&amp;wmode=transparent&amp;autohide=2&amp;autoplay=0&amp;disablekb=0&amp;fs=1&amp;loop=0&amp;enablejsapi=1&amp;rel=0&amp;controls=2&amp;showinfo=1&#038;enablejsapi=1&#038;origin=https:\/\/smart-it.com\" frameborder=\"0\" allowfullscreen><\/iframe><\/div><\/div>\n<\/li><!-- --><\/ul>\n<div id=\"g1-divider-3\" class=\"g1-divider g1-divider--none g1-divider--icon \"><span><i class=\"icon-long-arrow-down\"><\/i><\/span><\/div>\n<div style=\"text-align: center;\">\n<h3>Skontaktuj si\u0119 z nami aby dowiedzie\u0107 si\u0119 wi\u0119cej o Power\u00a0BI<\/h3>\n<p><a id=\"g1-button-3\" class=\"g1-button g1-button--big g1-button--solid g1-button--standard \" href=\"\/company\/feedback\/message\/\" ><i class=\"icon-pencil\"><\/i>Zapytaj<\/a> <style type=\"text\/css\" scoped=\"scoped\">#g1-button-4.g1-button {background-color: #5078b4; border-color: #5078b4;}<\/style><a id=\"g1-button-4\" class=\"g1-button g1-button--big g1-button--solid g1-button--standard \" href=\"\/company\/feedback\/call\/\" ><i class=\"icon-phone\"><\/i>Um\u00f3w kontakt<\/a><\/p>\n<\/div>\n","protected":false},"excerpt":{"rendered":"<p>Skontaktuj si\u0119 z nami aby dowiedzie\u0107 si\u0119 wi\u0119cej o Power\u00a0BI<\/p>\n","protected":false},"author":2,"featured_media":0,"parent":7831,"menu_order":0,"comment_status":"closed","ping_status":"closed","template":"","meta":[],"_links":{"self":[{"href":"https:\/\/smart-it-prod-v3.azurewebsites.net\/pl\/wp-json\/wp\/v2\/pages\/7887"}],"collection":[{"href":"https:\/\/smart-it-prod-v3.azurewebsites.net\/pl\/wp-json\/wp\/v2\/pages"}],"about":[{"href":"https:\/\/smart-it-prod-v3.azurewebsites.net\/pl\/wp-json\/wp\/v2\/types\/page"}],"author":[{"embeddable":true,"href":"https:\/\/smart-it-prod-v3.azurewebsites.net\/pl\/wp-json\/wp\/v2\/users\/2"}],"replies":[{"embeddable":true,"href":"https:\/\/smart-it-prod-v3.azurewebsites.net\/pl\/wp-json\/wp\/v2\/comments?post=7887"}],"version-history":[{"count":0,"href":"https:\/\/smart-it-prod-v3.azurewebsites.net\/pl\/wp-json\/wp\/v2\/pages\/7887\/revisions"}],"up":[{"embeddable":true,"href":"https:\/\/smart-it-prod-v3.azurewebsites.net\/pl\/wp-json\/wp\/v2\/pages\/7831"}],"wp:attachment":[{"href":"https:\/\/smart-it-prod-v3.azurewebsites.net\/pl\/wp-json\/wp\/v2\/media?parent=7887"}],"curies":[{"name":"wp","href":"https:\/\/api.w.org\/{rel}","templated":true}]}}