{"id":7877,"date":"2016-09-22T15:44:18","date_gmt":"2016-09-22T12:44:18","guid":{"rendered":"http:\/\/smart-it-prod.azurewebsites.net\/pl\/?page_id=7877"},"modified":"2020-04-01T08:17:51","modified_gmt":"2020-04-01T05:17:51","slug":"microsoft-office-365","status":"publish","type":"page","link":"https:\/\/smart-it-prod-v3.azurewebsites.net\/pl\/produkty\/rozwiazania-chmurowe\/microsoft-office-365\/","title":{"rendered":"Microsoft Office 365"},"content":{"rendered":"<ul class=\"g1-grid\"><li class=\"g1-column g1-one-half g1-valign-top\">\n<h2>Pracy z danymi, kiedy i gdzie jest to potrzebne<\/h2>\n<div id=\"g1-lead-1\" class=\"g1-lead \" >\n<p>Office 365 jest oparte na subskrypcji oprogramowania biurowego, kt\u00f3ry oferuje dost\u0119p do aplikacji i plik\u00f3w z dowolnego miejsca wykorzystuj\u0105c moc chmurze.<\/p>\n<\/div>\n<div align=\"center\"><a id=\"g1-button-1\" class=\"g1-button g1-button--medium g1-button--solid g1-button--standard \" href=\"\/company\/feedback\/message\/\" ><i class=\"icon-pencil\"><\/i>Zapytaj<\/a> <style type=\"text\/css\" scoped=\"scoped\">#g1-button-2.g1-button {background-color: #5078b4; border-color: #5078b4;}<\/style><a id=\"g1-button-2\" class=\"g1-button g1-button--medium g1-button--solid g1-button--standard \" href=\"\/company\/feedback\/call\/\" ><i class=\"icon-phone\"><\/i>Um\u00f3w kontakt<\/a><\/div>\n<\/li><!-- -->\n<li class=\"g1-column g1-one-half g1-valign-top\">\n<p><img src=\"\/wp-content\/uploads\/2014\/07\/microsoft-office-365-bg-1.png\" alt=\"\" \/><\/p>\n<\/li><!-- --><\/ul>\n<div id=\"g1-divider-1\" class=\"g1-divider g1-divider--simple g1-divider--noicon \"><\/div>\n<ul class=\"g1-grid\"><li class=\"g1-column g1-one-half g1-valign-top\">\n<ul class=\"g1-grid\"><li class=\"g1-column g1-one-sixth g1-valign-top\">\n<i id=\"icon-1\" class=\"icon-shield g1-icon g1-icon--solid g1-icon--medium g1-icon--inherit \"><\/i>\n<\/li><!-- -->\n<li class=\"g1-column g1-five-sixth g1-valign-top\">\n<h3>Prywatno\u015b\u0107, bezpiecze\u0144stwo i zgodno\u015b\u0107<\/h3>\n<div id=\"g1-lead-2\" class=\"g1-lead \" >\n<p>Jako lider w bran\u017cy us\u0142ug cloud wydajno\u015bci, Microsoft stale podejmuje dzia\u0142ania w celu zachowania prywatno\u015bci i bezpiecze\u0144stwa u\u017cytkownik\u00f3w informacyjne i pomoc w organizacji spe\u0142niaj\u0105 ich wymagania zgodno\u015bci.<\/p>\n<\/div>\n<\/li><!-- --><\/ul>\n<\/li><!-- -->\n<li class=\"g1-column g1-one-half g1-valign-top\">\n<ul class=\"g1-grid\"><li class=\"g1-column g1-one-sixth g1-valign-top\">\n<i id=\"icon-2\" class=\"icon-signal g1-icon g1-icon--solid g1-icon--medium g1-icon--inherit \"><\/i>\n<\/li><!-- -->\n<li class=\"g1-column g1-five-sixth g1-valign-top\">\n<h3>Efektywno\u015b\u0107 i oszcz\u0119dno\u015b\u0107 koszt\u00f3w<\/h3>\n<div id=\"g1-lead-3\" class=\"g1-lead \" >\n<p>Przesuwaj\u0105c do us\u0142ugi Office 365, klientom zaoszcz\u0119dzi\u0107 czas i pieni\u0105dze, zyskuj\u0105c dost\u0119p do najnowocze\u015bniejszych technologii, kt\u00f3ra skaluje si\u0119 do zaspokojenia ich potrzeb biznesowych.<\/p>\n<\/div>\n<\/li><!-- --><\/ul>\n<\/li><!-- --><\/ul>\n<ul class=\"g1-grid\"><li class=\"g1-column g1-one-half g1-valign-top\">\n<ul class=\"g1-grid\"><li class=\"g1-column g1-one-sixth g1-valign-top\">\n<i id=\"icon-3\" class=\"icon-building g1-icon g1-icon--solid g1-icon--medium g1-icon--inherit \"><\/i>\n<\/li><!-- -->\n<li class=\"g1-column g1-five-sixth g1-valign-top\">\n<h3>Przedsi\u0119biorstwo wiarygodno\u015b\u0107<\/h3>\n<div id=\"g1-lead-4\" class=\"g1-lead \" >\n<p>Klienci chc\u0105 za\u0142o\u017cy\u0107 swoj\u0105 dzia\u0142alno\u015b\u0107 na zaufanego partnera z wielkimi mo\u017cliwo\u015bciami klasy korporacyjnej.<\/p>\n<\/div>\n<\/li><!-- --><\/ul>\n<\/li><!-- -->\n<li class=\"g1-column g1-one-half g1-valign-top\">\n<ul class=\"g1-grid\"><li class=\"g1-column g1-one-sixth g1-valign-top\">\n<i id=\"icon-4\" class=\"icon-cloud g1-icon g1-icon--solid g1-icon--medium g1-icon--inherit \"><\/i>\n<\/li><!-- -->\n<li class=\"g1-column g1-five-sixth g1-valign-top\">\n<h3>Elastyczno\u015b\u0107<\/h3>\n<div id=\"g1-lead-5\" class=\"g1-lead \" >\n<p>Wielu klient\u00f3w chce przenie\u015b\u0107 do chmury w fazach. Z us\u0142ug\u0105 Office 365, mog\u0105 one obj\u0105\u0107 chmura na ich warunkach, we w\u0142asnym tempie.<\/p>\n<\/div>\n<\/li><!-- --><\/ul>\n<\/li><!-- --><\/ul>\n<span id=\"g1-space-1\" class=\"g1-space \" style=\"height:1.5em;\"><\/span>\n<ul class=\"g1-grid\"><li class=\"g1-column g1-one-half g1-valign-top\">\n<ul class=\"g1-grid\"><li class=\"g1-column g1-one-sixth g1-valign-top\">\n<i id=\"icon-5\" class=\"icon-windows g1-icon g1-icon--solid g1-icon--medium g1-icon--inherit \"><\/i>\n<\/li><!-- -->\n<li class=\"g1-column g1-five-sixth g1-valign-top\">\n<h3>Znajomo\u015b\u0107<\/h3>\n<div id=\"g1-lead-6\" class=\"g1-lead \" >\n<p>Ponad miliard ludzi na planecie u\u017cywa\u0107 dzi\u015b Office. Jako klienci przenie\u015b\u0107 do chmury, Microsoft oferuje im znanych narz\u0119dzi i technologii, kt\u00f3re zwi\u0119kszaj\u0105 ich wydajno\u015b\u0107 w prawo z bramy.<\/p>\n<\/div>\n<\/li><!-- --><\/ul>\n<\/li><!-- -->\n<li class=\"g1-column g1-one-half g1-valign-top\">\n<ul class=\"g1-grid\"><li class=\"g1-column g1-one-sixth g1-valign-top\">\n<i id=\"icon-6\" class=\"icon-smile g1-icon g1-icon--solid g1-icon--medium g1-icon--inherit \"><\/i>\n<\/li><!-- -->\n<li class=\"g1-column g1-five-sixth g1-valign-top\">\n<h3>Przewaga konkurencyjna<\/h3>\n<div id=\"g1-lead-7\" class=\"g1-lead \" >\n<p>Office 365 umo\u017cliwia klientom sp\u0119dzaj\u0105 mniej czasu na zarz\u0105dzanie infrastruktur\u0105 IT, zwalniaj\u0105c czas dla projekt\u00f3w strategicznych, kt\u00f3re nap\u0119dzaj\u0105 biznes do przodu.<\/p>\n<\/div><br \/>\n<\/li><!-- --><\/ul>\n<\/li><!-- --><\/ul>\n<div id=\"g1-divider-2\" class=\"g1-divider g1-divider--none g1-divider--icon \"><span><i class=\"icon-long-arrow-down\"><\/i><\/span><\/div>\n<ul class=\"g1-grid\"><li class=\"g1-column g1-one-half g1-valign-middle\">\n<div style=\"text-align: center;\">\n<h3>Microsoft FastTrack<\/h3>\n<h4><a href=\"https:\/\/www.microsoft.com\/pl-pl\/fasttrack\/microsoft-365\">Przenie\u015b\u0107 si\u0119 do Office 365 bez obaw<\/a><\/h4>\n<\/li><!-- -->\n<li class=\"g1-column g1-one-half g1-valign-middle\">\n<p><img src=\"\/wp-content\/uploads\/2014\/10\/Office-365-Customer-Success-Center.png\" \/><\/p>\n<\/li><!-- --><\/ul>\n<p><div id=\"g1-divider-3\" class=\"g1-divider g1-divider--none g1-divider--icon \"><span><i class=\"icon-long-arrow-down\"><\/i><\/span><\/div><br \/>\n<!----\n[one_half]\n\n\n<h3 align=\"center\">Czym jest Microsoft 365 Business?<\/h3>\n\n\n[embed width=\"450\" height=\"253\"]https:\/\/www.youtube.com\/watch?v=9lCs43HUw9M&list=PLXPr7gfUMmKzhDLSu813juL2y07vcfZkd[\/embed]\n\n[\/one_half]\n\n[one_half_last]\n\n\n<h3 align=\"center\">Czym jest Office 365\u00a0for Business?<\/h3>\n\n\n[embed width=\"450\" height=\"253\"]https:\/\/www.youtube.com\/watch?v=4WIbqcmSB_E[\/embed]\n\n[\/one_half_last]\n---><\/p>\n<div style=\"text-align: center;\">\n<h3 align=\"center\">Czym jest Office 365 for Business?<\/h3>\n<p><div id=\"fluid-wrapper-counter-1\" class=\"g1-fluid-wrapper \" style=\"width:450px;\"><div style=\"padding-bottom:56.222222222222%;\"><iframe loading=\"lazy\" title=\"What is Office 365 for business?\" width=\"450\" height=\"253\" src=\"https:\/\/www.youtube.com\/embed\/4WIbqcmSB_E?feature=oembed&amp;wmode=transparent&amp;autohide=1&amp;autoplay=0&amp;disablekb=0&amp;fs=1&amp;loop=0&amp;enablejsapi=1&amp;rel=0&amp;controls=2&amp;showinfo=0&amp;wmode=transparent&amp;autohide=2&amp;autoplay=0&amp;disablekb=0&amp;fs=1&amp;loop=0&amp;enablejsapi=1&amp;rel=0&amp;controls=2&amp;showinfo=1&#038;enablejsapi=1&#038;origin=https:\/\/smart-it.com\" frameborder=\"0\" allow=\"accelerometer; autoplay; encrypted-media; gyroscope; picture-in-picture\" allowfullscreen><\/iframe><\/div><\/div>\n<\/div>\n<div id=\"g1-divider-4\" class=\"g1-divider g1-divider--none g1-divider--icon \"><span><i class=\"icon-long-arrow-down\"><\/i><\/span><\/div>\n<div style=\"text-align: center;\">\n<h3>Skontaktuj si\u0119 z nami, aby dowiedzie\u0107 si\u0119 wi\u0119cej o programie Microsoft Office 365<\/h3>\n<p><a id=\"g1-button-3\" class=\"g1-button g1-button--big g1-button--solid g1-button--standard \" href=\"\/company\/feedback\/message\/\" ><i class=\"icon-pencil\"><\/i>Zapytaj<\/a> <style type=\"text\/css\" scoped=\"scoped\">#g1-button-4.g1-button {background-color: #5078b4; border-color: #5078b4;}<\/style><a id=\"g1-button-4\" class=\"g1-button g1-button--big g1-button--solid g1-button--standard \" href=\"\/company\/feedback\/call\/\" ><i class=\"icon-phone\"><\/i>Um\u00f3w kontakt<\/a><\/p>\n<\/div>\n<\/div>\n","protected":false},"excerpt":{"rendered":"<p>Czym jest Office 365 for Business? Skontaktuj si\u0119 z nami, aby dowiedzie\u0107 si\u0119 wi\u0119cej o programie Microsoft Office 365<\/p>\n","protected":false},"author":2,"featured_media":0,"parent":7831,"menu_order":0,"comment_status":"closed","ping_status":"closed","template":"","meta":[],"_links":{"self":[{"href":"https:\/\/smart-it-prod-v3.azurewebsites.net\/pl\/wp-json\/wp\/v2\/pages\/7877"}],"collection":[{"href":"https:\/\/smart-it-prod-v3.azurewebsites.net\/pl\/wp-json\/wp\/v2\/pages"}],"about":[{"href":"https:\/\/smart-it-prod-v3.azurewebsites.net\/pl\/wp-json\/wp\/v2\/types\/page"}],"author":[{"embeddable":true,"href":"https:\/\/smart-it-prod-v3.azurewebsites.net\/pl\/wp-json\/wp\/v2\/users\/2"}],"replies":[{"embeddable":true,"href":"https:\/\/smart-it-prod-v3.azurewebsites.net\/pl\/wp-json\/wp\/v2\/comments?post=7877"}],"version-history":[{"count":0,"href":"https:\/\/smart-it-prod-v3.azurewebsites.net\/pl\/wp-json\/wp\/v2\/pages\/7877\/revisions"}],"up":[{"embeddable":true,"href":"https:\/\/smart-it-prod-v3.azurewebsites.net\/pl\/wp-json\/wp\/v2\/pages\/7831"}],"wp:attachment":[{"href":"https:\/\/smart-it-prod-v3.azurewebsites.net\/pl\/wp-json\/wp\/v2\/media?parent=7877"}],"curies":[{"name":"wp","href":"https:\/\/api.w.org\/{rel}","templated":true}]}}