{"id":7869,"date":"2016-09-21T17:57:59","date_gmt":"2016-09-21T14:57:59","guid":{"rendered":"http:\/\/smart-it-prod.azurewebsites.net\/pl\/?page_id=7869"},"modified":"2016-09-21T17:57:59","modified_gmt":"2016-09-21T14:57:59","slug":"absalon-crm","status":"publish","type":"page","link":"https:\/\/smart-it-prod-v3.azurewebsites.net\/pl\/produkty\/crm\/absalon-crm\/","title":{"rendered":"Absalon CRM"},"content":{"rendered":"<ul class=\"g1-grid\"><li class=\"g1-column g1-one-half g1-valign-middle\">\n<h2>Przemys\u0142-dopasowane rozwi\u0105zanie dla firm farmaceutycznych i medycznych<\/h2>\n<div align=\"left\"><a id=\"g1-button-1\" class=\"g1-button g1-button--medium g1-button--solid g1-button--standard \" href=\"\/company\/feedback\/message\/\" ><i class=\"icon-pencil\"><\/i>Zapytaj<\/a> <style type=\"text\/css\" scoped=\"scoped\">#g1-button-2.g1-button {background-color: #5078b4; border-color: #5078b4;}<\/style><a id=\"g1-button-2\" class=\"g1-button g1-button--medium g1-button--solid g1-button--standard \" href=\"\/company\/feedback\/call\/\" ><i class=\"icon-phone\"><\/i>Um\u00f3w kontakt<\/a><\/div>\n<\/li><!-- -->\n<li class=\"g1-column g1-one-half g1-valign-middle\">\n<p><img loading=\"lazy\" class=\"alignnone size-full wp-image-6344\" src=\"\/wp-content\/uploads\/2014\/07\/absalon-docotors1.jpg\" alt=\"absalon-docotors\" width=\"470\" height=\"172\" srcset=\"\/wp-content\/uploads\/2014\/07\/absalon-docotors1.jpg 470w, \/wp-content\/uploads\/2014\/07\/absalon-docotors1-300x110.jpg 300w, \/wp-content\/uploads\/2014\/07\/absalon-docotors1-320x117.jpg 320w, \/wp-content\/uploads\/2014\/07\/absalon-docotors1-239x87.jpg 239w\" sizes=\"(max-width: 470px) 100vw, 470px\" \/><\/p>\n<\/li><!-- --><\/ul>\n<div id=\"g1-divider-1\" class=\"g1-divider g1-divider--simple g1-divider--noicon \"><\/div>\n<ul class=\"g1-grid\"><li class=\"g1-column g1-one-half g1-valign-top\">\n<div id=\"g1-lead-1\" class=\"g1-lead \" >\n<p>Efektywne zarz\u0105dzanie relacjami z klientami oraz rozw\u00f3j odpowiednich proces\u00f3w biznesowych we wsp\u00f3\u0142czesnym przemy\u015ble farmaceutycznym s\u0105 sformu\u0142owane bardziej gwa\u0142townie ni\u017c w innych bran\u017cach. Wynika to ze specyfiki pracy przedstawicieli medycznych i realiach dzisiejszego rynku sektora Life Science.<\/p>\n<\/div>\n<\/li><!-- -->\n<li class=\"g1-column g1-one-half g1-valign-top\">\n\n<ul id=\"g1-list-1\" class=\"g1-list--icon g1-list--simple \" style=\"font-size: 125%;\">\n<li><i class=\"icon-circle-arrow-right g1-list__icon\"><\/i><a href=\"#review\">Czym jest CRM Absalon<\/a><\/li>\n<li><i class=\"icon-circle-arrow-right g1-list__icon\"><\/i><a href=\"#review\">Kluczowe cechy<\/a><\/li>\n<li><i class=\"icon-circle-arrow-right g1-list__icon\"><\/i><a href=\"#advantages\">Zakres funkcjonalny i zalety technologiczne<\/a><\/li>\n<\/ul>\n\n<\/li><!-- --><\/ul>\n<div id=\"g1-divider-2\" class=\"g1-divider g1-divider--simple g1-divider--noicon \"><\/div>\n<h2 id=\"review\" align=\"center\">Czym jest CRM Absalon<\/h2>\n<span id=\"g1-space-1\" class=\"g1-space \" style=\"height:45px;\"><\/span>\n<ul class=\"g1-grid\"><li class=\"g1-column g1-one-half g1-valign-top\">\n<ul class=\"g1-grid\"><li class=\"g1-column g1-one-sixth g1-valign-top\">\n<i id=\"icon-1\" class=\"icon-ok g1-icon g1-icon--solid g1-icon--medium g1-icon--inherit \"><\/i>\n<\/li><!-- -->\n<li class=\"g1-column g1-five-sixth g1-valign-top\">\n<h3>Pokrycie niezb\u0119dn\u0105 funkcjonalno\u015b\u0107<\/h3>\n<div id=\"g1-lead-2\" class=\"g1-lead \" >\n<p>Opracowany przez szwedzk\u0105 firm\u0119 Absalon Mi\u0119dzynarod\u00f3wki w oparciu o Microsoft Dynamics CRM, rozwi\u0105zanie obejmuje 70-90% wymaganej funkcjonalno\u015bci dla firm farmaceutycznych, aby sprosta\u0107 wyzwaniom tym segmencie.<\/p>\n<\/div>\n<\/li><!-- --><\/ul>\n<\/li><!-- -->\n<li class=\"g1-column g1-one-half g1-valign-top\">\n<ul class=\"g1-grid\"><li class=\"g1-column g1-one-sixth g1-valign-top\">\n<i id=\"icon-2\" class=\"icon-user-md g1-icon g1-icon--solid g1-icon--medium g1-icon--inherit \"><\/i>\n<\/li><!-- -->\n<li class=\"g1-column g1-five-sixth g1-valign-top\">\n<h3>Koncentracja na specyfik\u0119 bran\u017cy<\/h3>\n<div id=\"g1-lead-3\" class=\"g1-lead \" >\n<p>Przemys\u0142 ten skrojony CRM-rozwi\u0105zanie jest celowe narz\u0119dziem do codziennej pracy w celu promowania narkotyk\u00f3w, w tym w szczeg\u00f3lno\u015bci mobilnej pracy przedstawicieli medycznych i obs\u0142uguj\u0105 wszystkie typy urz\u0105dze\u0144 mobilnych.<\/p>\n<\/div>\n<\/li><!-- --><\/ul>\n<\/li><!-- --><\/ul>\n<ul class=\"g1-grid\"><li class=\"g1-column g1-one-half g1-valign-top\">\n<ul class=\"g1-grid\"><li class=\"g1-column g1-one-sixth g1-valign-top\">\n<i id=\"icon-3\" class=\"icon-refresh g1-icon g1-icon--solid g1-icon--medium g1-icon--inherit \"><\/i>\n<\/li><!-- -->\n<li class=\"g1-column g1-five-sixth g1-valign-top\">\n<h3>Prosta integracja<\/h3>\n<div id=\"g1-lead-4\" class=\"g1-lead \" >\n<p>Absalon CRM \u0142atwo integruje si\u0119 z innymi systemami, oraz jest wygodnym bazy danych dla plac\u00f3wek medycznych, lekarzy, aptek i innych typ\u00f3w organizacji w bran\u017cy.<\/p>\n<\/div>\n<\/li><!-- --><\/ul>\n<\/li><!-- -->\n<li class=\"g1-column g1-one-half g1-valign-top\">\n<ul class=\"g1-grid\"><li class=\"g1-column g1-one-sixth g1-valign-top\">\n<i id=\"icon-4\" class=\"icon-thumbs-up g1-icon g1-icon--solid g1-icon--medium g1-icon--inherit \"><\/i>\n<\/li><!-- -->\n<li class=\"g1-column g1-five-sixth g1-valign-top\">\n<h3>Udane do\u015bwiadczenia<\/h3>\n<div id=\"g1-lead-5\" class=\"g1-lead \" >\n<p>Ponad 10 lat pomy\u015blnego rozwoju i stosowania rozwi\u0105za\u0144 okaza\u0142y si\u0119 korzy\u015bci z udanym po\u0142\u0105czeniem zaawansowanej funkcjonalno\u015bci dla firm farmaceutycznych i podstawowych umiej\u0119tno\u015bci platformie Microsoft Dynamics CRM.<\/p>\n<\/div>\n<\/li><!-- --><\/ul>\n<\/li><!-- --><\/ul>\n<div id=\"g1-divider-3\" class=\"g1-divider g1-divider--none g1-divider--icon \"><span><i class=\"icon-long-arrow-down\"><\/i><\/span><\/div>\n<h2 id=\"opportunities\" align=\"center\">Najwa\u017cniejsze cechy systemu Absalon\u00a0CRM<\/h2>\n<ul class=\"g1-grid\"><li class=\"g1-column g1-one-half g1-valign-top\">\n\n<ul id=\"g1-list-2\" class=\"g1-list--icon g1-list--simple \" style=\"font-size: 125%;\">\n<li><i class=\"icon-ok g1-list__icon\"><\/i>Utrzymanie jednolitej bazy danych o instytucjach medycznych, aptek i lekarzy;<\/li>\n<li><i class=\"icon-ok g1-list__icon\"><\/i>Tworzenie systemu interakcji mi\u0119dzy med. Przedstawiciele i lekarzy \/ farmaceut\u00f3w (wi\u0105zanie do konkretnego lekarza, planuj\u0105c med przedstawiciela, itp.);<\/li>\n<li><i class=\"icon-ok g1-list__icon\"><\/i>Obliczenie aktywno\u015bci KPI MED. Przedstawiciele na podstawie raport\u00f3w z wizyt;<\/li>\n<li><i class=\"icon-ok g1-list__icon\"><\/i>Obliczenie KPI dla organ\u00f3w nadzoru na podstawie kwestionariuszy oceniaj\u0105cych pracownik\u00f3w;<\/li>\n<\/ul>\n\n<\/li><!-- -->\n<li class=\"g1-column g1-one-half g1-valign-top\">\n\n<ul id=\"g1-list-3\" class=\"g1-list--icon g1-list--simple \" style=\"font-size: 125%;\">\n<li><i class=\"icon-ok g1-list__icon\"><\/i>Narz\u0119dzia zbierania informacji i p\u00f3\u017aniejsza analiza rynku;<\/li>\n<li><i class=\"icon-ok g1-list__icon\"><\/i>Narz\u0119dzia do gromadzenia i analizy danych dotycz\u0105cych sprzeda\u017cy w aptekach;<\/li>\n<li><i class=\"icon-ok g1-list__icon\"><\/i>Narz\u0119dzia do przygotowywania cykle promocyjne dotycz\u0105ce konkretnego katalogu produkt\u00f3w;<\/li>\n<li><i class=\"icon-ok g1-list__icon\"><\/i>Narz\u0119dzia do pracy z referencjami;<\/li>\n<li><i class=\"icon-ok g1-list__icon\"><\/i>I wiele innych.<\/li>\n<\/ul>\n\n<\/li><!-- --><\/ul>\n<div id=\"g1-divider-4\" class=\"g1-divider g1-divider--none g1-divider--icon \"><span><i class=\"icon-long-arrow-down\"><\/i><\/span><\/div>\n<span id=\"g1-space-2\" class=\"g1-space \" style=\"height:1.5em;\"><\/span>\n<ul class=\"g1-grid\"><li class=\"g1-column g1-two-third g1-valign-top\">\n<h2 id=\"advantages\">Zakres funkcjonalny i zalety technologiczne:<\/h2>\n<ul class=\"g1-grid\"><li class=\"g1-column g1-one-third g1-valign-top\">\n<span id=\"g1-space-3\" class=\"g1-space \" style=\"height:1.5em;\"><\/span>\n<h3 style=\"text-align: right;\">Ujednolicona baza<\/h3>\n<\/li><!-- -->\n<li class=\"g1-column g1-two-third g1-valign-top\">\n\n<ul id=\"g1-list-4\" class=\"g1-list--disc g1-list--none \" style=\"font-size: 125%;\">\n<li>Lekarze i zak\u0142ady opieki zdrowotnej;<\/li>\n<li>Sieciowe, aptek i farmaceut\u00f3w;<\/li>\n<li>Specjalno\u015bci, potencja\u0142, lojalno\u015bci;<\/li>\n<li>Decydenci.<\/li>\n<\/ul>\n\n<\/li><!-- --><\/ul>\n<ul class=\"g1-grid\"><li class=\"g1-column g1-one-third g1-valign-top\">\n<span id=\"g1-space-4\" class=\"g1-space \" style=\"height:1.5em;\"><\/span>\n<h3 style=\"text-align: right;\">Znaczenie danych<\/h3>\n<\/li><!-- -->\n<li class=\"g1-column g1-two-third g1-valign-top\">\n\n<ul id=\"g1-list-5\" class=\"g1-list--disc g1-list--none \" style=\"font-size: 125%;\">\n<li>Utrzymanie histori\u0119 stosunk\u00f3w;<\/li>\n<li>\u017b\u0105danie zmiany;<\/li>\n<li>Automatyczne przypisywanie kategorii klient\u00f3w;<\/li>\n<li>Harmonogramy dla lekarzy i farmaceut\u00f3w;<\/li>\n<li>Integracja z aplikacjami innych firm (Cedegim).<\/li>\n<\/ul>\n\n<\/li><!-- --><\/ul>\n<ul class=\"g1-grid\"><li class=\"g1-column g1-one-third g1-valign-top\">\n<span id=\"g1-space-5\" class=\"g1-space \" style=\"height:1.5em;\"><\/span>\n<h3 style=\"text-align: right;\">Cykl planowania promocja<\/h3>\n<\/li><!-- -->\n<li class=\"g1-column g1-two-third g1-valign-top\">\n\n<ul id=\"g1-list-6\" class=\"g1-list--disc g1-list--none \" style=\"font-size: 125%;\">\n<li>Profilowanie i segmentacja;<\/li>\n<li>Ukierunkowane leki;<\/li>\n<li>Powtarzanie zada\u0144;<\/li>\n<li>Cel\u00f3w;<\/li>\n<li>Szablony sprawozdania z wizyt.<\/li>\n<\/ul>\n\n<\/li><!-- --><\/ul>\n<ul class=\"g1-grid\"><li class=\"g1-column g1-one-third g1-valign-top\">\n<span id=\"g1-space-6\" class=\"g1-space \" style=\"height:1.5em;\"><\/span>\n<h3 style=\"text-align: right;\">Promocja<\/h3>\n<\/li><!-- -->\n<li class=\"g1-column g1-two-third g1-valign-top\">\n\n<ul id=\"g1-list-7\" class=\"g1-list--disc g1-list--none \" style=\"font-size: 125%;\">\n<li>Przedstawicieli medycznych kalendarze;<\/li>\n<li>Wizyty planowanie, spotkania, seminaria, okr\u0105g\u0142e sto\u0142y;<\/li>\n<li>Raporty na temat wizyt;<\/li>\n<li>Wprowad\u017a dane dotycz\u0105ce przepisywania;<\/li>\n<li>Zarz\u0105dzaj dostarczanie pr\u00f3bek i materia\u0142\u00f3w POS.<\/li>\n<\/ul>\n\n<\/li><!-- --><\/ul>\n<ul class=\"g1-grid\"><li class=\"g1-column g1-one-third g1-valign-top\">\n<span id=\"g1-space-7\" class=\"g1-space \" style=\"height:1.5em;\"><\/span>\n<h3 style=\"text-align: right;\">Kontrola i analiza<\/h3>\n<\/li><!-- -->\n<li class=\"g1-column g1-two-third g1-valign-top\">\n\n<ul id=\"g1-list-8\" class=\"g1-list--disc g1-list--none \" style=\"font-size: 125%;\">\n<li>Raportowanie operacyjne o promocji;<\/li>\n<li>Analiza Plan fakt;<\/li>\n<li>Wska\u017aniki KPI dla Med. przedstawicieli;<\/li>\n<li>&#8222;Podw\u00f3jne wizyty&#8221;;<\/li>\n<li>Analiza cyklu promocyjnego.<\/li>\n<\/ul>\n\n<\/li><!-- --><\/ul>\n<ul class=\"g1-grid\"><li class=\"g1-column g1-one-third g1-valign-top\">\n<span id=\"g1-space-8\" class=\"g1-space \" style=\"height:1.5em;\"><\/span>\n<h3 style=\"text-align: right;\">Zarz\u0105dzanie zdarzeniami<\/h3>\n<\/li><!-- -->\n<li class=\"g1-column g1-two-third g1-valign-top\">\n\n<ul id=\"g1-list-9\" class=\"g1-list--disc g1-list--none \" style=\"font-size: 125%;\">\n<li>Okre\u015blenie grupy docelowej;<\/li>\n<li>Planowanie na organizacj\u0119 imprezy;<\/li>\n<li>Rozmowy zaproszenia i telefoniczne;<\/li>\n<li>Uczestnik\u00f3w badania;<\/li>\n<li>Bud\u017cetowanie i koszty.<\/li>\n<\/ul>\n\n<\/li><!-- --><\/ul>\n<ul class=\"g1-grid\"><li class=\"g1-column g1-one-third g1-valign-top\">\n<span id=\"g1-space-9\" class=\"g1-space \" style=\"height:1.5em;\"><\/span>\n<h3 style=\"text-align: right;\">Zaawansowane scenariusze<\/h3>\n<\/li><!-- -->\n<li class=\"g1-column g1-two-third g1-valign-top\">\n\n<ul id=\"g1-list-10\" class=\"g1-list--disc g1-list--none \" style=\"font-size: 125%;\">\n<li>Bezpo\u015brednie zarz\u0105dzanie sprzeda\u017c\u0105;<\/li>\n<li>Badania kliniczne zarz\u0105dzania;<\/li>\n<li>Odwo\u0142ania i zarz\u0105dzanie roszczenia;<\/li>\n<li>Wsp\u00f3\u0142praca z kluczowymi klientami;<\/li>\n<li>Merchandising;<\/li>\n<li>Zarz\u0105dzanie projektem;<\/li>\n<li>Zarz\u0105dzanie szkolenie;<\/li>\n<li>Zarz\u0105dzanie zasobami ludzkimi;<\/li>\n<li>Zarz\u0105dzanie zasobami;<\/li>\n<li>Zarz\u0105dzanie potencjalnych transakcji.<\/li>\n<\/ul>\n\n<\/li><!-- --><\/ul>\n<ul class=\"g1-grid\"><li class=\"g1-column g1-one-third g1-valign-top\">\n<span id=\"g1-space-10\" class=\"g1-space \" style=\"height:1.5em;\"><\/span>\n<h3 style=\"text-align: right;\">User-friendly<\/h3>\n<\/li><!-- -->\n<li class=\"g1-column g1-two-third g1-valign-top\">\n\n<ul id=\"g1-list-11\" class=\"g1-list--disc g1-list--none \" style=\"font-size: 125%;\">\n<li>Interfejs konfiguracyjny rol\u0119;<\/li>\n<li>Oddzielenie dost\u0119pu do danych wed\u0142ug lokalizacji;<\/li>\n<li>Dost\u0119p przez przegl\u0105dark\u0119 internetow\u0105;<\/li>\n<li>Offline-client MS Outlook;<\/li>\n<li>Dost\u0119p z urz\u0105dze\u0144 mobilnych.<\/li>\n<\/ul>\n\n<\/li><!-- --><\/ul>\n<ul class=\"g1-grid\"><li class=\"g1-column g1-one-third g1-valign-top\">\n<span id=\"g1-space-11\" class=\"g1-space \" style=\"height:1.5em;\"><\/span>\n<h3 style=\"text-align: right;\">Technologia<\/h3>\n<\/li><!-- -->\n<li class=\"g1-column g1-two-third g1-valign-top\">\n\n<ul id=\"g1-list-12\" class=\"g1-list--disc g1-list--none \" style=\"font-size: 125%;\">\n<li>Nowoczesna platforma technologiczna;<\/li>\n<li>Panele kontrolne w czasie rzeczywistym;<\/li>\n<li>\u0141atwo dostosowa\u0107 aplikacj\u0119;<\/li>\n<li>Integracja z MS Podziel punkt Server;<\/li>\n<li>Integracja z MS Office.<\/li>\n<\/ul>\n\n<\/li><!-- --><\/ul>\n<\/li><!-- -->\n<li class=\"g1-column g1-one-third g1-valign-top\">\n<div id=\"g1-box-counter-1\" class=\"g1-box g1-box--simple  g1-box--icon\" ><i class=\"icon-list-alt g1-box__icon\"><\/i><div class=\"g1-box__inner\">\n<h4 style=\"text-align: center;\">Dowiedz si\u0119 wi\u0119cej o Absalon CRM<\/h4>\n<div align=\"center\"><a id=\"g1-button-3\" class=\"g1-button g1-button--medium g1-button--solid g1-button--standard \" href=\"\/company\/feedback\/message\/\" ><i class=\"icon-pencil\"><\/i>Zapytaj<\/a><\/div>\n<\/div><\/div>\n<div id=\"g1-box-counter-2\" class=\"g1-box g1-box--simple  g1-box--noicon\" ><div class=\"g1-box__inner\">\n<h4 style=\"text-align: center;\">Zam\u00f3w prezentacj\u0119<\/h4>\n<div align=\"center\"><style type=\"text\/css\" scoped=\"scoped\">#g1-button-4.g1-button {background-color: #5078b4; border-color: #5078b4;}<\/style><a id=\"g1-button-4\" class=\"g1-button g1-button--medium g1-button--solid g1-button--standard \" href=\"\/company\/feedback\/demo\/\" ><i class=\"icon-picture\"><\/i>Wy\u015blij zapytanie<\/a><\/div>\n<\/div><\/div>\n<\/li><!-- --><\/ul>\n<div id=\"g1-divider-5\" class=\"g1-divider g1-divider--none g1-divider--icon \"><span><i class=\"icon-long-arrow-down\"><\/i><\/span><\/div>\n<div style=\"text-align: center;\">\n<h3>Skontaktuj si\u0119 z nami, aby dowiedzie\u0107 si\u0119 wi\u0119cej o Absalon CRM<\/h3>\n<p><a id=\"g1-button-5\" class=\"g1-button g1-button--big g1-button--solid g1-button--standard \" href=\"\/company\/feedback\/message\/\" ><i class=\"icon-pencil\"><\/i>Zapytaj<\/a> <style type=\"text\/css\" scoped=\"scoped\">#g1-button-6.g1-button {background-color: #5078b4; border-color: #5078b4;}<\/style><a id=\"g1-button-6\" class=\"g1-button g1-button--big g1-button--solid g1-button--standard \" href=\"\/company\/feedback\/call\/\" ><i class=\"icon-phone\"><\/i>Um\u00f3w kontakt<\/a><\/p>\n<\/div>\n","protected":false},"excerpt":{"rendered":"<p>Czym jest CRM Absalon Najwa\u017cniejsze cechy systemu Absalon\u00a0CRM Skontaktuj si\u0119 z nami, aby dowiedzie\u0107 si\u0119 wi\u0119cej o Absalon CRM<\/p>\n","protected":false},"author":2,"featured_media":0,"parent":7828,"menu_order":0,"comment_status":"closed","ping_status":"closed","template":"","meta":[],"_links":{"self":[{"href":"https:\/\/smart-it-prod-v3.azurewebsites.net\/pl\/wp-json\/wp\/v2\/pages\/7869"}],"collection":[{"href":"https:\/\/smart-it-prod-v3.azurewebsites.net\/pl\/wp-json\/wp\/v2\/pages"}],"about":[{"href":"https:\/\/smart-it-prod-v3.azurewebsites.net\/pl\/wp-json\/wp\/v2\/types\/page"}],"author":[{"embeddable":true,"href":"https:\/\/smart-it-prod-v3.azurewebsites.net\/pl\/wp-json\/wp\/v2\/users\/2"}],"replies":[{"embeddable":true,"href":"https:\/\/smart-it-prod-v3.azurewebsites.net\/pl\/wp-json\/wp\/v2\/comments?post=7869"}],"version-history":[{"count":0,"href":"https:\/\/smart-it-prod-v3.azurewebsites.net\/pl\/wp-json\/wp\/v2\/pages\/7869\/revisions"}],"up":[{"embeddable":true,"href":"https:\/\/smart-it-prod-v3.azurewebsites.net\/pl\/wp-json\/wp\/v2\/pages\/7828"}],"wp:attachment":[{"href":"https:\/\/smart-it-prod-v3.azurewebsites.net\/pl\/wp-json\/wp\/v2\/media?parent=7869"}],"curies":[{"name":"wp","href":"https:\/\/api.w.org\/{rel}","templated":true}]}}