{"id":7863,"date":"2016-09-21T12:34:24","date_gmt":"2016-09-21T09:34:24","guid":{"rendered":"http:\/\/smart-it-prod.azurewebsites.net\/pl\/?page_id=7863"},"modified":"2016-09-21T12:34:24","modified_gmt":"2016-09-21T09:34:24","slug":"microsoft-dynamics-crm","status":"publish","type":"page","link":"https:\/\/smart-it-prod-v3.azurewebsites.net\/pl\/produkty\/crm\/microsoft-dynamics-crm\/","title":{"rendered":"Microsoft Dynamics CRM"},"content":{"rendered":"<ul class=\"g1-grid\"><li class=\"g1-column g1-one-half g1-valign-top\">\n<h2>Rozwi\u0105zanie, kt\u00f3re pomaga uzyska\u0107 prac\u0119 szybciej i \u0142atwiej<\/h2>\n<div id=\"g1-lead-1\" class=\"g1-lead \" >\n<p>Microsoft Dynamics CRM to nasze rozwi\u0105zanie biznesowe do zarz\u0105dzania relacjami z klientami (CRM), kt\u00f3re wp\u0142ywa na wzrost wydajno\u015bci sprzeda\u017cy i skuteczno\u015b\u0107 marketingu dzi\u0119ki informacjom z portali spo\u0142eczno\u015bciowych, analizom biznesowym i zarz\u0105dzaniu kampaniami w chmurze, lokalnie lub w modelu hybrydowym.<\/p>\n<\/div>\n<div align=\"center\"><a id=\"g1-button-1\" class=\"g1-button g1-button--medium g1-button--solid g1-button--standard \" href=\"\/company\/feedback\/message\/\" ><i class=\"icon-pencil\"><\/i>Zapytaj<\/a> <style type=\"text\/css\" scoped=\"scoped\">#g1-button-2.g1-button {background-color: #5078b4; border-color: #5078b4;}<\/style><a id=\"g1-button-2\" class=\"g1-button g1-button--medium g1-button--solid g1-button--standard \" href=\"\/company\/feedback\/call\/\" ><i class=\"icon-phone\"><\/i>Um\u00f3w kontakt<\/a><\/div>\n<\/li><!-- -->\n<li class=\"g1-column g1-one-half g1-valign-top\">\n<p><img src=\"\/wp-content\/uploads\/2014\/07\/microsoft-dynamics-crm-bg-1.png\" alt=\"\" \/><\/p>\n<\/li><!-- --><\/ul>\n<div id=\"g1-divider-1\" class=\"g1-divider g1-divider--simple g1-divider--noicon \"><\/div>\n<ul class=\"g1-grid\"><li class=\"g1-column g1-one-half g1-valign-top\">\n<ul class=\"g1-grid\"><li class=\"g1-column g1-one-sixth g1-valign-top\">\n<i id=\"icon-1\" class=\"icon-money g1-icon g1-icon--solid g1-icon--medium g1-icon--inherit \"><\/i>\n<\/li><!-- -->\n<li class=\"g1-column g1-five-sixth g1-valign-top\">\n<h3>Skutecznie sprzeda\u0107<\/h3>\n<div id=\"g1-lead-2\" class=\"g1-lead \" >\n<p>Klienci wiedz\u0105 wi\u0119cej ni\u017c kiedykolwiek wcze\u015bniej podejmowania decyzji o zakupie, zanim mo\u017cna nawet zaanga\u017cowa\u0107. Tw\u00f3j zesp\u00f3\u0142 sprzeda\u017cy musi dostosowa\u0107 si\u0119 do nowej podr\u00f3\u017cy klienta. Mamy pozwalaj\u0105 skupi\u0107 si\u0119, wygra\u0107 szybciej i sprzedawa\u0107 wi\u0119cej.<\/p>\n<\/div>\n<\/li><!-- --><\/ul>\n<\/li><!-- -->\n<li class=\"g1-column g1-one-half g1-valign-top\">\n<ul class=\"g1-grid\"><li class=\"g1-column g1-one-sixth g1-valign-top\">\n<i id=\"icon-2\" class=\"icon-comments g1-icon g1-icon--solid g1-icon--medium g1-icon--inherit \"><\/i>\n<\/li><!-- -->\n<li class=\"g1-column g1-five-sixth g1-valign-top\">\n<h3>Troska wsz\u0119dzie<\/h3>\n<div id=\"g1-lead-3\" class=\"g1-lead \" >\n<p>Oczekiwania serwisowe zosta\u0142y zmienione na zawsze. Klienci oczekuj\u0105 jako\u015bci, spersonalizowane us\u0142ugi, na ich warunkach. Pomo\u017cemy Ci zdoby\u0107 lojalno\u015b\u0107, upowa\u017cni\u0107 agent\u00f3w, a dysk uchwa\u0142\u0119 z niezwyk\u0142\u0105 us\u0142ug\u0119, w ka\u017cdej chwili, za po\u015brednictwem dowolnego kana\u0142u.<\/p>\n<\/div>\n<\/li><!-- --><\/ul>\n<\/li><!-- --><\/ul>\n<ul class=\"g1-grid\"><li class=\"g1-column g1-one-half g1-valign-top\">\n<ul class=\"g1-grid\"><li class=\"g1-column g1-one-sixth g1-valign-top\">\n<i id=\"icon-3\" class=\"icon-screenshot g1-icon g1-icon--solid g1-icon--medium g1-icon--inherit \"><\/i>\n<\/li><!-- -->\n<li class=\"g1-column g1-five-sixth g1-valign-top\">\n<h3>Rynek m\u0105drzejszy<\/h3>\n<div id=\"g1-lead-4\" class=\"g1-lead \" >\n<p>Potrzeby marketingowe s\u0105 ci\u0105gle si\u0119 zmienia. Trzeba zaanga\u017cowa\u0107 klient\u00f3w w nowy spos\u00f3b w ca\u0142ej nowych kana\u0142\u00f3w, pokazuj\u0105c ROI inwestycji. Pomo\u017cemy Ci zaanga\u017cowa\u0107 klient\u00f3w, budowa\u0107 ruroci\u0105g, i wykaza\u0107 wp\u0142yw.<\/p>\n<\/div>\n<\/li><!-- --><\/ul>\n<\/li><!-- -->\n<li class=\"g1-column g1-one-half g1-valign-top\">\n<ul class=\"g1-grid\"><li class=\"g1-column g1-one-sixth g1-valign-top\">\n<i id=\"icon-4\" class=\"icon-group g1-icon g1-icon--solid g1-icon--medium g1-icon--inherit \"><\/i>\n<\/li><!-- -->\n<li class=\"g1-column g1-five-sixth g1-valign-top\">\n<h3>Spo\u0142ecznej dla ka\u017cdego<\/h3>\n<div id=\"g1-lead-5\" class=\"g1-lead \" >\n<p>Insight spo\u0142eczny mo\u017ce poinformowa\u0107 wspania\u0142e do\u015bwiadczenia z klientami, dzi\u0119ki czemu komunikaty budz\u0105 jednocze\u015bnie podkre\u015blaj\u0105c tendencje, kt\u00f3re maj\u0105 wp\u0142yw marki. Ale to nie musi kosztowa\u0107 fortun\u0119 lub by\u0107 ograniczony do kilku-to powinno by\u0107 cz\u0119\u015bci\u0105 wszystkiego, co robisz.<\/p>\n<\/div>\n<\/li><!-- --><\/ul>\n<\/li><!-- --><\/ul>\n<div id=\"g1-divider-2\" class=\"g1-divider g1-divider--none g1-divider--icon \"><span><i class=\"icon-long-arrow-down\"><\/i><\/span><\/div>\n<ul class=\"g1-grid\"><li class=\"g1-column g1-one-half g1-valign-top\">\n<h3 align=\"center\">Zacznij korzysta\u0107 z Dynamics CRM<\/h3>\n<div id=\"fluid-wrapper-counter-1\" class=\"g1-fluid-wrapper \" style=\"width:450px;\"><div style=\"padding-bottom:56.222222222222%;\"><iframe loading=\"lazy\" width=\"450\" height=\"253\" src=\"https:\/\/www.youtube.com\/embed\/hGm3aihjMK4?feature=oembed&amp;wmode=transparent&amp;autohide=1&amp;autoplay=0&amp;disablekb=0&amp;fs=1&amp;loop=0&amp;enablejsapi=1&amp;rel=0&amp;controls=2&amp;showinfo=0&amp;wmode=transparent&amp;autohide=2&amp;autoplay=0&amp;disablekb=0&amp;fs=1&amp;loop=0&amp;enablejsapi=1&amp;rel=0&amp;controls=2&amp;showinfo=1&#038;enablejsapi=1&#038;origin=https:\/\/smart-it.com\" frameborder=\"0\" allowfullscreen><\/iframe><\/div><\/div>\n<\/li><!-- -->\n<li class=\"g1-column g1-one-half g1-valign-top\">\n<h3 style=\"text-align: center;\" align=\"center\">Zjednoczy\u0107 sw\u00f3j zesp\u00f3\u0142 z Dynamics CRM<\/h3>\n<div id=\"fluid-wrapper-counter-2\" class=\"g1-fluid-wrapper \" style=\"width:450px;\"><div style=\"padding-bottom:56.222222222222%;\"><iframe loading=\"lazy\" width=\"450\" height=\"253\" src=\"https:\/\/www.youtube.com\/embed\/DPJwdQX39fw?feature=oembed&amp;wmode=transparent&amp;autohide=1&amp;autoplay=0&amp;disablekb=0&amp;fs=1&amp;loop=0&amp;enablejsapi=1&amp;rel=0&amp;controls=2&amp;showinfo=0&amp;wmode=transparent&amp;autohide=2&amp;autoplay=0&amp;disablekb=0&amp;fs=1&amp;loop=0&amp;enablejsapi=1&amp;rel=0&amp;controls=2&amp;showinfo=1&#038;enablejsapi=1&#038;origin=https:\/\/smart-it.com\" frameborder=\"0\" allowfullscreen><\/iframe><\/div><\/div>\n<\/li><!-- --><\/ul>\n<span id=\"g1-space-1\" class=\"g1-space \" style=\"height:35px;\"><\/span>\n<h2 align=\"center\">Bran\u017cowe rozwi\u0105zania CRM<\/h2>\n<div id=\"g1-divider-3\" class=\"g1-divider g1-divider--simple g1-divider--noicon \"><\/div>\n<ul class=\"g1-grid\"><li class=\"g1-column g1-one-third g1-valign-top\">\n<p><img src=\"\/wp-content\/uploads\/2014\/07\/veripark-logo-2.jpg\" alt=\"VeriPark Solutions\" \/><\/p>\n<\/li><!-- -->\n<li class=\"g1-column g1-one-third g1-valign-top\">\n<h3>Produkcja VeriPark dla przemys\u0142u bankowego<\/h3>\n<p>Rozwi\u0105zania dla bank\u00f3w oraz instytucji finansowych.<\/p>\n<\/li><!-- -->\n<li class=\"g1-column g1-one-third g1-valign-top\">\n\n<ul id=\"g1-list-1\" class=\"g1-list--icon g1-list--simple \">\n<li><i class=\"icon-circle-arrow-right g1-list__icon\"><\/i><a href=\"\/company\/feedback\/demo\/\">Zam\u00f3w prezentacj\u0119<\/a><\/li>\n<li><i class=\"icon-circle-arrow-right g1-list__icon\"><\/i><a href=\"\/company\/feedback\/message\/\">Zapytaj<\/a><\/li>\n<\/ul>\n\n<\/li><!-- --><\/ul>\n<div id=\"g1-divider-4\" class=\"g1-divider g1-divider--none g1-divider--noicon \"><\/div>\n<ul class=\"g1-grid\"><li class=\"g1-column g1-one-third g1-valign-top\">\n<p><img src=\"\/wp-content\/uploads\/2014\/06\/xrm1-logo.png\" alt=\"xRM1 software\" \/><\/p>\n<\/li><!-- -->\n<li class=\"g1-column g1-one-third g1-valign-top\">\n<h3>xRM1<\/h3>\n<p>Poszerzone rozwi\u0105zania biznesowe na bazie Microsoft Dynamics CRM.<\/p>\n<\/li><!-- -->\n<li class=\"g1-column g1-one-third g1-valign-top\">\n\n<ul id=\"g1-list-2\" class=\"g1-list--icon g1-list--simple \">\n<li><i class=\"icon-circle-arrow-right g1-list__icon\"><\/i><a href=\"\/company\/feedback\/demo\/\">Zam\u00f3w prezentacj\u0119<\/a><\/li>\n<li><i class=\"icon-circle-arrow-right g1-list__icon\"><\/i><a href=\"\/company\/feedback\/message\/\">Zapytaj<\/a><\/li>\n<\/ul>\n\n<\/li><!-- --><\/ul>\n<div id=\"g1-divider-5\" class=\"g1-divider g1-divider--none g1-divider--noicon \"><\/div>\n<ul class=\"g1-grid\"><li class=\"g1-column g1-one-third g1-valign-top\">\n<p><img src=\"\/wp-content\/uploads\/2014\/07\/absalon-logo-1.png\" alt=\"Absalon CRM Solutions\" \/><\/p>\n<\/li><!-- -->\n<li class=\"g1-column g1-one-third g1-valign-top\">\n<h3><a href=\"\/products\/crm\/absalon-crm\/\">Absalon CRM<\/a><\/h3>\n<p>Rozwi\u0105zanie dla bran\u017cy nauk przyrodniczych i bran\u017c pokrewnych.<\/p>\n<\/li><!-- -->\n<li class=\"g1-column g1-one-third g1-valign-top\">\n\n<ul id=\"g1-list-3\" class=\"g1-list--icon g1-list--simple \">\n<li><i class=\"icon-circle-arrow-right g1-list__icon\"><\/i><a href=\"\/products\/crm\/absalon-crm\/\">Dowiedz si\u0119 wi\u0119cej<\/a><\/li>\n<li><i class=\"icon-circle-arrow-right g1-list__icon\"><\/i><a href=\"\/company\/feedback\/demo\/\">Zam\u00f3w prezentacj\u0119<\/a><\/li>\n<li><i class=\"icon-circle-arrow-right g1-list__icon\"><\/i><a href=\"\/company\/feedback\/message\/\">Zapytaj<\/a><\/li>\n<\/ul>\n\n<\/li><!-- --><\/ul>\n<div id=\"g1-divider-6\" class=\"g1-divider g1-divider--none g1-divider--noicon \"><\/div>\n<ul class=\"g1-grid\"><li class=\"g1-column g1-one-third g1-valign-top\">\n<p><img src=\"\/wp-content\/uploads\/2014\/11\/smart-distribution-logo-3.jpg\" alt=\"Smart Distribution\" \/><\/p>\n<\/li><!-- -->\n<li class=\"g1-column g1-one-third g1-valign-top\">\n<h3>SMART Distribution<\/h3>\n<p>Bran\u017cowe rozwi\u0105zania ERP dla firm dystrybucyjnych<\/p>\n<\/li><!-- -->\n<li class=\"g1-column g1-one-third g1-valign-top\">\n\n<ul id=\"g1-list-4\" class=\"g1-list--icon g1-list--simple \">\n<li><i class=\"icon-circle-arrow-right g1-list__icon\"><\/i><a href=\"\/company\/feedback\/demo\/\">Zam\u00f3w prezentacj\u0119<\/a><\/li>\n<li><i class=\"icon-circle-arrow-right g1-list__icon\"><\/i><a href=\"\/company\/feedback\/message\/\">Zapytaj<\/a><\/li>\n<\/ul>\n\n<\/li><!-- --><\/ul>\n<div id=\"g1-divider-7\" class=\"g1-divider g1-divider--none g1-divider--icon \"><span><i class=\"icon-long-arrow-down\"><\/i><\/span><\/div>\n<div style=\"text-align: center;\">\n<h3>Skontaktuj si\u0119 z nami, aby dowiedzie\u0107 si\u0119 wi\u0119cej o programie Microsoft Dynamics CRM<\/h3>\n<p><a id=\"g1-button-3\" class=\"g1-button g1-button--big g1-button--solid g1-button--standard \" href=\"\/company\/feedback\/message\/\" ><i class=\"icon-pencil\"><\/i>Zapytaj<\/a> <style type=\"text\/css\" scoped=\"scoped\">#g1-button-4.g1-button {background-color: #5078b4; border-color: #5078b4;}<\/style><a id=\"g1-button-4\" class=\"g1-button g1-button--big g1-button--solid g1-button--standard \" href=\"\/company\/feedback\/call\/\" ><i class=\"icon-phone\"><\/i>Um\u00f3w kontakt<\/a><\/p>\n<\/div>\n","protected":false},"excerpt":{"rendered":"<p>Bran\u017cowe rozwi\u0105zania CRM Skontaktuj si\u0119 z nami, aby dowiedzie\u0107 si\u0119 wi\u0119cej o programie Microsoft Dynamics CRM<\/p>\n","protected":false},"author":2,"featured_media":0,"parent":7828,"menu_order":0,"comment_status":"closed","ping_status":"closed","template":"","meta":[],"_links":{"self":[{"href":"https:\/\/smart-it-prod-v3.azurewebsites.net\/pl\/wp-json\/wp\/v2\/pages\/7863"}],"collection":[{"href":"https:\/\/smart-it-prod-v3.azurewebsites.net\/pl\/wp-json\/wp\/v2\/pages"}],"about":[{"href":"https:\/\/smart-it-prod-v3.azurewebsites.net\/pl\/wp-json\/wp\/v2\/types\/page"}],"author":[{"embeddable":true,"href":"https:\/\/smart-it-prod-v3.azurewebsites.net\/pl\/wp-json\/wp\/v2\/users\/2"}],"replies":[{"embeddable":true,"href":"https:\/\/smart-it-prod-v3.azurewebsites.net\/pl\/wp-json\/wp\/v2\/comments?post=7863"}],"version-history":[{"count":0,"href":"https:\/\/smart-it-prod-v3.azurewebsites.net\/pl\/wp-json\/wp\/v2\/pages\/7863\/revisions"}],"up":[{"embeddable":true,"href":"https:\/\/smart-it-prod-v3.azurewebsites.net\/pl\/wp-json\/wp\/v2\/pages\/7828"}],"wp:attachment":[{"href":"https:\/\/smart-it-prod-v3.azurewebsites.net\/pl\/wp-json\/wp\/v2\/media?parent=7863"}],"curies":[{"name":"wp","href":"https:\/\/api.w.org\/{rel}","templated":true}]}}