{"id":7857,"date":"2016-09-20T18:28:47","date_gmt":"2016-09-20T15:28:47","guid":{"rendered":"http:\/\/smart-it-prod.azurewebsites.net\/pl\/?page_id=7857"},"modified":"2016-09-20T18:28:47","modified_gmt":"2016-09-20T15:28:47","slug":"scalable","status":"publish","type":"page","link":"https:\/\/smart-it-prod-v3.azurewebsites.net\/pl\/produkty\/rozwiazania-erp\/scalable\/","title":{"rendered":"Scalable"},"content":{"rendered":"<ul class=\"g1-grid\"><li class=\"g1-column g1-one-half g1-valign-middle\">\n<h2>Kompleksowy pakiet modu\u0142\u00f3w oprogramowania w pe\u0142ni zintegrowany z Microsoft Dynamics AX<\/h2>\n<div align=\"left\"><a id=\"g1-button-1\" class=\"g1-button g1-button--medium g1-button--solid g1-button--standard \" href=\"\/company\/feedback\/message\/\" ><i class=\"icon-pencil\"><\/i>Zapytaj<\/a> <style type=\"text\/css\" scoped=\"scoped\">#g1-button-2.g1-button {background-color: #5078b4; border-color: #5078b4;}<\/style><a id=\"g1-button-2\" class=\"g1-button g1-button--medium g1-button--solid g1-button--standard \" href=\"\/company\/feedback\/call\/\" ><i class=\"icon-phone\"><\/i>Um\u00f3w kontakt<\/a><\/div>\n<\/li><!-- -->\n<li class=\"g1-column g1-one-half g1-valign-middle\">\n<p><img loading=\"lazy\" class=\"alignnone size-full wp-image-6827\" src=\"\/wp-content\/uploads\/2015\/06\/scalable-large.jpg\" alt=\"scalable-large\" width=\"470\" height=\"230\" srcset=\"\/wp-content\/uploads\/2015\/06\/scalable-large.jpg 470w, \/wp-content\/uploads\/2015\/06\/scalable-large-300x147.jpg 300w, \/wp-content\/uploads\/2015\/06\/scalable-large-320x157.jpg 320w, \/wp-content\/uploads\/2015\/06\/scalable-large-239x117.jpg 239w\" sizes=\"(max-width: 470px) 100vw, 470px\" \/><\/p>\n<\/li><!-- --><\/ul>\n<div id=\"g1-divider-1\" class=\"g1-divider g1-divider--simple g1-divider--noicon \"><\/div>\n<ul class=\"g1-grid\"><li class=\"g1-column g1-one-half g1-valign-middle\">\n<div id=\"g1-lead-1\" class=\"g1-lead \" >\n<p>Scalable\u00a0jest Microsoft Dynamics AX Partner z 28-letnim do\u015bwiadczeniem we wdra\u017caniu rozwi\u0105za\u0144 ERP dla mi\u0119dzynarodowych firm produkcyjnych, dystrybucyjnych i Commodity Trading firm.<\/p>\n<\/div>\n<\/li><!-- -->\n<li class=\"g1-column g1-one-half g1-valign-top\">\n\n<ul id=\"g1-list-1\" class=\"g1-list--icon g1-list--simple \" style=\"font-size: 125%;\">\n<li><i class=\"icon-circle-arrow-right g1-list__icon\"><\/i><a href=\"#solutions\">Rozwi\u0105zania Scalable<\/a><\/li>\n<li><i class=\"icon-circle-arrow-right g1-list__icon\"><\/i><a href=\"#complete\">Pe\u0142ny przegl\u0105d rozwi\u0105zanie<\/a><\/li>\n<\/ul>\n\n<\/li><!-- --><\/ul>\n<div id=\"g1-divider-2\" class=\"g1-divider g1-divider--simple g1-divider--noicon \"><\/div>\n<h2 id=\"solutions\" align=\"center\">Rozwi\u0105zania Scalable<\/h2>\n<span id=\"g1-space-1\" class=\"g1-space \" style=\"height:45px;\"><\/span>\n<ul class=\"g1-grid\"><li class=\"g1-column g1-one-half g1-valign-top\">\n<div id=\"g1-box-counter-1\" class=\"g1-box g1-box--simple  g1-box--icon\" ><i class=\"icon-tint g1-box__icon\"><\/i><div class=\"g1-box__inner\">\n<h3 align=\"center\">Towary<\/h3>\n<div id=\"g1-lead-2\" class=\"g1-lead \" >\n<p><strong>Scalable Commodity<\/strong>. Rozwi\u0105zanie Commodity Trading zapewnia dost\u0119p do aktualnych umowy, logistyki i zarz\u0105dzania ryzykiem dotycz\u0105cym informacji poufnych Dynamics AX.<\/p>\n<\/div>\n<\/div><\/div>\n<\/li><!-- -->\n<li class=\"g1-column g1-one-half g1-valign-top\">\n<div id=\"g1-box-counter-2\" class=\"g1-box g1-box--simple  g1-box--icon\" ><i class=\"icon-cogs g1-box__icon\"><\/i><div class=\"g1-box__inner\">\n<h3 align=\"center\">Produkcja<\/h3>\n<div id=\"g1-lead-3\" class=\"g1-lead \" >\n<p><strong>Scalable Manufacturing<\/strong>. Dynamics AX posiada bogaty zestaw funkcji, w tym na przyk\u0142ad zasad Lean Manufacturing i du\u017c\u0105 funkcjonalno\u015b\u0107 dla organizacji produkcji.<\/p>\n<\/div>\n<\/div><\/div>\n<\/li><!-- --><\/ul>\n<ul class=\"g1-grid\"><li class=\"g1-column g1-one-half g1-valign-top\">\n<div id=\"g1-box-counter-3\" class=\"g1-box g1-box--simple  g1-box--icon\" ><i class=\"icon-truck g1-box__icon\"><\/i><div class=\"g1-box__inner\">\n<h3 align=\"center\">Dystrybucja<\/h3>\n<div id=\"g1-lead-4\" class=\"g1-lead \" >\n<p><strong>Scalable Distribution<\/strong>. Scalable&#8217;s experience with distribution organizations has helped customers re-evaluate their Supply Chain processes.<\/p>\n<\/div>\n<\/div><\/div>\n<\/li><!-- -->\n<li class=\"g1-column g1-one-half g1-valign-top\">\n<div id=\"g1-box-counter-4\" class=\"g1-box g1-box--simple  g1-box--icon\" ><i class=\"icon-shopping-cart g1-box__icon\"><\/i><div class=\"g1-box__inner\">\n<h3 align=\"center\">Detaliczna<\/h3>\n<div id=\"g1-lead-5\" class=\"g1-lead \" >\n<p><strong>Scalable Retail<\/strong>. Skutecznym operacje magazynowe System i wyr\u00f3wna\u0107 je z planowanymi multimodalne ruch\u00f3w towarowych do utrzymania \u0142a\u0144cucha dostaw w ruchu.<\/p>\n<\/div>\n<span id=\"g1-space-2\" class=\"g1-space \" style=\"height:25px;\"><\/span>\n<\/div><\/div>\n<\/li><!-- --><\/ul>\n<div id=\"g1-divider-3\" class=\"g1-divider g1-divider--none g1-divider--icon \"><span><i class=\"icon-long-arrow-down\"><\/i><\/span><\/div>\n<h2 id=\"complete\" align=\"center\">Pe\u0142ny przegl\u0105d rozwi\u0105zanie<\/h2>\n<span id=\"g1-space-3\" class=\"g1-space \" style=\"height:45px;\"><\/span>\n<ul class=\"g1-grid\"><li class=\"g1-column g1-one-half g1-valign-top\">\n<h3 style=\"text-align: left;\">Obrot towarowego i zam\u00f3wie\u0144<\/h3>\n\n<ul id=\"g1-list-2\" class=\"g1-list--disc g1-list--none \" style=\"font-size: 125%;\">\n<li>Tor Kontrakty poprzez cyklu \u017cycia.<\/li>\n<li>Zarz\u0105dzanie i plan logistyczny.<\/li>\n<li>Zarz\u0105dzanie ryzykiem.<\/li>\n<li>Futures i zabezpieczaj\u0105cych.<\/li>\n<\/ul>\n\n<\/li><!-- -->\n<li class=\"g1-column g1-one-half g1-valign-top\">\n<h3 style=\"text-align: left;\">Rabaty dla klient\u00f3w i dostawcy<\/h3>\n\n<ul id=\"g1-list-3\" class=\"g1-list--disc g1-list--none \" style=\"font-size: 125%;\">\n<li>Rabaty przez klient\u00f3w, sprzedawcy, poz.<\/li>\n<li>Ustaw i \u015bledzi\u0107 terminy rabatowych.<\/li>\n<li>Wiele metod obliczeniowych.<\/li>\n<li>Pojednanie z bud\u017cetu, cena netto.<\/li>\n<\/ul>\n\n<\/li><!-- --><\/ul>\n<span id=\"g1-space-4\" class=\"g1-space \" style=\"height:25px;\"><\/span>\n<ul class=\"g1-grid\"><li class=\"g1-column g1-one-half g1-valign-top\">\n<h3 style=\"text-align: left;\">Planowanie pracownik\u00f3w<\/h3>\n\n<ul id=\"g1-list-4\" class=\"g1-list--disc g1-list--none \" style=\"font-size: 125%;\">\n<li>Shift (roster) Manager.<\/li>\n<li>Mened\u017cer grafiku.<\/li>\n<li>On-line, w czasie rzeczywistym Costing Pracy.<\/li>\n<li>Umowa o zarz\u0105dzanie pracy.<\/li>\n<li>Integruje si\u0119 z projektami, Enterprise Asset konserwacji (EAM).<\/li>\n<\/ul>\n\n<\/li><!-- -->\n<li class=\"g1-column g1-one-half g1-valign-top\">\n<h3 style=\"text-align: left;\">Transport i logistyka<\/h3>\n\n<ul id=\"g1-list-5\" class=\"g1-list--disc g1-list--none \" style=\"font-size: 125%;\">\n<li>Budowanie \u0142adunki dla tras dostawczych.<\/li>\n<li>Ceny, Notatnik oraz kwit\u00f3w \/ Manifesty od obci\u0105\u017cenia.<\/li>\n<li>U\u017cytkownik definiuje transportowy typ, pojemno\u015b\u0107 i ceny.<\/li>\n<li>Faktury dostawcy Pojednanie.<\/li>\n<li>Carrier op\u0142aty i prowizje agenta obliczona.<\/li>\n<\/ul>\n\n<\/li><!-- --><\/ul>\n<span id=\"g1-space-5\" class=\"g1-space \" style=\"height:25px;\"><\/span>\n<ul class=\"g1-grid\"><li class=\"g1-column g1-one-half g1-valign-top\">\n<h3 style=\"text-align: left;\">Koszty mieszkania<\/h3>\n\n<ul id=\"g1-list-6\" class=\"g1-list--disc g1-list--none \" style=\"font-size: 125%;\">\n<li>Elastyczne metody alokacji.<\/li>\n<li>Wiele r\u00f3\u017cnych dostawc\u00f3w \/ OP za przesy\u0142k\u0119.<\/li>\n<li>Do\u0142\u0105czanie element\u00f3w do pojemnik\u00f3w i karton\u00f3w dla uproszczony proces odbiorczej.<\/li>\n<li>Stan \u015bledzenia przesy\u0142ek z dat\u0105.<\/li>\n<\/ul>\n\n<\/li><!-- -->\n<li class=\"g1-column g1-one-half g1-valign-top\">\n<h3 style=\"text-align: left;\">EDI<\/h3>\n\n<ul id=\"g1-list-7\" class=\"g1-list--disc g1-list--none \" style=\"font-size: 125%;\">\n<li>Obs\u0142uguje wi\u0119kszo\u015b\u0107 typ\u00f3w dokument\u00f3w.<\/li>\n<li>T\u0142umaczenie na j\u0119zyki lokalne.<\/li>\n<li>Batch download \/ upload dokument\u00f3w.<\/li>\n<li>Obs\u0142uga wielu miejscach fabrycznych.<\/li>\n<\/ul>\n\n<\/li><!-- --><\/ul>\n<span id=\"g1-space-6\" class=\"g1-space \" style=\"height:25px;\"><\/span>\n<ul class=\"g1-grid\"><li class=\"g1-column g1-one-half g1-valign-top\">\n<h3 style=\"text-align: left;\">Zaawansowane planowanie produkcji<\/h3>\n\n<ul id=\"g1-list-8\" class=\"g1-list--disc g1-list--none \" style=\"font-size: 125%;\">\n<li>Review, dostosowania plan\u00f3w produkcyjnych z wykresu Gantta.<\/li>\n<li>Zastosuj dodatkowe sekwencje sortowania z poziomu wykresu Gantta.<\/li>\n<li>Trasa konfigurowalne przepustowo\u015b\u0107 dla alternatywnych o\u015brodk\u00f3w pracy<\/li>\n<\/ul>\n\n<\/li><!-- -->\n<li class=\"g1-column g1-one-half g1-valign-top\">\n<h3 style=\"text-align: left;\">Enterprise Asset Konserwacja<\/h3>\n\n<ul id=\"g1-list-9\" class=\"g1-list--disc g1-list--none \" style=\"font-size: 125%;\">\n<li>\u015aledzi\u0107 i zarz\u0105dza\u0107 kosztami pracy.<\/li>\n<li>Analiza obecnych praktyk konserwacyjnych.<\/li>\n<li>Okre\u015bli\u0107 procent przestoj\u00f3w.<\/li>\n<li>Oblicz straty plonu oraz utrat\u0119 przychod\u00f3w.<\/li>\n<li>Monitorowanie i zarz\u0105dzanie, cz\u0119\u015bci koszt\u00f3w prowadzenia.<\/li>\n<\/ul>\n\n<\/li><!-- --><\/ul>\n<span id=\"g1-space-7\" class=\"g1-space \" style=\"height:25px;\"><\/span>\n<ul class=\"g1-grid\"><li class=\"g1-column g1-one-half g1-valign-top\">\n<h3 style=\"text-align: center;\">Rozwi\u0105zanie ERP<\/h3>\n<p><a href=\"\/wp-content\/uploads\/2015\/06\/scalable-erp-solution.jpg\" target=\"_blank\"><img loading=\"lazy\" class=\"alignnone size-full wp-image-6828\" src=\"\/wp-content\/uploads\/2015\/06\/scalable-erp-solution.jpg\" alt=\"scalable-erp-solution\" width=\"470\" height=\"200\" \/><\/a><\/p>\n<\/li><!-- -->\n<li class=\"g1-column g1-one-half g1-valign-top\">\n<h3 style=\"text-align: center;\">Procesy biznesowe<\/h3>\n<p><a href=\"https:\/\/smart-it.com\/wp-content\/uploads\/2015\/06\/scalable-standard-processes.jpg\"><img loading=\"lazy\" class=\"alignnone size-full wp-image-6844\" src=\"https:\/\/smart-it.com\/wp-content\/uploads\/2015\/06\/scalable-standard-processes.jpg\" alt=\"scalable-standard-processes\" width=\"470\" height=\"200\" \/><\/a><\/p>\n<\/li><!-- --><\/ul>\n<div id=\"g1-divider-4\" class=\"g1-divider g1-divider--none g1-divider--icon \"><span><i class=\"icon-long-arrow-down\"><\/i><\/span><\/div>\n<div style=\"text-align: center;\">\n<h3>Skontaktuj si\u0119 z nami aby dowiedzie\u0107 si\u0119 wi\u0119cej o rozwi\u0105zaniach Scalable<\/h3>\n<p><a id=\"g1-button-3\" class=\"g1-button g1-button--big g1-button--solid g1-button--standard \" href=\"\/company\/feedback\/message\/\" ><i class=\"icon-pencil\"><\/i>Zapytaj<\/a> <style type=\"text\/css\" scoped=\"scoped\">#g1-button-4.g1-button {background-color: #5078b4; border-color: #5078b4;}<\/style><a id=\"g1-button-4\" class=\"g1-button g1-button--big g1-button--solid g1-button--standard \" href=\"\/company\/feedback\/call\/\" ><i class=\"icon-phone\"><\/i>Um\u00f3w kontakt<\/a><\/p>\n<\/div>\n","protected":false},"excerpt":{"rendered":"<p>Rozwi\u0105zania Scalable Pe\u0142ny przegl\u0105d rozwi\u0105zanie Skontaktuj si\u0119 z nami aby dowiedzie\u0107 si\u0119 wi\u0119cej o rozwi\u0105zaniach Scalable<\/p>\n","protected":false},"author":2,"featured_media":0,"parent":7826,"menu_order":0,"comment_status":"closed","ping_status":"closed","template":"","meta":[],"_links":{"self":[{"href":"https:\/\/smart-it-prod-v3.azurewebsites.net\/pl\/wp-json\/wp\/v2\/pages\/7857"}],"collection":[{"href":"https:\/\/smart-it-prod-v3.azurewebsites.net\/pl\/wp-json\/wp\/v2\/pages"}],"about":[{"href":"https:\/\/smart-it-prod-v3.azurewebsites.net\/pl\/wp-json\/wp\/v2\/types\/page"}],"author":[{"embeddable":true,"href":"https:\/\/smart-it-prod-v3.azurewebsites.net\/pl\/wp-json\/wp\/v2\/users\/2"}],"replies":[{"embeddable":true,"href":"https:\/\/smart-it-prod-v3.azurewebsites.net\/pl\/wp-json\/wp\/v2\/comments?post=7857"}],"version-history":[{"count":0,"href":"https:\/\/smart-it-prod-v3.azurewebsites.net\/pl\/wp-json\/wp\/v2\/pages\/7857\/revisions"}],"up":[{"embeddable":true,"href":"https:\/\/smart-it-prod-v3.azurewebsites.net\/pl\/wp-json\/wp\/v2\/pages\/7826"}],"wp:attachment":[{"href":"https:\/\/smart-it-prod-v3.azurewebsites.net\/pl\/wp-json\/wp\/v2\/media?parent=7857"}],"curies":[{"name":"wp","href":"https:\/\/api.w.org\/{rel}","templated":true}]}}