{"id":7853,"date":"2016-09-20T15:59:42","date_gmt":"2016-09-20T12:59:42","guid":{"rendered":"http:\/\/smart-it-prod.azurewebsites.net\/pl\/?page_id=7853"},"modified":"2016-09-20T15:59:42","modified_gmt":"2016-09-20T12:59:42","slug":"ls-retail","status":"publish","type":"page","link":"https:\/\/smart-it-prod-v3.azurewebsites.net\/pl\/produkty\/rozwiazania-erp\/ls-retail\/","title":{"rendered":"LS Retail"},"content":{"rendered":"<ul class=\"g1-grid\"><li class=\"g1-column g1-one-half g1-valign-middle\">\n<h2>All-in-one rozwi\u0105zania programowe zarz\u0105dzanie przedsi\u0119biorstwem dla sklep\u00f3w i go\u015bcinno\u015b\u0107i<\/h2>\n<div align=\"left\"><a id=\"g1-button-1\" class=\"g1-button g1-button--medium g1-button--solid g1-button--standard \" href=\"\/company\/feedback\/message\/\" ><i class=\"icon-pencil\"><\/i>Zapytaj<\/a> <style type=\"text\/css\" scoped=\"scoped\">#g1-button-2.g1-button {background-color: #5078b4; border-color: #5078b4;}<\/style><a id=\"g1-button-2\" class=\"g1-button g1-button--medium g1-button--solid g1-button--standard \" href=\"\/company\/feedback\/call\/\" ><i class=\"icon-phone\"><\/i>Um\u00f3w kontakt<\/a><\/div>\n<\/li><!-- -->\n<li class=\"g1-column g1-one-half g1-valign-middle\">\n<p><img loading=\"lazy\" class=\"alignnone size-full wp-image-6737\" src=\"https:\/\/smart-it.com\/wp-content\/uploads\/2015\/06\/ls-retail-blue-logo.jpg\" alt=\"ls-retail-blue-logo\" width=\"470\" height=\"250\" srcset=\"\/wp-content\/uploads\/2015\/06\/ls-retail-blue-logo.jpg 470w, \/wp-content\/uploads\/2015\/06\/ls-retail-blue-logo-300x160.jpg 300w, \/wp-content\/uploads\/2015\/06\/ls-retail-blue-logo-320x170.jpg 320w, \/wp-content\/uploads\/2015\/06\/ls-retail-blue-logo-239x127.jpg 239w\" sizes=\"(max-width: 470px) 100vw, 470px\" \/><\/p>\n<\/li><!-- --><\/ul>\n<div id=\"g1-divider-1\" class=\"g1-divider g1-divider--simple g1-divider--noicon \"><\/div>\n<ul class=\"g1-grid\"><li class=\"g1-column g1-one-half g1-valign-middle\">\n<div id=\"g1-lead-1\" class=\"g1-lead \" >\n<p>Wiod\u0105cym \u015bwiatowym dostawc\u0105 rozwi\u0105za\u0144 biznesowych dla sklep\u00f3w i firm go\u015bcinno\u015b\u0107i r\u00f3\u017cnej wielko\u015bci, kt\u00f3re s\u0105 obecnie wykorzystywane przez ponad 50.000 sklep\u00f3w dzia\u0142aj\u0105cych 120.000 terminali POS na ca\u0142ym \u015bwiecie, z obs\u0142ug\u0105, kt\u00f3ra przekracza 200 certyfikowanych partner\u00f3w handlowych firmy Microsoft i LS w ponad 70 krajach.<\/p>\n<\/div>\n<\/li><!-- -->\n<li class=\"g1-column g1-one-half g1-valign-top\">\n\n<ul id=\"g1-list-1\" class=\"g1-list--icon g1-list--simple \" style=\"font-size: 125%;\">\n<li><i class=\"icon-circle-arrow-right g1-list__icon\"><\/i><a href=\"#solutions\">Rozwi\u0105zania programowe dla ka\u017cdej bran\u017cy<\/a><\/li>\n<li><i class=\"icon-circle-arrow-right g1-list__icon\"><\/i><a href=\"#products\">LS Retail Products<\/a><\/li>\n<\/ul>\n\n<\/li><!-- --><\/ul>\n<div id=\"g1-divider-2\" class=\"g1-divider g1-divider--simple g1-divider--noicon \"><\/div>\n<h2 id=\"solutions\" align=\"center\">Rozwi\u0105zania programowe dla ka\u017cdej bran\u017cy<\/h2>\n<span id=\"g1-space-1\" class=\"g1-space \" style=\"height:45px;\"><\/span>\n<ul class=\"g1-grid\"><li class=\"g1-column g1-one-third g1-valign-top\">\n<div id=\"g1-box-counter-1\" class=\"g1-box g1-box--simple  g1-box--icon\" ><i class=\"icon-shopping-cart g1-box__icon\"><\/i><div class=\"g1-box__inner\">\n<h3 align=\"center\">Detaliczna<\/h3>\n<div id=\"g1-lead-2\" class=\"g1-lead \" >\n<p>Jedna prosta w obs\u0142udze platforma dla wszystkich potrzeb detalicznych<\/p>\n<\/div>\n<span id=\"g1-space-2\" class=\"g1-space \" style=\"height:25px;\"><\/span>\n<\/div><\/div>\n<\/li><!-- -->\n<li class=\"g1-column g1-one-third g1-valign-top\">\n<div id=\"g1-box-counter-2\" class=\"g1-box g1-box--simple  g1-box--icon\" ><i class=\"icon-food g1-box__icon\"><\/i><div class=\"g1-box__inner\">\n<h3 align=\"center\">Restauracje i jedzenie<\/h3>\n<div id=\"g1-lead-3\" class=\"g1-lead \" >\n<p>Mocne, elastyczne i wysoce konfigurowalne rozwi\u0105zania restauracji oprogramowanie<\/p>\n<\/div>\n<\/div><\/div>\n<\/li><!-- -->\n<li class=\"g1-column g1-one-third g1-valign-top\">\n<div id=\"g1-box-counter-3\" class=\"g1-box g1-box--simple  g1-box--icon\" ><i class=\"icon-trello g1-box__icon\"><\/i><div class=\"g1-box__inner\">\n<h3 align=\"center\">Forecourt \/ C-Store<\/h3>\n<div id=\"g1-lead-4\" class=\"g1-lead \" >\n<p>Wyeliminowanie z\u0142o\u017cono\u015bci operacji\u00a0forecourt<\/p>\n<\/div>\n<span id=\"g1-space-3\" class=\"g1-space \" style=\"height:25px;\"><\/span>\n<\/div><\/div>\n<\/li><!-- --><\/ul>\n<div id=\"g1-divider-3\" class=\"g1-divider g1-divider--none g1-divider--icon \"><span><i class=\"icon-long-arrow-down\"><\/i><\/span><\/div>\n<h2 id=\"products\" align=\"center\">LS Retail Products<\/h2>\n<span id=\"g1-space-4\" class=\"g1-space \" style=\"height:25px;\"><\/span>\n<ul class=\"g1-grid\"><li class=\"g1-column g1-one-half g1-valign-top\">\n<div id=\"g1-box-counter-4\" class=\"g1-box g1-box--simple  g1-box--noicon\" ><div class=\"g1-box__inner\">\n<h3 style=\"text-align: left;\">LS NAV<\/h3>\n<div id=\"g1-divider-4\" class=\"g1-divider g1-divider--none g1-divider--noicon \"><\/div>\n\n<ul id=\"g1-list-2\" class=\"g1-list--disc g1-list--none \" style=\"font-size: 125%;\">\n<li>Point of Sale;<\/li>\n<li>In-Store Management;<\/li>\n<li>Inventory Management;<\/li>\n<li>Staff Management;<\/li>\n<li>Product Management;<\/li>\n<li>Reporting &amp; Analysis;<\/li>\n<li>Mobile &amp; eCommerce.<\/li>\n<\/ul>\n\n<\/div><\/div>\n<\/li><!-- -->\n<li class=\"g1-column g1-one-half g1-valign-top\">\n<div id=\"g1-box-counter-5\" class=\"g1-box g1-box--simple  g1-box--noicon\" ><div class=\"g1-box__inner\">\n<h3 style=\"text-align: left;\">LS NAV Hospitality<\/h3>\n<div id=\"g1-divider-5\" class=\"g1-divider g1-divider--none g1-divider--noicon \"><\/div>\n\n<ul id=\"g1-list-3\" class=\"g1-list--disc g1-list--none \" style=\"font-size: 125%;\">\n<li>Restaurant POS;<\/li>\n<li>Restaurant &amp; Table Management;<\/li>\n<li>Kitchen Management;<\/li>\n<li>Customers &amp; Mobile;<\/li>\n<li>Staff Management;<\/li>\n<li>Reporting.<\/li>\n<\/ul>\n\n<span id=\"g1-space-5\" class=\"g1-space \" style=\"height:25px;\"><\/span>\n<\/div><\/div>\n<\/li><!-- --><\/ul>\n<ul class=\"g1-grid\"><li class=\"g1-column g1-one-half g1-valign-top\">\n<div id=\"g1-box-counter-6\" class=\"g1-box g1-box--simple  g1-box--noicon\" ><div class=\"g1-box__inner\">\n<h3 style=\"text-align: left;\">LS One<\/h3>\n<div id=\"g1-divider-6\" class=\"g1-divider g1-divider--none g1-divider--noicon \"><\/div>\n\n<ul id=\"g1-list-4\" class=\"g1-list--disc g1-list--none \" style=\"font-size: 125%;\">\n<li>Easy Point of Sale;<\/li>\n<li>Inventory Management;<\/li>\n<li>Back-Office Managements;<\/li>\n<li>Customer Engagement.<\/li>\n<\/ul>\n\n<\/div><\/div>\n<\/li><!-- -->\n<li class=\"g1-column g1-one-half g1-valign-top\">\n<div id=\"g1-box-counter-7\" class=\"g1-box g1-box--simple  g1-box--noicon\" ><div class=\"g1-box__inner\">\n<h3 style=\"text-align: left;\">LS One Hospitality<\/h3>\n<div id=\"g1-divider-7\" class=\"g1-divider g1-divider--none g1-divider--noicon \"><\/div>\n\n<ul id=\"g1-list-5\" class=\"g1-list--disc g1-list--none \" style=\"font-size: 125%;\">\n<li>Easy POS, Orders and Payments;<\/li>\n<li>Restaurant Management;<\/li>\n<li>Marketing and Customer Loyalty.<\/li>\n<\/ul>\n\n<span id=\"g1-space-6\" class=\"g1-space \" style=\"height:25px;\"><\/span>\n<\/div><\/div>\n<\/li><!-- --><\/ul>\n<ul class=\"g1-grid\"><li class=\"g1-column g1-one-half g1-valign-top\">\n<div id=\"g1-box-counter-8\" class=\"g1-box g1-box--simple  g1-box--noicon\" ><div class=\"g1-box__inner\">\n<h3 style=\"text-align: left;\">LS Forecourt<\/h3>\n<div id=\"g1-divider-8\" class=\"g1-divider g1-divider--none g1-divider--noicon \"><\/div>\n\n<ul id=\"g1-list-6\" class=\"g1-list--disc g1-list--none \" style=\"font-size: 125%;\">\n<li>In-depth reporting;<\/li>\n<li>Incorrect fuelling transactions remediation;<\/li>\n<li>Wet stock inventory management;<\/li>\n<li>Full food service functionalities.<\/li>\n<\/ul>\n\n<span id=\"g1-space-7\" class=\"g1-space \" style=\"height:70px;\"><\/span>\n<\/div><\/div>\n<\/li><!-- -->\n<li class=\"g1-column g1-one-half g1-valign-top\">\n<div id=\"g1-box-counter-9\" class=\"g1-box g1-box--simple  g1-box--noicon\" ><div class=\"g1-box__inner\">\n<h3 style=\"text-align: left;\">LS First Hospitality<\/h3>\n<div id=\"g1-divider-9\" class=\"g1-divider g1-divider--none g1-divider--noicon \"><\/div>\n\n<ul id=\"g1-list-7\" class=\"g1-list--disc g1-list--none \" style=\"font-size: 125%;\">\n<li>POS;<\/li>\n<li>Kitchen Management;<\/li>\n<li>Restaurant Management;<\/li>\n<li>Mobile App;<\/li>\n<li>Inventory &amp; Production;<\/li>\n<li>Reporting;<\/li>\n<li>ERP.<\/li>\n<\/ul>\n\n<\/div><\/div>\n<\/li><!-- --><\/ul>\n<div id=\"g1-divider-10\" class=\"g1-divider g1-divider--none g1-divider--icon \"><span><i class=\"icon-long-arrow-down\"><\/i><\/span><\/div>\n<div style=\"text-align: center;\">\n<h3>Skontaktuj si\u0119 z nami, aby dowiedzie\u0107 si\u0119 wi\u0119cej o rozwi\u0105zaniach LS Retail<\/h3>\n<p><a id=\"g1-button-3\" class=\"g1-button g1-button--big g1-button--solid g1-button--standard \" href=\"\/company\/feedback\/message\/\" ><i class=\"icon-pencil\"><\/i>Zapytaj<\/a> <style type=\"text\/css\" scoped=\"scoped\">#g1-button-4.g1-button {background-color: #5078b4; border-color: #5078b4;}<\/style><a id=\"g1-button-4\" class=\"g1-button g1-button--big g1-button--solid g1-button--standard \" href=\"\/company\/feedback\/call\/\" ><i class=\"icon-phone\"><\/i>Um\u00f3w kontakt<\/a><\/p>\n<\/div>\n","protected":false},"excerpt":{"rendered":"<p>Rozwi\u0105zania programowe dla ka\u017cdej bran\u017cy LS Retail Products Skontaktuj si\u0119 z nami, aby dowiedzie\u0107 si\u0119 wi\u0119cej o rozwi\u0105zaniach LS Retail<\/p>\n","protected":false},"author":2,"featured_media":0,"parent":7826,"menu_order":0,"comment_status":"closed","ping_status":"closed","template":"","meta":[],"_links":{"self":[{"href":"https:\/\/smart-it-prod-v3.azurewebsites.net\/pl\/wp-json\/wp\/v2\/pages\/7853"}],"collection":[{"href":"https:\/\/smart-it-prod-v3.azurewebsites.net\/pl\/wp-json\/wp\/v2\/pages"}],"about":[{"href":"https:\/\/smart-it-prod-v3.azurewebsites.net\/pl\/wp-json\/wp\/v2\/types\/page"}],"author":[{"embeddable":true,"href":"https:\/\/smart-it-prod-v3.azurewebsites.net\/pl\/wp-json\/wp\/v2\/users\/2"}],"replies":[{"embeddable":true,"href":"https:\/\/smart-it-prod-v3.azurewebsites.net\/pl\/wp-json\/wp\/v2\/comments?post=7853"}],"version-history":[{"count":0,"href":"https:\/\/smart-it-prod-v3.azurewebsites.net\/pl\/wp-json\/wp\/v2\/pages\/7853\/revisions"}],"up":[{"embeddable":true,"href":"https:\/\/smart-it-prod-v3.azurewebsites.net\/pl\/wp-json\/wp\/v2\/pages\/7826"}],"wp:attachment":[{"href":"https:\/\/smart-it-prod-v3.azurewebsites.net\/pl\/wp-json\/wp\/v2\/media?parent=7853"}],"curies":[{"name":"wp","href":"https:\/\/api.w.org\/{rel}","templated":true}]}}