{"id":7849,"date":"2016-09-19T17:02:48","date_gmt":"2016-09-19T14:02:48","guid":{"rendered":"http:\/\/smart-it-prod.azurewebsites.net\/pl\/?page_id=7849"},"modified":"2016-09-19T17:02:48","modified_gmt":"2016-09-19T14:02:48","slug":"microsoft-dynamics-ax","status":"publish","type":"page","link":"https:\/\/smart-it-prod-v3.azurewebsites.net\/pl\/produkty\/rozwiazania-erp\/microsoft-dynamics-ax\/","title":{"rendered":"Microsoft Dynamics AX"},"content":{"rendered":"<ul class=\"g1-grid\"><li class=\"g1-column g1-one-half g1-valign-top\">\n<h2>Rozwi\u0105zanie kt\u00f3re rozci\u0105ga si\u0119 w ka\u017cdym obszarze dzia\u0142alno\u015bci firmy<\/h2>\n<div id=\"g1-lead-1\" class=\"g1-lead \" >\n<p>Microsoft Dynamics AX jest wieloj\u0119zyczne, multi-waluty planowania zasob\u00f3w przedsi\u0119biorstwa (ERP) rozwi\u0105zanie biznesowe o wszechstronnych funkcji Global Business Management dla, zasob\u00f3w finansowych, ludzkich i zarz\u0105dzania operacjami, jak r\u00f3wnie\u017c dodatkowe mo\u017cliwo\u015bci dla przemys\u0142u dla detalist\u00f3w, profesjonalne przedsi\u0119biorstwo us\u0142ugowe, producent\u00f3w i organizacji sektora publicznego.<\/p>\n<\/div>\n<div align=\"center\"><a id=\"g1-button-1\" class=\"g1-button g1-button--medium g1-button--solid g1-button--standard \" href=\"\/company\/feedback\/message\/\" ><i class=\"icon-pencil\"><\/i>Zapytaj<\/a> <style type=\"text\/css\" scoped=\"scoped\">#g1-button-2.g1-button {background-color: #5078b4; border-color: #5078b4;}<\/style><a id=\"g1-button-2\" class=\"g1-button g1-button--medium g1-button--solid g1-button--standard \" href=\"\/company\/feedback\/call\/\" ><i class=\"icon-phone\"><\/i>Zadzwo\u0144<\/a><\/div>\n<\/li><!-- -->\n<li class=\"g1-column g1-one-half g1-valign-top\">\n<p><img src=\"\/wp-content\/uploads\/2014\/07\/microsoft-dynamics-ax-bg-1.jpg\" alt=\"\" \/><\/p>\n<\/li><!-- --><\/ul>\n<div id=\"g1-divider-1\" class=\"g1-divider g1-divider--simple g1-divider--noicon \"><\/div>\n<ul class=\"g1-grid\"><li class=\"g1-column g1-one-half g1-valign-top\">\n<ul class=\"g1-grid\"><li class=\"g1-column g1-one-sixth g1-valign-top\">\n<i id=\"icon-1\" class=\"icon-signal g1-icon g1-icon--solid g1-icon--medium g1-icon--inherit \"><\/i>\n<\/li><!-- -->\n<li class=\"g1-column g1-five-sixth g1-valign-top\">\n<h3>Zwi\u0119kszenie wydajno\u015bci<\/h3>\n<div id=\"g1-lead-2\" class=\"g1-lead \" >\n<p>Znajome, \u0142atwe w obs\u0142udze narz\u0119dzia i dost\u0119p do informacji i zadania RoleTailored umo\u017cliwi\u0107 ludziom pracowa\u0107 szybko i zrobi\u0107 inteligentnych, proaktywne decyzje.<\/p>\n<\/div>\n<\/li><!-- --><\/ul>\n<\/li><!-- -->\n<li class=\"g1-column g1-one-half g1-valign-top\">\n<ul class=\"g1-grid\"><li class=\"g1-column g1-one-sixth g1-valign-top\">\n<i id=\"icon-2\" class=\"icon-globe g1-icon g1-icon--solid g1-icon--medium g1-icon--inherit \"><\/i>\n<\/li><!-- -->\n<li class=\"g1-column g1-five-sixth g1-valign-top\">\n<h3>Konkurowa\u0107 w skali globalnej<\/h3>\n<div id=\"g1-lead-3\" class=\"g1-lead \" >\n<p>Zarz\u0105dzaj zawi\u0142o\u015bci globalnej organizacji z jednego scentralizowanego systemu ERP, kt\u00f3ry pomaga standaryzacji proces\u00f3w i widoczno\u015bci wzmocnienia ca\u0142ej organizacji przy jednoczesnym utrzymaniu na szczycie zmian w lokalnych przepisach.<\/p>\n<\/div><br \/>\n<\/li><!-- --><\/ul>\n<\/li><!-- --><\/ul>\n<ul class=\"g1-grid\"><li class=\"g1-column g1-one-half g1-valign-top\">\n<ul class=\"g1-grid\"><li class=\"g1-column g1-one-sixth g1-valign-top\">\n<i id=\"icon-3\" class=\"icon-resize-full g1-icon g1-icon--solid g1-icon--medium g1-icon--inherit \"><\/i>\n<\/li><!-- -->\n<li class=\"g1-column g1-five-sixth g1-valign-top\">\n<h3>Zarz\u0105dzanie zmian\u0105 i wzrostu<\/h3>\n<div id=\"g1-lead-4\" class=\"g1-lead \" >\n<p>Skalowanie system\u00f3w biznesowych oraz dostosowanie proces\u00f3w \u0142atwo z jednego rozwi\u0105zania ERP, kt\u00f3re mog\u0105 wspiera\u0107 swoje strategiczne inicjatywy i pomagaj\u0105 zarz\u0105dza\u0107 zmianami na rynku, takich jak wprowadzanie nowych produkt\u00f3w oraz fuzji i przej\u0119\u0107.<\/p>\n<\/div>\n<\/li><!-- --><\/ul>\n<\/li><!-- -->\n<li class=\"g1-column g1-one-half g1-valign-top\">\n<ul class=\"g1-grid\"><li class=\"g1-column g1-one-sixth g1-valign-top\">\n<i id=\"icon-4\" class=\"icon-copy g1-icon g1-icon--solid g1-icon--medium g1-icon--inherit \"><\/i>\n<\/li><!-- -->\n<li class=\"g1-column g1-five-sixth g1-valign-top\">\n<h3>Uproszczenie zgodno\u015bci<\/h3>\n<div id=\"g1-lead-5\" class=\"g1-lead \" >\n<p>Wyprzedzi\u0107 zgodno\u015bci z przepisami i ograniczy\u0107 ryzyko i odpowiedzialno\u015b\u0107 zwi\u0105zan\u0105 z inicjatywy rz\u0105d\u00f3w i klient\u00f3w korporacyjnych.<\/p>\n<\/div>\n<\/li><!-- --><\/ul>\n<\/li><!-- --><\/ul>\n<span id=\"g1-space-1\" class=\"g1-space \" style=\"height:30px;\"><\/span>\n<h2 align=\"center\">Bran\u017cowe rozwi\u0105zania ERP<\/h2>\n<div id=\"g1-divider-2\" class=\"g1-divider g1-divider--none g1-divider--noicon \"><\/div>\n<ul class=\"g1-grid\"><li class=\"g1-column g1-one-third g1-valign-top\">\n<p><img src=\"\/wp-content\/uploads\/2014\/11\/smart-distribution-logo-3.jpg\" alt=\"Smart Distribution\" \/><\/p>\n<\/li><!-- -->\n<li class=\"g1-column g1-one-third g1-valign-top\">\n<h3>SMART Distribution<\/h3>\n<p>Bran\u017cowe rozwi\u0105zania ERP dla firm dystrybucyjnych.<\/p>\n<\/li><!-- -->\n<li class=\"g1-column g1-one-third g1-valign-top\">\n\n<ul id=\"g1-list-1\" class=\"g1-list--icon g1-list--simple \">\n<li><i class=\"icon-circle-arrow-right g1-list__icon\"><\/i><a href=\"\/company\/feedback\/demo\/\">Request a presentation<\/a><\/li>\n<li><i class=\"icon-circle-arrow-right g1-list__icon\"><\/i><a href=\"\/company\/feedback\/message\/\">Contact us<\/a><\/li>\n<\/ul>\n\n<\/li><!-- --><\/ul>\n<div id=\"g1-divider-3\" class=\"g1-divider g1-divider--none g1-divider--noicon \"><\/div>\n<ul class=\"g1-grid\"><li class=\"g1-column g1-one-third g1-valign-top\">\n<p><img loading=\"lazy\" class=\"alignnone size-full wp-image-6971\" src=\"\/wp-content\/uploads\/2015\/05\/ax-is-fashion.jpg\" alt=\"ax-is-fashion\" width=\"240\" height=\"108\" srcset=\"\/wp-content\/uploads\/2015\/05\/ax-is-fashion.jpg 240w, \/wp-content\/uploads\/2015\/05\/ax-is-fashion-239x108.jpg 239w\" sizes=\"(max-width: 240px) 100vw, 240px\" \/><\/p>\n<\/li><!-- -->\n<li class=\"g1-column g1-one-third g1-valign-top\">\n<h3>ax | is fashion<\/h3>\n<p>Ca\u0142o\u015bciowe rozwi\u0105zanie dla firm przemys\u0142u modowego.<\/p>\n<\/li><!-- -->\n<li class=\"g1-column g1-one-third g1-valign-top\">\n\n<ul id=\"g1-list-2\" class=\"g1-list--icon g1-list--simple \">\n<li><i class=\"icon-circle-arrow-right g1-list__icon\"><\/i><a href=\"\/company\/feedback\/demo\/\">Request a presentation<\/a><\/li>\n<li><i class=\"icon-circle-arrow-right g1-list__icon\"><\/i><a href=\"\/company\/feedback\/message\/\">Contact us<\/a><\/li>\n<\/ul>\n\n<\/li><!-- --><\/ul>\n<div id=\"g1-divider-4\" class=\"g1-divider g1-divider--none g1-divider--icon \"><span><i class=\"icon-long-arrow-down\"><\/i><\/span><\/div>\n<div style=\"text-align: center;\">\n<h3>Skontaktuj si\u0119 z nami aby dowiedzie\u0107 si\u0119 wi\u0119cej o systemie Microsoft Dynamics AX<\/h3>\n<p><a id=\"g1-button-3\" class=\"g1-button g1-button--big g1-button--solid g1-button--standard \" href=\"\/company\/feedback\/message\/\" ><i class=\"icon-pencil\"><\/i>Zapytaj<\/a> <style type=\"text\/css\" scoped=\"scoped\">#g1-button-4.g1-button {background-color: #5078b4; border-color: #5078b4;}<\/style><a id=\"g1-button-4\" class=\"g1-button g1-button--big g1-button--solid g1-button--standard \" href=\"\/company\/feedback\/call\/\" ><i class=\"icon-phone\"><\/i>Um\u00f3w kontakt<\/a><\/p>\n<\/div>\n","protected":false},"excerpt":{"rendered":"<p>Bran\u017cowe rozwi\u0105zania ERP Skontaktuj si\u0119 z nami aby dowiedzie\u0107 si\u0119 wi\u0119cej o systemie Microsoft Dynamics AX<\/p>\n","protected":false},"author":2,"featured_media":0,"parent":7826,"menu_order":0,"comment_status":"closed","ping_status":"closed","template":"","meta":[],"_links":{"self":[{"href":"https:\/\/smart-it-prod-v3.azurewebsites.net\/pl\/wp-json\/wp\/v2\/pages\/7849"}],"collection":[{"href":"https:\/\/smart-it-prod-v3.azurewebsites.net\/pl\/wp-json\/wp\/v2\/pages"}],"about":[{"href":"https:\/\/smart-it-prod-v3.azurewebsites.net\/pl\/wp-json\/wp\/v2\/types\/page"}],"author":[{"embeddable":true,"href":"https:\/\/smart-it-prod-v3.azurewebsites.net\/pl\/wp-json\/wp\/v2\/users\/2"}],"replies":[{"embeddable":true,"href":"https:\/\/smart-it-prod-v3.azurewebsites.net\/pl\/wp-json\/wp\/v2\/comments?post=7849"}],"version-history":[{"count":0,"href":"https:\/\/smart-it-prod-v3.azurewebsites.net\/pl\/wp-json\/wp\/v2\/pages\/7849\/revisions"}],"up":[{"embeddable":true,"href":"https:\/\/smart-it-prod-v3.azurewebsites.net\/pl\/wp-json\/wp\/v2\/pages\/7826"}],"wp:attachment":[{"href":"https:\/\/smart-it-prod-v3.azurewebsites.net\/pl\/wp-json\/wp\/v2\/media?parent=7849"}],"curies":[{"name":"wp","href":"https:\/\/api.w.org\/{rel}","templated":true}]}}