{"id":7846,"date":"2016-09-19T16:23:45","date_gmt":"2016-09-19T13:23:45","guid":{"rendered":"http:\/\/smart-it-prod.azurewebsites.net\/pl\/?page_id=7846"},"modified":"2016-09-19T16:23:45","modified_gmt":"2016-09-19T13:23:45","slug":"smart-accounting","status":"publish","type":"page","link":"https:\/\/smart-it-prod-v3.azurewebsites.net\/pl\/produkty\/rozwiazania-erp\/smart-accounting\/","title":{"rendered":"SMART Accounting"},"content":{"rendered":"<ul class=\"g1-grid\"><li class=\"g1-column g1-one-half g1-valign-middle\">\n<h2>M\u00f3wimy w Twoim j\u0119zyku<\/h2>\n<hr \/>\n<div id=\"g1-lead-1\" class=\"g1-lead \" >\n<p>SMART business\u00a0jest oficjalnym partnerem Microsoft PLLP (Partner Localization and Translation Program). Nasza firma opracowa\u0142a lokalizacji dla AX i NAV dla Ukrainy, Bia\u0142orusi, Gruzji, Rosji i cz\u0119\u015bci niekt\u00f3rych europejskich lokalizacji.<\/p>\n<\/div>\n<div align=\"center\"><a id=\"g1-button-1\" class=\"g1-button g1-button--medium g1-button--solid g1-button--standard \" href=\"\/company\/feedback\/message\/\" ><i class=\"icon-pencil\"><\/i>Zapytaj<\/a> <style type=\"text\/css\" scoped=\"scoped\">#g1-button-2.g1-button {background-color: #5078b4; border-color: #5078b4;}<\/style><a id=\"g1-button-2\" class=\"g1-button g1-button--medium g1-button--solid g1-button--standard \" href=\"\/company\/feedback\/call\/\" ><i class=\"icon-phone\"><\/i>Zadzwo\u0144<\/a><\/div>\n<\/li><!-- -->\n<li class=\"g1-column g1-one-half g1-valign-middle\">\n<p><img src=\"\/wp-content\/uploads\/2014\/07\/outsource.jpg\" alt=\"\" \/><\/p>\n<\/li><!-- --><\/ul>\n<div id=\"g1-divider-1\" class=\"g1-divider g1-divider--simple g1-divider--noicon \"><\/div>\n<h2>Rozw\u00f3j Localization<\/h2>\n<span id=\"g1-space-1\" class=\"g1-space \" style=\"height:1.5em;\"><\/span>\n<ul class=\"g1-grid\"><li class=\"g1-column g1-one-third g1-valign-top\">\n<h3>Lokalne i mi\u0119dzynarodowe standardy<\/h3>\n<hr \/>\n<div id=\"g1-lead-2\" class=\"g1-lead \" >\n<p>Microsoft Dynamics NAV Localization wspiera lokalne GAAP (Ukraina, Bia\u0142oru\u015b, Gruzja), a tak\u017ce mapowanie do Mi\u0119dzynarodowych Standard\u00f3w Sprawozdawczo\u015bci Finansowej (IFRS).<\/p>\n<\/div>\n<\/li><!-- -->\n<li class=\"g1-column g1-one-third g1-valign-top\">\n<h3>Doradztwo podatkowe<\/h3>\n<hr \/>\n<div id=\"g1-lead-3\" class=\"g1-lead \" >\n<p>Microsoft Dynamics NAV Localization obs\u0142uguje g\u0142\u00f3wne obliczenia podatk\u00f3w dla lokalnych standard\u00f3w rachunkowo\u015bci (VAT, podatku od zysku), a tak\u017ce kilka dodatkowych podatk\u00f3w (podatek od reklamy, podatek importowy, &#8230;).<\/p>\n<\/div>\n<\/li><!-- -->\n<li class=\"g1-column g1-one-third g1-valign-top\">\n<h3>Przegl\u0105d og\u00f3lny<\/h3>\n<hr \/>\n<div id=\"g1-lead-4\" class=\"g1-lead \" >\n<p><iframe loading=\"lazy\" src=\"https:\/\/onedrive.live.com\/embed?cid=654F01B2F420743B&amp;resid=654F01B2F420743B%2147008&amp;authkey=AIUO-LFNoTIP8N4&amp;em=2\" width=\"476\" height=\"288\" frameborder=\"0\" scrolling=\"no\" data-mce-fragment=\"1\"><\/iframe><\/p>\n<\/div>\n<\/li><!-- --><\/ul>\n<div id=\"g1-divider-2\" class=\"g1-divider g1-divider--none g1-divider--icon \"><span><i class=\"icon-long-arrow-down\"><\/i><\/span><\/div>\n<h2>SMART solutions<\/h2>\n<span id=\"g1-space-2\" class=\"g1-space \" style=\"height:1.5em;\"><\/span>\n<ul class=\"g1-grid\"><li class=\"g1-column g1-one-half g1-valign-top\">\n<ul class=\"g1-grid\"><li class=\"g1-column g1-one-sixth g1-valign-top\">\n<i id=\"icon-1\" class=\"icon-edit g1-icon g1-icon--solid g1-icon--medium g1-icon--inherit \"><\/i>\n<\/li><!-- -->\n<li class=\"g1-column g1-five-sixth g1-valign-top\">\n<h3>SMART Accounting<\/h3>\n<hr \/>\n<div id=\"g1-lead-5\" class=\"g1-lead \" >\n<p>Rozwi\u0105zanie oparte na Microsoft Dynamics NAV i s\u0142u\u017c\u0105ce do adaptacji ksi\u0119gowo\u015bci zgodnie z lokalnymi przepisami:<\/p>\n\n<ul id=\"g1-list-1\" class=\"g1-list--disc g1-list--none \" style=\"font-size: 125%;\">\n<li>Polityka podatkowa;<\/li>\n<li>Rachunkowo\u015b\u0107 lokalna;<\/li>\n<li>Rachunkowo\u015b\u0107 korporacyjna.<\/li>\n<\/ul>\n\n<\/div>\n<\/li><!-- --><\/ul>\n<\/li><!-- -->\n<li class=\"g1-column g1-one-half g1-valign-top\">\n<ul class=\"g1-grid\"><li class=\"g1-column g1-one-sixth g1-valign-top\">\n<i id=\"icon-2\" class=\"icon-group g1-icon g1-icon--solid g1-icon--medium g1-icon--inherit \"><\/i>\n<\/li><!-- -->\n<li class=\"g1-column g1-five-sixth g1-valign-top\">\n<h3>SMART HR &amp; Payroll<\/h3>\n<hr \/>\n<div id=\"g1-lead-6\" class=\"g1-lead \" >\n<p>Rozwi\u0105zanie kompleksowe do zarz\u0105dzania personelem i p\u0142acami, kt\u00f3re zawiera w sobie:<\/p>\n\n<ul id=\"g1-list-2\" class=\"g1-list--disc g1-list--none \" style=\"font-size: 125%;\">\n<li>Zarz\u0105dzanie si\u0142\u0105 robocz\u0105;<\/li>\n<li>Zarz\u0105dzanie czasem;<\/li>\n<li>Zarz\u0105dzanie p\u0142acami.<\/li>\n<\/ul>\n\n<\/div>\n<\/li><!-- --><\/ul>\n<\/li><!-- --><\/ul>\n<div id=\"g1-divider-3\" class=\"g1-divider g1-divider--none g1-divider--icon \"><span><i class=\"icon-long-arrow-down\"><\/i><\/span><\/div>\n<div style=\"text-align: center;\">\n<h2>Skontaktuj si\u0119 z nami po wi\u0119cej informacji<\/h2>\n<p><a id=\"g1-button-3\" class=\"g1-button g1-button--big g1-button--solid g1-button--standard \" href=\"\/company\/feedback\/message\/\" ><i class=\"icon-pencil\"><\/i>Zapytaj<\/a> <style type=\"text\/css\" scoped=\"scoped\">#g1-button-4.g1-button {background-color: #5078b4; border-color: #5078b4;}<\/style><a id=\"g1-button-4\" class=\"g1-button g1-button--big g1-button--solid g1-button--standard \" href=\"\/company\/feedback\/call\/\" ><i class=\"icon-phone\"><\/i>Zadzwo\u0144<\/a><\/p>\n<\/div>\n","protected":false},"excerpt":{"rendered":"<p>Rozw\u00f3j Localization SMART solutions Skontaktuj si\u0119 z nami po wi\u0119cej informacji<\/p>\n","protected":false},"author":2,"featured_media":0,"parent":7826,"menu_order":0,"comment_status":"closed","ping_status":"closed","template":"","meta":[],"_links":{"self":[{"href":"https:\/\/smart-it-prod-v3.azurewebsites.net\/pl\/wp-json\/wp\/v2\/pages\/7846"}],"collection":[{"href":"https:\/\/smart-it-prod-v3.azurewebsites.net\/pl\/wp-json\/wp\/v2\/pages"}],"about":[{"href":"https:\/\/smart-it-prod-v3.azurewebsites.net\/pl\/wp-json\/wp\/v2\/types\/page"}],"author":[{"embeddable":true,"href":"https:\/\/smart-it-prod-v3.azurewebsites.net\/pl\/wp-json\/wp\/v2\/users\/2"}],"replies":[{"embeddable":true,"href":"https:\/\/smart-it-prod-v3.azurewebsites.net\/pl\/wp-json\/wp\/v2\/comments?post=7846"}],"version-history":[{"count":0,"href":"https:\/\/smart-it-prod-v3.azurewebsites.net\/pl\/wp-json\/wp\/v2\/pages\/7846\/revisions"}],"up":[{"embeddable":true,"href":"https:\/\/smart-it-prod-v3.azurewebsites.net\/pl\/wp-json\/wp\/v2\/pages\/7826"}],"wp:attachment":[{"href":"https:\/\/smart-it-prod-v3.azurewebsites.net\/pl\/wp-json\/wp\/v2\/media?parent=7846"}],"curies":[{"name":"wp","href":"https:\/\/api.w.org\/{rel}","templated":true}]}}