{"id":7833,"date":"2016-09-19T12:23:58","date_gmt":"2016-09-19T09:23:58","guid":{"rendered":"http:\/\/smart-it-prod.azurewebsites.net\/pl\/?page_id=7833"},"modified":"2016-11-11T16:49:27","modified_gmt":"2016-11-11T14:49:27","slug":"bi","status":"publish","type":"page","link":"https:\/\/smart-it-prod-v3.azurewebsites.net\/pl\/produkty\/bi\/","title":{"rendered":"BI dla Dynamics"},"content":{"rendered":"<ul class=\"g1-grid\"><li class=\"g1-column g1-one-half g1-valign-middle\">\n<h2>Business Intelligence<\/h2>\n<hr \/>\n<div id=\"g1-lead-1\" class=\"g1-lead \" >\n<p>Business intelligence (skr\u00f3towo BI) \u00a0s\u0105 to metody i narz\u0119dzia do przekszta\u0142cania surowych informacji na opracowane i maj\u0105ce kszta\u0142t.<\/p>\n<p>Technologie BI opracowuj\u0105 du\u017ce ilo\u015bci nieustrukturalizowanych danych dla odnalezienia mo\u017cliwo\u015bci strategicznych dla Twojego biznesu.<\/p>\n<p><i id=\"icon-1\" class=\"icon-chevron-sign-right g1-icon g1-icon--none g1-icon--small g1-icon--inherit \"><\/i>\u00a0<a href=\"https:\/\/smart-it.com\/pl\/industries\/\">Znajd\u017a najlepsze rozwi\u0105zanie dla Twojej bran\u017cy<\/a><\/p>\n<\/div>\n<\/li><!-- -->\n<li class=\"g1-column g1-one-half g1-valign-middle\">\n<p><img src=\"\/wp-content\/uploads\/2014\/07\/erp-solutions-bg-1.jpg\" alt=\"\" \/><\/p>\n<\/li><!-- --><\/ul>\n<h2>Badaj Swoje dane<\/h2>\n<div id=\"g1-divider-1\" class=\"g1-divider g1-divider--simple g1-divider--noicon \"><\/div>\n<ul class=\"g1-grid\"><li class=\"g1-column g1-one-third g1-valign-top\">\n<p><img loading=\"lazy\" class=\"alignnone size-full wp-image-6451\" src=\"\/wp-content\/uploads\/2015\/05\/jet-reports-logo.png\" alt=\"jet-reports-logo\" width=\"244\" height=\"120\" srcset=\"\/wp-content\/uploads\/2015\/05\/jet-reports-logo.png 244w, \/wp-content\/uploads\/2015\/05\/jet-reports-logo-239x118.png 239w\" sizes=\"(max-width: 244px) 100vw, 244px\" \/><\/p>\n<\/li><!-- -->\n<li class=\"g1-column g1-one-third g1-valign-top\">\n<div id=\"g1-lead-2\" class=\"g1-lead \" >\n<p>Jet Reports to s\u0105 rozwi\u0105zania Business Intelligence i sprawozda\u0144 stworzonych specjalnie dla Microsoft Dynamics.<\/p>\n<\/div>\n<\/li><!-- -->\n<li class=\"g1-column g1-one-third g1-valign-top\">\n\n<ul id=\"g1-list-1\" class=\"g1-list--icon g1-list--simple \">\n<li><i class=\"icon-circle-arrow-right g1-list__icon\"><\/i><a href=\"\/products\/bi\/jetreports\/\" target=\"_blank\">Dowiedz si\u0119 wi\u0119cej<\/a><\/li>\n<li><i class=\"icon-circle-arrow-right g1-list__icon\"><\/i><a href=\"https:\/\/smart-it.com\/company\/feedback\/message\/\" target=\"_blank\">Zapytaj<\/a><\/li>\n<\/ul>\n\n<\/li><!-- --><\/ul>\n<div id=\"g1-divider-2\" class=\"g1-divider g1-divider--simple g1-divider--noicon \"><\/div>\n<ul class=\"g1-grid\"><li class=\"g1-column g1-one-third g1-valign-top\">\n<p><img src=\"\/wp-content\/uploads\/2014\/06\/power-bi-logo.png\" alt=\"power-bi-logo\" \/><\/p>\n<\/li><!-- -->\n<li class=\"g1-column g1-one-third g1-valign-top\">\n<div id=\"g1-lead-3\" class=\"g1-lead \" >\n<p>Power BI jest rozwi\u0105zaniem chmurowym s\u0142u\u017c\u0105cym do analizy biznesowej, kt\u00f3re pozwala na dzielenie si\u0119, wsp\u00f3\u0142prac\u0119 i otrzymanie dost\u0119pu do Twoich sprawozda\u0144 Excel gdziekolwiek i na jakimkolwiek urz\u0105dzeniu.<\/p>\n<\/div>\n<\/li><!-- -->\n<li class=\"g1-column g1-one-third g1-valign-top\">\n\n<ul id=\"g1-list-2\" class=\"g1-list--icon g1-list--simple \">\n<li><i class=\"icon-circle-arrow-right g1-list__icon\"><\/i><a href=\"\/products\/bi\/jetreports\/\" target=\"_blank\">Dowiedz si\u0119 wi\u0119cej<\/a><\/li>\n<li><i class=\"icon-circle-arrow-right g1-list__icon\"><\/i><a href=\"https:\/\/smart-it.com\/company\/feedback\/message\/\" target=\"_blank\">Zapytaj<\/a><\/li>\n<\/ul>\n\n<\/li><!-- --><\/ul>\n<div id=\"g1-divider-3\" class=\"g1-divider g1-divider--none g1-divider--icon \"><span><i class=\"icon-thumbs-up\"><\/i><\/span><\/div>\n<span id=\"g1-space-1\" class=\"g1-space \" style=\"height:1.5em;\"><\/span>\n","protected":false},"excerpt":{"rendered":"<p>Badaj Swoje dane<\/p>\n","protected":false},"author":2,"featured_media":0,"parent":7728,"menu_order":0,"comment_status":"closed","ping_status":"closed","template":"","meta":[],"_links":{"self":[{"href":"https:\/\/smart-it-prod-v3.azurewebsites.net\/pl\/wp-json\/wp\/v2\/pages\/7833"}],"collection":[{"href":"https:\/\/smart-it-prod-v3.azurewebsites.net\/pl\/wp-json\/wp\/v2\/pages"}],"about":[{"href":"https:\/\/smart-it-prod-v3.azurewebsites.net\/pl\/wp-json\/wp\/v2\/types\/page"}],"author":[{"embeddable":true,"href":"https:\/\/smart-it-prod-v3.azurewebsites.net\/pl\/wp-json\/wp\/v2\/users\/2"}],"replies":[{"embeddable":true,"href":"https:\/\/smart-it-prod-v3.azurewebsites.net\/pl\/wp-json\/wp\/v2\/comments?post=7833"}],"version-history":[{"count":0,"href":"https:\/\/smart-it-prod-v3.azurewebsites.net\/pl\/wp-json\/wp\/v2\/pages\/7833\/revisions"}],"up":[{"embeddable":true,"href":"https:\/\/smart-it-prod-v3.azurewebsites.net\/pl\/wp-json\/wp\/v2\/pages\/7728"}],"wp:attachment":[{"href":"https:\/\/smart-it-prod-v3.azurewebsites.net\/pl\/wp-json\/wp\/v2\/media?parent=7833"}],"curies":[{"name":"wp","href":"https:\/\/api.w.org\/{rel}","templated":true}]}}