{"id":7831,"date":"2016-09-19T12:16:02","date_gmt":"2016-09-19T09:16:02","guid":{"rendered":"http:\/\/smart-it-prod.azurewebsites.net\/pl\/?page_id=7831"},"modified":"2016-11-11T16:48:04","modified_gmt":"2016-11-11T14:48:04","slug":"rozwiazania-chmurowe","status":"publish","type":"page","link":"https:\/\/smart-it-prod-v3.azurewebsites.net\/pl\/produkty\/rozwiazania-chmurowe\/","title":{"rendered":"Rozwi\u0105zania Chmurowe"},"content":{"rendered":"<ul class=\"g1-grid\"><li class=\"g1-column g1-one-half g1-valign-middle\">\n<h2>Nowe mo\u017cliwo\u015bci dla wsp\u00f3\u0142czesnego biznesu<\/h2>\n<hr \/>\n<div id=\"g1-lead-1\" class=\"g1-lead \" >\n<p>Szybki, bezpieczny i wygodny spos\u00f3b na wsp\u00f3\u0142prac\u0119 z Twoimi wsp\u00f3\u0142pracownikami i klientami.<\/p>\n<p>Tra\u0107 mniej czasu na kszta\u0142towanie infrastruktury IT i przeznaczaj wi\u0119cej na rozw\u00f3j Swojego biznesu i wykonywanie wa\u017cnych zada\u0144.<\/p>\n<p><i id=\"icon-1\" class=\"icon-chevron-sign-right g1-icon g1-icon--none g1-icon--small g1-icon--inherit \"><\/i>\u00a0<a href=\"https:\/\/smart-it.com\/ru\/industries\/\">Znajd\u017a najlepsze rozwi\u0105zania dla Swojej bran\u017cy<\/a><\/p>\n<p>&nbsp;<\/p>\n<\/div>\n<\/li><!-- -->\n<li class=\"g1-column g1-one-half g1-valign-middle\">\n<p><img src=\"\/wp-content\/uploads\/2014\/07\/erp-solutions-bg-1.jpg\" alt=\"\" \/><\/p>\n<\/li><!-- --><\/ul>\n<h2>Witamy w Chmurze<\/h2>\n<div id=\"g1-divider-1\" class=\"g1-divider g1-divider--simple g1-divider--noicon \"><\/div>\n<ul class=\"g1-grid\"><li class=\"g1-column g1-one-third g1-valign-top\">\n<p><img src=\"\/wp-content\/uploads\/2014\/07\/microsoft-office-365-logo-1.png\" alt=\"Microsoft Office 365\" \/><\/p>\n<\/li><!-- -->\n<li class=\"g1-column g1-one-third g1-valign-top\">\n<div id=\"g1-lead-2\" class=\"g1-lead \" >\n<p>Pracuj ze Swoimi danymi gdziekolwiek i kiedykolwiek dzi\u0119ki rozwi\u0105zaniom w chmurze Microsoft Office.<\/p>\n<\/div>\n<\/li><!-- -->\n<li class=\"g1-column g1-one-third g1-valign-top\">\n\n<ul id=\"g1-list-1\" class=\"g1-list--icon g1-list--simple \">\n<li><i class=\"icon-circle-arrow-right g1-list__icon\"><\/i><a href=\"https:\/\/smart-it.com\/products\/cloud\/microsoft-office-365\/\">Dowiedz si\u0119 wi\u0119cej<\/a><\/li>\n<li><i class=\"icon-circle-arrow-right g1-list__icon\"><\/i><a href=\"https:\/\/smart-it.com\/pl\/company\/feedback\/message\/\">Zapytaj<\/a><\/li>\n<\/ul>\n\n<\/li><!-- --><\/ul>\n<div id=\"g1-divider-2\" class=\"g1-divider g1-divider--none g1-divider--noicon \"><\/div>\n<ul class=\"g1-grid\"><li class=\"g1-column g1-one-third g1-valign-top\">\n<p><img src=\"\/wp-content\/uploads\/2014\/06\/power-bi-logo.png\" alt=\"power-bi-logo\" \/><\/p>\n<\/li><!-- -->\n<li class=\"g1-column g1-one-third g1-valign-top\">\n<div id=\"g1-lead-3\" class=\"g1-lead \" >\n<p>Power BI \u00a0jest chmurowym rozwi\u0105zaniem s\u0142u\u017c\u0105cym do analityki biznesowej, kt\u00f3re pozwoli dzieli\u0107 si\u0119, wsp\u00f3\u0142dzia\u0142a\u0107 i mie\u0107 dost\u0119p do Twoich sprawozda\u0144 Excel gdziekolwiek i kiedykolwiek.<\/p>\n<\/div>\n<\/li><!-- -->\n<li class=\"g1-column g1-one-third g1-valign-top\">\n\n<ul id=\"g1-list-2\" class=\"g1-list--icon g1-list--simple \">\n<li><i class=\"icon-circle-arrow-right g1-list__icon\"><\/i><a href=\"https:\/\/smart-it.com\/products\/cloud\/power-bi\/\">Dowiedz si\u0119 wi\u0119cej<\/a><\/li>\n<li><i class=\"icon-circle-arrow-right g1-list__icon\"><\/i><a href=\"https:\/\/smart-it.com\/pl\/company\/feedback\/message\/\">Zapytaj<\/a><\/li>\n<\/ul>\n\n<\/li><!-- --><\/ul>\n<div id=\"g1-divider-3\" class=\"g1-divider g1-divider--none g1-divider--noicon \"><\/div>\n<ul class=\"g1-grid\"><li class=\"g1-column g1-one-third g1-valign-top\">\n<p><img src=\"\/wp-content\/uploads\/2014\/07\/microsoft-azure-logo-1.jpg\" alt=\"Microsoft Azure\" \/><\/p>\n<\/li><!-- -->\n<li class=\"g1-column g1-one-third g1-valign-top\">\n<div id=\"g1-lead-4\" class=\"g1-lead \" >\n<p>Platforma chmurowa, kt\u00f3ra pozwala na szybkie tworzenie, wdra\u017canie i zarz\u0105dzanie aplikacjami dzi\u0119ki globalnej sieci centr\u00f3w danych, zarz\u0105dzanych przez Microsoft.<\/p>\n<\/div>\n<\/li><!-- -->\n<li class=\"g1-column g1-one-third g1-valign-top\">\n\n<ul id=\"g1-list-3\" class=\"g1-list--icon g1-list--simple \">\n<li><i class=\"icon-circle-arrow-right g1-list__icon\"><\/i><a href=\"https:\/\/smart-it.com\/products\/cloud\/microsoft-azure\/\">Dowiedz si\u0119 wi\u0119cej<\/a><\/li>\n<li><i class=\"icon-circle-arrow-right g1-list__icon\"><\/i><a href=\"https:\/\/smart-it.com\/pl\/company\/feedback\/message\/\">Zapytaj<\/a><\/li>\n<\/ul>\n\n<\/li><!-- --><\/ul>\n<div id=\"g1-divider-4\" class=\"g1-divider g1-divider--none g1-divider--noicon \"><\/div>\n<ul class=\"g1-grid\"><li class=\"g1-column g1-one-third g1-valign-top\">\n<p><img src=\"\/wp-content\/uploads\/2014\/07\/ms-project-logo-2.jpg\" alt=\"Microsoft Project\" \/><\/p>\n<\/li><!-- -->\n<li class=\"g1-column g1-one-third g1-valign-top\">\n<div id=\"g1-lead-5\" class=\"g1-lead \" >\n<p>Elastyczne rozwi\u0105zanie online s\u0142u\u017c\u0105ce do zarz\u0105dzania portfelem projekt\u00f3w (PPM) i codzienn\u0105 prac\u0105 przy pomocy serwisu Office 365.<\/p>\n<\/div>\n<\/li><!-- -->\n<li class=\"g1-column g1-one-third g1-valign-top\">\n\n<ul id=\"g1-list-4\" class=\"g1-list--icon g1-list--simple \">\n<li><i class=\"icon-circle-arrow-right g1-list__icon\"><\/i><a href=\"https:\/\/smart-it.com\/products\/cloud\/microsoft-azure\/\">Dowiedz si\u0119 wi\u0119cej<\/a><\/li>\n<li><i class=\"icon-circle-arrow-right g1-list__icon\"><\/i><a href=\"https:\/\/smart-it.com\/pl\/company\/feedback\/message\/\">Zapytaj<\/a><\/li>\n<\/ul>\n\n<\/li><!-- --><\/ul>\n<div id=\"g1-divider-5\" class=\"g1-divider g1-divider--none g1-divider--icon \"><span><i class=\"icon-thumbs-up\"><\/i><\/span><\/div>\n<span id=\"g1-space-1\" class=\"g1-space \" style=\"height:1.5em;\"><\/span>\n","protected":false},"excerpt":{"rendered":"<p>Witamy w Chmurze<\/p>\n","protected":false},"author":2,"featured_media":0,"parent":7728,"menu_order":0,"comment_status":"closed","ping_status":"closed","template":"","meta":[],"_links":{"self":[{"href":"https:\/\/smart-it-prod-v3.azurewebsites.net\/pl\/wp-json\/wp\/v2\/pages\/7831"}],"collection":[{"href":"https:\/\/smart-it-prod-v3.azurewebsites.net\/pl\/wp-json\/wp\/v2\/pages"}],"about":[{"href":"https:\/\/smart-it-prod-v3.azurewebsites.net\/pl\/wp-json\/wp\/v2\/types\/page"}],"author":[{"embeddable":true,"href":"https:\/\/smart-it-prod-v3.azurewebsites.net\/pl\/wp-json\/wp\/v2\/users\/2"}],"replies":[{"embeddable":true,"href":"https:\/\/smart-it-prod-v3.azurewebsites.net\/pl\/wp-json\/wp\/v2\/comments?post=7831"}],"version-history":[{"count":0,"href":"https:\/\/smart-it-prod-v3.azurewebsites.net\/pl\/wp-json\/wp\/v2\/pages\/7831\/revisions"}],"up":[{"embeddable":true,"href":"https:\/\/smart-it-prod-v3.azurewebsites.net\/pl\/wp-json\/wp\/v2\/pages\/7728"}],"wp:attachment":[{"href":"https:\/\/smart-it-prod-v3.azurewebsites.net\/pl\/wp-json\/wp\/v2\/media?parent=7831"}],"curies":[{"name":"wp","href":"https:\/\/api.w.org\/{rel}","templated":true}]}}