{"id":7826,"date":"2016-09-19T11:07:26","date_gmt":"2016-09-19T08:07:26","guid":{"rendered":"http:\/\/smart-it-prod.azurewebsites.net\/pl\/?page_id=7826"},"modified":"2016-11-11T16:45:10","modified_gmt":"2016-11-11T14:45:10","slug":"rozwiazania-erp","status":"publish","type":"page","link":"https:\/\/smart-it-prod-v3.azurewebsites.net\/pl\/produkty\/rozwiazania-erp\/","title":{"rendered":"Rozwi\u0105zania ERP"},"content":{"rendered":"<ul class=\"g1-grid\"><li class=\"g1-column g1-one-half g1-valign-middle\">\n<h2>Planowanie zasob\u00f3w przedsi\u0119biorstwa<\/h2>\n<hr \/>\n<div id=\"g1-lead-1\" class=\"g1-lead \" >\n<p>System planowania zasob\u00f3w przedsi\u0119biorstwa jest oprogramowaniem do zarz\u0105dzania biznesem, kt\u00f3re pomaga firmie kontrolowa\u0107, automatyzowa\u0107 oraz integrowa\u0107 procesy biznesowe zwi\u0105zane z technologiami, serwisami i zasobami ludzkimi. S\u0142u\u017c\u0105 optymalizacji i proces\u00f3w, a tak\u017ce zwi\u0119kszeniu ich efektywno\u015bci.<\/p>\n<i id=\"icon-1\" class=\"icon-chevron-sign-right g1-icon g1-icon--none g1-icon--small g1-icon--inherit \"><\/i>\n<p><a href=\"https:\/\/smart-it.com\/ru\/industries\/\">Odnajd\u017a najlepsze rozwi\u0105zanie dla Swojej bran\u017cy<\/a><\/p>\n<\/div>\n<\/li><!-- -->\n<li class=\"g1-column g1-one-half g1-valign-middle\">\n<p><img src=\"\/wp-content\/uploads\/2014\/07\/erp-solutions-bg-1.jpg\" alt=\"\" \/><\/p>\n<\/li><!-- --><\/ul>\n<h2>Microsoft Dynamics ERP<\/h2>\n<div id=\"g1-divider-1\" class=\"g1-divider g1-divider--simple g1-divider--noicon \"><\/div>\n<ul class=\"g1-grid\"><li class=\"g1-column g1-one-half g1-valign-top\">\n<div id=\"g1-box-counter-1\" class=\"g1-box g1-box--simple  g1-box--noicon\" ><div class=\"g1-box__inner\">\n<h3>Microsoft Dynamics NAV<\/h3>\n<div id=\"g1-lead-2\" class=\"g1-lead \" >\n<p>Rozwi\u0105zania ERP dla ma\u0142ych i \u015brednich firm<\/p>\n<p><i id=\"icon-2\" class=\"icon-chevron-sign-right g1-icon g1-icon--none g1-icon--small g1-icon--inherit \"><\/i> <a href=\"\/products\/erp\/microsoft-dynamics-nav\/\">Dowiedz si\u0119 wi\u0119cej<\/a><\/p>\n<\/div>\n<\/div><\/div>\n<\/li><!-- -->\n<li class=\"g1-column g1-one-half g1-valign-top\">\n<div id=\"g1-box-counter-2\" class=\"g1-box g1-box--simple  g1-box--noicon\" ><div class=\"g1-box__inner\">\n<h3>Microsoft Dynamics AX<\/h3>\n<div id=\"g1-lead-3\" class=\"g1-lead \" >\n<p>Rozwi\u0105zania ERP dla korporacji<\/p>\n<p><i id=\"icon-3\" class=\"icon-chevron-sign-right g1-icon g1-icon--none g1-icon--small g1-icon--inherit \"><\/i> <a href=\"\/products\/erp\/microsoft-dynamics-nav\/\">Dowiedz si\u0119 wi\u0119cej<\/a><\/p>\n<\/div>\n<\/div><\/div>\n<\/li><!-- --><\/ul>\n<span id=\"g1-space-1\" class=\"g1-space \" style=\"height:25px;\"><\/span>\n<h2>Bran\u017cowe rozwi\u0105zania ERP<\/h2>\n<div id=\"g1-divider-2\" class=\"g1-divider g1-divider--simple g1-divider--noicon \"><\/div>\n<ul class=\"g1-grid\"><li class=\"g1-column g1-one-third g1-valign-top\">\n<p><img src=\"\/wp-content\/uploads\/2014\/11\/smart-distribution-logo-3.jpg\" alt=\"Smart Distribution\" \/><\/p>\n<\/li><!-- -->\n<li class=\"g1-column g1-one-third g1-valign-top\">\n<h3>SMART Distribution<\/h3>\n<p>Bran\u017cowe rozwi\u0105zania ERP dla firm dystrybucyjnych.<\/p>\n<\/li><!-- -->\n<li class=\"g1-column g1-one-third g1-valign-top\">\n\n<ul id=\"g1-list-1\" class=\"g1-list--icon g1-list--simple \">\n<li><i class=\"icon-circle-arrow-right g1-list__icon\"><\/i><a href=\"\/company\/feedback\/demo\/\">Zam\u00f3w prezentacj\u0119<\/a><\/li>\n<li><i class=\"icon-circle-arrow-right g1-list__icon\"><\/i><a href=\"https:\/\/smart-it.com\/ru\/company\/feedback\/message\/\">Zapytaj<\/a><\/li>\n<\/ul>\n\n<\/li><!-- --><\/ul>\n<div id=\"g1-divider-3\" class=\"g1-divider g1-divider--none g1-divider--noicon \"><\/div>\n<ul class=\"g1-grid\"><li class=\"g1-column g1-one-third g1-valign-top\">\n<p><img src=\"\/wp-content\/uploads\/2014\/11\/smart-accounting-logo.jpg\" alt=\"Smart Accounting\" \/><\/p>\n<\/li><!-- -->\n<li class=\"g1-column g1-one-third g1-valign-top\">\n<h3>SMART Accounting<\/h3>\n<p>Adaptacja rozwi\u0105za\u0144 Twojego biznesu zgodnie z prawem lokalnym.<\/p>\n<\/li><!-- -->\n<li class=\"g1-column g1-one-third g1-valign-top\">\n\n<ul id=\"g1-list-2\" class=\"g1-list--icon g1-list--simple \">\n<li><i class=\"icon-circle-arrow-right g1-list__icon\"><\/i><a href=\"\/company\/feedback\/demo\/\">Zam\u00f3w prezentacj\u0119<\/a><\/li>\n<li><i class=\"icon-circle-arrow-right g1-list__icon\"><\/i><a href=\"https:\/\/smart-it.com\/ru\/company\/feedback\/message\/\">Zapytaj<\/a><\/li>\n<\/ul>\n\n<\/li><!-- --><\/ul>\n<div id=\"g1-divider-4\" class=\"g1-divider g1-divider--none g1-divider--noicon \"><\/div>\n<ul class=\"g1-grid\"><li class=\"g1-column g1-one-third g1-valign-top\">\n<p><img loading=\"lazy\" class=\"alignnone size-full wp-image-6971\" src=\"\/wp-content\/uploads\/2015\/05\/ax-is-fashion.jpg\" alt=\"ax-is-fashion\" width=\"240\" height=\"108\" srcset=\"\/wp-content\/uploads\/2015\/05\/ax-is-fashion.jpg 240w, \/wp-content\/uploads\/2015\/05\/ax-is-fashion-239x108.jpg 239w\" sizes=\"(max-width: 240px) 100vw, 240px\" \/><\/p>\n<\/li><!-- -->\n<li class=\"g1-column g1-one-third g1-valign-top\">\n<h3>ax | is fashion<\/h3>\n<p>Ca\u0142o\u015bciowe rozwi\u0105zanie dla firm przemys\u0142u modowego.<\/p>\n<\/li><!-- -->\n<li class=\"g1-column g1-one-third g1-valign-top\">\n\n<ul id=\"g1-list-3\" class=\"g1-list--icon g1-list--simple \">\n<li><i class=\"icon-circle-arrow-right g1-list__icon\"><\/i><a href=\"\/company\/feedback\/demo\/\">Zam\u00f3w prezentacj\u0119<\/a><\/li>\n<li><i class=\"icon-circle-arrow-right g1-list__icon\"><\/i><a href=\"https:\/\/smart-it.com\/ru\/company\/feedback\/message\/\">Zapytaj<\/a><\/li>\n<\/ul>\n\n<\/li><!-- --><\/ul>\n<div id=\"g1-divider-5\" class=\"g1-divider g1-divider--none g1-divider--noicon \"><\/div>\n<ul class=\"g1-grid\"><li class=\"g1-column g1-one-third g1-valign-top\">\n<p><img src=\"\/wp-content\/uploads\/2014\/06\/4ps-construct-logo.jpg\" alt=\"4PS Construct - Software for Construction Industry\" \/><\/p>\n<\/li><!-- -->\n<li class=\"g1-column g1-one-third g1-valign-top\">\n<h3>4PS Construct<\/h3>\n<p>Wyspecjalizowane rozwi\u0105zanie 4PS Construct dla bran\u017c budowlanej i in\u017cynieryjnej.<\/p>\n<\/li><!-- -->\n<li class=\"g1-column g1-one-third g1-valign-top\">\n\n<ul id=\"g1-list-4\" class=\"g1-list--icon g1-list--simple \">\n<li><i class=\"icon-circle-arrow-right g1-list__icon\"><\/i><a href=\"\/company\/feedback\/demo\/\">Zam\u00f3w prezentacj\u0119<\/a><\/li>\n<li><i class=\"icon-circle-arrow-right g1-list__icon\"><\/i><a href=\"https:\/\/smart-it.com\/ru\/company\/feedback\/message\/\">Zapytaj<\/a><\/li>\n<\/ul>\n\n<\/li><!-- --><\/ul>\n<div id=\"g1-divider-6\" class=\"g1-divider g1-divider--none g1-divider--noicon \"><\/div>\n<ul class=\"g1-grid\"><li class=\"g1-column g1-one-third g1-valign-top\">\n<p><img src=\"\/wp-content\/uploads\/2014\/07\/ls-retail-logo-1.jpg\" alt=\"LS Retail\" \/><\/p>\n<\/li><!-- -->\n<li class=\"g1-column g1-one-third g1-valign-top\">\n<h3><a href=\"\/products\/erp\/lsretail\/\">LS Retail<\/a><\/h3>\n<p>Rozwi\u0105zanie LS NAV dla firm sprzeda\u017cy detalicznej.<\/p>\n<\/li><!-- -->\n<li class=\"g1-column g1-one-third g1-valign-top\">\n\n<ul id=\"g1-list-5\" class=\"g1-list--icon g1-list--simple \">\n<li><i class=\"icon-circle-arrow-right g1-list__icon\"><\/i><a href=\"\/company\/feedback\/demo\/\">Zam\u00f3w prezentacj\u0119<\/a><\/li>\n<li><i class=\"icon-circle-arrow-right g1-list__icon\"><\/i><a href=\"https:\/\/smart-it.com\/ru\/company\/feedback\/message\/\">Zapytaj<\/a><\/li>\n<\/ul>\n\n<\/li><!-- --><\/ul>\n<div id=\"g1-divider-7\" class=\"g1-divider g1-divider--none g1-divider--icon \"><span><i class=\"icon-thumbs-up\"><\/i><\/span><\/div>\n<span id=\"g1-space-2\" class=\"g1-space \" style=\"height:1.5em;\"><\/span>\n","protected":false},"excerpt":{"rendered":"<p>Microsoft Dynamics ERP Bran\u017cowe rozwi\u0105zania ERP<\/p>\n","protected":false},"author":2,"featured_media":0,"parent":7728,"menu_order":0,"comment_status":"closed","ping_status":"closed","template":"","meta":[],"_links":{"self":[{"href":"https:\/\/smart-it-prod-v3.azurewebsites.net\/pl\/wp-json\/wp\/v2\/pages\/7826"}],"collection":[{"href":"https:\/\/smart-it-prod-v3.azurewebsites.net\/pl\/wp-json\/wp\/v2\/pages"}],"about":[{"href":"https:\/\/smart-it-prod-v3.azurewebsites.net\/pl\/wp-json\/wp\/v2\/types\/page"}],"author":[{"embeddable":true,"href":"https:\/\/smart-it-prod-v3.azurewebsites.net\/pl\/wp-json\/wp\/v2\/users\/2"}],"replies":[{"embeddable":true,"href":"https:\/\/smart-it-prod-v3.azurewebsites.net\/pl\/wp-json\/wp\/v2\/comments?post=7826"}],"version-history":[{"count":0,"href":"https:\/\/smart-it-prod-v3.azurewebsites.net\/pl\/wp-json\/wp\/v2\/pages\/7826\/revisions"}],"up":[{"embeddable":true,"href":"https:\/\/smart-it-prod-v3.azurewebsites.net\/pl\/wp-json\/wp\/v2\/pages\/7728"}],"wp:attachment":[{"href":"https:\/\/smart-it-prod-v3.azurewebsites.net\/pl\/wp-json\/wp\/v2\/media?parent=7826"}],"curies":[{"name":"wp","href":"https:\/\/api.w.org\/{rel}","templated":true}]}}