{"id":7823,"date":"2016-09-16T19:01:44","date_gmt":"2016-09-16T16:01:44","guid":{"rendered":"http:\/\/smart-it-prod.azurewebsites.net\/pl\/?page_id=7823"},"modified":"2016-11-11T16:37:23","modified_gmt":"2016-11-11T14:37:23","slug":"localization","status":"publish","type":"page","link":"https:\/\/smart-it-prod-v3.azurewebsites.net\/pl\/uslugi\/localization\/","title":{"rendered":"Lokalizacja Microsoft Dynamics"},"content":{"rendered":"<ul class=\"g1-grid\"><li class=\"g1-column g1-one-half g1-valign-middle\">\n<h2>M\u00f3wimy razem w jednym j\u0119zyku<\/h2>\n<hr \/>\n<div id=\"g1-lead-1\" class=\"g1-lead \" >\n<p>Firma SMART business jest oficjalnym partnerem Microsoft PLLP (program lokalizacji i t\u0142umaczenia produkt\u00f3w Microsoft Dynamics). Opracowali\u015bmy rozwi\u0105zania dla system\u00f3w AX i NAV dla Ukrainy, Bia\u0142orusi, Gruzji, niekt\u00f3rych cz\u0119\u015bci Rosji, a tak\u017ce dla pa\u0144stw Unii Europejskiej.<\/p>\n<\/div>\n<div align=\"center\"><a id=\"g1-button-1\" class=\"g1-button g1-button--medium g1-button--solid g1-button--standard \" href=\"\/company\/feedback\/message\/\" ><i class=\"icon-pencil\"><\/i>Zapytaj<\/a> <style type=\"text\/css\" scoped=\"scoped\">#g1-button-2.g1-button {background-color: #5078b4; border-color: #5078b4;}<\/style><a id=\"g1-button-2\" class=\"g1-button g1-button--medium g1-button--solid g1-button--standard \" href=\"\/company\/feedback\/call\/\" ><i class=\"icon-phone\"><\/i>Zadzwo\u0144<\/a><\/div>\n<\/li><!-- -->\n<li class=\"g1-column g1-one-half g1-valign-middle\">\n<p><img src=\"\/wp-content\/uploads\/2014\/07\/outsource.jpg\" alt=\"\" \/><\/p>\n<\/li><!-- --><\/ul>\n<div id=\"g1-divider-1\" class=\"g1-divider g1-divider--simple g1-divider--noicon \"><\/div>\n<h2>Projektowanie lokalizacji<\/h2>\n<span id=\"g1-space-1\" class=\"g1-space \" style=\"height:1.5em;\"><\/span>\n<ul class=\"g1-grid\"><li class=\"g1-column g1-one-third g1-valign-top\">\n<h3>Standardy mi\u0119dzynarodowe<\/h3>\n<hr \/>\n<div id=\"g1-lead-2\" class=\"g1-lead \" >\n<p>Mamy do\u015bwiadczenie w rozwoju rachunkowo\u015bci finansowej zgodnie z Mi\u0119dzynarodowymi Standardami Sprawozdawczo\u015bci Finansowej (MSSF) oraz lokalnych GAPPs.<\/p>\n<\/div>\n<\/li><!-- -->\n<li class=\"g1-column g1-one-third g1-valign-top\">\n<h3>Rejestracja CfMD<\/h3>\n<hr \/>\n<div id=\"g1-lead-3\" class=\"g1-lead \" >\n<p>Mamy du\u017ce do\u015bwiadczenie w przygotowaniu rozwi\u0105za\u0144 do rejestracji CfMD (Certified for Microsoft Dynamics).<\/p>\n<\/div>\n<\/li><!-- -->\n<li class=\"g1-column g1-one-third g1-valign-top\">\n<h3>Rozwi\u0105zania lokalizacyjne<\/h3>\n<hr \/>\n<div id=\"g1-lead-4\" class=\"g1-lead \" >\n<p>Wdra\u017cali\u015bmy najwi\u0119ksze rozwi\u0105zania CfMD dla r\u00f3\u017cnego rodzaju rynk\u00f3w i firm.<\/p>\n<\/div>\n<\/li><!-- --><\/ul>\n<div id=\"g1-divider-2\" class=\"g1-divider g1-divider--none g1-divider--icon \"><span><i class=\"icon-long-arrow-down\"><\/i><\/span><\/div>\n<h2>Rozwi\u0105zania SMART<\/h2>\n<span id=\"g1-space-2\" class=\"g1-space \" style=\"height:1.5em;\"><\/span>\n<ul class=\"g1-grid\"><li class=\"g1-column g1-one-half g1-valign-top\">\n<ul class=\"g1-grid\"><li class=\"g1-column g1-one-sixth g1-valign-top\">\n<i id=\"icon-1\" class=\"icon-edit g1-icon g1-icon--solid g1-icon--medium g1-icon--inherit \"><\/i>\n<\/li><!-- -->\n<li class=\"g1-column g1-five-sixth g1-valign-top\">\n<h3>SMART Accounting<\/h3>\n<hr \/>\n<div id=\"g1-lead-5\" class=\"g1-lead \" >\n<p>Rozwi\u0105zanie oparte na Microsoft Dynamics NAV i s\u0142u\u017c\u0105ce do adaptacji ksi\u0119gowo\u015bci zgodnie z lokalnymi przepisami:<\/p>\n\n<ul id=\"g1-list-1\" class=\"g1-list--disc g1-list--none \" style=\"font-size: 125%;\">\n<li>Polityka podatkowa;<\/li>\n<li>Rachunkowo\u015b\u0107 lokalna;<\/li>\n<li>Rachunkowo\u015b\u0107 korporacyjna.<\/li>\n<\/ul>\n\n<\/div>\n<\/li><!-- --><\/ul>\n<\/li><!-- -->\n<li class=\"g1-column g1-one-half g1-valign-top\">\n<ul class=\"g1-grid\"><li class=\"g1-column g1-one-sixth g1-valign-top\">\n<i id=\"icon-2\" class=\"icon-group g1-icon g1-icon--solid g1-icon--medium g1-icon--inherit \"><\/i>\n<\/li><!-- -->\n<li class=\"g1-column g1-five-sixth g1-valign-top\">\n<h3>SMART HR &amp; Payroll<\/h3>\n<hr \/>\n<div id=\"g1-lead-6\" class=\"g1-lead \" >\n<p>Rozwi\u0105zanie kompleksowe do zarz\u0105dzania personelem i p\u0142acami, kt\u00f3re zawiera w sobie:<\/p>\n\n<ul id=\"g1-list-2\" class=\"g1-list--disc g1-list--none \" style=\"font-size: 125%;\">\n<li>Zarz\u0105dzanie si\u0142\u0105 robocz\u0105;<\/li>\n<li>Zarz\u0105dzanie czasem;<\/li>\n<li>Zarz\u0105dzanie p\u0142acami.<\/li>\n<\/ul>\n\n<\/div>\n<\/li><!-- --><\/ul>\n<\/li><!-- --><\/ul>\n<div id=\"g1-divider-3\" class=\"g1-divider g1-divider--none g1-divider--icon \"><span><i class=\"icon-long-arrow-down\"><\/i><\/span><\/div>\n<div style=\"text-align: center;\">\n<h2>Skontaktuj si\u0119 z nami po wi\u0119cej informacji<\/h2>\n<p><a id=\"g1-button-3\" class=\"g1-button g1-button--big g1-button--solid g1-button--standard \" href=\"\/company\/feedback\/message\/\" ><i class=\"icon-pencil\"><\/i>Zapytaj<\/a> <style type=\"text\/css\" scoped=\"scoped\">#g1-button-4.g1-button {background-color: #5078b4; border-color: #5078b4;}<\/style><a id=\"g1-button-4\" class=\"g1-button g1-button--big g1-button--solid g1-button--standard \" href=\"\/company\/feedback\/call\/\" ><i class=\"icon-phone\"><\/i>Zadzwo\u0144<\/a><\/p>\n<\/div>\n","protected":false},"excerpt":{"rendered":"<p>Projektowanie lokalizacji Rozwi\u0105zania SMART Skontaktuj si\u0119 z nami po wi\u0119cej informacji<\/p>\n","protected":false},"author":2,"featured_media":0,"parent":7725,"menu_order":3,"comment_status":"closed","ping_status":"closed","template":"","meta":[],"_links":{"self":[{"href":"https:\/\/smart-it-prod-v3.azurewebsites.net\/pl\/wp-json\/wp\/v2\/pages\/7823"}],"collection":[{"href":"https:\/\/smart-it-prod-v3.azurewebsites.net\/pl\/wp-json\/wp\/v2\/pages"}],"about":[{"href":"https:\/\/smart-it-prod-v3.azurewebsites.net\/pl\/wp-json\/wp\/v2\/types\/page"}],"author":[{"embeddable":true,"href":"https:\/\/smart-it-prod-v3.azurewebsites.net\/pl\/wp-json\/wp\/v2\/users\/2"}],"replies":[{"embeddable":true,"href":"https:\/\/smart-it-prod-v3.azurewebsites.net\/pl\/wp-json\/wp\/v2\/comments?post=7823"}],"version-history":[{"count":0,"href":"https:\/\/smart-it-prod-v3.azurewebsites.net\/pl\/wp-json\/wp\/v2\/pages\/7823\/revisions"}],"up":[{"embeddable":true,"href":"https:\/\/smart-it-prod-v3.azurewebsites.net\/pl\/wp-json\/wp\/v2\/pages\/7725"}],"wp:attachment":[{"href":"https:\/\/smart-it-prod-v3.azurewebsites.net\/pl\/wp-json\/wp\/v2\/media?parent=7823"}],"curies":[{"name":"wp","href":"https:\/\/api.w.org\/{rel}","templated":true}]}}