{"id":7820,"date":"2016-09-16T18:39:52","date_gmt":"2016-09-16T15:39:52","guid":{"rendered":"http:\/\/smart-it-prod.azurewebsites.net\/pl\/?page_id=7820"},"modified":"2016-11-11T16:36:18","modified_gmt":"2016-11-11T14:36:18","slug":"implementation","status":"publish","type":"page","link":"https:\/\/smart-it-prod-v3.azurewebsites.net\/pl\/uslugi\/implementation\/","title":{"rendered":"Wdra\u017canie"},"content":{"rendered":"<ul class=\"g1-grid\"><li class=\"g1-column g1-one-half g1-valign-middle\">\n<h2>Wdra\u017camy klarowne, logiczne i efektywne procesy dla Twojego biznesu<\/h2>\n<hr \/>\n<div id=\"g1-lead-1\" class=\"g1-lead \" >\n<p>Wspieramy na ka\u017cdym etapie wdra\u017cania i czynimy biznes klarownym, logicznym i efektywnym.<\/p>\n<p>Korzystamy z najlepszych praktyk i najnowszych metodologii, aby zagwarantowa\u0107, i\u017c projekt wdro\u017cenia b\u0119dzie bardziej przewidywalny, dostarczony na czas i zgodnie z przewidywaniami ekonomicznymi.<\/p>\n<\/div>\n<div align=\"center\"><a id=\"g1-button-1\" class=\"g1-button g1-button--medium g1-button--solid g1-button--standard \" href=\"\/company\/feedback\/message\/\" ><i class=\"icon-pencil\"><\/i>Zapytaj<\/a> <style type=\"text\/css\" scoped=\"scoped\">#g1-button-2.g1-button {background-color: #5078b4; border-color: #5078b4;}<\/style><a id=\"g1-button-2\" class=\"g1-button g1-button--medium g1-button--solid g1-button--standard \" href=\"\/company\/feedback\/call\/\" ><i class=\"icon-phone\"><\/i>Zadzwo\u0144<\/a><\/div>\n<\/li><!-- -->\n<li class=\"g1-column g1-one-half g1-valign-middle\">\n<p><img src=\"\/wp-content\/uploads\/2014\/07\/implementation-bg-1.jpg\" alt=\"\" \/><\/p>\n<\/li><!-- --><\/ul>\n<div id=\"g1-divider-1\" class=\"g1-divider g1-divider--simple g1-divider--noicon \"><\/div>\n<h2 align=\"center\">Metodologia Microsoft Dynamics Sure Step<\/h2>\n<h3 align=\"center\">Tw\u00f3j klucz do udanego wdro\u017cenia rozwi\u0105za\u0144<\/h3>\n<span id=\"g1-space-1\" class=\"g1-space \" style=\"height:1.5em;\"><\/span>\n<ul class=\"g1-grid\"><li class=\"g1-column g1-one-fourth g1-valign-top\">\n<div id=\"g1-progress-circle-1\" class=\"g1-progress-circle g1-progress-circle--simple \" data-config=\"{ barColor: '#5078b4' }\" data-percent=\"30\"><span class=\"g1-progress-circle__value\">30<\/span><i class=\"icon-lightbulb g1-progress-circle__icon\"><\/i><div class=\"g1-color-scheme\"><\/div><\/div>\n<h3>Analiza<\/h3>\n<div id=\"g1-lead-2\" class=\"g1-lead \" >\n<p>Zosta\u0142y przeanalizowane i opisane wymagania funkcjonalne; oceniony i ustalony jest zakres projektu.<\/p>\n<\/div>\n<\/li><!-- -->\n<li class=\"g1-column g1-one-fourth g1-valign-top\">\n<div id=\"g1-progress-circle-2\" class=\"g1-progress-circle g1-progress-circle--solid \" data-config=\"{ bgColor: '#5078b4' }\" data-percent=\"65\"><span class=\"g1-progress-circle__value\">65<\/span><i class=\"icon-pencil g1-progress-circle__icon\"><\/i><div class=\"g1-color-scheme\"><\/div><\/div>\n<h3>Projektowanie<\/h3>\n<div id=\"g1-lead-3\" class=\"g1-lead \" >\n<p>System zosta\u0142 skonfigurowany, opracowana jego funkcjonalno\u015b\u0107 dodatkowa, kontynuacja testowania wdra\u017cania.<\/p>\n<\/div>\n<\/li><!-- -->\n<li class=\"g1-column g1-one-fourth g1-valign-top\">\n<div id=\"g1-progress-circle-3\" class=\"g1-progress-circle g1-progress-circle--simple \" data-config=\"{ barColor: '#5078b4' }\" data-percent=\"90\"><span class=\"g1-progress-circle__value\">90<\/span><i class=\"icon-code g1-progress-circle__icon\"><\/i><div class=\"g1-color-scheme\"><\/div><\/div>\n<h3>Szkolenie<\/h3>\n<div id=\"g1-lead-4\" class=\"g1-lead \" >\n<p>Program szkolenia dla ka\u017cdego. Dodatkowo test, sprawdzaj\u0105cy stopie\u0144 gotowo\u015bci.<\/p>\n<\/div>\n<\/li><!-- -->\n<li class=\"g1-column g1-one-fourth g1-valign-top\">\n<div id=\"g1-progress-circle-4\" class=\"g1-progress-circle g1-progress-circle--solid \" data-config=\"{ bgColor: '#5078b4' }\" data-percent=\"100\"><span class=\"g1-progress-circle__value\">100<\/span><i class=\"icon-gift g1-progress-circle__icon\"><\/i><div class=\"g1-color-scheme\"><\/div><\/div>\n<h3>Go Live\u00a0Wsparcie<\/h3>\n<div id=\"g1-lead-5\" class=\"g1-lead \" >\n<p>System przechodzi do trybu eksploatacji, wsparcie u\u017cytkownik\u00f3w w trakcie tego trybu.<\/p>\n<\/div>\n<\/li><!-- --><\/ul>\n<div id=\"g1-divider-2\" class=\"g1-divider g1-divider--none g1-divider--icon \"><span><i class=\"icon-long-arrow-down\"><\/i><\/span><\/div>\n<h2 align=\"center\">Zalety dla Twojego biznesu<\/h2>\n<span id=\"g1-space-2\" class=\"g1-space \" style=\"height:1.5em;\"><\/span>\n<ul class=\"g1-grid\"><li class=\"g1-column g1-one-half g1-valign-top\">\n<ul class=\"g1-grid\"><li class=\"g1-column g1-one-sixth g1-valign-top\">\n<i id=\"icon-1\" class=\"icon-lightbulb g1-icon g1-icon--solid g1-icon--medium g1-icon--inherit \"><\/i>\n<\/li><!-- -->\n<li class=\"g1-column g1-five-sixth g1-valign-top\">\n<h3>U\u015bwiadomienie warto\u015bci<\/h3>\n<hr \/>\n<div id=\"g1-lead-6\" class=\"g1-lead \" >\n<p>Zdolno\u015b\u0107 do zrozumienia i formu\u0142owania warto\u015bci biznesowej dla wszystkich zainteresowanych stron w organizacji.<\/p>\n<\/div>\n<\/li><!-- --><\/ul>\n<\/li><!-- -->\n<li class=\"g1-column g1-one-half g1-valign-top\">\n<ul class=\"g1-grid\"><li class=\"g1-column g1-one-sixth g1-valign-top\">\n<i id=\"icon-2\" class=\"icon-file-alt g1-icon g1-icon--solid g1-icon--medium g1-icon--inherit \"><\/i>\n<\/li><!-- -->\n<li class=\"g1-column g1-five-sixth g1-valign-top\">\n<h3>Jasny plan<\/h3>\n<hr \/>\n<div id=\"g1-lead-7\" class=\"g1-lead \" >\n<p>Gwarancja tego, i\u017c stworzony zosta\u0142 jasny plan z wdro\u017cenia rozwi\u0105zania; wszystkie wymagania s\u0105 skonfigurowane i dokumentowane.<\/p>\n<\/div>\n<\/li><!-- --><\/ul>\n<\/li><!-- --><\/ul>\n<span id=\"g1-space-3\" class=\"g1-space \" style=\"height:25px;\"><\/span>\n<ul class=\"g1-grid\"><li class=\"g1-column g1-one-half g1-valign-top\">\n<ul class=\"g1-grid\"><li class=\"g1-column g1-one-sixth g1-valign-top\">\n<i id=\"icon-3\" class=\"icon-time g1-icon g1-icon--solid g1-icon--medium g1-icon--inherit \"><\/i>\n<\/li><!-- -->\n<li class=\"g1-column g1-five-sixth g1-valign-top\">\n<h3>Harmonogram realizacji<\/h3>\n<hr \/>\n<div id=\"g1-lead-8\" class=\"g1-lead \" >\n<p>Gwarancja wdro\u017cenia rozwi\u0105zania zgonie z przewidywan\u0105 skal\u0105, granicami czasowymi i zgodnie z zak\u0142adanym bud\u017cetem.<\/p>\n<\/div>\n<\/li><!-- --><\/ul>\n<\/li><!-- -->\n<li class=\"g1-column g1-one-half g1-valign-top\">\n<ul class=\"g1-grid\"><li class=\"g1-column g1-one-sixth g1-valign-top\">\n<i id=\"icon-4\" class=\"icon-exchange g1-icon g1-icon--solid g1-icon--medium g1-icon--inherit \"><\/i>\n<\/li><!-- -->\n<li class=\"g1-column g1-five-sixth g1-valign-top\">\n<h3>Integracja programowa<\/h3>\n<hr \/>\n<div id=\"g1-lead-9\" class=\"g1-lead \" >\n<p>Zagwarantowanie takich rozwi\u0105za\u0144 kompleksowych, kt\u00f3re po\u0142\u0105cz\u0105 r\u00f3\u017cnorodne pakiety oprogramowa\u0144.<\/p>\n<\/div>\n<\/li><!-- --><\/ul>\n<\/li><!-- --><\/ul>\n<div id=\"g1-divider-3\" class=\"g1-divider g1-divider--none g1-divider--icon \"><span><i class=\"icon-long-arrow-down\"><\/i><\/span><\/div>\n<div style=\"text-align: center;\">\n<h2>Skontaktuj si\u0119 z nami i zacznij ju\u017c dzi\u015b<\/h2>\n<p><a id=\"g1-button-3\" class=\"g1-button g1-button--big g1-button--solid g1-button--standard \" href=\"\/company\/feedback\/message\/\" ><i class=\"icon-pencil\"><\/i>Zapytaj<\/a> <style type=\"text\/css\" scoped=\"scoped\">#g1-button-4.g1-button {background-color: #5078b4; border-color: #5078b4;}<\/style><a id=\"g1-button-4\" class=\"g1-button g1-button--big g1-button--solid g1-button--standard \" href=\"\/company\/feedback\/call\/\" ><i class=\"icon-phone\"><\/i>Um\u00f3w kontakt<\/a><\/p>\n<\/div>\n","protected":false},"excerpt":{"rendered":"<p>Metodologia Microsoft Dynamics Sure Step Tw\u00f3j klucz do udanego wdro\u017cenia rozwi\u0105za\u0144 Zalety dla Twojego biznesu Skontaktuj si\u0119 z nami i zacznij ju\u017c dzi\u015b<\/p>\n","protected":false},"author":2,"featured_media":0,"parent":7725,"menu_order":2,"comment_status":"closed","ping_status":"closed","template":"","meta":[],"_links":{"self":[{"href":"https:\/\/smart-it-prod-v3.azurewebsites.net\/pl\/wp-json\/wp\/v2\/pages\/7820"}],"collection":[{"href":"https:\/\/smart-it-prod-v3.azurewebsites.net\/pl\/wp-json\/wp\/v2\/pages"}],"about":[{"href":"https:\/\/smart-it-prod-v3.azurewebsites.net\/pl\/wp-json\/wp\/v2\/types\/page"}],"author":[{"embeddable":true,"href":"https:\/\/smart-it-prod-v3.azurewebsites.net\/pl\/wp-json\/wp\/v2\/users\/2"}],"replies":[{"embeddable":true,"href":"https:\/\/smart-it-prod-v3.azurewebsites.net\/pl\/wp-json\/wp\/v2\/comments?post=7820"}],"version-history":[{"count":0,"href":"https:\/\/smart-it-prod-v3.azurewebsites.net\/pl\/wp-json\/wp\/v2\/pages\/7820\/revisions"}],"up":[{"embeddable":true,"href":"https:\/\/smart-it-prod-v3.azurewebsites.net\/pl\/wp-json\/wp\/v2\/pages\/7725"}],"wp:attachment":[{"href":"https:\/\/smart-it-prod-v3.azurewebsites.net\/pl\/wp-json\/wp\/v2\/media?parent=7820"}],"curies":[{"name":"wp","href":"https:\/\/api.w.org\/{rel}","templated":true}]}}