{"id":7815,"date":"2016-09-16T17:37:19","date_gmt":"2016-09-16T14:37:19","guid":{"rendered":"http:\/\/smart-it-prod.azurewebsites.net\/pl\/?page_id=7815"},"modified":"2016-11-11T16:41:52","modified_gmt":"2016-11-11T14:41:52","slug":"training","status":"publish","type":"page","link":"https:\/\/smart-it-prod-v3.azurewebsites.net\/pl\/uslugi\/training\/","title":{"rendered":"Szkolenia"},"content":{"rendered":"<ul class=\"g1-grid\"><li class=\"g1-column g1-one-half g1-valign-middle\">\n<h2>Zosta\u0144 ekspertem i poszerz Swoje umiej\u0119tno\u015bci i wiedz\u0119<\/h2>\n<hr \/>\n<div id=\"g1-lead-1\" class=\"g1-lead \" >\n<p>Firma SMART business zapewnia kompleksowe us\u0142ugi szkoleniowe i certyfikacyjne dla os\u00f3b prywatnych i przedsi\u0119biorstw w zakresie zarz\u0105dzania projektami, analizy biznesowej i rozwoju produkt\u00f3w Microsoft Dynamics.<\/p>\n<\/div>\n<div align=\"center\"><a id=\"g1-button-1\" class=\"g1-button g1-button--medium g1-button--solid g1-button--standard \" href=\"\/company\/feedback\/message\/\" ><i class=\"icon-pencil\"><\/i>Zapytaj<\/a> <style type=\"text\/css\" scoped=\"scoped\">#g1-button-2.g1-button {background-color: #5078b4; border-color: #5078b4;}<\/style><a id=\"g1-button-2\" class=\"g1-button g1-button--medium g1-button--solid g1-button--standard \" href=\"\/company\/feedback\/call\/\" ><i class=\"icon-phone\"><\/i>Zadzwo\u0144<\/a><\/div>\n<\/li><!-- -->\n<li class=\"g1-column g1-one-half g1-valign-middle\">\n<p><img src=\"\/wp-content\/uploads\/2014\/07\/smart-training-bg-1.jpg\" alt=\"\" \/><\/p>\n<\/li><!-- --><\/ul>\n<div id=\"g1-divider-1\" class=\"g1-divider g1-divider--simple g1-divider--noicon \"><\/div>\n<ul class=\"g1-grid\"><li class=\"g1-column g1-two-third g1-valign-top\">\n<ul class=\"g1-grid\"><li class=\"g1-column g1-one-sixth g1-valign-top\">\n<i id=\"icon-1\" class=\"icon-book g1-icon g1-icon--solid g1-icon--medium g1-icon--inherit \"><\/i>\n<\/li><!-- -->\n<li class=\"g1-column g1-five-sixth g1-valign-top\">\n<h3>Szkolenia z zarz\u0105dzania projektami<\/h3>\n<p>Firma SMART business we wsp\u00f3\u0142pracy z Zawodow\u0105 Szko\u0142\u0105 zarz\u0105dzania projektami przeprowadza nab\u00f3r na kursy z zarz\u0105dzania projektami, kt\u00f3re pozwalaj\u0105 uczestnikom zdoby\u0107 wiedz\u0119 i dostateczn\u0105 liczb\u0119 punkt\u00f3w, niezb\u0119dnych do zaliczenia egzaminu z otrzymania stopnia Project Management Professional (PMP) \u00ae.<\/p>\n<\/li><!-- --><\/ul>\n<\/li><!-- -->\n<li class=\"g1-column g1-one-third g1-valign-top\">\n<h3>Dowiedz si\u0119 wi\u0119cej<\/h3>\n\n<ul id=\"g1-list-1\" class=\"g1-list--icon g1-list--simple \">\n<li><i class=\"icon-circle-arrow-right g1-list__icon\"><\/i><a href=\"http:\/\/getsmart.com.ua\/project-management\/pmi\/\">Szkolenia z zarz\u0105dzania projektami<\/a><\/li>\n<li><i class=\"icon-circle-arrow-right g1-list__icon\"><\/i><a href=\"http:\/\/getsmart.com.ua\/project-management\/pmi\/pmp\/\">Certyfikaty IIBA i CBAP\/CCBA<\/a><\/li>\n<li><i class=\"icon-circle-arrow-right g1-list__icon\"><\/i><a href=\"\/news\/events\/\">Upcoming vevents<\/a><\/li>\n<\/ul>\n\n<\/li><!-- --><\/ul>\n<div id=\"g1-divider-2\" class=\"g1-divider g1-divider--simple g1-divider--noicon \"><\/div>\n<ul class=\"g1-grid\"><li class=\"g1-column g1-two-third g1-valign-top\">\n<ul class=\"g1-grid\"><li class=\"g1-column g1-one-sixth g1-valign-top\">\n<i id=\"icon-2\" class=\"icon-bar-chart g1-icon g1-icon--solid g1-icon--medium g1-icon--inherit \"><\/i>\n<\/li><!-- -->\n<li class=\"g1-column g1-five-sixth g1-valign-top\">\n<h3>Szkolenia z analizy biznesowej<\/h3>\n<p>Firma SMART wsp\u00f3\u0142pracuj\u0105c z IIBA (International Institute of Business Analysis) organizuje szkolenia z analizy biznesowej, kt\u00f3re pomog\u0105 uczestnikom poszerzy\u0107 istniej\u0105c\u0105 wiedz\u0119 i do\u015bwiadczenia z obszaru analizy biznesowej, zapozna\u0107 si\u0119 z terminologi\u0105, opart\u0105 na standardach Business analysis Body of Knowledge\u00ae (BABOK\u00ae), a tak\u017ce zdoby\u0107 certyfikat CBAP \/ CCBA.<\/p>\n<\/li><!-- --><\/ul>\n<\/li><!-- -->\n<li class=\"g1-column g1-one-third g1-valign-top\">\n<h3>Dowiedz si\u0119 wi\u0119cej<\/h3>\n\n<ul id=\"g1-list-2\" class=\"g1-list--icon g1-list--simple \">\n<li><i class=\"icon-circle-arrow-right g1-list__icon\"><\/i><a href=\"http:\/\/getsmart.com.ua\/business-analysis\/iiba\/\">Szkolenia z analizy biznesowej<\/a><\/li>\n<li><i class=\"icon-circle-arrow-right g1-list__icon\"><\/i><a href=\"http:\/\/getsmart.com.ua\/business-analysis\/cbap-ccba\/\">Certyfikaty IIBA i CBAP\/CCBA<\/a><\/li>\n<li><i class=\"icon-circle-arrow-right g1-list__icon\"><\/i><a href=\"http:\/\/getsmart.com.ua\/business-analysis\/iiba\/#upcoming-events\">Nadchodz\u0105ce wydarzenia<\/a><\/li>\n<\/ul>\n\n<\/li><!-- --><\/ul>\n<div id=\"g1-divider-3\" class=\"g1-divider g1-divider--simple g1-divider--noicon \"><\/div>\n<ul class=\"g1-grid\"><li class=\"g1-column g1-two-third g1-valign-top\">\n<ul class=\"g1-grid\"><li class=\"g1-column g1-one-sixth g1-valign-top\">\n<i id=\"icon-3\" class=\"icon-windows g1-icon g1-icon--solid g1-icon--medium g1-icon--inherit \"><\/i>\n<\/li><!-- -->\n<li class=\"g1-column g1-five-sixth g1-valign-top\">\n<h3>Szkolenia z Microsoft Dynamics<\/h3>\n<p>Firma SMART business zaprasza do wzi\u0119cia udzia\u0142u w certyfikowanych szkoleniach z tworzenia produkt\u00f3w Microsoft Dynamics:\u00a0<a href=\"https:\/\/smart-it.com\/ru\/products\/crm\/microsoft-dynamics-crm\/\">Microsoft Dynamics CRM<\/a>,\u00a0<a href=\"https:\/\/smart-it.com\/ru\/products\/erp\/microsoft-dynamics-nav\/\">Microsoft Dynamics NAV<\/a>,\u00a0<a href=\"https:\/\/smart-it.com\/ru\/products\/erp\/microsoft-dynamics-ax\/\">Microsoft Dynamics AX<\/a>.<\/p>\n<\/li><!-- --><\/ul>\n<\/li><!-- -->\n<li class=\"g1-column g1-one-third g1-valign-top\">\n<h3><span lang=\"RU\">Dowiedz si\u0119 wi\u0119cej<\/span><\/h3>\n\n<ul id=\"g1-list-3\" class=\"g1-list--icon g1-list--simple \">\n<li><i class=\"icon-circle-arrow-right g1-list__icon\"><\/i><a href=\"http:\/\/getsmart.com.ua\/dynamics\/\">Szkolenia z Microsoft Dynamics<\/a><\/li>\n<li><i class=\"icon-circle-arrow-right g1-list__icon\"><\/i><a href=\"\/news\/events\/\">Nadchodz\u0105ce wydarzenia<\/a><\/li>\n<\/ul>\n\n<\/li><!-- --><\/ul>\n<div id=\"g1-divider-4\" class=\"g1-divider g1-divider--simple g1-divider--noicon \"><\/div>\n<ul class=\"g1-grid\"><li class=\"g1-column g1-two-third g1-valign-top\">\n<ul class=\"g1-grid\"><li class=\"g1-column g1-one-sixth g1-valign-top\">\n<i id=\"icon-4\" class=\"icon-lightbulb g1-icon g1-icon--solid g1-icon--medium g1-icon--inherit \"><\/i>\n<\/li><!-- -->\n<li class=\"g1-column g1-five-sixth g1-valign-top\">\n<h3>Akademia SMART business<\/h3>\n<p>Akademia SMART business zaprasza student\u00f3w i absolwent\u00f3w uczelni technicznych i ekonomicznych do do\u0142\u0105czenia do zespo\u0142u Smart. Cenimy zaanga\u017cowanie w pracy, d\u0105\u017cenie do osi\u0105gni\u0119cia cel\u00f3w i ch\u0119\u0107 uczenia si\u0119. Po udanym zako\u0144czeniu szkolenia uczestnicy b\u0119d\u0105 mogli dosta\u0107 si\u0119 na sta\u017ce b\u0105d\u017a zosta\u0107 pracownikami firmy Smart Business.<\/p>\n<\/li><!-- --><\/ul>\n<\/li><!-- -->\n<li class=\"g1-column g1-one-third g1-valign-top\">\n<h3>Dowiedz si\u0119 wi\u0119cej<\/h3>\n\n<ul id=\"g1-list-4\" class=\"g1-list--icon g1-list--simple \">\n<li><i class=\"icon-circle-arrow-right g1-list__icon\"><\/i><a href=\"http:\/\/getsmart.com.ua\/#\/academy\/\">Akademia SMART business<\/a><\/li>\n<li><i class=\"icon-circle-arrow-right g1-list__icon\"><\/i><a href=\"\/news\/events\/\">Nadchodz\u0105ce wydarzenia<\/a><\/li>\n<\/ul>\n\n<\/li><!-- --><\/ul>\n<div id=\"g1-divider-5\" class=\"g1-divider g1-divider--simple g1-divider--noicon \"><\/div>\n<ul class=\"g1-grid\"><li class=\"g1-column g1-two-third g1-valign-top\">\n<ul class=\"g1-grid\"><li class=\"g1-column g1-one-sixth g1-valign-top\">\n<i id=\"icon-5\" class=\"icon-file-alt g1-icon g1-icon--solid g1-icon--medium g1-icon--inherit \"><\/i>\n<\/li><!-- -->\n<li class=\"g1-column g1-five-sixth g1-valign-top\">\n<h3>Centra certyfikacji<\/h3>\n<p>Firma SMART Business jest oficjalnym partnerem centr\u00f3w certyfikacji Castle Worldwide, Certipot, Pearson VUE \u00a0oraz Prometric, gdzie to jest mo\u017cliwo\u015b\u0107 zdania egzamin\u00f3w z PMI (mo\u017cliwo\u015b\u0107 otrzymania stopnia PMP), z IIBA (stopnie CBAP\/CCBA), egzaminy z Microsoft Dynamics i inne.<\/p>\n<\/li><!-- --><\/ul>\n<\/li><!-- -->\n<li class=\"g1-column g1-one-third g1-valign-top\">\n<h3>Dowiedz si\u0119 wi\u0119cej<\/h3>\n\n<ul id=\"g1-list-5\" class=\"g1-list--icon g1-list--simple \">\n<li><i class=\"icon-circle-arrow-right g1-list__icon\"><\/i><a href=\"http:\/\/getsmart.com.ua\/#\/exams\/\">Certification centers<\/a><\/li>\n<li><i class=\"icon-circle-arrow-right g1-list__icon\"><\/i><a href=\"\/news\/events\/\">SMART business school<\/a><\/li>\n<\/ul>\n\n<\/li><!-- --><\/ul>\n<div id=\"g1-divider-6\" class=\"g1-divider g1-divider--none g1-divider--icon \"><span><i class=\"icon-long-arrow-down\"><\/i><\/span><\/div>\n<div style=\"text-align: center;\">\n<h2>Dowiedz si\u0119 wi\u0119cej o programach szkole\u0144 i certyfikacji<\/h2>\n<p><a id=\"g1-button-3\" class=\"g1-button g1-button--big g1-button--solid g1-button--standard \" href=\"\/company\/feedback\/message\/\" ><i class=\"icon-pencil\"><\/i>Zapytaj<\/a> <style type=\"text\/css\" scoped=\"scoped\">#g1-button-4.g1-button {background-color: #5078b4; border-color: #5078b4;}<\/style><a id=\"g1-button-4\" class=\"g1-button g1-button--big g1-button--solid g1-button--standard \" href=\"\/company\/feedback\/call\/\" ><i class=\"icon-phone\"><\/i>Zadzwo\u0144<\/a><\/p>\n<\/div>\n","protected":false},"excerpt":{"rendered":"<p>Dowiedz si\u0119 wi\u0119cej o programach szkole\u0144 i certyfikacji<\/p>\n","protected":false},"author":2,"featured_media":0,"parent":7725,"menu_order":6,"comment_status":"closed","ping_status":"closed","template":"","meta":[],"_links":{"self":[{"href":"https:\/\/smart-it-prod-v3.azurewebsites.net\/pl\/wp-json\/wp\/v2\/pages\/7815"}],"collection":[{"href":"https:\/\/smart-it-prod-v3.azurewebsites.net\/pl\/wp-json\/wp\/v2\/pages"}],"about":[{"href":"https:\/\/smart-it-prod-v3.azurewebsites.net\/pl\/wp-json\/wp\/v2\/types\/page"}],"author":[{"embeddable":true,"href":"https:\/\/smart-it-prod-v3.azurewebsites.net\/pl\/wp-json\/wp\/v2\/users\/2"}],"replies":[{"embeddable":true,"href":"https:\/\/smart-it-prod-v3.azurewebsites.net\/pl\/wp-json\/wp\/v2\/comments?post=7815"}],"version-history":[{"count":0,"href":"https:\/\/smart-it-prod-v3.azurewebsites.net\/pl\/wp-json\/wp\/v2\/pages\/7815\/revisions"}],"up":[{"embeddable":true,"href":"https:\/\/smart-it-prod-v3.azurewebsites.net\/pl\/wp-json\/wp\/v2\/pages\/7725"}],"wp:attachment":[{"href":"https:\/\/smart-it-prod-v3.azurewebsites.net\/pl\/wp-json\/wp\/v2\/media?parent=7815"}],"curies":[{"name":"wp","href":"https:\/\/api.w.org\/{rel}","templated":true}]}}