{"id":7812,"date":"2016-09-16T15:53:18","date_gmt":"2016-09-16T12:53:18","guid":{"rendered":"http:\/\/smart-it-prod.azurewebsites.net\/pl\/?page_id=7812"},"modified":"2016-11-11T16:40:37","modified_gmt":"2016-11-11T14:40:37","slug":"outsource","status":"publish","type":"page","link":"https:\/\/smart-it-prod-v3.azurewebsites.net\/pl\/uslugi\/outsource\/","title":{"rendered":"Outsource"},"content":{"rendered":"<ul class=\"g1-grid\"><li class=\"g1-column g1-one-half g1-valign-middle\">\n<h2>Partner, na kt\u00f3rego mo\u017cna liczy\u0107<\/h2>\n<hr \/>\n<div id=\"g1-lead-1\" class=\"g1-lead \" >\n<p>Jeste\u015bmy w stanie zrealizowa\u0107 r\u00f3\u017cne zadania dotycz\u0105ce projektowania. Eksperci SMART szybko, bezb\u0142\u0119dnie i w atrakcyjnych cenach realizuj\u0105, rozwijaj\u0105, modernizuj\u0105 i dostarczaj\u0105 wsparcie oprogramowaniu Microsoft Dynamics.<\/p>\n<\/div>\n<div align=\"center\"><a id=\"g1-button-1\" class=\"g1-button g1-button--medium g1-button--solid g1-button--standard \" href=\"\/company\/feedback\/message\/\" ><i class=\"icon-pencil\"><\/i>Zapytaj<\/a> <style type=\"text\/css\" scoped=\"scoped\">#g1-button-2.g1-button {background-color: #5078b4; border-color: #5078b4;}<\/style><a id=\"g1-button-2\" class=\"g1-button g1-button--medium g1-button--solid g1-button--standard \" href=\"\/company\/feedback\/call\/\" ><i class=\"icon-phone\"><\/i>Um\u00f3w kontakt<\/a><\/div>\n<\/li><!-- -->\n<li class=\"g1-column g1-one-half g1-valign-middle\">\n<p><img src=\"\/wp-content\/uploads\/2014\/07\/outsource.jpg\" alt=\"\" \/><\/p>\n<\/li><!-- --><\/ul>\n<div id=\"g1-divider-1\" class=\"g1-divider g1-divider--simple g1-divider--noicon \"><\/div>\n<h2>Dlaczego jest Ci potrzebny outsourcing?<\/h2>\n<span id=\"g1-space-1\" class=\"g1-space \" style=\"height:1.5em;\"><\/span>\n<ul class=\"g1-grid\"><li class=\"g1-column g1-one-third g1-valign-top\">\n<h3>R\u00f3b Swoje<\/h3>\n<hr \/>\n<div id=\"g1-lead-2\" class=\"g1-lead \" >\n<p>Zwolnij, aby koncentrowa\u0107 si\u0119 na Swoich zadaniach i biznesie, a nie na kwestiach IT.<\/p>\n<\/div>\n<\/li><!-- -->\n<li class=\"g1-column g1-one-third g1-valign-top\">\n<h3>Dobierz Sw\u00f3j zesp\u00f3\u0142<\/h3>\n<hr \/>\n<div id=\"g1-lead-3\" class=\"g1-lead \" >\n<p>Skorzystaj z przewagi wsp\u00f3\u0142pracuj\u0105c z naszymi ekspertami, wykorzystuj\u0105c ich do\u015bwiadczenie i wiedz\u0119 bran\u017cow\u0105.<\/p>\n<\/div>\n<\/li><!-- -->\n<li class=\"g1-column g1-one-third g1-valign-top\">\n<h3>Ogranicz wydatki<\/h3>\n<hr \/>\n<div id=\"g1-lead-4\" class=\"g1-lead \" >\n<p>Zminimalizuj wydatki na wdra\u017cania i wsparcie do 40-50%, otrzymuj\u0105c przy tym ni\u017csze stawki godzinowe.<\/p>\n<\/div>\n<\/li><!-- --><\/ul>\n<div id=\"g1-divider-2\" class=\"g1-divider g1-divider--none g1-divider--icon \"><span><i class=\"icon-long-arrow-down\"><\/i><\/span><\/div>\n<h2>Dlaczego SMART business?<\/h2>\n<span id=\"g1-space-2\" class=\"g1-space \" style=\"height:1.5em;\"><\/span>\n<ul class=\"g1-grid\"><li class=\"g1-column g1-one-half g1-valign-top\">\n<ul class=\"g1-grid\"><li class=\"g1-column g1-one-sixth g1-valign-top\">\n<i id=\"icon-1\" class=\"icon-thumbs-up g1-icon g1-icon--solid g1-icon--medium g1-icon--inherit \"><\/i>\n<\/li><!-- -->\n<li class=\"g1-column g1-five-sixth g1-valign-top\">\n<h3>SMART niezawodny partner<\/h3>\n<hr \/>\n<div id=\"g1-lead-5\" class=\"g1-lead \" >\n<p>Nasza firma jest cz\u0142onkiem Microsoft Business Club. B\u0119d\u0105c Z\u0142otym partnerem proponujemy rozwi\u0105zania biznesowe w kompetencjach ERP i CRM.<\/p>\n<\/div>\n<\/li><!-- --><\/ul>\n<\/li><!-- -->\n<li class=\"g1-column g1-one-half g1-valign-top\">\n<ul class=\"g1-grid\"><li class=\"g1-column g1-one-sixth g1-valign-top\">\n<i id=\"icon-2\" class=\"icon-group g1-icon g1-icon--solid g1-icon--medium g1-icon--inherit \"><\/i>\n<\/li><!-- -->\n<li class=\"g1-column g1-five-sixth g1-valign-top\">\n<h3>Wykwalifikowani pracownicy<\/h3>\n<hr \/>\n<div id=\"g1-lead-6\" class=\"g1-lead \" >\n<p>W tej chwili SMART liczy ponad 100 cz\u0142onk\u00f3w, maj\u0105cych certyfikaty z Microsoft Dynamics, PMP i CIPA\/ACCA.<\/p>\n<\/div>\n<\/li><!-- --><\/ul>\n<\/li><!-- --><\/ul>\n<ul class=\"g1-grid\"><li class=\"g1-column g1-one-half g1-valign-top\">\n<ul class=\"g1-grid\"><li class=\"g1-column g1-one-sixth g1-valign-top\">\n<i id=\"icon-3\" class=\"icon-file-alt g1-icon g1-icon--solid g1-icon--medium g1-icon--inherit \"><\/i>\n<\/li><!-- -->\n<li class=\"g1-column g1-five-sixth g1-valign-top\">\n<h3>Najlepsze praktyki<\/h3>\n<hr \/>\n<div id=\"g1-lead-7\" class=\"g1-lead \" >\n<p>Nasze procesy zbudowane s\u0105 zgodnie z metodologi\u0105 Microsoft Dynamics Sure Step w po\u0142\u0105czeniu z niekt\u00f3rymi elementami z PMBoK.<\/p>\n<\/div>\n<\/li><!-- --><\/ul>\n<\/li><!-- -->\n<li class=\"g1-column g1-one-half g1-valign-top\">\n<ul class=\"g1-grid\"><li class=\"g1-column g1-one-sixth g1-valign-top\">\n<i id=\"icon-4\" class=\"icon-beaker g1-icon g1-icon--solid g1-icon--medium g1-icon--inherit \"><\/i>\n<\/li><!-- -->\n<li class=\"g1-column g1-five-sixth g1-valign-top\">\n<h3>Do\u015bwiadczenie w bran\u017cy<\/h3>\n<hr \/>\n<div id=\"g1-lead-8\" class=\"g1-lead \" >\n<p>Mamy du\u017ce do\u015bwiadczenie w nast\u0119puj\u0105cych bran\u017cach: sprzeda\u017c detaliczna, budownictwo, life sciences, dystrybucja, produkcja, zarz\u0105dzanie finansami i us\u0142ugi dodatkowe, oraz w wielu wi\u0119cej.<\/p>\n<\/div>\n<\/li><!-- --><\/ul>\n<\/li><!-- --><\/ul>\n<div id=\"g1-divider-3\" class=\"g1-divider g1-divider--none g1-divider--icon \"><span><i class=\"icon-long-arrow-down\"><\/i><\/span><\/div>\n<div style=\"text-align: center;\">\n<h2>Skontaktuj si\u0119 z nami i dowiedz si\u0119 wi\u0119cej<\/h2>\n<p><a id=\"g1-button-3\" class=\"g1-button g1-button--big g1-button--solid g1-button--standard \" href=\"\/company\/feedback\/message\/\" ><i class=\"icon-pencil\"><\/i>Zapytaj<\/a> <style type=\"text\/css\" scoped=\"scoped\">#g1-button-4.g1-button {background-color: #5078b4; border-color: #5078b4;}<\/style><a id=\"g1-button-4\" class=\"g1-button g1-button--big g1-button--solid g1-button--standard \" href=\"\/company\/feedback\/call\/\" ><i class=\"icon-phone\"><\/i>Um\u00f3w kontakt<\/a><\/p>\n<\/div>\n","protected":false},"excerpt":{"rendered":"<p>Dlaczego jest Ci potrzebny outsourcing? Dlaczego SMART business? Skontaktuj si\u0119 z nami i dowiedz si\u0119 wi\u0119cej<\/p>\n","protected":false},"author":2,"featured_media":0,"parent":7725,"menu_order":0,"comment_status":"closed","ping_status":"closed","template":"","meta":[],"_links":{"self":[{"href":"https:\/\/smart-it-prod-v3.azurewebsites.net\/pl\/wp-json\/wp\/v2\/pages\/7812"}],"collection":[{"href":"https:\/\/smart-it-prod-v3.azurewebsites.net\/pl\/wp-json\/wp\/v2\/pages"}],"about":[{"href":"https:\/\/smart-it-prod-v3.azurewebsites.net\/pl\/wp-json\/wp\/v2\/types\/page"}],"author":[{"embeddable":true,"href":"https:\/\/smart-it-prod-v3.azurewebsites.net\/pl\/wp-json\/wp\/v2\/users\/2"}],"replies":[{"embeddable":true,"href":"https:\/\/smart-it-prod-v3.azurewebsites.net\/pl\/wp-json\/wp\/v2\/comments?post=7812"}],"version-history":[{"count":0,"href":"https:\/\/smart-it-prod-v3.azurewebsites.net\/pl\/wp-json\/wp\/v2\/pages\/7812\/revisions"}],"up":[{"embeddable":true,"href":"https:\/\/smart-it-prod-v3.azurewebsites.net\/pl\/wp-json\/wp\/v2\/pages\/7725"}],"wp:attachment":[{"href":"https:\/\/smart-it-prod-v3.azurewebsites.net\/pl\/wp-json\/wp\/v2\/media?parent=7812"}],"curies":[{"name":"wp","href":"https:\/\/api.w.org\/{rel}","templated":true}]}}