{"id":7801,"date":"2016-09-15T17:41:23","date_gmt":"2016-09-15T14:41:23","guid":{"rendered":"http:\/\/smart-it-prod.azurewebsites.net\/pl\/?page_id=7801"},"modified":"2016-11-11T16:34:32","modified_gmt":"2016-11-11T14:34:32","slug":"consulting","status":"publish","type":"page","link":"https:\/\/smart-it-prod-v3.azurewebsites.net\/pl\/uslugi\/consulting\/","title":{"rendered":"Consulting"},"content":{"rendered":"<ul class=\"g1-grid\"><li class=\"g1-column g1-one-half g1-valign-middle\">\n<h2>Zr\u00f3b pierwszy krok w kierunku do sukcesu<\/h2>\n<hr \/>\n<div id=\"g1-lead-1\" class=\"g1-lead \" >\n<p>Zyskaj kompleksowe podej\u015bcie do rozwi\u0105za\u0144 Swoich potrzeb biznesowych i osi\u0105gni\u0119cia po\u017c\u0105danych efekt\u00f3w.<br \/>\nPomo\u017cemy Ci usprawni\u0107 dzia\u0142ania, ograniczy\u0107 ryzyko, oszcz\u0119dzi\u0107 i ca\u0142kowicie wyeliminowa\u0107 przyczyny, kt\u00f3re mog\u0105 doprowadzi\u0107 do niepowodzenia projektu wzgl\u0119dem automatyzacji.<\/p>\n<\/div>\n<div align=\"center\"><a id=\"g1-button-1\" class=\"g1-button g1-button--medium g1-button--solid g1-button--standard \" href=\"\/company\/feedback\/message\/\" ><i class=\"icon-pencil\"><\/i>Zapytaj<\/a> <style type=\"text\/css\" scoped=\"scoped\">#g1-button-2.g1-button {background-color: #5078b4; border-color: #5078b4;}<\/style><a id=\"g1-button-2\" class=\"g1-button g1-button--medium g1-button--solid g1-button--standard \" href=\"\/company\/feedback\/call\/\" ><i class=\"icon-phone\"><\/i>Zadzwo\u0144<\/a><\/div>\n<\/li><!-- -->\n<li class=\"g1-column g1-one-half g1-valign-middle\">\n<p><img src=\"\/wp-content\/uploads\/2014\/07\/consulting-bg-1.jpg\" alt=\"\" \/><\/p>\n<\/li><!-- --><\/ul>\n<div id=\"g1-divider-1\" class=\"g1-divider g1-divider--none g1-divider--icon \"><span><i class=\"icon-long-arrow-down\"><\/i><\/span><\/div>\n<ul class=\"g1-grid\"><li class=\"g1-column g1-one-third g1-valign-top\">\n<h3>Uzyskaj lepszy wgl\u0105d<\/h3>\n\n<ul id=\"g1-list-1\" class=\"g1-list--icon g1-list--simple \" style=\"font-size: 120%;\">\n<li><i class=\"icon-chevron-sign-right g1-list__icon\"><\/i>Jakich cel\u00f3w chcesz osi\u0105gn\u0105\u0107?<\/li>\n<li><i class=\"icon-chevron-sign-right g1-list__icon\"><\/i>Jak dotrze\u0107 do celu?<\/li>\n<li><i class=\"icon-chevron-sign-right g1-list__icon\"><\/i>Jak prawid\u0142owo wybra\u0107 rozwi\u0105zanie?<\/li>\n<\/ul>\n\n<\/li><!-- -->\n<li class=\"g1-column g1-one-third g1-valign-top\">\n<h3>Podej\u015bcie kompleksowe<\/h3>\n\n<ul id=\"g1-list-2\" class=\"g1-list--icon g1-list--simple \" style=\"font-size: 120%;\">\n<li><i class=\"icon-check g1-list__icon\"><\/i>Analiza proces\u00f3w biznesowych<\/li>\n<li><i class=\"icon-check g1-list__icon\"><\/i>Doradztwo bran\u017cowe<\/li>\n<li><i class=\"icon-check g1-list__icon\"><\/i>Doradztwo IT<\/li>\n<\/ul>\n\n<\/li><!-- -->\n<li class=\"g1-column g1-one-third g1-valign-top\">\n<h3>Smart\u00a0Rozwi\u0105zania<\/h3>\n\n<ul id=\"g1-list-3\" class=\"g1-list--icon g1-list--simple \" style=\"font-size: 120%;\">\n<li><i class=\"icon-star g1-list__icon\"><\/i>Wykorzystanie najlepszych podej\u015b\u0107<\/li>\n<li><i class=\"icon-star g1-list__icon\"><\/i>Wiedza ekspercka<\/li>\n<li><i class=\"icon-star g1-list__icon\"><\/i>Unikatowe do\u015bwiadczenie<\/li>\n<\/ul>\n\n<\/li><!-- --><\/ul>\n<div id=\"g1-divider-2\" class=\"g1-divider g1-divider--none g1-divider--icon \"><span><i class=\"icon-long-arrow-down\"><\/i><\/span><\/div>\n<ul class=\"g1-grid\"><li class=\"g1-column g1-one-third g1-valign-top\">\n<div id=\"g1-box-counter-1\" class=\"g1-box g1-box--simple  g1-box--noicon\" ><div class=\"g1-box__inner\">\n<h4 align=\"center\">Analiza proces\u00f3w biznesowych<\/h4>\n<hr \/>\n<div id=\"g1-lead-2\" class=\"g1-lead \" >\n<p style=\"text-align: center;\">Analiza istniej\u0105cych problem\u00f3w i potrzeb \u015bwiata biznesu oraz opracowanie plan\u00f3w ich poprawy.<\/p>\n<\/div>\n<\/div><\/div>\n<\/li><!-- -->\n<li class=\"g1-column g1-one-third g1-valign-top\">\n<div id=\"g1-box-counter-2\" class=\"g1-box g1-box--simple  g1-box--noicon\" ><div class=\"g1-box__inner\">\n<h4 style=\"text-align: center;\">Doradztwo bran\u017cowe<\/h4>\n<hr \/>\n<div id=\"g1-lead-3\" class=\"g1-lead \" >\n<p style=\"text-align: center;\">Analiza istniej\u0105cych problem\u00f3w i potrzeb \u015bwiata biznesu oraz opracowanie plan\u00f3w ich poprawy.<\/p>\n<\/div>\n<\/div><\/div>\n<\/li><!-- -->\n<li class=\"g1-column g1-one-third g1-valign-top\">\n<div id=\"g1-box-counter-3\" class=\"g1-box g1-box--simple  g1-box--noicon\" ><div class=\"g1-box__inner\">\n<h4 align=\"center\">Doradztwo IT<\/h4>\n<hr \/>\n<div id=\"g1-lead-4\" class=\"g1-lead \" >\n<p style=\"text-align: center;\">Zapewnienie klientowi najbardziej odpowiednich rozwi\u0105za\u0144 bran\u017cowych i metodologii wdra\u017cania.<\/p>\n<\/div>\n<\/div><\/div>\n<\/li><!-- --><\/ul>\n<div id=\"g1-divider-3\" class=\"g1-divider g1-divider--none g1-divider--icon \"><span><i class=\"icon-long-arrow-down\"><\/i><\/span><\/div>\n<div style=\"text-align: center;\">\n<h2>Skontaktuj si\u0119 z nami i zacznij wprowadza\u0107 zmiany<\/h2>\n<p><a id=\"g1-button-3\" class=\"g1-button g1-button--big g1-button--solid g1-button--standard \" href=\"\/company\/feedback\/message\/\" ><i class=\"icon-pencil\"><\/i>Zapytaj<\/a> <style type=\"text\/css\" scoped=\"scoped\">#g1-button-4.g1-button {background-color: #5078b4; border-color: #5078b4;}<\/style><a id=\"g1-button-4\" class=\"g1-button g1-button--big g1-button--solid g1-button--standard \" href=\"\/company\/feedback\/call\/\" ><i class=\"icon-phone\"><\/i>Zadzwo\u0144<\/a><\/p>\n<\/div>\n","protected":false},"excerpt":{"rendered":"<p>Skontaktuj si\u0119 z nami i zacznij wprowadza\u0107 zmiany<\/p>\n","protected":false},"author":2,"featured_media":0,"parent":7725,"menu_order":1,"comment_status":"closed","ping_status":"closed","template":"","meta":[],"_links":{"self":[{"href":"https:\/\/smart-it-prod-v3.azurewebsites.net\/pl\/wp-json\/wp\/v2\/pages\/7801"}],"collection":[{"href":"https:\/\/smart-it-prod-v3.azurewebsites.net\/pl\/wp-json\/wp\/v2\/pages"}],"about":[{"href":"https:\/\/smart-it-prod-v3.azurewebsites.net\/pl\/wp-json\/wp\/v2\/types\/page"}],"author":[{"embeddable":true,"href":"https:\/\/smart-it-prod-v3.azurewebsites.net\/pl\/wp-json\/wp\/v2\/users\/2"}],"replies":[{"embeddable":true,"href":"https:\/\/smart-it-prod-v3.azurewebsites.net\/pl\/wp-json\/wp\/v2\/comments?post=7801"}],"version-history":[{"count":0,"href":"https:\/\/smart-it-prod-v3.azurewebsites.net\/pl\/wp-json\/wp\/v2\/pages\/7801\/revisions"}],"up":[{"embeddable":true,"href":"https:\/\/smart-it-prod-v3.azurewebsites.net\/pl\/wp-json\/wp\/v2\/pages\/7725"}],"wp:attachment":[{"href":"https:\/\/smart-it-prod-v3.azurewebsites.net\/pl\/wp-json\/wp\/v2\/media?parent=7801"}],"curies":[{"name":"wp","href":"https:\/\/api.w.org\/{rel}","templated":true}]}}