{"id":7797,"date":"2016-09-15T15:00:05","date_gmt":"2016-09-15T12:00:05","guid":{"rendered":"http:\/\/smart-it-prod.azurewebsites.net\/pl\/?page_id=7797"},"modified":"2016-11-11T16:31:55","modified_gmt":"2016-11-11T14:31:55","slug":"horizontal","status":"publish","type":"page","link":"https:\/\/smart-it-prod-v3.azurewebsites.net\/pl\/industries\/horizontal\/","title":{"rendered":"Rozwi\u0105zania horyzontalne &#8211; Microsoft Dynamics"},"content":{"rendered":"<style type=\"text\/css\" scoped=\"scoped\">#g1-section-1.g1-section {background-color: #5a6e87; background-image:url(\/wp-content\/uploads\/2014\/07\/horizontal-bg-3.jpg); background-repeat:no-repeat; background-position:center top; background-attachment:static;}<\/style><div id=\"g1-section-1\" class=\"g1-section \"><div class=\"g1-layout-inner\">\n<ul class=\"g1-grid\"><li class=\"g1-column g1-one-half g1-valign-top\">\n<h2 style=\"color: #ffffff;\">Solutions to cover all lines of business in your company<\/h2>\n\n<ul id=\"g1-list-1\" class=\"g1-list--icon g1-list--simple \" style=\"color: #ffffff; font-size: 125%;\">\n<li><i class=\"icon-ok g1-list__icon\"><\/i>Organize document flow management<\/li>\n<li><i class=\"icon-ok g1-list__icon\"><\/i>Efficient planning management<\/li>\n<li><i class=\"icon-ok g1-list__icon\"><\/i>Maximum use of company workforce<\/li>\n<li><i class=\"icon-ok g1-list__icon\"><\/i>Extended relationship management<\/li>\n<li><i class=\"icon-ok g1-list__icon\"><\/i>Adapt to local accounting and international standards<\/li>\n<\/ul>\n\n<div align=\"center\"><a id=\"g1-button-1\" class=\"g1-button g1-button--medium g1-button--solid g1-button--standard \" href=\"\/company\/feedback\/message\/\" ><i class=\"icon-pencil\"><\/i>Zapytaj<\/a> <style type=\"text\/css\" scoped=\"scoped\">#g1-button-2.g1-button {color: #ffffff; background-color: #5078b4; border-color: #5078b4;}<\/style><a id=\"g1-button-2\" class=\"g1-button g1-button--medium g1-button--solid g1-button--standard  g1-new-window\" href=\"\/company\/feedback\/demo\/\" ><i class=\"icon-picture\"><\/i>Um\u00f3w kontakt<\/a><\/div>\n<\/li><!-- -->\n<li class=\"g1-column g1-one-half g1-valign-top\">\n<\/li><!-- --><\/ul>\n<\/div><\/div>\n<span id=\"g1-space-1\" class=\"g1-space \" style=\"height:1.5em;\"><\/span>\n<ul class=\"g1-grid\"><li class=\"g1-column g1-two-third g1-valign-top\">\n<h2>Rozwi\u0105zania<\/h2>\n<div id=\"g1-divider-1\" class=\"g1-divider g1-divider--simple g1-divider--noicon \"><\/div>\n<\/li><!-- -->\n<li class=\"g1-column g1-one-third g1-valign-bottom\">\n<div id=\"g1-divider-2\" class=\"g1-divider g1-divider--simple g1-divider--noicon \"><\/div>\n<\/li><!-- --><\/ul>\n<ul class=\"g1-grid\"><li class=\"g1-column g1-two-third g1-valign-top\">\n<ul class=\"g1-grid\"><li class=\"g1-column g1-one-third g1-valign-top\">\n<h3 style=\"text-align: right;\">Planowanie<\/h3>\n<\/li><!-- -->\n<li class=\"g1-column g1-two-third g1-valign-top\">\n<div id=\"g1-lead-1\" class=\"g1-lead \" >\n<p>Planowanie, tworzenie i wsp\u00f3\u0142praca nad projektem w oparciu o najlepsze instrumenty dla Project Mened\u017cer\u00f3w i zespo\u0142\u00f3w, a tak\u017ce dla os\u00f3b podejmuj\u0105cych decyzje.<\/p>\n<\/div>\n<\/li><!-- --><\/ul>\n<ul class=\"g1-grid\"><li class=\"g1-column g1-one-third g1-valign-top\">\n<h3 style=\"text-align: right;\">Sprzeda\u017c i Marketing<\/h3>\n<\/li><!-- -->\n<li class=\"g1-column g1-two-third g1-valign-top\">\n<div id=\"g1-lead-2\" class=\"g1-lead \" >\n<p>Zarz\u0105dzanie relacjami z klientami i zapewnienie efektywnej wsp\u00f3\u0142pracy na wszystkich kana\u0142ach relacji z nimi.<\/p>\n<\/div>\n<\/li><!-- --><\/ul>\n<ul class=\"g1-grid\"><li class=\"g1-column g1-one-third g1-valign-top\">\n<h3 style=\"text-align: right;\">Finanse<\/h3>\n<\/li><!-- -->\n<li class=\"g1-column g1-two-third g1-valign-top\">\n<div id=\"g1-lead-3\" class=\"g1-lead \" >\n<p>Zarz\u0105dzanie finansami, lokalizacja i standardy mi\u0119dzynarodowe.<\/p>\n<\/div>\n<\/li><!-- --><\/ul>\n<ul class=\"g1-grid\"><li class=\"g1-column g1-one-third g1-valign-top\">\n<h3 style=\"text-align: right;\">Zarz\u0105dzanie personelem<\/h3>\n<\/li><!-- -->\n<li class=\"g1-column g1-two-third g1-valign-top\">\n<div id=\"g1-lead-4\" class=\"g1-lead \" >\n<p>Optymalizacja, zarz\u0105dzanie i automatyzacja wszystkich proces\u00f3w zwi\u0105zanych z zarz\u0105dzaniem, kontrol\u0105 i rozwojem personelu.<\/p>\n<\/div>\n<\/li><!-- --><\/ul>\n<ul class=\"g1-grid\"><li class=\"g1-column g1-one-third g1-valign-top\">\n<h3 style=\"text-align: right;\">Produkcja<\/h3>\n<\/li><!-- -->\n<li class=\"g1-column g1-two-third g1-valign-top\">\n<div id=\"g1-lead-5\" class=\"g1-lead \" >\n<p>Kontrola proces\u00f3w i wydajno\u015bci wszystkich operacji produkcyjnych.<\/p>\n<\/div>\n<\/li><!-- --><\/ul>\n<ul class=\"g1-grid\"><li class=\"g1-column g1-one-third g1-valign-top\">\n<h3 style=\"text-align: right;\">Obs\u0142uga<\/h3>\n<\/li><!-- -->\n<li class=\"g1-column g1-two-third g1-valign-top\">\n<div id=\"g1-lead-6\" class=\"g1-lead \" >\n<p>Zagwarantowanie wysokiego poziomu dzia\u0142\u00f3w obs\u0142ugi klienta i wsparcia technicznego.<\/p>\n<\/div>\n<\/li><!-- --><\/ul>\n<\/li><!-- -->\n<li class=\"g1-column g1-one-third g1-valign-top\">\n<div id=\"g1-box-counter-1\" class=\"g1-box g1-box--simple  g1-box--icon\" ><i class=\"icon-list-alt g1-box__icon\"><\/i><div class=\"g1-box__inner\">\n<h4 style=\"text-align: center;\">Dowiedz si\u0119 wi\u0119cej o rozwi\u0105zaniach horyzontalnych<\/h4>\n<div align=\"center\"><a id=\"g1-button-3\" class=\"g1-button g1-button--medium g1-button--solid g1-button--standard \" href=\"\/company\/feedback\/message\/\" ><i class=\"icon-pencil\"><\/i>Zapytaj<\/a><\/div>\n<\/div><\/div>\n<div id=\"g1-box-counter-2\" class=\"g1-box g1-box--simple  g1-box--noicon\" ><div class=\"g1-box__inner\">\n<h4 style=\"text-align: center;\">Zam\u00f3wienie prezentacji<\/h4>\n<div align=\"center\"><style type=\"text\/css\" scoped=\"scoped\">#g1-button-4.g1-button {background-color: #5078b4; border-color: #5078b4;}<\/style><a id=\"g1-button-4\" class=\"g1-button g1-button--medium g1-button--solid g1-button--standard \" href=\"\/company\/feedback\/demo\/\" ><i class=\"icon-picture\"><\/i>Zam\u00f3w<\/a><\/div>\n<\/div><\/div>\n<\/li><!-- --><\/ul>\n<div id=\"g1-divider-3\" class=\"g1-divider g1-divider--none g1-divider--noicon \"><\/div>\n<ul class=\"g1-grid\"><li class=\"g1-column g1-one-third g1-valign-top\">\n<p><img src=\"\/wp-content\/uploads\/2014\/11\/smart-accounting-logo.jpg\" alt=\"Smart Accounting\" \/><\/p>\n<\/li><!-- -->\n<li class=\"g1-column g1-one-third g1-valign-top\">\n<h3>SMART Accounting<\/h3>\n<p>Adaptacja rozwi\u0105za\u0144 biznesowych zgodnie z obowi\u0105zuj\u0105cymi przepisami.<\/p>\n<\/li><!-- -->\n<li class=\"g1-column g1-one-third g1-valign-top\">\n\n<ul id=\"g1-list-2\" class=\"g1-list--icon g1-list--simple \">\n<li><i class=\"icon-circle-arrow-right g1-list__icon\"><\/i><a href=\"\/company\/feedback\/demo\/\">Zam\u00f3w prezentacj\u0119<\/a><\/li>\n<li><i class=\"icon-circle-arrow-right g1-list__icon\"><\/i><a href=\"\/company\/feedback\/message\/\">Zapytaj<\/a><\/li>\n<\/ul>\n\n<\/li><!-- --><\/ul>\n<div id=\"g1-divider-4\" class=\"g1-divider g1-divider--none g1-divider--noicon \"><\/div>\n<ul class=\"g1-grid\"><li class=\"g1-column g1-one-third g1-valign-top\">\n<p><img src=\"\/wp-content\/uploads\/2014\/07\/ms-project-logo-2.jpg\" alt=\"Microsoft Project\" \/><\/p>\n<\/li><!-- -->\n<li class=\"g1-column g1-one-third g1-valign-top\">\n<h3>Microsoft Project<\/h3>\n<p>Mo\u017cliwo\u015b\u0107 planowania i wsp\u00f3\u0142pracy przy projektach praktycznie wsz\u0119dzie.<\/p>\n<\/li><!-- -->\n<li class=\"g1-column g1-one-third g1-valign-top\">\n\n<ul id=\"g1-list-3\" class=\"g1-list--icon g1-list--simple \">\n<li><i class=\"icon-circle-arrow-right g1-list__icon\"><\/i><a href=\"http:\/\/office.microsoft.com\/en-us\/project\/\" target=\"_blank\">Dowiedz si\u0119 wi\u0119cej<\/a><\/li>\n<li><i class=\"icon-circle-arrow-right g1-list__icon\"><\/i><a href=\"\/company\/feedback\/message\/\">Zapytaj<\/a><\/li>\n<\/ul>\n\n<\/li><!-- --><\/ul>\n<div id=\"g1-divider-5\" class=\"g1-divider g1-divider--none g1-divider--noicon \"><\/div>\n<ul class=\"g1-grid\"><li class=\"g1-column g1-one-third g1-valign-top\">\n<p><img src=\"\/wp-content\/uploads\/2014\/07\/microsoft-office-365-logo-1.png\" alt=\"Microsoft Office 365\" \/><\/p>\n<\/li><!-- -->\n<li class=\"g1-column g1-one-third g1-valign-top\">\n<h3>Microsoft Office 365<\/h3>\n<p>Pracuj z plikami przy pomocy rozwi\u0105za\u0144 chmurowych od Microsoft gdziekolwiek i kiedykolwiek.<\/p>\n<\/li><!-- -->\n<li class=\"g1-column g1-one-third g1-valign-top\">\n\n<ul id=\"g1-list-4\" class=\"g1-list--icon g1-list--simple \">\n<li><i class=\"icon-circle-arrow-right g1-list__icon\"><\/i><a href=\"http:\/\/office.microsoft.com\/en-us\/project\/\" target=\"_blank\">Dowiedz si\u0119 wi\u0119cej<\/a><\/li>\n<li><i class=\"icon-circle-arrow-right g1-list__icon\"><\/i><a href=\"\/company\/feedback\/message\/\">Zapytaj<\/a><\/li>\n<\/ul>\n\n<\/li><!-- --><\/ul>\n<div id=\"g1-divider-6\" class=\"g1-divider g1-divider--none g1-divider--noicon \"><\/div>\n<ul class=\"g1-grid\"><li class=\"g1-column g1-one-third g1-valign-top\">\n<p><img src=\"\/wp-content\/uploads\/2014\/07\/ms-dynamics-crm-logo-1.png\" alt=\"Micorosoft Dynamics CRM\" \/><\/p>\n<\/li><!-- -->\n<li class=\"g1-column g1-one-third g1-valign-top\">\n<h3>Microsoft Dynamics CRM<\/h3>\n<p>Rozwi\u0105zanie CRM, kt\u00f3re pozwoli zwi\u0119kszy\u0107 poziom satysfakcji i lojalno\u015b\u0107 klient\u00f3w.<\/p>\n<\/li><!-- -->\n<li class=\"g1-column g1-one-third g1-valign-top\">\n\n<ul id=\"g1-list-5\" class=\"g1-list--icon g1-list--simple \">\n<li><i class=\"icon-circle-arrow-right g1-list__icon\"><\/i><a href=\"http:\/\/office.microsoft.com\/en-us\/project\/\" target=\"_blank\">Dowiedz si\u0119 wi\u0119cej<\/a><\/li>\n<li><i class=\"icon-circle-arrow-right g1-list__icon\"><\/i><a href=\"\/company\/feedback\/message\/\">Zapytaj<\/a><\/li>\n<li><i class=\"icon-circle-arrow-right g1-list__icon\"><\/i><a href=\"\/company\/feedback\/demo\/\">Zam\u00f3w prezentacj\u0119<\/a><\/li>\n<\/ul>\n\n<\/li><!-- --><\/ul>\n<div id=\"g1-divider-7\" class=\"g1-divider g1-divider--none g1-divider--noicon \"><\/div>\n<ul class=\"g1-grid\"><li class=\"g1-column g1-one-third g1-valign-top\">\n<p><img src=\"\/wp-content\/uploads\/2014\/07\/yammer-logo-bg-1.png\" alt=\"Yammer\" \/><\/p>\n<\/li><!-- -->\n<li class=\"g1-column g1-one-third g1-valign-top\">\n<h3>Yammer<\/h3>\n<p>Prywatna sie\u0107 spo\u0142eczn\u0105, kt\u00f3ra pomaga pracownikom pod\u0142\u0105czy\u0107 do w\u0142a\u015bciwych ludzi, dzieli\u0107 si\u0119 informacjami i zarz\u0105dzania projektami.<\/p>\n<\/li><!-- -->\n<li class=\"g1-column g1-one-third g1-valign-top\">\n\n<ul id=\"g1-list-6\" class=\"g1-list--icon g1-list--simple \">\n<li><i class=\"icon-circle-arrow-right g1-list__icon\"><\/i><a href=\"\/company\/feedback\/message\/\">Zapytaj<\/a><\/li>\n<li><i class=\"icon-circle-arrow-right g1-list__icon\"><\/i><a href=\"\/company\/feedback\/demo\/\">Zam\u00f3w prezentacj\u0119<\/a><\/li>\n<\/ul>\n\n<\/li><!-- --><\/ul>\n<div id=\"g1-divider-8\" class=\"g1-divider g1-divider--simple g1-divider--noicon \"><\/div>\n<ul class=\"g1-grid\"><li class=\"g1-column g1-one-third g1-valign-top\">\n<p><img loading=\"lazy\" class=\"alignnone size-full wp-image-6451\" src=\"\/wp-content\/uploads\/2015\/05\/jet-reports-logo.png\" alt=\"jet-reports-logo\" width=\"244\" height=\"120\" srcset=\"\/wp-content\/uploads\/2015\/05\/jet-reports-logo.png 244w, \/wp-content\/uploads\/2015\/05\/jet-reports-logo-239x118.png 239w\" sizes=\"(max-width: 244px) 100vw, 244px\" \/><\/p>\n<\/li><!-- -->\n<li class=\"g1-column g1-one-third g1-valign-top\">\n<h3>Jet Reports<\/h3>\n<p>Jet Reports \u2013 rozwi\u0105zania dla Business Intelligence i raportowanie dla Microsoft Dynamics.<\/p>\n<\/li><!-- -->\n<li class=\"g1-column g1-one-third g1-valign-top\">\n\n<ul id=\"g1-list-7\" class=\"g1-list--icon g1-list--simple \">\n<li><i class=\"icon-circle-arrow-right g1-list__icon\"><\/i><a href=\"http:\/\/office.microsoft.com\/en-us\/project\/\" target=\"_blank\">Dowiedz si\u0119 wi\u0119cej<\/a><\/li>\n<li><i class=\"icon-circle-arrow-right g1-list__icon\"><\/i><a href=\"\/company\/feedback\/message\/\">Zapytaj<\/a><\/li>\n<\/ul>\n\n<\/li><!-- --><\/ul>\n<div id=\"g1-divider-9\" class=\"g1-divider g1-divider--simple g1-divider--noicon \"><\/div>\n<ul class=\"g1-grid\"><li class=\"g1-column g1-one-third g1-valign-top\">\n<p><img src=\"\/wp-content\/uploads\/2014\/06\/power-bi-logo.png\" alt=\"power-bi-logo\" \/><\/p>\n<\/li><!-- -->\n<li class=\"g1-column g1-one-third g1-valign-top\">\n<h3>Power BI<\/h3>\n<p>Power BI jest rozwi\u0105zaniem chmurowym dla analityki biznesowej, kt\u00f3re pozwala na dzielenie si\u0119, wsp\u00f3\u0142prac\u0119 a tak\u017ce dost\u0119p do raport\u00f3w Excel gdziekolwiek i na jakimkolwiek urz\u0105dzeniu.<\/p>\n<\/li><!-- -->\n<li class=\"g1-column g1-one-third g1-valign-top\">\n\n<ul id=\"g1-list-8\" class=\"g1-list--icon g1-list--simple \">\n<li><i class=\"icon-circle-arrow-right g1-list__icon\"><\/i><a href=\"http:\/\/office.microsoft.com\/en-us\/project\/\" target=\"_blank\">Dowiedz si\u0119 wi\u0119cej<\/a><\/li>\n<li><i class=\"icon-circle-arrow-right g1-list__icon\"><\/i><a href=\"\/company\/feedback\/message\/\">Zapytaj<\/a><\/li>\n<\/ul>\n\n<\/li><!-- --><\/ul>\n<div id=\"g1-divider-10\" class=\"g1-divider g1-divider--none g1-divider--noicon \"><\/div>\n","protected":false},"excerpt":{"rendered":"","protected":false},"author":2,"featured_media":0,"parent":7712,"menu_order":110,"comment_status":"closed","ping_status":"closed","template":"","meta":[],"_links":{"self":[{"href":"https:\/\/smart-it-prod-v3.azurewebsites.net\/pl\/wp-json\/wp\/v2\/pages\/7797"}],"collection":[{"href":"https:\/\/smart-it-prod-v3.azurewebsites.net\/pl\/wp-json\/wp\/v2\/pages"}],"about":[{"href":"https:\/\/smart-it-prod-v3.azurewebsites.net\/pl\/wp-json\/wp\/v2\/types\/page"}],"author":[{"embeddable":true,"href":"https:\/\/smart-it-prod-v3.azurewebsites.net\/pl\/wp-json\/wp\/v2\/users\/2"}],"replies":[{"embeddable":true,"href":"https:\/\/smart-it-prod-v3.azurewebsites.net\/pl\/wp-json\/wp\/v2\/comments?post=7797"}],"version-history":[{"count":0,"href":"https:\/\/smart-it-prod-v3.azurewebsites.net\/pl\/wp-json\/wp\/v2\/pages\/7797\/revisions"}],"up":[{"embeddable":true,"href":"https:\/\/smart-it-prod-v3.azurewebsites.net\/pl\/wp-json\/wp\/v2\/pages\/7712"}],"wp:attachment":[{"href":"https:\/\/smart-it-prod-v3.azurewebsites.net\/pl\/wp-json\/wp\/v2\/media?parent=7797"}],"curies":[{"name":"wp","href":"https:\/\/api.w.org\/{rel}","templated":true}]}}