{"id":7786,"date":"2016-09-15T12:22:19","date_gmt":"2016-09-15T09:22:19","guid":{"rendered":"http:\/\/smart-it-prod.azurewebsites.net\/pl\/?page_id=7786"},"modified":"2016-11-11T16:23:19","modified_gmt":"2016-11-11T14:23:19","slug":"retail","status":"publish","type":"page","link":"https:\/\/smart-it-prod-v3.azurewebsites.net\/pl\/industries\/retail\/","title":{"rendered":"Sprzeda\u017c detaliczna \u2013 Microsoft Dynamics rozwi\u0105za\u0144 biznesowych"},"content":{"rendered":"<style type=\"text\/css\" scoped=\"scoped\">#g1-section-1.g1-section {background-image:url(\/wp-content\/uploads\/2014\/07\/retail-bg-1.jpg); background-repeat:repeat; background-position:center top; background-attachment:static;}<\/style><div id=\"g1-section-1\" class=\"g1-section \"><div class=\"g1-layout-inner\">\n<ul class=\"g1-grid\"><li class=\"g1-column g1-one-half g1-valign-top\">\n<h2 style=\"color: #ffffff;\">Provide a complete shopping experience with retail solutions<\/h2>\n\n<ul id=\"g1-list-1\" class=\"g1-list--icon g1-list--simple \" style=\"color: #ffffff; font-size: 125%;\">\n<li><i class=\"icon-ok g1-list__icon\"><\/i>Stock management and control<\/li>\n<li><i class=\"icon-ok g1-list__icon\"><\/i>Retail space management and marketing<\/li>\n<li><i class=\"icon-ok g1-list__icon\"><\/i>Effective management of cash flows<\/li>\n<li><i class=\"icon-ok g1-list__icon\"><\/i>Increase employee productivity<\/li>\n<li><i class=\"icon-ok g1-list__icon\"><\/i>Improve communications with suppliers and customers<\/li>\n<\/ul>\n\n<div align=\"center\"><a id=\"g1-button-1\" class=\"g1-button g1-button--medium g1-button--solid g1-button--standard \" href=\"\/company\/feedback\/message\/\" ><i class=\"icon-pencil\"><\/i>Zapytaj<\/a> <style type=\"text\/css\" scoped=\"scoped\">#g1-button-2.g1-button {color: #ffffff; background-color: #5078b4; border-color: #5078b4;}<\/style><a id=\"g1-button-2\" class=\"g1-button g1-button--medium g1-button--solid g1-button--standard  g1-new-window\" href=\"\/company\/feedback\/demo\/\" ><i class=\"icon-picture\"><\/i>Um\u00f3w kontakt<\/a><\/div>\n<\/li><!-- -->\n<li class=\"g1-column g1-one-half g1-valign-top\">\n<\/li><!-- --><\/ul>\n<\/div><\/div>\n<span id=\"g1-space-1\" class=\"g1-space \" style=\"height:1.5em;\"><\/span>\n<ul class=\"g1-grid\"><li class=\"g1-column g1-two-third g1-valign-top\">\n<h2>Obszary dzia\u0142alno\u015bci i rozwi\u0105zania<\/h2>\n<div id=\"g1-divider-1\" class=\"g1-divider g1-divider--simple g1-divider--noicon \"><\/div>\n<\/li><!-- -->\n<li class=\"g1-column g1-one-third g1-valign-bottom\">\n<div id=\"g1-divider-2\" class=\"g1-divider g1-divider--simple g1-divider--noicon \"><\/div>\n<\/li><!-- --><\/ul>\n<ul class=\"g1-grid\"><li class=\"g1-column g1-two-third g1-valign-top\">\n<ul class=\"g1-grid\"><li class=\"g1-column g1-one-third g1-valign-top\">\n<span id=\"g1-space-2\" class=\"g1-space \" style=\"height:1.5em;\"><\/span>\n<h3 style=\"text-align: right;\">Finanse<\/h3>\n<\/li><!-- -->\n<li class=\"g1-column g1-two-third g1-valign-top\">\n\n<ul id=\"g1-list-2\" class=\"g1-list--disc g1-list--none \" style=\"font-size: 125%;\">\n<li>Planowanie i optymalizacja inwestycji finansowych;<\/li>\n<li>Zarz\u0105dzanie przep\u0142ywem \u015brodk\u00f3w finansowych i kredytowaniem;<\/li>\n<li>Lokalizacja i standardy mi\u0119dzynarodowe.<\/li>\n<\/ul>\n\n<\/li><!-- --><\/ul>\n<ul class=\"g1-grid\"><li class=\"g1-column g1-one-third g1-valign-top\">\n<span id=\"g1-space-3\" class=\"g1-space \" style=\"height:1.5em;\"><\/span>\n<h3 style=\"text-align: right;\">Sprzeda\u017c i Marketing<\/h3>\n<\/li><!-- -->\n<li class=\"g1-column g1-two-third g1-valign-top\">\n\n<ul id=\"g1-list-3\" class=\"g1-list--disc g1-list--none \" style=\"font-size: 125%;\">\n<li>Analiza i prognozowanie sprzeda\u017c;<\/li>\n<li>Prowadzenie kontroli operacyjnej nad sprzeda\u017c\u0105;<\/li>\n<li>Planowanie i zarz\u0105dzanie bud\u017cetami marketingowymi;<\/li>\n<li>Facing i ocena towar\u00f3w;<\/li>\n<li>Zarz\u0105dzanie klientami: programy lojalno\u015bciowe, promocje i bony rabatowe;<\/li>\n<li>Zarz\u0105dzanie kartami.<\/li>\n<\/ul>\n\n<\/li><!-- --><\/ul>\n<ul class=\"g1-grid\"><li class=\"g1-column g1-one-third g1-valign-top\">\n<span id=\"g1-space-4\" class=\"g1-space \" style=\"height:1.5em;\"><\/span>\n<h3 style=\"text-align: right;\">\u0141a\u0144cuchy dostawcze<\/h3>\n<\/li><!-- -->\n<li class=\"g1-column g1-two-third g1-valign-top\">\n\n<ul id=\"g1-list-4\" class=\"g1-list--disc g1-list--none \" style=\"font-size: 125%;\">\n<li>Zarz\u0105dzanie zakupami;<\/li>\n<li>Zarz\u0105dzanie zapasami magazynowymi;<\/li>\n<li>Optymalne uzupe\u0142nienie zapas\u00f3w;<\/li>\n<li>Kontrola nad rozmieszczeniem na magazynie.<\/li>\n<\/ul>\n\n<\/li><!-- --><\/ul>\n<ul class=\"g1-grid\"><li class=\"g1-column g1-one-third g1-valign-top\">\n<span id=\"g1-space-5\" class=\"g1-space \" style=\"height:1.5em;\"><\/span>\n<h3 style=\"text-align: right;\">Obs\u0142uga<\/h3>\n<\/li><!-- -->\n<li class=\"g1-column g1-two-third g1-valign-top\">\n\n<ul id=\"g1-list-5\" class=\"g1-list--disc g1-list--none \" style=\"font-size: 125%;\">\n<li>Zarz\u0105dzanie obs\u0142ug\u0105 klienta;<\/li>\n<li>Zarz\u0105dzanie serwisem gwarancyjnym.<\/li>\n<\/ul>\n\n<\/li><!-- --><\/ul>\n<ul class=\"g1-grid\"><li class=\"g1-column g1-one-third g1-valign-top\">\n<span id=\"g1-space-6\" class=\"g1-space \" style=\"height:1.5em;\"><\/span>\n<h3 style=\"text-align: right;\">Zarz\u0105dzanie personelem<\/h3>\n<\/li><!-- -->\n<li class=\"g1-column g1-two-third g1-valign-top\">\n\n<ul id=\"g1-list-6\" class=\"g1-list--disc g1-list--none \" style=\"font-size: 125%;\">\n<li>Zarz\u0105dzanie personelem;<\/li>\n<li>Polityka kadrowa;<\/li>\n<li>Automatyzacja proces\u00f3w.<\/li>\n<\/ul>\n\n<\/li><!-- --><\/ul>\n<ul class=\"g1-grid\"><li class=\"g1-column g1-one-third g1-valign-top\">\n<span id=\"g1-space-7\" class=\"g1-space \" style=\"height:1.5em;\"><\/span>\n<h3 style=\"text-align: right;\">Technologie informacyjne<\/h3>\n<\/li><!-- -->\n<li class=\"g1-column g1-two-third g1-valign-top\">\n\n<ul id=\"g1-list-7\" class=\"g1-list--disc g1-list--none \" style=\"font-size: 125%;\">\n<li>Automatyzacja proces\u00f3w biznesowych;<\/li>\n<li>Zarz\u0105dzanie obs\u0142ug\u0105 i modernizacja.<\/li>\n<\/ul>\n\n<\/li><!-- --><\/ul>\n<\/li><!-- -->\n<li class=\"g1-column g1-one-third g1-valign-top\">\n<div id=\"g1-box-counter-1\" class=\"g1-box g1-box--simple  g1-box--icon\" ><i class=\"icon-list-alt g1-box__icon\"><\/i><div class=\"g1-box__inner\">\n<h4 style=\"text-align: center;\">Dowiedz si\u0119 wi\u0119cej o rozwi\u0105zaniach z sektora sprzeda\u017cy detalicznej<\/h4>\n<div align=\"center\"><a id=\"g1-button-3\" class=\"g1-button g1-button--medium g1-button--solid g1-button--standard \" href=\"\/company\/feedback\/message\/\" ><i class=\"icon-pencil\"><\/i>Zapytaj<\/a><\/div>\n<\/div><\/div>\n<div id=\"g1-box-counter-2\" class=\"g1-box g1-box--simple  g1-box--noicon\" ><div class=\"g1-box__inner\">\n<h4 style=\"text-align: center;\">Zam\u00f3wienie prezentacji<\/h4>\n<div align=\"center\"><style type=\"text\/css\" scoped=\"scoped\">#g1-button-4.g1-button {background-color: #5078b4; border-color: #5078b4;}<\/style><a id=\"g1-button-4\" class=\"g1-button g1-button--medium g1-button--solid g1-button--standard \" href=\"\/company\/feedback\/demo\/\" ><i class=\"icon-picture\"><\/i>Zam\u00f3w<\/a><\/div>\n<\/div><\/div>\n<\/li><!-- --><\/ul>\n<div id=\"g1-divider-3\" class=\"g1-divider g1-divider--none g1-divider--noicon \"><\/div>\n<ul class=\"g1-grid\"><li class=\"g1-column g1-one-third g1-valign-top\">\n<p><img src=\"\/wp-content\/uploads\/2014\/07\/ls-retail-logo-1.jpg\" alt=\"LS Retail\" \/><\/p>\n<\/li><!-- -->\n<li class=\"g1-column g1-one-third g1-valign-top\">\n<h3><a href=\"\/products\/erp\/lsretail\/\">LS Retail<\/a><\/h3>\n<p>Rozwi\u0105zanie LS NAV do sprzeda\u017cy detalicznej.<\/p>\n<\/li><!-- -->\n<li class=\"g1-column g1-one-third g1-valign-top\">\n\n<ul id=\"g1-list-8\" class=\"g1-list--icon g1-list--simple \">\n<li><i class=\"icon-circle-arrow-right g1-list__icon\"><\/i><a href=\"\/products\/erp\/lsretail\/\">Zam\u00f3w prezentacj\u0119<\/a><\/li>\n<li><i class=\"icon-circle-arrow-right g1-list__icon\"><\/i><a href=\"\/company\/feedback\/message\/\">Zapytaj<br \/>\n<\/a><\/li>\n<\/ul>\n\n<\/li><!-- --><\/ul>\n<div id=\"g1-divider-4\" class=\"g1-divider g1-divider--none g1-divider--noicon \"><\/div>\n<ul class=\"g1-grid\"><li class=\"g1-column g1-one-third g1-valign-top\">\n<p><img src=\"\/wp-content\/uploads\/2014\/06\/ms-dynamics-logo-2.jpg\" alt=\"Micorosoft Dynamics Solutions\" \/><\/p>\n<\/li><!-- -->\n<li class=\"g1-column g1-one-third g1-valign-top\">\n<h3>Produkty Microsoft Dynamics<\/h3>\n<p>Poznaj ogromne mo\u017cliwo\u015bci rozwi\u0105za\u0144 Microsoft Dynamics ERP i CRM.<\/p>\n<\/li><!-- -->\n<li class=\"g1-column g1-one-third g1-valign-top\">\n\n<ul id=\"g1-list-9\" class=\"g1-list--icon g1-list--simple \">\n<li><i class=\"icon-circle-arrow-right g1-list__icon\"><\/i><a href=\"\/erp\/microsoft-dynamics-nav\/\">Microsoft Dynamics NAV<\/a><\/li>\n<li><i class=\"icon-circle-arrow-right g1-list__icon\"><\/i><a href=\"\/erp\/microsoft-dynamics-ax\/\">Microsoft Dynamics AX<\/a><\/li>\n<li><i class=\"icon-circle-arrow-right g1-list__icon\"><\/i><a href=\"\/crm\/microsoft-dynamics-crm\/\">Microsoft Dynamics CRM<\/a><\/li>\n<\/ul>\n\n<\/li><!-- --><\/ul>\n<div id=\"g1-divider-5\" class=\"g1-divider g1-divider--none g1-divider--noicon \"><\/div>\n","protected":false},"excerpt":{"rendered":"","protected":false},"author":2,"featured_media":0,"parent":7712,"menu_order":40,"comment_status":"closed","ping_status":"closed","template":"","meta":[],"_links":{"self":[{"href":"https:\/\/smart-it-prod-v3.azurewebsites.net\/pl\/wp-json\/wp\/v2\/pages\/7786"}],"collection":[{"href":"https:\/\/smart-it-prod-v3.azurewebsites.net\/pl\/wp-json\/wp\/v2\/pages"}],"about":[{"href":"https:\/\/smart-it-prod-v3.azurewebsites.net\/pl\/wp-json\/wp\/v2\/types\/page"}],"author":[{"embeddable":true,"href":"https:\/\/smart-it-prod-v3.azurewebsites.net\/pl\/wp-json\/wp\/v2\/users\/2"}],"replies":[{"embeddable":true,"href":"https:\/\/smart-it-prod-v3.azurewebsites.net\/pl\/wp-json\/wp\/v2\/comments?post=7786"}],"version-history":[{"count":0,"href":"https:\/\/smart-it-prod-v3.azurewebsites.net\/pl\/wp-json\/wp\/v2\/pages\/7786\/revisions"}],"up":[{"embeddable":true,"href":"https:\/\/smart-it-prod-v3.azurewebsites.net\/pl\/wp-json\/wp\/v2\/pages\/7712"}],"wp:attachment":[{"href":"https:\/\/smart-it-prod-v3.azurewebsites.net\/pl\/wp-json\/wp\/v2\/media?parent=7786"}],"curies":[{"name":"wp","href":"https:\/\/api.w.org\/{rel}","templated":true}]}}