{"id":7745,"date":"2016-09-12T15:58:20","date_gmt":"2016-09-12T12:58:20","guid":{"rendered":"http:\/\/smart-it-prod.azurewebsites.net\/pl\/?page_id=7745"},"modified":"2018-01-10T18:05:05","modified_gmt":"2018-01-10T16:05:05","slug":"feedback","status":"publish","type":"page","link":"https:\/\/smart-it-prod-v3.azurewebsites.net\/pl\/company\/feedback\/","title":{"rendered":"Informacje zwrotne"},"content":{"rendered":"<ul class=\"g1-grid\"><li class=\"g1-column g1-one-half g1-valign-top\">\n<h2>Bardzo doceniamy i korzystamy z opinii naszych klient\u00f3w<\/h2>\n<div id=\"g1-lead-1\" class=\"g1-lead \" >\n<p>Skorzystaj z formularzy, aby powiedzie\u0107 nam, co my\u015blisz o produktach i us\u0142ugach naszej firmy, a tak\u017ce by dosta\u0107 wi\u0119cej informacji na temat Twoich zainteresowa\u0144.<\/p>\n<\/div>\n<\/li><!-- -->\n<li class=\"g1-column g1-one-half g1-valign-top\">\n<div id=\"g1-box-counter-1\" class=\"g1-box g1-box--simple  g1-box--noicon\" ><div class=\"g1-box__inner\">\n<h4><i id=\"icon-1\" class=\"icon-envelope g1-icon g1-icon--simple g1-icon--small g1-icon--inherit \"><\/i> <a href=\"https:\/\/smart-it.com\/pl\/about-us\/feedback\/message\/\">Wy\u015blij wiadomo\u015b\u0107<\/a><\/h4>\n<h4><i id=\"icon-2\" class=\"icon-phone g1-icon g1-icon--simple g1-icon--small g1-icon--inherit \"><\/i> <a href=\"https:\/\/smart-it.com\/pl\/company\/feedback\/call\/\">Um\u00f3w kontakt<\/a><\/h4>\n<h4><i id=\"icon-3\" class=\"icon-picture g1-icon g1-icon--simple g1-icon--small g1-icon--inherit \"><\/i> <a href=\"\/company\/feedback\/demo\/\">Zam\u00f3w prezentacj\u0119<\/a><\/h4>\n<\/div><\/div>\n<\/li><!-- --><\/ul>\n<div id=\"g1-divider-1\" class=\"g1-divider g1-divider--none g1-divider--noicon \"><\/div>\n<div align=\"center\">\n<h3>Chcesz pracowa\u0107 w zespole SMART business?<\/h3>\n<div id=\"g1-lead-2\" class=\"g1-lead \" >\n<p>Sprawd\u017a nasze dost\u0119pne oferty b\u0105d\u017a <a href=\"mailto:hr@smartbusiness.com.ua\">napisz<\/a>.<\/p>\n<\/div>\n<\/div>\n<div id=\"g1-divider-2\" class=\"g1-divider g1-divider--none g1-divider--noicon \"><\/div>\n<ul class=\"g1-grid\"><li class=\"g1-column g1-one-third g1-valign-top\">\n<ul class=\"g1-grid\"><li class=\"g1-column g1-one-fourth g1-valign-top\">\n<i id=\"icon-4\" class=\"icon-map-marker g1-icon g1-icon--solid g1-icon--medium g1-icon--inherit \"><\/i>\n<\/li><!-- -->\n<li class=\"g1-column g1-three-fourth g1-valign-top\">\n<p><strong>Adres:<\/strong><br \/>\nul. Poliova 21, budowa B<br \/>\n03056, Kij\u00f3w, Ukraina<\/p>\n<\/li><!-- --><\/ul>\n<\/li><!-- -->\n<li class=\"g1-column g1-one-third g1-valign-top\">\n<ul class=\"g1-grid\"><li class=\"g1-column g1-one-fourth g1-valign-top\">\n<i id=\"icon-5\" class=\"icon-phone g1-icon g1-icon--solid g1-icon--medium g1-icon--inherit \"><\/i>\n<\/li><!-- -->\n<li class=\"g1-column g1-three-fourth g1-valign-top\">\n<p><strong>Email:<\/strong><br \/>\ninfo@smart-it.com<\/p>\n<\/li><!-- --><\/ul>\n<\/li><!-- -->\n<li class=\"g1-column g1-one-third g1-valign-top\">\n<ul class=\"g1-grid\"><li class=\"g1-column g1-one-fourth g1-valign-top\">\n<i id=\"icon-6\" class=\"icon-envelope-alt g1-icon g1-icon--solid g1-icon--medium g1-icon--inherit \"><\/i>\n<\/li><!-- -->\n<li class=\"g1-column g1-three-fourth g1-valign-top\">\n<p><strong>Telefony:<\/strong><br \/>\nBiuro: +380\u00a0(44) 585-3550<br \/>\nSprzeda\u017c: +380 (50) 311-6511<\/p>\n<\/li><!-- --><\/ul>\n<\/li><!-- --><\/ul>\n","protected":false},"excerpt":{"rendered":"<p>Chcesz pracowa\u0107 w zespole SMART business?<\/p>\n","protected":false},"author":2,"featured_media":0,"parent":7692,"menu_order":4,"comment_status":"closed","ping_status":"closed","template":"","meta":[],"_links":{"self":[{"href":"https:\/\/smart-it-prod-v3.azurewebsites.net\/pl\/wp-json\/wp\/v2\/pages\/7745"}],"collection":[{"href":"https:\/\/smart-it-prod-v3.azurewebsites.net\/pl\/wp-json\/wp\/v2\/pages"}],"about":[{"href":"https:\/\/smart-it-prod-v3.azurewebsites.net\/pl\/wp-json\/wp\/v2\/types\/page"}],"author":[{"embeddable":true,"href":"https:\/\/smart-it-prod-v3.azurewebsites.net\/pl\/wp-json\/wp\/v2\/users\/2"}],"replies":[{"embeddable":true,"href":"https:\/\/smart-it-prod-v3.azurewebsites.net\/pl\/wp-json\/wp\/v2\/comments?post=7745"}],"version-history":[{"count":0,"href":"https:\/\/smart-it-prod-v3.azurewebsites.net\/pl\/wp-json\/wp\/v2\/pages\/7745\/revisions"}],"up":[{"embeddable":true,"href":"https:\/\/smart-it-prod-v3.azurewebsites.net\/pl\/wp-json\/wp\/v2\/pages\/7692"}],"wp:attachment":[{"href":"https:\/\/smart-it-prod-v3.azurewebsites.net\/pl\/wp-json\/wp\/v2\/media?parent=7745"}],"curies":[{"name":"wp","href":"https:\/\/api.w.org\/{rel}","templated":true}]}}