{"id":7738,"date":"2016-09-12T15:35:13","date_gmt":"2016-09-12T12:35:13","guid":{"rendered":"http:\/\/smart-it-prod.azurewebsites.net\/pl\/?page_id=7738"},"modified":"2020-04-23T17:36:50","modified_gmt":"2020-04-23T14:36:50","slug":"kariera","status":"publish","type":"page","link":"https:\/\/smart-it-prod-v3.azurewebsites.net\/pl\/kariera\/","title":{"rendered":"Kariera"},"content":{"rendered":"<ul class=\"g1-grid\"><li class=\"g1-column g1-one-half g1-valign-middle\">\n<h2>Zosta\u0144 cz\u0142onkiem zespo\u0142u SMART business!<\/h2>\n<div id=\"g1-lead-1\" class=\"g1-lead \" >\n<p>Firma SMART business, Microsoft Gold ERP Partner, cz\u0142onek President\u2019s Club Microsoft Dynamics jest liderem ukrai\u0144skiego rynku us\u0142ug doradczych w dziedzinie innowacyjnych rozwi\u0105za\u0144 do efektywnego zarz\u0105dzania biznesem, a tak\u017ce wdro\u017ceniu i rozwoju system\u00f3w biznesowych na platformie Microsoft Dynamics.<\/p>\n<\/div>\n<div align=\"center\"><a id=\"g1-button-1\" class=\"g1-button g1-button--medium g1-button--solid g1-button--standard \" href=\"\/careers\/vacancy\/\" ><i class=\"icon-list\"><\/i>Lista Dost\u0119pnych Stanowisk<\/a><\/div>\n<\/li><!-- -->\n<li class=\"g1-column g1-one-half g1-valign-middle\">\n<p><img src=\"\/wp-content\/uploads\/2014\/07\/we-are-hiring-grass-s1.jpg\" alt=\"We are hiring\" \/><\/p>\n<\/li><!-- --><\/ul>\n<hr \/>\n<h2>Nasza wizja<\/h2>\n<ul class=\"g1-grid\"><li class=\"g1-column g1-one-fourth g1-valign-top\">\n<div id=\"g1-box-counter-1\" class=\"g1-box g1-box--simple  g1-box--icon\" ><i class=\"icon-signal g1-box__icon\"><\/i><div class=\"g1-box__inner\">\n<h5 align=\"center\">Potencja\u0142<\/h5>\n<div align=\"center\">Cenimy i popieramy w ludziach rzetelno\u015b\u0107, odpowiedzialno\u015b\u0107, pozytywne nastawienie do \u017cycia i zdolno\u015bci tw\u00f3rcze<\/div>\n<span id=\"g1-space-1\" class=\"g1-space \" style=\"height:40px;\"><\/span>\n<\/div><\/div>\n<\/li><!-- -->\n<li class=\"g1-column g1-one-fourth g1-valign-top\">\n<div id=\"g1-box-counter-2\" class=\"g1-box g1-box--simple  g1-box--icon\" ><i class=\"icon-paste g1-box__icon\"><\/i><div class=\"g1-box__inner\">\n<h5 align=\"center\">Znakomite projekty<\/h5>\n<div align=\"center\">Nasz\u0105 codzienn\u0105 misj\u0105 jest opracowanie i wdro\u017cenie projekt\u00f3w wysokiej jako\u015bci dla naszych klient\u00f3w<\/div>\n<span id=\"g1-space-2\" class=\"g1-space \" style=\"height:40px;\"><\/span>\n<\/div><\/div>\n<\/li><!-- -->\n<li class=\"g1-column g1-one-fourth g1-valign-top\">\n<div id=\"g1-box-counter-3\" class=\"g1-box g1-box--simple  g1-box--icon\" ><i class=\"icon-book g1-box__icon\"><\/i><div class=\"g1-box__inner\">\n<h5 align=\"center\">Edukacja<\/h5>\n<div align=\"center\">Za\u0142o\u017ceniem naszego programu edukacji jest przekazywanie wiedzy od do\u015bwiadczonych specjalist\u00f3w do utalentowanym no<\/div>\n<span id=\"g1-space-3\" class=\"g1-space \" style=\"height:20px;\"><\/span>\n<\/div><\/div>\n<\/li><!-- -->\n<li class=\"g1-column g1-one-fourth g1-valign-top\">\n<div id=\"g1-box-counter-4\" class=\"g1-box g1-box--simple  g1-box--icon\" ><i class=\"icon-thumbs-up g1-box__icon\"><\/i><div class=\"g1-box__inner\">\n<h5 align=\"center\">Motywowanie<\/h5>\n<div align=\"center\">\n<p>Doceniamy wk\u0142ad ka\u017cdego pracownika w rozw\u00f3j biznesu poprzez system motywowania<\/p>\n<\/div>\n<span id=\"g1-space-4\" class=\"g1-space \" style=\"height:20px;\"><\/span>\n<\/div><\/div>\n<\/li><!-- --><\/ul>\n<div id=\"g1-divider-1\" class=\"g1-divider g1-divider--none g1-divider--icon \"><span><i class=\"icon-long-arrow-down\"><\/i><\/span><\/div>\n<h2 align=\"center\">Do\u0142\u0105cz do SMART business!<\/h2>\n<span id=\"g1-space-5\" class=\"g1-space \" style=\"height:20px;\"><\/span>\n<ul class=\"g1-grid\"><li class=\"g1-column g1-one-third g1-valign-top\">\n<div id=\"g1-box-counter-5\" class=\"g1-box g1-box--simple  g1-box--icon\" ><i class=\"icon-bullhorn g1-box__icon\"><\/i><div class=\"g1-box__inner\">\n<h5 align=\"center\"><a href=\"\/careers\/vacancy\/\">Dost\u0119pne stanowiska<\/a><\/h5>\n<div align=\"center\">Poszukujemy talent\u00f3w!<\/div>\n<span id=\"g1-space-6\" class=\"g1-space \" style=\"height:20px;\"><\/span>\n<\/div><\/div>\n<\/li><!-- -->\n<li class=\"g1-column g1-one-third g1-valign-top\">\n<div id=\"g1-box-counter-6\" class=\"g1-box g1-box--simple  g1-box--icon\" ><i class=\"icon-beaker g1-box__icon\"><\/i><div class=\"g1-box__inner\">\n<h5 align=\"center\"><a href=\"\/careers\/academy\/\">SMART academy<\/a><\/h5>\n<div align=\"center\">Kursy wieczorowe dla student\u00f3w i absolwent\u00f3w uczelni technicznych i specjalno\u015bci ekonomicznych.<\/div>\n<span id=\"g1-space-7\" class=\"g1-space \" style=\"height:20px;\"><\/span>\n<\/div><\/div>\n<\/li><!-- -->\n<li class=\"g1-column g1-one-third g1-valign-top\">\n<div id=\"g1-box-counter-7\" class=\"g1-box g1-box--simple  g1-box--icon\" ><i class=\"icon-signal g1-box__icon\"><\/i><div class=\"g1-box__inner\">\n<h5 align=\"center\"><a href=\"\/careers\/internship\/\">Sta\u017c<\/a><\/h5>\n<div align=\"center\">Od aplikanta do pracownika!<\/div>\n<span id=\"g1-space-8\" class=\"g1-space \" style=\"height:40px;\"><\/span>\n<\/div><\/div>\n<\/li><!-- --><\/ul>\n","protected":false},"excerpt":{"rendered":"<p>Nasza wizja Do\u0142\u0105cz do SMART business!<\/p>\n","protected":false},"author":2,"featured_media":0,"parent":0,"menu_order":5,"comment_status":"closed","ping_status":"closed","template":"","meta":[],"_links":{"self":[{"href":"https:\/\/smart-it-prod-v3.azurewebsites.net\/pl\/wp-json\/wp\/v2\/pages\/7738"}],"collection":[{"href":"https:\/\/smart-it-prod-v3.azurewebsites.net\/pl\/wp-json\/wp\/v2\/pages"}],"about":[{"href":"https:\/\/smart-it-prod-v3.azurewebsites.net\/pl\/wp-json\/wp\/v2\/types\/page"}],"author":[{"embeddable":true,"href":"https:\/\/smart-it-prod-v3.azurewebsites.net\/pl\/wp-json\/wp\/v2\/users\/2"}],"replies":[{"embeddable":true,"href":"https:\/\/smart-it-prod-v3.azurewebsites.net\/pl\/wp-json\/wp\/v2\/comments?post=7738"}],"version-history":[{"count":0,"href":"https:\/\/smart-it-prod-v3.azurewebsites.net\/pl\/wp-json\/wp\/v2\/pages\/7738\/revisions"}],"wp:attachment":[{"href":"https:\/\/smart-it-prod-v3.azurewebsites.net\/pl\/wp-json\/wp\/v2\/media?parent=7738"}],"curies":[{"name":"wp","href":"https:\/\/api.w.org\/{rel}","templated":true}]}}