{"id":7732,"date":"2016-09-12T13:52:51","date_gmt":"2016-09-12T10:52:51","guid":{"rendered":"http:\/\/smart-it-prod.azurewebsites.net\/pl\/?page_id=7732"},"modified":"2020-01-10T14:18:52","modified_gmt":"2020-01-10T12:18:52","slug":"klienci","status":"publish","type":"page","link":"https:\/\/smart-it-prod-v3.azurewebsites.net\/pl\/klienci\/","title":{"rendered":"Nasi Smart Klienci"},"content":{"rendered":"<div class=\"container-fluid main-img-five-ll\">\n<div class=\"row\">\n<div class=\"col-md-2\"><img alt=\"IKEA\" src=\"\/wp-content\/uploads\/2020\/01\/IKEA.jpg\" width=\"185\"><\/div>\n<div class=\"col-md-2 main-img-five-big-2\"><img alt=\"euro-2012\" src=\"\/wp-content\/uploads\/2020\/01\/euro-2012.jpg\" width=\"185\"><\/div>\n<div class=\"col-md-2 mon\"><img alt=\"mon\" src=\"\/wp-content\/uploads\/2020\/01\/mon.jpg\" width=\"185\"><\/div>\n<div class=\"col-md-2 main-img-five-big-2\"><img alt=\"elit\" src=\"\/wp-content\/uploads\/2020\/01\/elit.jpg\" width=\"185\"><\/div>\n<div class=\"col-md-2\"><img alt=\"gulliver\" src=\"\/wp-content\/uploads\/2020\/01\/gulliver.jpg\" width=\"185\"><\/div>\n<div class=\"col-md-2 hide-on-pc\"><img alt=\"uklon\" src=\"\/wp-content\/uploads\/2020\/01\/uklon.jpg\" width=\"185\"><\/div>\n<\/p><\/div>\n<\/div>\n<div class=\"container-fluid main-img-five-ll main-img-five-b\">\n<div class=\"row\">\n<div class=\"col-md-2\"><img alt=\"citrus\" src=\"\/wp-content\/uploads\/2020\/01\/citrus.jpg\" width=\"185\"><\/div>\n<div class=\"col-md-2\"><img alt=\"ecosoft\" src=\"\/wp-content\/uploads\/2020\/01\/ecosoft.jpg\" width=\"185\"><\/div>\n<div class=\"col-md-2\"><img alt=\"yuriya\" src=\"\/wp-content\/uploads\/2020\/01\/yuriya.jpg\" width=\"185\"><\/div>\n<div class=\"col-md-2\"><img alt=\"uia\" src=\"\/wp-content\/uploads\/2020\/01\/uia.jpg\" width=\"185\"><\/div>\n<div class=\"col-md-2 hide-on-mbl\"><img alt=\"uklon\" src=\"\/wp-content\/uploads\/2020\/01\/uklon.jpg\" width=\"185\"><\/div>\n<\/p><\/div>\n<\/div>\n<div class=\"container-fluid main-img-five-ll\">\n<div class=\"row\">\n<div class=\"col-md-2\"><img alt=\"shate\" src=\"\/wp-content\/uploads\/2020\/01\/shate.jpg\" width=\"185\"><\/div>\n<div class=\"col-md-2 main-img-five-big-2\"><img alt=\"chervonyi\" src=\"\/wp-content\/uploads\/2020\/01\/chervonyi.jpg\" width=\"185\"><\/div>\n<div class=\"col-md-2 main-img-five-big-2\"><img alt=\"pulti-ua\" src=\"\/wp-content\/uploads\/2020\/01\/pulti-ua.jpg\" width=\"185\"><\/div>\n<div class=\"col-md-2\"><img alt=\"Credit-Agricole\" src=\"\/wp-content\/uploads\/2020\/01\/Credit-Agricole.jpg\" width=\"185\"><\/div>\n<div class=\"col-md-2 main-img-five-big\"><img alt=\"atb-market\" src=\"\/wp-content\/uploads\/2020\/01\/atb-market.jpg\" width=\"185\"><\/div>\n<\/p><\/div>\n<\/div>\n<div style=\"text-align: center;\">\n<a id=\"g1-button-1\" class=\"g1-button g1-button--big g1-button--solid g1-button--standard \" href=\"\/pl\/klienci\/sucess-stories\/\" >Dowiedz si\u0119 o ich historiach sukcesu<\/a>\n<\/div>\n<div id=\"g1-divider-1\" class=\"g1-divider g1-divider--none g1-divider--noicon \"><\/div>\n<h1 style=\"text-align: center;\">Klienci m\u00f3wi\u0105 o nas<\/h1>\n<div id=\"g1-divider-2\" class=\"g1-divider g1-divider--none g1-divider--icon \"><span><i class=\"icon-comments\"><\/i><\/span><\/div>\n<ul class=\"g1-grid\"><li class=\"g1-column g1-one-half g1-valign-top\">\n<figure id=\"g1-quote-1\" class=\"g1-quote g1-quote--solid g1-quote--medium \" ><div class=\"g1-inner\">\n<p>Na dzie\u0144 dzisiejszy system ten obejmuje 90 % wszystkich proces\u00f3w biznesowych. Microsoft Dynamics NAV pozwala nie tylko z powodzeniem rozwi\u0105zywa\u0107 istniej\u0105ce zadania i odpowiada wszystkim naszym wymaganiom, ale tak\u017ce dzi\u0119ki niemu mamy du\u017ce mo\u017cliwo\u015bci skalowania funkcjonalno\u015bci..<\/p>\n<\/div><figcaption class=\"g1-meta\"><img src=\"\/wp-content\/uploads\/2014\/05\/fedorets.jpg\" width=\"40\" height=\"40\" alt=\"Author&#039;s image\"\/><strong>Vladimir Fedorets<\/strong><span>Kierownik dzia\u0142u IT, Johnson &amp; Johnson Consumer Ukraine<\/span><\/figcaption><\/figure>\n<\/li><!-- -->\n<li class=\"g1-column g1-one-half g1-valign-top\">\n<figure id=\"g1-quote-2\" class=\"g1-quote g1-quote--solid g1-quote--medium \" ><div class=\"g1-inner\">\n<p>Takie rozwi\u0105zanie pozwoli\u0142o dwukrotnie zwi\u0119kszy\u0107 szybko\u015b\u0107 wykonywania etap\u00f3w przyj\u0119cia i wysy\u0142ki oraz ograniczy\u0107 ilo\u015b\u0107 pope\u0142nianych b\u0142\u0119d\u00f3w do zera. Powoduje to obni\u017cenie wydatk\u00f3w i polepszenie reputacji firmy Rhenus Revival w\u015br\u00f3d naszych klient\u00f3w.<\/p>\n<\/div><figcaption class=\"g1-meta\"><img src=\"\/wp-content\/uploads\/2014\/05\/onoyko.jpg\" width=\"40\" height=\"40\" alt=\"Author&#039;s image\"\/><strong>Bogdan Onoyko<\/strong><span>Dyrektor do spraw IT, Rhenus Revival Ukraine<\/span><\/figcaption><\/figure>\n<\/li><!-- --><\/ul>\n<hr \/>\n<ul class=\"g1-grid\"><li class=\"g1-column g1-one-third g1-valign-top\">\n<figure id=\"g1-quote-3\" class=\"g1-quote g1-quote--simple g1-quote--small \" ><div class=\"g1-inner\">\n<p>Specyfik\u0105 danego wdro\u017cenia jest nieprzerwalna produkcja w fabryce. Skutkuje to tym, \u017ce podczas przej\u015bcia od istniej\u0105cego systemu, do nowego nie mo\u017cna robi\u0107 przerwy ani na chwil\u0119. W takich przypadkach, do czasu przej\u015bcia powinny by\u0107 sprawdzone, przetestowane i zatwierdzone wszystkie procesy, a pracownicy wyszkoleni.<\/p>\n<p>Oczywi\u015bcie robili\u015bmy to w spos\u00f3b nieformalny, trudno jest wyszkoli\u0107 wszystkich przysz\u0142ych u\u017cytkownik\u00f3w w naszym wypadku. Wi\u0119kszo\u015b\u0107 z nich pracuje zmianami. Dlatego te\u017c System Go Live by\u0142 wsz\u0119dzie wspierany przez konsultant\u00f3w: na magazynach, terenach przemys\u0142owych; tak\u017ce podczas wprowadzania niezb\u0119dnych danych i szkole\u0144 u\u017cytkownik\u00f3w.<\/p>\n<\/div><figcaption class=\"g1-meta\"><img src=\"\/wp-content\/uploads\/2014\/05\/nekryach.jpg\" width=\"40\" height=\"40\" alt=\"Author&#039;s image\"\/><strong>Anatoly Nekryach<\/strong><span>Koordynator projektu ERP, Kijowski Kartel Kartonowo-Papierniczy<\/span><\/figcaption><\/figure>\n<\/li><!-- -->\n<li class=\"g1-column g1-one-third g1-valign-top\">\n<figure id=\"g1-quote-4\" class=\"g1-quote g1-quote--simple g1-quote--small \" ><div class=\"g1-inner\">\n<p>Jeste\u015bmy bankiem, kt\u00f3ry ma do czynienia najcz\u0119\u015bciej z du\u017cymi firmami korporacyjnymi. Dlatego jako\u015b\u0107 serwisu jest dla nas priorytetem.<\/p>\n<p>Po pierwsze, system obejmuje ca\u0142y obszar zada\u0144 wsp\u00f3\u0142pracy z klientami; po drugie, codzienny i naturalny intefejs u\u017cytkownika obni\u017ca wydatki na szkolenia; i w ko\u0144cu, niski ca\u0142kowity koszt posiadania i szybkie wyniki wdro\u017cenia zapewniaj\u0105 wysoki zwrot z inwestycji.<\/p>\n<\/div><figcaption class=\"g1-meta\"><img src=\"\/wp-content\/uploads\/2014\/05\/kuropiy.jpg\" width=\"40\" height=\"40\" alt=\"Author&#039;s image\"\/><strong>Igor Kuropiy<\/strong><span>Kierownik wydzia\u0142u komercyjnego, Credit Agricole Bank Ukraine<\/span><\/figcaption><\/figure>\n<\/li><!-- -->\n<li class=\"g1-column g1-one-third g1-valign-top\">\n<figure id=\"g1-quote-5\" class=\"g1-quote g1-quote--simple g1-quote--small \" ><div class=\"g1-inner\">\n<p>Microsoft Dynamics NAV w ca\u0142o\u015bci spe\u0142nia wymagania zarz\u0105dzania Konica Minolta. Razem z uwzgl\u0119dnieniem specyfiki naszego biznesu, adaptacja takiego rozwi\u0105zania potrafi\u0142a dostarczy\u0107 niezb\u0119dne instrumenty, dzi\u0119ki kt\u00f3rym pracujemy w spos\u00f3b bardziej wydajny ni\u017c poprzednio.<\/p>\n<\/div><figcaption class=\"g1-meta\"><img src=\"\/wp-content\/uploads\/2014\/05\/sovenko.jpg\" width=\"40\" height=\"40\" alt=\"Author&#039;s image\"\/><strong>Vladimir Sovenko<\/strong><span>Dyrektor, Konica Minolta Ukraine<\/span><\/figcaption><\/figure>\n<\/li><!-- --><\/ul>\n<div id=\"g1-divider-3\" class=\"g1-divider g1-divider--simple g1-divider--noicon \"><\/div>\n<h2 style=\"text-align: center;\">Ciekawostki o naszych klientach<\/h2>\n<ul class=\"g1-grid\"><li class=\"g1-column g1-one-third g1-valign-top\">\n<div align=\"center\"><div id=\"g1-progress-circle-1\" class=\"g1-progress-circle g1-progress-circle--solid \" data-config=\"{ bgColor: '#5078b4' }\" data-percent=\"57\"><span class=\"g1-progress-circle__value\">57<\/span><i class=\"icon-calendar g1-progress-circle__icon\"><\/i><div class=\"g1-color-scheme\"><\/div><\/div><\/div>\n<h3 align=\"center\">57% wykorzystuje ukrai\u0144sk\u0105 lokalizacje do prowadzenia rachunkowo\u015bci<\/h3>\n<\/li><!-- -->\n<li class=\"g1-column g1-one-third g1-valign-top\">\n<div align=\"center\"><div id=\"g1-progress-circle-2\" class=\"g1-progress-circle g1-progress-circle--simple \" data-config=\"{ barColor: '#5078b4' }\" data-percent=\"97\"><span class=\"g1-progress-circle__value\">97<\/span><i class=\"icon-wrench g1-progress-circle__icon\"><\/i><div class=\"g1-color-scheme\"><\/div><\/div><\/div>\n<h3 align=\"center\">97% klient\u00f3w aktywnie wdra\u017ca ulepszenia<\/h3>\n<\/li><!-- -->\n<li class=\"g1-column g1-one-third g1-valign-top\">\n<div align=\"center\"><div id=\"g1-progress-circle-3\" class=\"g1-progress-circle g1-progress-circle--solid \" data-config=\"{ bgColor: '#5078b4' }\" data-percent=\"88\"><span class=\"g1-progress-circle__value\">88<\/span><i class=\"icon-thumbs-up g1-progress-circle__icon\"><\/i><div class=\"g1-color-scheme\"><\/div><\/div><\/div>\n<h3 align=\"center\">88% zostaje z nami!<\/h3>\n<\/li><!-- --><\/ul>\n","protected":false},"excerpt":{"rendered":"<p>Klienci m\u00f3wi\u0105 o nas Ciekawostki o naszych klientach<\/p>\n","protected":false},"author":2,"featured_media":0,"parent":0,"menu_order":0,"comment_status":"closed","ping_status":"closed","template":"","meta":[],"_links":{"self":[{"href":"https:\/\/smart-it-prod-v3.azurewebsites.net\/pl\/wp-json\/wp\/v2\/pages\/7732"}],"collection":[{"href":"https:\/\/smart-it-prod-v3.azurewebsites.net\/pl\/wp-json\/wp\/v2\/pages"}],"about":[{"href":"https:\/\/smart-it-prod-v3.azurewebsites.net\/pl\/wp-json\/wp\/v2\/types\/page"}],"author":[{"embeddable":true,"href":"https:\/\/smart-it-prod-v3.azurewebsites.net\/pl\/wp-json\/wp\/v2\/users\/2"}],"replies":[{"embeddable":true,"href":"https:\/\/smart-it-prod-v3.azurewebsites.net\/pl\/wp-json\/wp\/v2\/comments?post=7732"}],"version-history":[{"count":0,"href":"https:\/\/smart-it-prod-v3.azurewebsites.net\/pl\/wp-json\/wp\/v2\/pages\/7732\/revisions"}],"wp:attachment":[{"href":"https:\/\/smart-it-prod-v3.azurewebsites.net\/pl\/wp-json\/wp\/v2\/media?parent=7732"}],"curies":[{"name":"wp","href":"https:\/\/api.w.org\/{rel}","templated":true}]}}