{"id":7728,"date":"2016-09-12T13:26:15","date_gmt":"2016-09-12T10:26:15","guid":{"rendered":"http:\/\/smart-it-prod.azurewebsites.net\/pl\/?page_id=7728"},"modified":"2016-11-11T16:44:01","modified_gmt":"2016-11-11T14:44:01","slug":"produkty","status":"publish","type":"page","link":"https:\/\/smart-it-prod-v3.azurewebsites.net\/pl\/produkty\/","title":{"rendered":"Produkty Microsoft Dynamics"},"content":{"rendered":"<ul class=\"g1-grid\"><li class=\"g1-column g1-one-half g1-valign-middle\">\n<h2>Programy do automatyzacji biznesu i zarz\u0105dzania przedsi\u0119biorstwem<\/h2>\n<hr \/>\n<div id=\"g1-lead-1\" class=\"g1-lead \" >\n<p>Zapoznaj si\u0119 z wachlarzem produkt\u00f3w Microsoft oraz ich rozwi\u0105zaniami biznesowymi.<\/p>\n<p>Zautomatyzuj procesy biznesowe, zarz\u0105dzanie personelem i infrastruktur\u0105 Twojej firmy za pomoc\u0105 produkt\u00f3w programowych planowania zasob\u00f3w organizacji i zarz\u0105dzania relacjami z klientami.<\/p>\n<\/div>\n<\/li><!-- -->\n<li class=\"g1-column g1-one-half g1-valign-middle\">\n<p><img src=\"\/wp-content\/uploads\/2014\/07\/business-software-bg-1.jpg\" alt=\"\" \/><\/p>\n<\/li><!-- --><\/ul>\n<h3>Dowiedz si\u0119 wi\u0119cej o produktach Microsoft:<\/h3>\n<div id=\"g1-divider-1\" class=\"g1-divider g1-divider--simple g1-divider--noicon \"><\/div>\n<ul class=\"g1-grid\"><li class=\"g1-column g1-one-fourth g1-valign-top\">\n<p><a style=\"font-size: 110%; font-weight: bold;\" href=\"\/products\/erp\/\">Rozwi\u0105zania ERP<\/a><\/p>\n\n<ul id=\"g1-list-1\" class=\"g1-list--icon g1-list--simple \" style=\"font-weight: bold;\">\n<li><i class=\"icon-chevron-sign-right g1-list__icon\"><\/i><a href=\"\/products\/erp\/microsoft-dynamics-nav\/\">Microsoft Dynamics NAV<\/a><\/li>\n<li><i class=\"icon-chevron-sign-right g1-list__icon\"><\/i><a href=\"\/products\/erp\/microsoft-dynamics-ax\/\">Microsoft Dynamics AX<\/a><\/li>\n<\/ul>\n\n<p><a style=\"font-size: 110%; font-weight: bold;\" href=\"\/products\/cloud\/\">Rozwi\u0105zania chmurowe<\/a><\/p>\n\n<ul id=\"g1-list-2\" class=\"g1-list--icon g1-list--simple \" style=\"font-weight: bold;\">\n<li><i class=\"icon-chevron-sign-right g1-list__icon\"><\/i><a href=\"\/products\/cloud\/microsoft-office-365\/\">Office 365<\/a><\/li>\n<li><i class=\"icon-chevron-sign-right g1-list__icon\"><\/i><a href=\"\/products\/cloud\/microsoft-azure\/\">Microsoft Azure<\/a><\/li>\n<li><i class=\"icon-chevron-sign-right g1-list__icon\"><\/i><a href=\"\/products\/cloud\/power-bi\/\">Power BI<\/a><\/li>\n<\/ul>\n\n<\/li><!-- -->\n<li class=\"g1-column g1-one-fourth g1-valign-top\">\n<p><a style=\"font-size: 110%; font-weight: bold;\" href=\"\/products\/crm\/\">Rozwi\u0105zania CRM<\/a><\/p>\n\n<ul id=\"g1-list-3\" class=\"g1-list--icon g1-list--simple \" style=\"font-weight: bold;\">\n<li><i class=\"icon-chevron-sign-right g1-list__icon\"><\/i><a href=\"\/products\/crm\/microsoft-dynamics-crm\/\">Microsoft Dynamics CRM<\/a><\/li>\n<li><i class=\"icon-chevron-sign-right g1-list__icon\"><\/i><a href=\"\/products\/crm\/absalon-crm\/\">Absalon CRM<\/a><\/li>\n<\/ul>\n\n<p><a style=\"font-size: 110%; font-weight: bold;\" href=\"\/products\/bi\/\">BI dla\u00a0Dynamics<\/a><\/p>\n\n<ul id=\"g1-list-4\" class=\"g1-list--icon g1-list--simple \" style=\"font-weight: bold;\">\n<li><i class=\"icon-chevron-sign-right g1-list__icon\"><\/i><a href=\"\/products\/bi\/jetreports\/\">Jet Reports<\/a><\/li>\n<li><i class=\"icon-chevron-sign-right g1-list__icon\"><\/i><a href=\"\/products\/cloud\/power-bi\/\">Power BI<\/a><\/li>\n<\/ul>\n\n<\/li><!-- -->\n<li class=\"g1-column g1-one-half g1-valign-top\">\n<div id=\"g1-box-counter-1\" class=\"g1-box g1-box--solid  g1-box--icon\" ><i class=\"icon-envelope g1-box__icon\"><\/i><div class=\"g1-box__inner\">\n<h3 align=\"center\">Skontaktuj si\u0119 z nami i dowiedz si\u0119 wi\u0119cej o produktach<\/h3>\n<div id=\"g1-lead-2\" class=\"g1-lead \" >\n<div align=\"center\"><a id=\"g1-button-1\" class=\"g1-button g1-button--medium g1-button--solid g1-button--standard \" href=\"\/company\/feedback\/message\/\" ><i class=\"icon-pencil\"><\/i>Zapytaj<\/a> <style type=\"text\/css\" scoped=\"scoped\">#g1-button-2.g1-button {background-color: #5078b4; border-color: #5078b4;}<\/style><a id=\"g1-button-2\" class=\"g1-button g1-button--medium g1-button--solid g1-button--standard \" href=\"\/company\/feedback\/call\/\" ><i class=\"icon-phone\"><\/i>Um\u00f3w kontakt<\/a><\/div>\n<\/div>\n<\/div><\/div>\n<\/li><!-- --><\/ul>\n<div id=\"g1-divider-2\" class=\"g1-divider g1-divider--none g1-divider--icon \"><span><i class=\"icon-thumbs-up\"><\/i><\/span><\/div>\n","protected":false},"excerpt":{"rendered":"<p>Dowiedz si\u0119 wi\u0119cej o produktach Microsoft:<\/p>\n","protected":false},"author":2,"featured_media":0,"parent":0,"menu_order":0,"comment_status":"closed","ping_status":"closed","template":"","meta":[],"_links":{"self":[{"href":"https:\/\/smart-it-prod-v3.azurewebsites.net\/pl\/wp-json\/wp\/v2\/pages\/7728"}],"collection":[{"href":"https:\/\/smart-it-prod-v3.azurewebsites.net\/pl\/wp-json\/wp\/v2\/pages"}],"about":[{"href":"https:\/\/smart-it-prod-v3.azurewebsites.net\/pl\/wp-json\/wp\/v2\/types\/page"}],"author":[{"embeddable":true,"href":"https:\/\/smart-it-prod-v3.azurewebsites.net\/pl\/wp-json\/wp\/v2\/users\/2"}],"replies":[{"embeddable":true,"href":"https:\/\/smart-it-prod-v3.azurewebsites.net\/pl\/wp-json\/wp\/v2\/comments?post=7728"}],"version-history":[{"count":0,"href":"https:\/\/smart-it-prod-v3.azurewebsites.net\/pl\/wp-json\/wp\/v2\/pages\/7728\/revisions"}],"wp:attachment":[{"href":"https:\/\/smart-it-prod-v3.azurewebsites.net\/pl\/wp-json\/wp\/v2\/media?parent=7728"}],"curies":[{"name":"wp","href":"https:\/\/api.w.org\/{rel}","templated":true}]}}