{"id":7725,"date":"2016-09-12T13:09:41","date_gmt":"2016-09-12T10:09:41","guid":{"rendered":"http:\/\/smart-it-prod.azurewebsites.net\/pl\/?page_id=7725"},"modified":"2016-11-11T16:33:18","modified_gmt":"2016-11-11T14:33:18","slug":"uslugi","status":"publish","type":"page","link":"https:\/\/smart-it-prod-v3.azurewebsites.net\/pl\/uslugi\/","title":{"rendered":"Us\u0142ugi"},"content":{"rendered":"<style type=\"text\/css\" scoped=\"scoped\">#g1-section-1.g1-section {background-color: #5a6e87; background-image:url(\/wp-content\/uploads\/2014\/07\/services-bg-2.jpg); background-repeat:no-repeat; background-position:center top; background-attachment:static;}<\/style><div id=\"g1-section-1\" class=\"g1-section \"><div class=\"g1-layout-inner\">\n<ul class=\"g1-grid\"><li class=\"g1-column g1-one-half g1-valign-top\">\n<h2 style=\"color: #ffffff;\">We provide effective IT solutions that deliver pleasure of working<\/h2>\n\n<ul id=\"g1-list-1\" class=\"g1-list--icon g1-list--simple \" style=\"color: #ffffff; font-size: 125%;\">\n<li><i class=\"icon-ok g1-list__icon\"><\/i>Consulting based on unique experience and industry expertise<\/li>\n<li><i class=\"icon-ok g1-list__icon\"><\/i>Best practices of product implementation<\/li>\n<li><i class=\"icon-ok g1-list__icon\"><\/i>Experienced and skilled professionals<\/li>\n<li><i class=\"icon-ok g1-list__icon\"><\/i>Technical support and qualified training<\/li>\n<\/ul>\n\n<div align=\"center\"><a id=\"g1-button-1\" class=\"g1-button g1-button--medium g1-button--solid g1-button--standard \" href=\"\/company\/feedback\/message\/\" ><i class=\"icon-pencil\"><\/i>Contact Us<\/a> <style type=\"text\/css\" scoped=\"scoped\">#g1-button-2.g1-button {background-color: #5078b4; border-color: #5078b4;}<\/style><a id=\"g1-button-2\" class=\"g1-button g1-button--medium g1-button--solid g1-button--standard \" href=\"\/company\/feedback\/call\/\" ><i class=\"icon-phone\"><\/i>Request callback<\/a><\/div>\n<\/li><!-- -->\n<li class=\"g1-column g1-one-half g1-valign-top\">\n<\/li><!-- --><\/ul>\n<\/div><\/div>\n<div id=\"g1-divider-1\" class=\"g1-divider g1-divider--simple g1-divider--noicon \"><\/div>\n<ul class=\"g1-grid\"><li class=\"g1-column g1-one-third g1-valign-top\">\n<h2>Oferowanie efektywnych rozwi\u0105za\u0144 IT dla zapewnienia przyjemno\u015bci pracy<\/h2>\n<\/li><!-- -->\n<li class=\"g1-column g1-two-third g1-valign-top\">\n<div id=\"g1-lead-1\" class=\"g1-lead \" >\n<p>Wnosimy do firmy rygorystyczn\u0105 kontrol\u0119 \u00a0zasob\u00f3w, dyscyplin\u0119 i konsekwencj\u0119, kreujemy tak\u017ce nowe pomys\u0142y.<\/p>\n<p>Wspieramy na ka\u017cdym etapie procesu wdra\u017cania i tworzymy biznes bardziej przejrzysty, logiczny i przynosz\u0105cy efekty.<\/p>\n<\/div>\n<\/li><!-- --><\/ul>\n<hr \/>\n<h3>Jak mo\u017cemy Ci pom\u00f3c<\/h3>\n<ul class=\"g1-grid\"><li class=\"g1-column g1-one-fourth g1-valign-top\">\n\n<ul id=\"g1-list-2\" class=\"g1-list--icon g1-list--simple \" style=\"font-size: 110%;\">\n<li><i class=\"icon-chevron-sign-right g1-list__icon\"><\/i><strong><a href=\"\/services\/consulting\/\">Consulting<\/a>\u00a0<\/strong><\/li>\n<li><i class=\"icon-chevron-sign-right g1-list__icon\"><\/i><strong><a href=\"\/services\/localization\/\">Lokalizacja<\/a><\/strong><\/li>\n<li><i class=\"icon-chevron-sign-right g1-list__icon\"><\/i><strong><a href=\"\/services\/training\/\">Szkolenia<\/a><\/strong><\/li>\n<\/ul>\n\n<\/li><!-- -->\n<li class=\"g1-column g1-one-fourth g1-valign-top\">\n\n<ul id=\"g1-list-3\" class=\"g1-list--icon g1-list--simple \" style=\"font-size: 110%;\">\n<li><i class=\"icon-chevron-sign-right g1-list__icon\"><\/i><strong><a href=\"\/services\/implementation\/\">Wdra\u017canie<\/a>\u00a0<\/strong><\/li>\n<li><i class=\"icon-chevron-sign-right g1-list__icon\"><\/i><strong><a href=\"\/services\/support\/\">Wsparcie<\/a>\u00a0<\/strong><\/li>\n<li><i class=\"icon-chevron-sign-right g1-list__icon\"><\/i><strong><a href=\"\/services\/outsource\/\">Outsource<\/a><\/strong><\/li>\n<\/ul>\n\n<\/li><!-- -->\n<li class=\"g1-column g1-one-half g1-valign-top\">\n<div id=\"g1-box-counter-1\" class=\"g1-box g1-box--solid  g1-box--icon\" ><i class=\"icon-envelope g1-box__icon\"><\/i><div class=\"g1-box__inner\">\n<h3 align=\"center\">Dowiedz si\u0119 wi\u0119cej o naszych sukcesach<\/h3>\n<div id=\"g1-lead-2\" class=\"g1-lead \" >\n<div align=\"center\"><a id=\"g1-button-3\" class=\"g1-button g1-button--medium g1-button--solid g1-button--standard \" href=\"\/company\/feedback\/message\/\" ><i class=\"icon-pencil\"><\/i>Wy\u015blij wiadomo\u015b\u0107<\/a> <style type=\"text\/css\" scoped=\"scoped\">#g1-button-4.g1-button {background-color: #5078b4; border-color: #5078b4;}<\/style><a id=\"g1-button-4\" class=\"g1-button g1-button--medium g1-button--solid g1-button--standard \" href=\"\/company\/feedback\/call\/\" ><i class=\"icon-phone\"><\/i>Zadzwo\u0144<\/a><\/div>\n<\/div>\n<\/div><\/div>\n<\/li><!-- --><\/ul>\n<div id=\"g1-divider-2\" class=\"g1-divider g1-divider--none g1-divider--icon \"><span><i class=\"icon-lightbulb\"><\/i><\/span><\/div>\n","protected":false},"excerpt":{"rendered":"<p>Jak mo\u017cemy Ci pom\u00f3c<\/p>\n","protected":false},"author":2,"featured_media":0,"parent":0,"menu_order":0,"comment_status":"closed","ping_status":"closed","template":"","meta":[],"_links":{"self":[{"href":"https:\/\/smart-it-prod-v3.azurewebsites.net\/pl\/wp-json\/wp\/v2\/pages\/7725"}],"collection":[{"href":"https:\/\/smart-it-prod-v3.azurewebsites.net\/pl\/wp-json\/wp\/v2\/pages"}],"about":[{"href":"https:\/\/smart-it-prod-v3.azurewebsites.net\/pl\/wp-json\/wp\/v2\/types\/page"}],"author":[{"embeddable":true,"href":"https:\/\/smart-it-prod-v3.azurewebsites.net\/pl\/wp-json\/wp\/v2\/users\/2"}],"replies":[{"embeddable":true,"href":"https:\/\/smart-it-prod-v3.azurewebsites.net\/pl\/wp-json\/wp\/v2\/comments?post=7725"}],"version-history":[{"count":0,"href":"https:\/\/smart-it-prod-v3.azurewebsites.net\/pl\/wp-json\/wp\/v2\/pages\/7725\/revisions"}],"wp:attachment":[{"href":"https:\/\/smart-it-prod-v3.azurewebsites.net\/pl\/wp-json\/wp\/v2\/media?parent=7725"}],"curies":[{"name":"wp","href":"https:\/\/api.w.org\/{rel}","templated":true}]}}