{"id":7712,"date":"2016-09-12T12:01:57","date_gmt":"2016-09-12T09:01:57","guid":{"rendered":"http:\/\/smart-it-prod.azurewebsites.net\/pl\/?page_id=7712"},"modified":"2016-11-11T16:19:00","modified_gmt":"2016-11-11T14:19:00","slug":"industries","status":"publish","type":"page","link":"https:\/\/smart-it-prod-v3.azurewebsites.net\/pl\/industries\/","title":{"rendered":"Rozwi\u0105zania Przemys\u0142owe"},"content":{"rendered":"<style type=\"text\/css\" scoped=\"scoped\">#g1-section-1.g1-section {background-image:url(\/wp-content\/uploads\/2014\/07\/industries-bg-3.jpg); background-repeat:repeat; background-position:center top; background-attachment:static;}<\/style><div id=\"g1-section-1\" class=\"g1-section \"><div class=\"g1-layout-inner\">\n<ul class=\"g1-grid\"><li class=\"g1-column g1-one-half g1-valign-top\">\n<h2 style=\"color: #ffffff;\">Get extra benefits from industry-tailored solutions<\/h2>\n\n<ul id=\"g1-list-1\" class=\"g1-list--icon g1-list--simple \" style=\"color: #ffffff; font-size: 110%; font-weight: bold;\">\n<li><i class=\"icon-ok g1-list__icon\"><\/i>Customized solutions for specific processes of your business<\/li>\n<li><i class=\"icon-ok g1-list__icon\"><\/i>Reducing the time and cost of implementation<\/li>\n<li><i class=\"icon-ok g1-list__icon\"><\/i>The skills and experience of our consultants and developers<\/li>\n<li><i class=\"icon-ok g1-list__icon\"><\/i>The specific implementation methodology for your industry<\/li>\n<li><i class=\"icon-ok g1-list__icon\"><\/i>Accelerated process of employee training<\/li>\n<\/ul>\n\n<div align=\"center\"><a id=\"g1-button-1\" class=\"g1-button g1-button--medium g1-button--solid g1-button--standard \" href=\"\/company\/feedback\/message\/\" ><i class=\"icon-pencil\"><\/i>Zapytaj<\/a> <style type=\"text\/css\" scoped=\"scoped\">#g1-button-2.g1-button {background-color: #5078b4; border-color: #5078b4;}<\/style><a id=\"g1-button-2\" class=\"g1-button g1-button--medium g1-button--solid g1-button--standard \" href=\"\/company\/feedback\/call\/\" ><i class=\"icon-phone\"><\/i>Um\u00f3w kontakt<\/a><\/div>\n<\/li><!-- -->\n<li class=\"g1-column g1-one-half g1-valign-top\">\n<\/li><!-- --><\/ul>\n<\/div><\/div>\n<span id=\"g1-space-1\" class=\"g1-space \" style=\"height:1.5em;\"><\/span>\n<h3>Wybierz Swoj\u0105 bran\u017c\u0119:<\/h3>\n<div id=\"g1-divider-1\" class=\"g1-divider g1-divider--simple g1-divider--noicon \"><\/div>\n<ul class=\"g1-grid\"><li class=\"g1-column g1-one-fourth g1-valign-top\">\n\n<ul id=\"g1-list-2\" class=\"g1-list--icon g1-list--simple \" style=\"font-size: 110%;\">\n<li><i class=\"icon-chevron-sign-right g1-list__icon\"><\/i><strong><a href=\"\/industries\/banking\/\">Bankowo\u015b\u0107<\/a><\/strong><\/li>\n<li><i class=\"icon-chevron-sign-right g1-list__icon\"><\/i><strong><a href=\"\/industries\/construction\/\">Bran\u017ca budowlana<\/a>\u00a0<\/strong><\/li>\n<li><i class=\"icon-chevron-sign-right g1-list__icon\"><\/i><strong><a href=\"\/industries\/fashion\/\">Przemys\u0142 modowy<\/a>\u00a0<\/strong><\/li>\n<li><i class=\"icon-chevron-sign-right g1-list__icon\"><\/i><strong><a href=\"\/industries\/manufacturing\/\">Produkcja<\/a>\u00a0<\/strong><\/li>\n<li><i class=\"icon-chevron-sign-right g1-list__icon\"><\/i><strong><a href=\"\/industries\/life-sciences\/\">Sektor nauk przyrodniczych<\/a><\/strong><\/li>\n<li><i class=\"icon-chevron-sign-right g1-list__icon\"><\/i><strong><a href=\"\/industries\/public\/\">Sektor publiczny<\/a><\/strong><\/li>\n<\/ul>\n\n<\/li><!-- -->\n<li class=\"g1-column g1-one-fourth g1-valign-top\">\n\n<ul id=\"g1-list-3\" class=\"g1-list--icon g1-list--simple \" style=\"font-size: 110%;\">\n<li><i class=\"icon-chevron-sign-right g1-list__icon\"><\/i><strong><a href=\"\/industries\/distribution\/\">Dystrybucja<\/a>\u00a0<\/strong><\/li>\n<li><i class=\"icon-chevron-sign-right g1-list__icon\"><\/i><strong><a href=\"\/industries\/retail\/\">Sprzeda\u017c detaliczna<\/a><\/strong><\/li>\n<li><i class=\"icon-chevron-sign-right g1-list__icon\"><\/i><strong><a href=\"\/industries\/food\/\">Kompleks rolno-przemys\u0142owy<\/a>\u00a0<\/strong><\/li>\n<li><i class=\"icon-chevron-sign-right g1-list__icon\"><\/i><strong><a href=\"\/industries\/professional-services\/\">Us\u0142ugi profesjonalne<\/a>\u00a0<\/strong><\/li>\n<li><i class=\"icon-chevron-sign-right g1-list__icon\"><\/i><strong><a href=\"\/industries\/horizontal\/\">Rozwi\u0105zania horyzontalne<\/a><\/strong><\/li>\n<\/ul>\n\n<\/li><!-- -->\n<li class=\"g1-column g1-one-half g1-valign-top\">\n<div id=\"g1-box-counter-1\" class=\"g1-box g1-box--solid  g1-box--icon\" ><i class=\"icon-envelope g1-box__icon\"><\/i><div class=\"g1-box__inner\">\n<h3 align=\"center\">Dowiedz si\u0119 wi\u0119cej o rozwi\u0105zaniach przemys\u0142owych<\/h3>\n<div id=\"g1-lead-1\" class=\"g1-lead \" >\n<div align=\"center\"><a id=\"g1-button-3\" class=\"g1-button g1-button--medium g1-button--solid g1-button--standard \" href=\"\/company\/feedback\/message\/\" ><i class=\"icon-pencil\"><\/i>Zapytaj<\/a> <style type=\"text\/css\" scoped=\"scoped\">#g1-button-4.g1-button {background-color: #5078b4; border-color: #5078b4;}<\/style><a id=\"g1-button-4\" class=\"g1-button g1-button--medium g1-button--solid g1-button--standard \" href=\"\/company\/feedback\/call\/\" ><i class=\"icon-phone\"><\/i>Um\u00f3w kontakt<\/a><\/div>\n<\/div>\n<\/div><\/div>\n<\/li><!-- --><\/ul>\n<div id=\"g1-divider-2\" class=\"g1-divider g1-divider--none g1-divider--icon \"><span><i class=\"icon-beaker\"><\/i><\/span><\/div>\n","protected":false},"excerpt":{"rendered":"<p>Wybierz Swoj\u0105 bran\u017c\u0119:<\/p>\n","protected":false},"author":2,"featured_media":0,"parent":0,"menu_order":0,"comment_status":"closed","ping_status":"closed","template":"","meta":[],"_links":{"self":[{"href":"https:\/\/smart-it-prod-v3.azurewebsites.net\/pl\/wp-json\/wp\/v2\/pages\/7712"}],"collection":[{"href":"https:\/\/smart-it-prod-v3.azurewebsites.net\/pl\/wp-json\/wp\/v2\/pages"}],"about":[{"href":"https:\/\/smart-it-prod-v3.azurewebsites.net\/pl\/wp-json\/wp\/v2\/types\/page"}],"author":[{"embeddable":true,"href":"https:\/\/smart-it-prod-v3.azurewebsites.net\/pl\/wp-json\/wp\/v2\/users\/2"}],"replies":[{"embeddable":true,"href":"https:\/\/smart-it-prod-v3.azurewebsites.net\/pl\/wp-json\/wp\/v2\/comments?post=7712"}],"version-history":[{"count":0,"href":"https:\/\/smart-it-prod-v3.azurewebsites.net\/pl\/wp-json\/wp\/v2\/pages\/7712\/revisions"}],"wp:attachment":[{"href":"https:\/\/smart-it-prod-v3.azurewebsites.net\/pl\/wp-json\/wp\/v2\/media?parent=7712"}],"curies":[{"name":"wp","href":"https:\/\/api.w.org\/{rel}","templated":true}]}}