{"id":7698,"date":"2016-09-09T12:19:52","date_gmt":"2016-09-09T09:19:52","guid":{"rendered":"http:\/\/smart-it-prod.azurewebsites.net\/pl\/?page_id=7698"},"modified":"2021-12-16T09:43:58","modified_gmt":"2021-12-16T07:43:58","slug":"7698-2","status":"publish","type":"page","link":"https:\/\/smart-it-prod-v3.azurewebsites.net\/pl\/","title":{"rendered":""},"content":{"rendered":"<style type=\"text\/css\" scoped=\"scoped\">#g1-section-1.g1-section {background-repeat:repeat; background-position:center top; background-attachment:static;}<\/style><div id=\"g1-section-1\" class=\"g1-section \"><div class=\"g1-layout-inner\">\n<ul class=\"g1-grid\"><li class=\"g1-column g1-one-third g1-valign-top\">\n<div id=\"g1-box-counter-1\" class=\"g1-box g1-box--simple  g1-box--icon\" ><i class=\"icon-beaker g1-box__icon\"><\/i><div class=\"g1-box__inner\">\n<h3 align=\"center\"><a href=\"\/ru\/industries\/\">Rozwi\u0105zania Przemys\u0142owe\u00a0<\/a><\/h3>\n<div id=\"g1-lead-1\" class=\"g1-lead \" >\n<p style=\"text-align: center;\">Osi\u0105gnij sukces dzi\u0119ki systemom ERP i CRM.<\/p>\n<\/div>\n<p style=\"text-align: center;\"><a href=\"\/ru\/industries\/\">\u2014 Dowiedz si\u0119 wi\u0119cej \u2014<\/a><\/p>\n<\/div><\/div>\n<\/li><!-- -->\n<li class=\"g1-column g1-one-third g1-valign-top\">\n<div id=\"g1-box-counter-2\" class=\"g1-box g1-box--simple  g1-box--icon\" ><i class=\"icon-lightbulb g1-box__icon\"><\/i><div class=\"g1-box__inner\">\n<h3 align=\"center\"><a href=\"\/ru\/services\/\">Nasze Us\u0142ugi<\/a><\/h3>\n<div id=\"g1-lead-2\" class=\"g1-lead \" >\n<p style=\"text-align: center;\">Zaufaj naszemu do\u015bwiadczeniu i zasobom dla rozwi\u0105zywania zada\u0144 biznesowych o dowolnym stopniu z\u0142o\u017cono\u015bci.<\/p>\n<\/div>\n<p style=\"text-align: center;\"><a href=\"\/ru\/services\/\">\u2014 Szczeg\u00f3\u0142y\u00a0\u2014<\/a><\/p>\n<\/div><\/div>\n<\/li><!-- -->\n<li class=\"g1-column g1-one-third g1-valign-top\">\n<div id=\"g1-box-counter-3\" class=\"g1-box g1-box--simple  g1-box--icon\" ><i class=\"icon-thumbs-up g1-box__icon\"><\/i><div class=\"g1-box__inner\">\n<h3 align=\"center\"><a href=\"\/ru\/products\/\">Produkcja<\/a><\/h3>\n<div id=\"g1-lead-3\" class=\"g1-lead \" >\n<p style=\"text-align: center;\">U\u017cyj unikalnych rozwi\u0105za\u0144 dla zarz\u0105dzania przedsi\u0119biorstwem.<\/p>\n<\/div>\n<p style=\"text-align: center;\"><a href=\"\/ru\/products\/\">\u2014 <\/a><a href=\"\/ru\/services\/\">Szczeg\u00f3\u0142y\u00a0<\/a><a href=\"\/ru\/products\/\">\u2014<\/a><\/p>\n<\/div><\/div>\n<\/li><!-- --><\/ul>\n<div id=\"g1-divider-1\" class=\"g1-divider g1-divider--none g1-divider--noicon \"><\/div>\n<ul class=\"g1-grid\"><li class=\"g1-column g1-one-half g1-valign-bottom\">\n<div style=\"text-align: center;\"><img loading=\"lazy\" src=\"\/wp-content\/uploads\/2020\/12\/Microsoft-18-gold.png\" alt=\"\" width=\"704\" height=\"529\" class=\"aligncenter size-full wp-image-27748\" srcset=\"\/wp-content\/uploads\/2020\/12\/Microsoft-18-gold.png 704w, \/wp-content\/uploads\/2020\/12\/Microsoft-18-gold-300x225.png 300w, \/wp-content\/uploads\/2020\/12\/Microsoft-18-gold-636x478.png 636w, \/wp-content\/uploads\/2020\/12\/Microsoft-18-gold-320x240.png 320w, \/wp-content\/uploads\/2020\/12\/Microsoft-18-gold-239x180.png 239w\" sizes=\"(max-width: 704px) 100vw, 704px\" \/><\/div>\n<\/li><!-- -->\n<li class=\"g1-column g1-one-half g1-valign-bottom\"><br \/>\n&nbsp;<\/p>\n<div style=\"text-align: center;\"><a href=\"\/wp-content\/uploads\/2021\/04\/Microsoft_Partner_Year_Ukraine_800.jpg\"><img loading=\"lazy\" class=\"aligncenter wp-image-32183\" src=\"\/wp-content\/uploads\/2021\/04\/Microsoft_Partner_Year_Ukraine_800.jpg\" alt=\"\" width=\"352\" height=\"184\" srcset=\"\/wp-content\/uploads\/2021\/04\/Microsoft_Partner_Year_Ukraine_800.jpg 800w, \/wp-content\/uploads\/2021\/04\/Microsoft_Partner_Year_Ukraine_800-300x157.jpg 300w, \/wp-content\/uploads\/2021\/04\/Microsoft_Partner_Year_Ukraine_800-768x401.jpg 768w, \/wp-content\/uploads\/2021\/04\/Microsoft_Partner_Year_Ukraine_800-636x332.jpg 636w, \/wp-content\/uploads\/2021\/04\/Microsoft_Partner_Year_Ukraine_800-320x167.jpg 320w, \/wp-content\/uploads\/2021\/04\/Microsoft_Partner_Year_Ukraine_800-239x125.jpg 239w\" sizes=\"(max-width: 352px) 100vw, 352px\" \/><\/a><\/div>\n<p>&nbsp;<\/p>\n<div style=\"text-align: center;\"><img loading=\"lazy\" class=\"alignnone\" src=\"\/wp-content\/uploads\/2014\/10\/microsoft-presidents-club-for-ms-dynamics.png\" alt=\"Microsoft Presidents Club\" width=\"300\" height=\"70\" \/><\/div>\n<p>&nbsp;<br \/>\n<\/li><!-- --><\/ul>\n<div id=\"g1-divider-2\" class=\"g1-divider g1-divider--none g1-divider--noicon \"><\/div>\n<h2 align=\"center\">Ponad 600 klient\u00f3w w 60 krajach<\/h2>\n<div class=\"container-fluid main-img-five-ll\">\n<div class=\"row\">\n<div class=\"col-md-2\"><img alt=\"IKEA\" src=\"\/wp-content\/uploads\/2020\/01\/IKEA.jpg\" width=\"185\"><\/div>\n<div class=\"col-md-2 main-img-five-big-2\"><img alt=\"euro-2012\" src=\"\/wp-content\/uploads\/2020\/01\/euro-2012.jpg\" width=\"185\"><\/div>\n<div class=\"col-md-2 mon\"><img alt=\"mon\" src=\"\/wp-content\/uploads\/2020\/01\/mon.jpg\" width=\"185\"><\/div>\n<div class=\"col-md-2 main-img-five-big-2\"><img alt=\"elit\" src=\"\/wp-content\/uploads\/2020\/01\/elit.jpg\" width=\"185\"><\/div>\n<div class=\"col-md-2\"><img alt=\"gulliver\" src=\"\/wp-content\/uploads\/2020\/01\/gulliver.jpg\" width=\"185\"><\/div>\n<div class=\"col-md-2 hide-on-pc\"><img alt=\"uklon\" src=\"\/wp-content\/uploads\/2020\/01\/uklon.jpg\" width=\"185\"><\/div>\n<\/p><\/div>\n<\/div>\n<div class=\"container-fluid main-img-five-ll main-img-five-b\">\n<div class=\"row\">\n<div class=\"col-md-2\"><img alt=\"citrus\" src=\"\/wp-content\/uploads\/2020\/01\/citrus.jpg\" width=\"185\"><\/div>\n<div class=\"col-md-2\"><img alt=\"ecosoft\" src=\"\/wp-content\/uploads\/2020\/01\/ecosoft.jpg\" width=\"185\"><\/div>\n<div class=\"col-md-2\"><img alt=\"yuriya\" src=\"\/wp-content\/uploads\/2020\/01\/yuriya.jpg\" width=\"185\"><\/div>\n<div class=\"col-md-2\"><img alt=\"uia\" src=\"\/wp-content\/uploads\/2020\/01\/uia.jpg\" width=\"185\"><\/div>\n<div class=\"col-md-2 hide-on-mbl\"><img alt=\"uklon\" src=\"\/wp-content\/uploads\/2020\/01\/uklon.jpg\" width=\"185\"><\/div>\n<\/p><\/div>\n<\/div>\n<div style=\"text-align: center;\">\n<a id=\"g1-button-1\" class=\"g1-button g1-button--big g1-button--solid g1-button--standard \" href=\"\/ru\/industries\/\" >Dowiedz si\u0119 wi\u0119cej<\/a>\n<\/div>\n<div id=\"g1-divider-3\" class=\"g1-divider g1-divider--none g1-divider--noicon \"><\/div>\n<ul class=\"g1-grid\"><li class=\"g1-column g1-one-half g1-valign-top\">\n<ul class=\"g1-grid\"><li class=\"g1-column g1-one-sixth g1-valign-top\">\n<i id=\"icon-1\" class=\"icon-copy g1-icon g1-icon--solid g1-icon--medium g1-icon--inherit \"><\/i>\n<\/li><!-- -->\n<li class=\"g1-column g1-five-sixth g1-valign-top\">\n<h3><a href=\"https:\/\/www.facebook.com\/smartua\/\">Ostatnie wydarzenia<\/a><\/h3>\n<p><strong><ul class=\"display-posts-listing\"><li class=\"listing-item\"><a class=\"title\" href=\"https:\/\/smart-it-prod-v3.azurewebsites.net\/pl\/2019\/05\/deep-learning-world\/\">Deep Learning World a Predictive Analytics World Industry 4.0 Munich 2019<\/a><\/li><\/ul><\/strong><\/p>\n<\/li><!-- --><\/ul>\n<\/li><!-- -->\n<li class=\"g1-column g1-one-half g1-valign-top\">\n<ul class=\"g1-grid\"><li class=\"g1-column g1-one-sixth g1-valign-top\">\n<i id=\"icon-2\" class=\"icon-calendar g1-icon g1-icon--solid g1-icon--medium g1-icon--inherit \"><\/i>\n<\/li><!-- -->\n<li class=\"g1-column g1-five-sixth g1-valign-top\">\n<h3><a href=\"https:\/\/www.facebook.com\/smartitcom\/\" target=\"_blank\" rel=\"noopener noreferrer\">Nadchodz\u0105ce wydarzenia<\/a><\/h3>\n<\/li><!-- --><\/ul>\n<\/li><!-- --><\/ul>\n<div id=\"g1-divider-4\" class=\"g1-divider g1-divider--none g1-divider--noicon \"><\/div>\n<div style=\"text-align: center;\">\n<h2>Skontaktuj si\u0119 z nami po dodatkow\u0105 informacj\u0119<\/h2>\n<p><a id=\"g1-button-2\" class=\"g1-button g1-button--big g1-button--solid g1-button--standard \" href=\"\/ru\/company\/feedback\/message\/\" ><i class=\"icon-pencil\"><\/i>Zapytaj<\/a> <style type=\"text\/css\" scoped=\"scoped\">#g1-button-3.g1-button {background-color: #5078b4; border-color: #5078b4;}<\/style><a id=\"g1-button-3\" class=\"g1-button g1-button--big g1-button--solid g1-button--standard \" href=\"\/ru\/company\/feedback\/call\/\" ><i class=\"icon-phone\"><\/i>Um\u00f3w kontakt<\/a><\/p>\n<\/div>\n<\/div><\/div>\n","protected":false},"excerpt":{"rendered":"","protected":false},"author":2,"featured_media":0,"parent":0,"menu_order":1,"comment_status":"closed","ping_status":"closed","template":"g1_template_page_full_sections.php","meta":[],"_links":{"self":[{"href":"https:\/\/smart-it-prod-v3.azurewebsites.net\/pl\/wp-json\/wp\/v2\/pages\/7698"}],"collection":[{"href":"https:\/\/smart-it-prod-v3.azurewebsites.net\/pl\/wp-json\/wp\/v2\/pages"}],"about":[{"href":"https:\/\/smart-it-prod-v3.azurewebsites.net\/pl\/wp-json\/wp\/v2\/types\/page"}],"author":[{"embeddable":true,"href":"https:\/\/smart-it-prod-v3.azurewebsites.net\/pl\/wp-json\/wp\/v2\/users\/2"}],"replies":[{"embeddable":true,"href":"https:\/\/smart-it-prod-v3.azurewebsites.net\/pl\/wp-json\/wp\/v2\/comments?post=7698"}],"version-history":[{"count":4,"href":"https:\/\/smart-it-prod-v3.azurewebsites.net\/pl\/wp-json\/wp\/v2\/pages\/7698\/revisions"}],"predecessor-version":[{"id":32201,"href":"https:\/\/smart-it-prod-v3.azurewebsites.net\/pl\/wp-json\/wp\/v2\/pages\/7698\/revisions\/32201"}],"wp:attachment":[{"href":"https:\/\/smart-it-prod-v3.azurewebsites.net\/pl\/wp-json\/wp\/v2\/media?parent=7698"}],"curies":[{"name":"wp","href":"https:\/\/api.w.org\/{rel}","templated":true}]}}