{"id":7692,"date":"2016-09-08T18:15:37","date_gmt":"2016-09-08T15:15:37","guid":{"rendered":"http:\/\/smart-it-prod.azurewebsites.net\/pl\/?page_id=7692"},"modified":"2016-10-12T17:57:28","modified_gmt":"2016-10-12T14:57:28","slug":"company","status":"publish","type":"page","link":"https:\/\/smart-it-prod-v3.azurewebsites.net\/pl\/company\/","title":{"rendered":"O firmie"},"content":{"rendered":"<ul class=\"g1-grid\"><li class=\"g1-column g1-one-half g1-valign-top\">\n<h2>SMART business<\/h2>\n<div id=\"g1-lead-1\" class=\"g1-lead \" >\n<p>Firma SMART business, Microsoft Gold ERP Partner, cz\u0142onek President\u2019s Club Microsoft Dynamics jest liderem ukrai\u0144skiego rynku us\u0142ug doradczych w sprawie innowacyjnych rozwi\u0105za\u0144 do efektywnego zarz\u0105dzania biznesem, a tak\u017ce wdro\u017ceniu i rozwoju system\u00f3w biznesowych na platformie Microsoft Dynamics (AX, NAV, CRM).<\/p>\n<\/div>\n<\/li><!-- -->\n<li class=\"g1-column g1-one-half g1-valign-top\">\n<p><img src=\"\/wp-content\/uploads\/2014\/07\/smart-business-ukraine.jpg\" alt=\"SMART business Ukraine\" \/><\/p>\n<\/li><!-- --><\/ul>\n<div id=\"g1-divider-1\" class=\"g1-divider g1-divider--none g1-divider--noicon \"><\/div>\n<ul class=\"g1-grid\"><li class=\"g1-column g1-one-half g1-valign-top\">\n<div align=\"center\"><img src=\"\/wp-content\/uploads\/2014\/10\/microsoft-presidents-club-for-ms-dynamics.png\" alt=\"SMART business Ukraine\" \/><\/div>\n<\/li><!-- -->\n<li class=\"g1-column g1-one-half g1-valign-top\">\n<div id=\"g1-lead-2\" class=\"g1-lead \" >\n<p>SMART business\u00a0jest Microsoft Gold ERP Partner oraz cz\u0142onkiem Klubu prezydenta dla Microsoft Dynamics.<\/p>\n<\/div>\n<\/li><!-- --><\/ul>\n<div id=\"g1-divider-2\" class=\"g1-divider g1-divider--none g1-divider--noicon \"><\/div>\n<h3>O partner\u00f3w Microsoft Dynamics<\/h3>\n<ul class=\"g1-grid\"><li class=\"g1-column g1-one-half g1-valign-top\">\n<div align=\"center\">\n<div id=\"fluid-wrapper-counter-1\" class=\"g1-fluid-wrapper \" style=\"width:450px;\"><div style=\"padding-bottom:56.222222222222%;\"><iframe loading=\"lazy\" width=\"450\" height=\"253\" src=\"https:\/\/www.youtube.com\/embed\/cpi4LmwQyA8?feature=oembed&amp;wmode=transparent&amp;autohide=1&amp;autoplay=0&amp;disablekb=0&amp;fs=1&amp;loop=0&amp;enablejsapi=1&amp;rel=0&amp;controls=2&amp;showinfo=0&amp;wmode=transparent&amp;autohide=2&amp;autoplay=0&amp;disablekb=0&amp;fs=1&amp;loop=0&amp;enablejsapi=1&amp;rel=0&amp;controls=2&amp;showinfo=1&#038;enablejsapi=1&#038;origin=https:\/\/smart-it.com\" frameborder=\"0\" allowfullscreen><\/iframe><\/div><\/div>\n<\/div>\n<\/li><!-- -->\n<li class=\"g1-column g1-one-half g1-valign-top\">\n<div id=\"g1-box-counter-1\" class=\"g1-box g1-box--solid  g1-box--icon\" ><i class=\"icon-envelope g1-box__icon\"><\/i><div class=\"g1-box__inner\">\n<h3 align=\"center\">Dowiedz si\u0119 wi\u0119cej o Smart business<\/h3>\n<div id=\"g1-lead-3\" class=\"g1-lead \" >\n<div align=\"center\"><a id=\"g1-button-1\" class=\"g1-button g1-button--medium g1-button--solid g1-button--standard \" href=\"\/pl\/company\/feedback\/message\/\" ><i class=\"icon-pencil\"><\/i>Zapytaj<\/a> <style type=\"text\/css\" scoped=\"scoped\">#g1-button-2.g1-button {background-color: #5078b4; border-color: #5078b4;}<\/style><a id=\"g1-button-2\" class=\"g1-button g1-button--medium g1-button--solid g1-button--standard \" href=\"\/pl\/company\/feedback\/call\/\" ><i class=\"icon-phone\"><\/i>Um\u00f3w kontakt<\/a><\/div>\n<\/div>\n<\/div><\/div>\n<\/li><!-- --><\/ul>\n","protected":false},"excerpt":{"rendered":"<p>O partner\u00f3w Microsoft Dynamics<\/p>\n","protected":false},"author":1,"featured_media":0,"parent":0,"menu_order":1,"comment_status":"closed","ping_status":"closed","template":"","meta":[],"_links":{"self":[{"href":"https:\/\/smart-it-prod-v3.azurewebsites.net\/pl\/wp-json\/wp\/v2\/pages\/7692"}],"collection":[{"href":"https:\/\/smart-it-prod-v3.azurewebsites.net\/pl\/wp-json\/wp\/v2\/pages"}],"about":[{"href":"https:\/\/smart-it-prod-v3.azurewebsites.net\/pl\/wp-json\/wp\/v2\/types\/page"}],"author":[{"embeddable":true,"href":"https:\/\/smart-it-prod-v3.azurewebsites.net\/pl\/wp-json\/wp\/v2\/users\/1"}],"replies":[{"embeddable":true,"href":"https:\/\/smart-it-prod-v3.azurewebsites.net\/pl\/wp-json\/wp\/v2\/comments?post=7692"}],"version-history":[{"count":0,"href":"https:\/\/smart-it-prod-v3.azurewebsites.net\/pl\/wp-json\/wp\/v2\/pages\/7692\/revisions"}],"wp:attachment":[{"href":"https:\/\/smart-it-prod-v3.azurewebsites.net\/pl\/wp-json\/wp\/v2\/media?parent=7692"}],"curies":[{"name":"wp","href":"https:\/\/api.w.org\/{rel}","templated":true}]}}