{"id":28508,"date":"2020-12-30T17:43:11","date_gmt":"2020-12-30T15:43:11","guid":{"rendered":"http:\/\/smart-it.com\/?page_id=28508"},"modified":"2020-12-30T18:08:56","modified_gmt":"2020-12-30T16:08:56","slug":"azure-ms","status":"publish","type":"page","link":"https:\/\/smart-it-prod-v3.azurewebsites.net\/pl\/azure-ms\/","title":{"rendered":"Microsoft Azure"},"content":{"rendered":"<ul class=\"g1-grid\"><li class=\"g1-column g1-one-half g1-valign-middle\">\n<h2>Moc chmurze dla Twojego biznesu<\/h2>\n<div id=\"g1-lead-1\" class=\"g1-lead \" >\n<p>Microsoft Azure jest otwart\u0105 i elastyczn\u0105 platform\u0119 cloud, kt\u00f3ra pozwala szybko tworzy\u0107, wdra\u017ca\u0107 i zarz\u0105dza\u0107 aplikacjami w ca\u0142ej globalnej sieci Microsoft zarz\u0105dzanych centr\u00f3w danych.<\/p>\n<\/div>\n<div align=\"center\"><a id=\"g1-button-1\" class=\"g1-button g1-button--medium g1-button--solid g1-button--standard \" href=\"\/company\/feedback\/message\/\" ><i class=\"icon-pencil\"><\/i>Zapytaj<\/a> <style type=\"text\/css\" scoped=\"scoped\">#g1-button-2.g1-button {background-color: #5078b4; border-color: #5078b4;}<\/style><a id=\"g1-button-2\" class=\"g1-button g1-button--medium g1-button--solid g1-button--standard \" href=\"\/company\/feedback\/call\/\" ><i class=\"icon-phone\"><\/i>Um\u00f3w kontakt<\/a><\/div>\n<\/li><!-- -->\n<li class=\"g1-column g1-one-half g1-valign-middle\">\n<p><img src=\"\/wp-content\/uploads\/2014\/07\/microsoft-azure-bg-7.png\" alt=\"\" \/><\/p>\n<\/li><!-- --><\/ul>\n<div id=\"g1-divider-1\" class=\"g1-divider g1-divider--simple g1-divider--noicon \"><\/div>\n<ul class=\"g1-grid\"><li class=\"g1-column g1-one-half g1-valign-top\">\n<ul class=\"g1-grid\"><li class=\"g1-column g1-one-sixth g1-valign-top\">\n<i id=\"icon-1\" class=\"icon-desktop g1-icon g1-icon--solid g1-icon--medium g1-icon--inherit \"><\/i>\n<\/li><!-- -->\n<li class=\"g1-column g1-five-sixth g1-valign-top\">\n<h3>Nigdy nie czekaj na serwerach lub infrastruktury ponownie<\/h3>\n<div id=\"g1-lead-2\" class=\"g1-lead \" >\n<p>Natychmiast przepis maszyn wirtualnych Windows i Linux, aplikacje i infrastruktury w Microsoft zarz\u0105dzanych centr\u00f3w danych na ca\u0142ym \u015bwiecie.<\/p>\n<\/div>\n<\/li><!-- --><\/ul>\n<\/li><!-- -->\n<li class=\"g1-column g1-one-half g1-valign-top\">\n<ul class=\"g1-grid\"><li class=\"g1-column g1-one-sixth g1-valign-top\">\n<i id=\"icon-2\" class=\"icon-time g1-icon g1-icon--solid g1-icon--medium g1-icon--inherit \"><\/i>\n<\/li><!-- -->\n<li class=\"g1-column g1-five-sixth g1-valign-top\">\n<h3>Zaoszcz\u0119dzi\u0107 pieni\u0105dze i by\u0107 zwinny<\/h3>\n<div id=\"g1-lead-3\" class=\"g1-lead \" >\n<p>Rozliczeniowych za minut\u0119 oraz wbudowany auto skalowania pozwalaj\u0105 p\u0142aci\u0107 tylko za infrastruktur\u0119 naprawd\u0119 potrzebuj\u0105 i spin up \/ down zasob\u00f3w automatycznie na podstawie faktycznego zu\u017cycia.<\/p>\n<\/div>\n<\/li><!-- --><\/ul>\n<\/li><!-- --><\/ul>\n<ul class=\"g1-grid\"><li class=\"g1-column g1-one-half g1-valign-top\">\n<ul class=\"g1-grid\"><li class=\"g1-column g1-one-sixth g1-valign-top\">\n<i id=\"icon-3\" class=\"icon-refresh g1-icon g1-icon--solid g1-icon--medium g1-icon--inherit \"><\/i>\n<\/li><!-- -->\n<li class=\"g1-column g1-five-sixth g1-valign-top\">\n<h3>Zintegruj na obiektach aplikacje i dane<\/h3>\n<div id=\"g1-lead-4\" class=\"g1-lead \" >\n<p>Bezpieczne zarz\u0105dzanie zasobami cloud i pozwalaj\u0105 u\u017cytkownikom na dost\u0119p do aplikacji przy u\u017cyciu istniej\u0105cych po\u015bwiadcze\u0144 korporacyjnych z Active Directory.<\/p>\n<\/div>\n<\/li><!-- --><\/ul>\n<\/li><!-- -->\n<li class=\"g1-column g1-one-half g1-valign-top\">\n<ul class=\"g1-grid\"><li class=\"g1-column g1-one-sixth g1-valign-top\">\n<i id=\"icon-4\" class=\"icon-cloud g1-icon g1-icon--solid g1-icon--medium g1-icon--inherit \"><\/i>\n<\/li><!-- -->\n<li class=\"g1-column g1-five-sixth g1-valign-top\">\n<h3>Microsoft Azure<\/h3>\n<div id=\"g1-lead-5\" class=\"g1-lead \" >\n<p>Mo\u017cesz spr\u00f3bowa\u0107 go za darmo!<\/p>\n<\/div>\n<\/li><!-- --><\/ul>\n<\/li><!-- --><\/ul>\n<div id=\"g1-divider-2\" class=\"g1-divider g1-divider--none g1-divider--icon \"><span><i class=\"icon-long-arrow-down\"><\/i><\/span><\/div>\n<div style=\"text-align: center;\">\n<h3>Skontaktuj si\u0119 z nami, aby dowiedzie\u0107 si\u0119 wi\u0119cej o Microsoft Azure<\/h3>\n<p><a id=\"g1-button-3\" class=\"g1-button g1-button--big g1-button--solid g1-button--standard \" href=\"\/company\/feedback\/message\/\" ><i class=\"icon-pencil\"><\/i>Zapytaj<\/a> <style type=\"text\/css\" scoped=\"scoped\">#g1-button-4.g1-button {background-color: #5078b4; border-color: #5078b4;}<\/style><a id=\"g1-button-4\" class=\"g1-button g1-button--big g1-button--solid g1-button--standard \" href=\"\/company\/feedback\/call\/\" ><i class=\"icon-phone\"><\/i>Um\u00f3w kontakt<\/a><\/p>\n<\/div>\n","protected":false},"excerpt":{"rendered":"<p>Skontaktuj si\u0119 z nami, aby dowiedzie\u0107 si\u0119 wi\u0119cej o Microsoft Azure<\/p>\n","protected":false},"author":9115,"featured_media":0,"parent":0,"menu_order":0,"comment_status":"closed","ping_status":"closed","template":"","meta":[],"_links":{"self":[{"href":"https:\/\/smart-it-prod-v3.azurewebsites.net\/pl\/wp-json\/wp\/v2\/pages\/28508"}],"collection":[{"href":"https:\/\/smart-it-prod-v3.azurewebsites.net\/pl\/wp-json\/wp\/v2\/pages"}],"about":[{"href":"https:\/\/smart-it-prod-v3.azurewebsites.net\/pl\/wp-json\/wp\/v2\/types\/page"}],"author":[{"embeddable":true,"href":"https:\/\/smart-it-prod-v3.azurewebsites.net\/pl\/wp-json\/wp\/v2\/users\/9115"}],"replies":[{"embeddable":true,"href":"https:\/\/smart-it-prod-v3.azurewebsites.net\/pl\/wp-json\/wp\/v2\/comments?post=28508"}],"version-history":[{"count":3,"href":"https:\/\/smart-it-prod-v3.azurewebsites.net\/pl\/wp-json\/wp\/v2\/pages\/28508\/revisions"}],"predecessor-version":[{"id":28527,"href":"https:\/\/smart-it-prod-v3.azurewebsites.net\/pl\/wp-json\/wp\/v2\/pages\/28508\/revisions\/28527"}],"wp:attachment":[{"href":"https:\/\/smart-it-prod-v3.azurewebsites.net\/pl\/wp-json\/wp\/v2\/media?parent=28508"}],"curies":[{"name":"wp","href":"https:\/\/api.w.org\/{rel}","templated":true}]}}