{"id":18772,"date":"2019-09-16T17:01:57","date_gmt":"2019-09-16T14:01:57","guid":{"rendered":"http:\/\/smart-it.com\/?page_id=18772"},"modified":"2020-03-05T15:32:52","modified_gmt":"2020-03-05T13:32:52","slug":"contacts","status":"publish","type":"page","link":"https:\/\/smart-it-prod-v3.azurewebsites.net\/pl\/company\/contacts\/","title":{"rendered":"Skontaktuj si\u0119 z nami"},"content":{"rendered":"<div class=\"container-fluid smart-gen-block\">\n<div class=\"row\">\n<div class=\"col-md-4 container gen-block\">\n<div class=\"grid\">\n<figure class=\"effect-goliath\">\n          <img alt=\"img23\"><figcaption>\n<div class=\"main-offices\"><\/div>\n<h5>Company<\/h5>\n<h6>Offices<\/h6>\n<h4>Contacts<\/h4>\n<\/figcaption><\/figure>\n<\/p><\/div>\n<\/p><\/div>\n<div class=\"col-md-4 container gen-block\">\n<div class=\"grid\">\n<figure class=\"effect-goliath\">\n          <img alt=\"img23\"><figcaption>\n<div class=\"offices\"><\/div>\n<h3>Ukraina<\/h3>\n<h2>21 Poliova Street, bulding B, 03056, Kyiv<\/h2>\n<h2 class=\"button-goliath sg-popup-id-21513\"><\/h2>\n<p>Office: +380 (44) 585-3550 <span><br \/><\/span>Sales: +380 (67) 505-1303<span><br \/><\/span><a class=\"smart-gen-a\" href=\"mailto:info@smart-it.com\" rel=\"noopener noreferrer\" target=\"_top\">info@smart-it.com<\/a><br \/>\n          <\/figcaption><\/figure>\n<\/p><\/div>\n<\/p><\/div>\n<div class=\"col-md-4 container gen-block\">\n<div class=\"grid\">\n<figure class=\"effect-goliath\">\n          <img alt=\"img23\"><figcaption>\n<div class=\"offices\"><\/div>\n<h3>Gruzja<\/h3>\n<h2>University street 17 A,<br \/>\n            Tbilisi, 0179<\/h2>\n<h2 class=\"button-goliath sg-popup-id-21579\"><\/h2>\n<p>Office &#038; Sales: <span><br \/><\/span>+995 599 30 54 55<span><br \/><\/span><a class=\"smart-gen-a\" href=\"mailto:info@smart-it.com\" rel=\"noopener noreferrer\" target=\"_top\">info@smart-it.com<\/a><br \/>\n          <\/figcaption><\/figure>\n<\/p><\/div>\n<\/p><\/div>\n<\/p><\/div>\n<\/div>\n<div class=\"container-fluid smart-gen-block\">\n<div class=\"row\">\n<div class=\"col-md-4 container gen-block\">\n<div class=\"grid\">\n<figure class=\"effect-goliath\">\n          <img alt=\"img23\"><figcaption>\n<div class=\"offices\"><\/div>\n<h3>Azerbejd\u017can<\/h3>\n<h2>90A Nizami Street, Landmark 3, Baku 1010<\/h2>\n<h2 class=\"button-goliath sg-popup-id-21576\"><\/h2>\n<p>Office &#038; Sales: <span><br \/><\/span>+99 41 249 37193<span><br \/><\/span><a class=\"smart-gen-a\" href=\"mailto:info@smart-it.com\" rel=\"noopener noreferrer\" target=\"_top\">info@smart-it.com<\/a><br \/>\n          <\/figcaption><\/figure>\n<\/p><\/div>\n<\/p><\/div>\n<div class=\"col-md-4 container gen-block\">\n<div class=\"grid\">\n<figure class=\"effect-goliath\">\n          <img alt=\"img23\"><figcaption>\n<div class=\"offices\"><\/div>\n<h3>Niderlandy<\/h3>\n<h2>Olympia 2D, 1213NT Hilversum<\/h2>\n<h2 class=\"button-goliath sg-popup-id-21577\"><\/h2>\n<p>Office: +31 35 799 4054 <span><br \/><\/span>Sales: +31 62 940 7920<span><br \/><\/span><a class=\"smart-gen-a\" href=\"mailto:info@smart-it.com\" rel=\"noopener noreferrer\" target=\"_top\">info@smart-it.com<\/a><br \/>\n          <\/figcaption><\/figure>\n<\/p><\/div>\n<\/p><\/div>\n<div class=\"col-md-4 container gen-block\">\n<div class=\"grid\">\n<figure class=\"effect-goliath\">\n          <img alt=\"img23\"><figcaption>\n<div class=\"offices\"><\/div>\n<h3>Polska<\/h3>\n<h2>ul. Rze\u017anicza 28-31 50-130 Wroc\u0142aw<\/h2>\n<h2 class=\"button-goliath sg-popup-id-21578\"><\/h2>\n<p>Office &#038; Sales: <span><br \/><\/span>+48 883 332 342<span><br \/><\/span><a class=\"smart-gen-a\" href=\"mailto:info@smart-it.com\" rel=\"noopener noreferrer\" target=\"_top\">info@smart-it.com<\/a><br \/>\n          <\/figcaption><\/figure>\n<\/p><\/div>\n<\/p><\/div>\n<\/p><\/div>\n<\/div>\n<div class=\"container-full\"><\/div>\n<div class=\"container-fluid company-contact-block\">\n<div class=\"row company-contact-row\">\n<div class=\"col-md-4\">\n<div>\n<p>Communications &#038; events <span><br \/><\/span><a href=\"mailto:pr@smart-it.com\" rel=\"noopener noreferrer\" target=\"_top\">pr@smart-it.com<\/a><\/p>\n<p>Products &#038; services<span><br \/><\/span><a href=\"mailto:sales@smart-it.com\" rel=\"noopener noreferrer\" target=\"_top\">sales@smart-it.com<\/a><\/p>\n<p>Employment &#038; career<span><br \/><\/span><a href=\"mailto:hr@smart-it.com\" rel=\"noopener noreferrer\" target=\"_top\">hr@smart-it.com<\/a><\/p>\n<\/p><\/div>\n<\/p><\/div>\n<div class=\"col-md-8\">\n<div class=\"warpper-tab\">\n        <input checked class=\"radio-tab\" id=\"one\" name=\"group\" type=\"radio\"> <input class=\"radio-tab\" id=\"two\" name=\"group\" type=\"radio\"> <input class=\"radio-tab\" id=\"three\" name=\"group\" type=\"radio\"><\/p>\n<div class=\"tabs-tab\">\n          <label class=\"tab-tab\" for=\"one\" id=\"one-tab\">Wy\u015blij wiadomo\u015b\u0107<\/label> <label class=\"tab-tab\" for=\"two\" id=\"two-tab\">Um\u00f3w kontakt<\/label> <label class=\"tab-tab\" for=\"three\" id=\"three-tab\">Zam\u00f3w prezentacj\u0119<\/label>\n        <\/div>\n<div class=\"panels-tab\">\n<div class=\"panel-tab\" id=\"one-panel\">\n            <div role=\"form\" class=\"wpcf7\" id=\"wpcf7-f21681-o1\" lang=\"ru-RU\" dir=\"ltr\">\n<div class=\"screen-reader-response\"><p role=\"status\" aria-live=\"polite\" aria-atomic=\"true\"><\/p> <ul><\/ul><\/div>\n<form action=\"\/pl\/wp-json\/wp\/v2\/pages\/18772#wpcf7-f21681-o1\" method=\"post\" class=\"wpcf7-form init\" novalidate=\"novalidate\" data-status=\"init\">\n<div style=\"display: none;\">\n<input type=\"hidden\" name=\"_wpcf7\" value=\"21681\" \/>\n<input type=\"hidden\" name=\"_wpcf7_version\" value=\"5.5.3\" \/>\n<input type=\"hidden\" name=\"_wpcf7_locale\" value=\"ru_RU\" \/>\n<input type=\"hidden\" name=\"_wpcf7_unit_tag\" value=\"wpcf7-f21681-o1\" \/>\n<input type=\"hidden\" name=\"_wpcf7_container_post\" value=\"0\" \/>\n<input type=\"hidden\" name=\"_wpcf7_posted_data_hash\" value=\"\" \/>\n<\/div>\n<div class=\"bpm-next\">\n<div class=\"container-fluid\">\n<div class=\"row smart-contact\">\n<div class=\"col-md-6\">\n        <span class=\"wpcf7-form-control-wrap fio\"><input type=\"text\" name=\"fio\" value=\"\" size=\"40\" class=\"wpcf7-form-control wpcf7-text wpcf7-validates-as-required\" aria-required=\"true\" aria-invalid=\"false\" placeholder=\"Full Name*\" \/><\/span><br \/>\n\t\t  <span class=\"wpcf7-form-control-wrap company\"><input type=\"text\" name=\"company\" value=\"\" size=\"40\" class=\"wpcf7-form-control wpcf7-text wpcf7-validates-as-required\" aria-required=\"true\" aria-invalid=\"false\" placeholder=\"Company*\" \/><\/span><br \/>\n\t\t  <span class=\"wpcf7-form-control-wrap phone\"><input type=\"text\" name=\"phone\" value=\"\" size=\"40\" class=\"wpcf7-form-control wpcf7-text wpcf7-validates-as-required\" aria-required=\"true\" aria-invalid=\"false\" placeholder=\"Phone*\" \/><\/span><br \/>\n\t\t  <span class=\"wpcf7-form-control-wrap your-email\"><input type=\"text\" name=\"your-email\" value=\"\" size=\"40\" class=\"wpcf7-form-control wpcf7-text wpcf7-validates-as-required\" aria-required=\"true\" aria-invalid=\"false\" placeholder=\"E-mail*\" \/><\/span>\n      <\/div>\n<div class=\"col-md-6\">\n        <span class=\"wpcf7-form-control-wrap your-subject\"><select name=\"your-subject\" class=\"wpcf7-form-control wpcf7-select\" aria-invalid=\"false\"><option value=\"- Please select subject -\">- Please select subject -<\/option><option value=\"ERP\">ERP<\/option><option value=\"CRM\">CRM<\/option><option value=\"Office 365\">Office 365<\/option><option value=\"Cloud\">Cloud<\/option><option value=\"Services\">Services<\/option><option value=\"Other\">Other<\/option><\/select><\/span><br \/>\n\t\t  <span class=\"wpcf7-form-control-wrap your-message\"><textarea name=\"your-message\" cols=\"5\" rows=\"5\" maxlength=\"2000\" class=\"wpcf7-form-control wpcf7-textarea\" aria-invalid=\"false\" placeholder=\"Your Message*\"><\/textarea><\/span>\n      <\/div>\n<\/div>\n<\/div>\n<div class=\"check-fluid\"><span id=\"wpcf7-69dada3c9e907-wrapper\" class=\"wpcf7-form-control-wrap email-869-wrap\" style=\"display:none !important; visibility:hidden !important;\"><label for=\"wpcf7-69dada3c9e907-field\" class=\"hp-message\">Please leave this field empty.<\/label><input id=\"wpcf7-69dada3c9e907-field\"  class=\"wpcf7-form-control wpcf7-text\" type=\"text\" name=\"email-869\" value=\"\" size=\"40\" tabindex=\"-1\" autocomplete=\"new-password\" \/><\/span><br \/>\n<span class=\"wpcf7-form-control-wrap accept-this\"><span class=\"wpcf7-form-control wpcf7-acceptance\"><span class=\"wpcf7-list-item\"><label><input type=\"checkbox\" name=\"accept-this\" value=\"1\" aria-invalid=\"false\" checked=\"checked\" \/><span class=\"wpcf7-list-item-label\">I agree with <a class=\"\" href=\"\/terms-of-website-use\/\"  style=\"color: #7a7a7a; text-decoration: underline;\" target=\"_blank\">terms of use<\/a> and <span style=\"text-decoration: underline;\"><a class=\"\" href=\"\/privacy-policy\/\" style=\"color: #7a7a7a;\" target=\"_blank\">privacy policy<\/a><\/span>*<\/span><\/label><\/span><\/span><\/span>\n  <\/div>\n<div class=\"row\">\n<div class=\"col-md-12\">\n<div class=\"pmp-button-a pmp-shutter\">\n        <input type=\"submit\" value=\"Send Message\" class=\"wpcf7-form-control has-spinner wpcf7-submit\" \/>\n      <\/div>\n<\/div>\n<\/div>\n<\/div>\n<p style=\"display: none !important;\"><label>&#916;<textarea name=\"_wpcf7_ak_hp_textarea\" cols=\"45\" rows=\"8\" maxlength=\"100\"><\/textarea><\/label><input type=\"hidden\" id=\"ak_js\" name=\"_wpcf7_ak_js\" value=\"171\"\/><script>document.getElementById( \"ak_js\" ).setAttribute( \"value\", ( new Date() ).getTime() );<\/script><\/p><div class=\"wpcf7-response-output\" aria-hidden=\"true\"><\/div><\/form><\/div>\n          <\/div>\n<div class=\"panel-tab\" id=\"two-panel\">\n            <div role=\"form\" class=\"wpcf7\" id=\"wpcf7-f21683-o2\" lang=\"ru-RU\" dir=\"ltr\">\n<div class=\"screen-reader-response\"><p role=\"status\" aria-live=\"polite\" aria-atomic=\"true\"><\/p> <ul><\/ul><\/div>\n<form action=\"\/pl\/wp-json\/wp\/v2\/pages\/18772#wpcf7-f21683-o2\" method=\"post\" class=\"wpcf7-form init\" novalidate=\"novalidate\" data-status=\"init\">\n<div style=\"display: none;\">\n<input type=\"hidden\" name=\"_wpcf7\" value=\"21683\" \/>\n<input type=\"hidden\" name=\"_wpcf7_version\" value=\"5.5.3\" \/>\n<input type=\"hidden\" name=\"_wpcf7_locale\" value=\"ru_RU\" \/>\n<input type=\"hidden\" name=\"_wpcf7_unit_tag\" value=\"wpcf7-f21683-o2\" \/>\n<input type=\"hidden\" name=\"_wpcf7_container_post\" value=\"0\" \/>\n<input type=\"hidden\" name=\"_wpcf7_posted_data_hash\" value=\"\" \/>\n<\/div>\n<div class=\"bpm-next\">\n<div class=\"container-fluid\">\n<div class=\"row smart-contact\">\n<div class=\"col-md-6\">\n        <span class=\"wpcf7-form-control-wrap fio\"><input type=\"text\" name=\"fio\" value=\"\" size=\"40\" class=\"wpcf7-form-control wpcf7-text wpcf7-validates-as-required\" aria-required=\"true\" aria-invalid=\"false\" placeholder=\"Full Name*\" \/><\/span><br \/>\n<span class=\"wpcf7-form-control-wrap company\"><input type=\"text\" name=\"company\" value=\"\" size=\"40\" class=\"wpcf7-form-control wpcf7-text wpcf7-validates-as-required\" aria-required=\"true\" aria-invalid=\"false\" placeholder=\"Company*\" \/><\/span><br \/>\n<span class=\"wpcf7-form-control-wrap phone\"><input type=\"text\" name=\"phone\" value=\"\" size=\"40\" class=\"wpcf7-form-control wpcf7-text wpcf7-validates-as-required\" aria-required=\"true\" aria-invalid=\"false\" placeholder=\"Phone*\" \/><\/span><br \/>\n<span class=\"wpcf7-form-control-wrap your-email\"><input type=\"text\" name=\"your-email\" value=\"\" size=\"40\" class=\"wpcf7-form-control wpcf7-text wpcf7-validates-as-required\" aria-required=\"true\" aria-invalid=\"false\" placeholder=\"E-mail*\" \/><\/span>\n      <\/div>\n<div class=\"col-md-6\">\n        <span class=\"wpcf7-form-control-wrap time\"><input type=\"text\" name=\"time\" value=\"\" size=\"40\" class=\"wpcf7-form-control wpcf7-text\" aria-invalid=\"false\" placeholder=\"Preferred Time (hh:mm)\" \/><\/span> <span class=\"wpcf7-form-control-wrap your-message\"><textarea name=\"your-message\" cols=\"5\" rows=\"5\" maxlength=\"2000\" class=\"wpcf7-form-control wpcf7-textarea\" aria-invalid=\"false\" placeholder=\"Your Message*\"><\/textarea><\/span>\n      <\/div>\n<\/div>\n<\/div>\n<div class=\"check-fluid\"><span id=\"wpcf7-69dada3c9f614-wrapper\" class=\"wpcf7-form-control-wrap email-204-wrap\" style=\"display:none !important; visibility:hidden !important;\"><label for=\"wpcf7-69dada3c9f614-field\" class=\"hp-message\">Please leave this field empty.<\/label><input id=\"wpcf7-69dada3c9f614-field\"  class=\"wpcf7-form-control wpcf7-text\" type=\"text\" name=\"email-204\" value=\"\" size=\"40\" tabindex=\"-1\" autocomplete=\"new-password\" \/><\/span><br \/>\n<span class=\"wpcf7-form-control-wrap accept-this\"><span class=\"wpcf7-form-control wpcf7-acceptance\"><span class=\"wpcf7-list-item\"><label><input type=\"checkbox\" name=\"accept-this\" value=\"1\" aria-invalid=\"false\" checked=\"checked\" \/><span class=\"wpcf7-list-item-label\">I agree with <a class=\"\" href=\"\/terms-of-website-use\/\"  style=\"color: #7a7a7a; text-decoration: underline;\" target=\"_blank\">terms of use<\/a> and <span style=\"text-decoration: underline;\"><a class=\"\" href=\"\/privacy-policy\/\" style=\"color: #7a7a7a;\" target=\"_blank\">privacy policy<\/a><\/span>*<\/span><\/label><\/span><\/span><\/span>\n  <\/div>\n<div class=\"row\">\n<div class=\"col-md-12\">\n<div class=\"pmp-button-a pmp-shutter\">\n        <input type=\"submit\" value=\"Send Message\" class=\"wpcf7-form-control has-spinner wpcf7-submit\" \/>\n      <\/div>\n<\/div>\n<\/div>\n<\/div>\n<p style=\"display: none !important;\"><label>&#916;<textarea name=\"_wpcf7_ak_hp_textarea\" cols=\"45\" rows=\"8\" maxlength=\"100\"><\/textarea><\/label><input type=\"hidden\" id=\"ak_js\" name=\"_wpcf7_ak_js\" value=\"120\"\/><script>document.getElementById( \"ak_js\" ).setAttribute( \"value\", ( new Date() ).getTime() );<\/script><\/p><div class=\"wpcf7-response-output\" aria-hidden=\"true\"><\/div><\/form><\/div>\n          <\/div>\n<div class=\"panel-tab\" id=\"three-panel\">\n            <div role=\"form\" class=\"wpcf7\" id=\"wpcf7-f21685-o3\" lang=\"ru-RU\" dir=\"ltr\">\n<div class=\"screen-reader-response\"><p role=\"status\" aria-live=\"polite\" aria-atomic=\"true\"><\/p> <ul><\/ul><\/div>\n<form action=\"\/pl\/wp-json\/wp\/v2\/pages\/18772#wpcf7-f21685-o3\" method=\"post\" class=\"wpcf7-form init\" novalidate=\"novalidate\" data-status=\"init\">\n<div style=\"display: none;\">\n<input type=\"hidden\" name=\"_wpcf7\" value=\"21685\" \/>\n<input type=\"hidden\" name=\"_wpcf7_version\" value=\"5.5.3\" \/>\n<input type=\"hidden\" name=\"_wpcf7_locale\" value=\"ru_RU\" \/>\n<input type=\"hidden\" name=\"_wpcf7_unit_tag\" value=\"wpcf7-f21685-o3\" \/>\n<input type=\"hidden\" name=\"_wpcf7_container_post\" value=\"0\" \/>\n<input type=\"hidden\" name=\"_wpcf7_posted_data_hash\" value=\"\" \/>\n<\/div>\n<div class=\"bpm-next\">\n<div class=\"container-fluid\">\n<div class=\"row smart-contact\">\n<div class=\"col-md-6\">\n        <span class=\"wpcf7-form-control-wrap fio\"><input type=\"text\" name=\"fio\" value=\"\" size=\"40\" class=\"wpcf7-form-control wpcf7-text wpcf7-validates-as-required\" aria-required=\"true\" aria-invalid=\"false\" placeholder=\"Full Name*\" \/><\/span><br \/>\n\t\t  <span class=\"wpcf7-form-control-wrap company\"><input type=\"text\" name=\"company\" value=\"\" size=\"40\" class=\"wpcf7-form-control wpcf7-text wpcf7-validates-as-required\" aria-required=\"true\" aria-invalid=\"false\" placeholder=\"Company*\" \/><\/span><br \/>\n\t\t  <span class=\"wpcf7-form-control-wrap phone\"><input type=\"text\" name=\"phone\" value=\"\" size=\"40\" class=\"wpcf7-form-control wpcf7-text wpcf7-validates-as-required\" aria-required=\"true\" aria-invalid=\"false\" placeholder=\"Phone*\" \/><\/span><br \/>\n\t\t  <span class=\"wpcf7-form-control-wrap your-email\"><input type=\"text\" name=\"your-email\" value=\"\" size=\"40\" class=\"wpcf7-form-control wpcf7-text wpcf7-validates-as-required\" aria-required=\"true\" aria-invalid=\"false\" placeholder=\"E-mail*\" \/><\/span>\n      <\/div>\n<div class=\"col-md-6 smart-contact-time\">\n        <span class=\"wpcf7-form-control-wrap date\"><input type=\"text\" name=\"date\" value=\"\" size=\"40\" class=\"wpcf7-form-control wpcf7-text\" aria-invalid=\"false\" placeholder=\"Preferred Date (dd.mm.yyyy)\" \/><\/span><br \/>\n<span class=\"wpcf7-form-control-wrap time\"><input type=\"text\" name=\"time\" value=\"\" size=\"40\" class=\"wpcf7-form-control wpcf7-text\" aria-invalid=\"false\" placeholder=\"Preferred Time (hh:mm)\" \/><\/span><br \/>\n<span class=\"wpcf7-form-control-wrap your-message\"><textarea name=\"your-message\" cols=\"5\" rows=\"5\" maxlength=\"2000\" class=\"wpcf7-form-control wpcf7-textarea\" aria-invalid=\"false\" placeholder=\"Your Message*\"><\/textarea><\/span>\n      <\/div>\n<\/div>\n<\/div>\n<div class=\"check-fluid\"><span id=\"wpcf7-69dada3ca0068-wrapper\" class=\"wpcf7-form-control-wrap email-857-wrap\" style=\"display:none !important; visibility:hidden !important;\"><label for=\"wpcf7-69dada3ca0068-field\" class=\"hp-message\">Please leave this field empty.<\/label><input id=\"wpcf7-69dada3ca0068-field\"  class=\"wpcf7-form-control wpcf7-text\" type=\"text\" name=\"email-857\" value=\"\" size=\"40\" tabindex=\"-1\" autocomplete=\"new-password\" \/><\/span><br \/>\n<span class=\"wpcf7-form-control-wrap accept-this\"><span class=\"wpcf7-form-control wpcf7-acceptance\"><span class=\"wpcf7-list-item\"><label><input type=\"checkbox\" name=\"accept-this\" value=\"1\" aria-invalid=\"false\" checked=\"checked\" \/><span class=\"wpcf7-list-item-label\">I agree with <a class=\"\" href=\"\/terms-of-website-use\/\"  style=\"color: #7a7a7a; text-decoration: underline;\" target=\"_blank\">terms of use<\/a> and <span style=\"text-decoration: underline;\"><a class=\"\" href=\"\/privacy-policy\/\" style=\"color: #7a7a7a;\" target=\"_blank\">privacy policy<\/a><\/span>*<\/span><\/label><\/span><\/span><\/span>\n  <\/div>\n<div class=\"row\">\n<div class=\"col-md-12\">\n<div class=\"pmp-button-a pmp-shutter\">\n        <input type=\"submit\" value=\"Send Message\" class=\"wpcf7-form-control has-spinner wpcf7-submit\" \/>\n      <\/div>\n<\/div>\n<\/div>\n<\/div>\n<p style=\"display: none !important;\"><label>&#916;<textarea name=\"_wpcf7_ak_hp_textarea\" cols=\"45\" rows=\"8\" maxlength=\"100\"><\/textarea><\/label><input type=\"hidden\" id=\"ak_js\" name=\"_wpcf7_ak_js\" value=\"38\"\/><script>document.getElementById( \"ak_js\" ).setAttribute( \"value\", ( new Date() ).getTime() );<\/script><\/p><div class=\"wpcf7-response-output\" aria-hidden=\"true\"><\/div><\/form><\/div>\n          <\/div>\n<\/p><\/div>\n<\/p><\/div>\n<\/p><\/div>\n<\/p><\/div>\n<\/div>\n","protected":false},"excerpt":{"rendered":"<p>Company Offices Contacts Ukraina 21 Poliova Street, bulding B, 03056, Kyiv Office: +380 (44) 585-3550 Sales: +380 (67) 505-1303info@smart-it.com Gruzja University street 17 A, Tbilisi, 0179 Office &#038; Sales: +995 599 30 54 55info@smart-it.com Azerbejd\u017can 90A Nizami Street, Landmark 3, Baku 1010 Office &#038; Sales: +99 41 249 37193info@smart-it.com Niderlandy Olympia 2D, 1213NT Hilversum Office: [&hellip;]<\/p>\n","protected":false},"author":9112,"featured_media":0,"parent":7692,"menu_order":0,"comment_status":"closed","ping_status":"closed","template":"","meta":[],"_links":{"self":[{"href":"https:\/\/smart-it-prod-v3.azurewebsites.net\/pl\/wp-json\/wp\/v2\/pages\/18772"}],"collection":[{"href":"https:\/\/smart-it-prod-v3.azurewebsites.net\/pl\/wp-json\/wp\/v2\/pages"}],"about":[{"href":"https:\/\/smart-it-prod-v3.azurewebsites.net\/pl\/wp-json\/wp\/v2\/types\/page"}],"author":[{"embeddable":true,"href":"https:\/\/smart-it-prod-v3.azurewebsites.net\/pl\/wp-json\/wp\/v2\/users\/9112"}],"replies":[{"embeddable":true,"href":"https:\/\/smart-it-prod-v3.azurewebsites.net\/pl\/wp-json\/wp\/v2\/comments?post=18772"}],"version-history":[{"count":0,"href":"https:\/\/smart-it-prod-v3.azurewebsites.net\/pl\/wp-json\/wp\/v2\/pages\/18772\/revisions"}],"up":[{"embeddable":true,"href":"https:\/\/smart-it-prod-v3.azurewebsites.net\/pl\/wp-json\/wp\/v2\/pages\/7692"}],"wp:attachment":[{"href":"https:\/\/smart-it-prod-v3.azurewebsites.net\/pl\/wp-json\/wp\/v2\/media?parent=18772"}],"curies":[{"name":"wp","href":"https:\/\/api.w.org\/{rel}","templated":true}]}}